{"id":4678,"date":"2023-11-11T14:33:47","date_gmt":"2023-11-11T13:33:47","guid":{"rendered":"https:\/\/vetomshop.hu\/termek\/breath-szello-medal\/"},"modified":"2025-04-12T11:52:17","modified_gmt":"2025-04-12T09:52:17","slug":"breath-szello-medal","status":"publish","type":"product","link":"https:\/\/vetomshop.hu\/ru\/product\/breath-szello-medal\/","title":{"rendered":"\u041a\u0443\u043b\u043e\u043d \u0434\u044b\u0445\u0430\u043d\u0438\u044f\/\u0441\u0438\u043b\u044b"},"content":{"rendered":"<h4>\u0414\u044b\u0445\u0430\u043d\u0438\u0435 - \u041a\u0443\u043b\u043e\u043d \u0437\u0434\u043e\u0440\u043e\u0432\u044c\u044f \u0414\u044b\u0445\u0430\u043d\u0438\u0435<\/h4>\n<p><strong>\u041e\u0441\u043d\u043e\u0432\u043d\u0430\u044f \u0444\u0443\u043d\u043a\u0446\u0438\u044f<\/strong><br \/>\n\u041f\u043e\u0434\u0434\u0435\u0440\u0436\u043a\u0430 \u043f\u0440\u043e\u0444\u0438\u043b\u0430\u043a\u0442\u0438\u043a\u0438 \u0438 \u043b\u0435\u0447\u0435\u043d\u0438\u044f \u0440\u0435\u0441\u043f\u0438\u0440\u0430\u0442\u043e\u0440\u043d\u044b\u0445 \u0437\u0430\u0431\u043e\u043b\u0435\u0432\u0430\u043d\u0438\u0439, \u0443\u0441\u043a\u043e\u0440\u0435\u043d\u0438\u0435 \u043f\u0440\u043e\u0446\u0435\u0441\u0441\u0430 \u0432\u043e\u0441\u0441\u0442\u0430\u043d\u043e\u0432\u043b\u0435\u043d\u0438\u044f \u043f\u043e\u0441\u043b\u0435 \u0431\u043e\u043b\u0435\u0437\u043d\u0435\u0439 \u0438 \u0434\u043e\u043f\u043e\u043b\u043d\u0438\u0442\u0435\u043b\u044c\u043d\u043e\u0435 \u043b\u0435\u0447\u0435\u043d\u0438\u0435 \u0440\u0435\u0441\u043f\u0438\u0440\u0430\u0442\u043e\u0440\u043d\u044b\u0445 \u0437\u0430\u0431\u043e\u043b\u0435\u0432\u0430\u043d\u0438\u0439.<\/p>\n<div class=\"su-spoiler su-spoiler-style-defoult su-spoiler-icon-caret su-spoiler-closed\" data-scroll-offset=\"0\" data-anchor-in-url=\"no\"><div class=\"su-spoiler-title\" tabindex=\"0\" role=\"button\"><span class=\"su-spoiler-icon\"><\/span>\u0412\u0441\u0435<\/div><div class=\"su-spoiler-content su-u-clearfix su-u-trim\">\n<strong>\u041f\u0440\u0438 \u043f\u043e\u0434\u0434\u0435\u0440\u0436\u043a\u0435:<\/strong><\/p>\n<ul>\n<li>\u043d\u043e\u0440\u043c\u0430\u043b\u0438\u0437\u0443\u0435\u0442 \u043a\u0440\u043e\u0432\u043e\u043e\u0431\u0440\u0430\u0449\u0435\u043d\u0438\u0435, \u0438\u043c\u043c\u0443\u043d\u043d\u0443\u044e \u0441\u0438\u0441\u0442\u0435\u043c\u0443 \u0438 \u0434\u044b\u0445\u0430\u0442\u0435\u043b\u044c\u043d\u044b\u0439 \u043e\u0431\u043c\u0435\u043d, \u0442\u0435\u043c \u0441\u0430\u043c\u044b\u043c \u043f\u0440\u0435\u0434\u043e\u0442\u0432\u0440\u0430\u0449\u0430\u044f \u0437\u0430\u0431\u043e\u043b\u0435\u0432\u0430\u043d\u0438\u044f; - \u0443\u043b\u0443\u0447\u0448\u0430\u0435\u0442 \u0433\u0430\u0437\u043e\u043e\u0431\u043c\u0435\u043d,<\/li>\n<li>\u0441\u043d\u0438\u0436\u0430\u0435\u0442 \u0440\u0438\u0441\u043a \u0432\u043e\u0437\u043d\u0438\u043a\u043d\u043e\u0432\u0435\u043d\u0438\u044f \u0432\u043e\u0441\u043f\u0430\u043b\u0438\u0442\u0435\u043b\u044c\u043d\u044b\u0445 \u043f\u0440\u043e\u0446\u0435\u0441\u0441\u043e\u0432 \u0438 \u0437\u0430\u0441\u0442\u043e\u0439\u043d\u044b\u0445 \u044f\u0432\u043b\u0435\u043d\u0438\u0439 \u0432 \u0434\u044b\u0445\u0430\u0442\u0435\u043b\u044c\u043d\u043e\u0439 \u0441\u0438\u0441\u0442\u0435\u043c\u0435,<\/li>\n<li>\u0441\u043f\u043e\u0441\u043e\u0431\u0441\u0442\u0432\u0443\u0435\u0442 \u0441\u043d\u044f\u0442\u0438\u044e \u0441\u043f\u0430\u0437\u043c\u0430\u0442\u0438\u0447\u0435\u0441\u043a\u0438\u0445 \u043f\u0440\u043e\u0446\u0435\u0441\u0441\u043e\u0432 \u0432 \u0434\u044b\u0445\u0430\u0442\u0435\u043b\u044c\u043d\u043e\u0439 \u0441\u0438\u0441\u0442\u0435\u043c\u0435,<\/li>\n<li>\u043f\u043e\u0434\u0434\u0435\u0440\u0436\u0438\u0432\u0430\u0435\u0442 \u043f\u0440\u043e\u0446\u0435\u0441\u0441 \u043e\u0447\u0438\u0449\u0435\u043d\u0438\u044f,<\/li>\n<li>\u0441\u043f\u043e\u0441\u043e\u0431\u0441\u0442\u0432\u0443\u0435\u0442 \u043f\u0440\u043e\u0444\u0438\u043b\u0430\u043a\u0442\u0438\u043a\u0435 \u043f\u043d\u0435\u0432\u043c\u043e\u0441\u043a\u043b\u0435\u0440\u043e\u0437\u0430.<\/li>\n<\/ul>\n<\/div><\/div>","protected":false},"excerpt":{"rendered":"<p>Breath \u2013 Szell\u0151 Eg\u00e9szs\u00e9g Med\u00e1l F\u0151 funkci\u00f3 A l\u00e9g\u00fati betegs\u00e9gek megel\u0151z\u00e9s\u00e9nek \u00e9s kezel\u00e9s\u00e9nek t\u00e1mogat\u00e1sa, a betegs\u00e9gek ut\u00e1ni regener\u00e1ci\u00f3s folyamatok gyors\u00edt\u00e1sa, a l\u00e9g\u00fati betegs\u00e9gek kieg\u00e9sz\u00edt\u0151 kezel\u00e9se.<\/p>","protected":false},"featured_media":4677,"comment_status":"open","ping_status":"closed","template":"","meta":[],"product_brand":[],"product_cat":[33,32],"product_tag":[],"class_list":{"0":"post-4678","1":"product","2":"type-product","3":"status-publish","4":"has-post-thumbnail","6":"product_cat-egeszseg-medalok","7":"product_cat-triomed","9":"first","10":"instock","11":"taxable","12":"shipping-taxable","13":"purchasable","14":"product-type-simple"},"_links":{"self":[{"href":"https:\/\/vetomshop.hu\/ru\/wp-json\/wp\/v2\/product\/4678","targetHints":{"allow":["GET"]}}],"collection":[{"href":"https:\/\/vetomshop.hu\/ru\/wp-json\/wp\/v2\/product"}],"about":[{"href":"https:\/\/vetomshop.hu\/ru\/wp-json\/wp\/v2\/types\/product"}],"replies":[{"embeddable":true,"href":"https:\/\/vetomshop.hu\/ru\/wp-json\/wp\/v2\/comments?post=4678"}],"wp:featuredmedia":[{"embeddable":true,"href":"https:\/\/vetomshop.hu\/ru\/wp-json\/wp\/v2\/media\/4677"}],"wp:attachment":[{"href":"https:\/\/vetomshop.hu\/ru\/wp-json\/wp\/v2\/media?parent=4678"}],"wp:term":[{"taxonomy":"product_brand","embeddable":true,"href":"https:\/\/vetomshop.hu\/ru\/wp-json\/wp\/v2\/product_brand?post=4678"},{"taxonomy":"product_cat","embeddable":true,"href":"https:\/\/vetomshop.hu\/ru\/wp-json\/wp\/v2\/product_cat?post=4678"},{"taxonomy":"product_tag","embeddable":true,"href":"https:\/\/vetomshop.hu\/ru\/wp-json\/wp\/v2\/product_tag?post=4678"}],"curies":[{"name":"wp","href":"https:\/\/api.w.org\/{rel}","templated":true}]}}