{"id":4680,"date":"2023-11-11T14:33:48","date_gmt":"2023-11-11T13:33:48","guid":{"rendered":"https:\/\/vetomshop.hu\/termek\/csontero-medal\/"},"modified":"2023-11-11T14:33:48","modified_gmt":"2023-11-11T13:33:48","slug":"csontero-medal","status":"publish","type":"product","link":"https:\/\/vetomshop.hu\/ru\/product\/csontero-medal\/","title":{"rendered":"\u041a\u0443\u043b\u043e\u043d \"\u0421\u0438\u043b\u0430 \u043a\u043e\u0441\u0442\u0435\u0439"},"content":{"rendered":"<h4>\u041c\u0435\u0434\u0430\u043b\u044c \"\u042d\u043d\u0435\u0440\u0433\u0438\u044f \u0437\u0434\u043e\u0440\u043e\u0432\u044c\u044f \u043a\u043e\u0441\u0442\u0435\u0439<\/h4>\n<p><strong>\u041e\u0441\u043d\u043e\u0432\u043d\u0430\u044f \u0444\u0443\u043d\u043a\u0446\u0438\u044f:<\/strong><\/p>\n<p>\u0421\u043f\u043e\u0441\u043e\u0431\u0441\u0442\u0432\u0443\u0435\u0442 \u0443\u043b\u0443\u0447\u0448\u0435\u043d\u0438\u044e \u0441\u043e\u0441\u0442\u043e\u044f\u043d\u0438\u044f \u0442\u043a\u0430\u043d\u0435\u0439 \u0441\u043a\u0435\u043b\u0435\u0442\u043d\u043e\u0439 \u0441\u0438\u0441\u0442\u0435\u043c\u044b.<\/p>\n<p>\u0414\u043b\u044f \u0447\u0435\u0433\u043e \u043c\u043e\u0436\u0435\u0442 \u0438\u0441\u043f\u043e\u043b\u044c\u0437\u043e\u0432\u0430\u0442\u044c\u0441\u044f \u043a\u0443\u043b\u043e\u043d Bone Power Health Pendant?<\/p>\n<p>\u041a\u043e\u0441\u0442\u043d\u044b\u0439 \u0434\u0435\u0433\u043e\u0442\u044c \u0441\u043f\u043e\u0441\u043e\u0431\u0441\u0442\u0432\u0443\u0435\u0442 \u0430\u043a\u0442\u0438\u0432\u0438\u0437\u0430\u0446\u0438\u0438 \u0437\u0430\u0449\u0438\u0442\u043d\u043e\u0439 \u0441\u0438\u0441\u0442\u0435\u043c\u044b \u043e\u0440\u0433\u0430\u043d\u0438\u0437\u043c\u0430, \u043d\u043e\u0440\u043c\u0430\u043b\u044c\u043d\u043e\u043c\u0443 \u0444\u0443\u043d\u043a\u0446\u0438\u043e\u043d\u0438\u0440\u043e\u0432\u0430\u043d\u0438\u044e \u0444\u0438\u0437\u0438\u043e\u043b\u043e\u0433\u0438\u0447\u0435\u0441\u043a\u0438\u0445 \u043f\u0440\u043e\u0446\u0435\u0441\u0441\u043e\u0432 \u043e\u043f\u043e\u0440\u043d\u043e-\u0434\u0432\u0438\u0433\u0430\u0442\u0435\u043b\u044c\u043d\u043e\u0433\u043e \u0430\u043f\u043f\u0430\u0440\u0430\u0442\u0430 \u0438 \u043f\u043e\u043c\u043e\u0433\u0430\u0435\u0442 \u0437\u0430\u0449\u0438\u0442\u0438\u0442\u044c \u043e\u0440\u0433\u0430\u043d\u0438\u0437\u043c \u043e\u0442 \u0432\u043e\u0437\u0434\u0435\u0439\u0441\u0442\u0432\u0438\u044f \u0440\u0430\u0437\u043b\u0438\u0447\u043d\u044b\u0445 \u043d\u0435\u0433\u0430\u0442\u0438\u0432\u043d\u044b\u0445 \u0444\u0430\u043a\u0442\u043e\u0440\u043e\u0432:<\/p>\n<div class=\"su-spoiler su-spoiler-style-defoult su-spoiler-icon-caret su-spoiler-closed\" data-scroll-offset=\"0\" data-anchor-in-url=\"no\"><div class=\"su-spoiler-title\" tabindex=\"0\" role=\"button\"><span class=\"su-spoiler-icon\"><\/span>\u0412\u0441\u0435<\/div><div class=\"su-spoiler-content su-u-clearfix su-u-trim\">\n<ul>\n<li>\u043c\u044f\u0433\u043a\u043e \u043f\u043e\u0434\u0434\u0435\u0440\u0436\u0438\u0432\u0430\u0435\u0442 \u0434\u0435\u0439\u0441\u0442\u0432\u0438\u0435 \u0431\u043e\u043b\u0435\u0443\u0442\u043e\u043b\u044f\u044e\u0449\u0438\u0445 \u0441\u0440\u0435\u0434\u0441\u0442\u0432,<br \/>\n\u0441\u043f\u043e\u0441\u043e\u0431\u0441\u0442\u0432\u0443\u0435\u0442 \u0443\u043c\u0435\u043d\u044c\u0448\u0435\u043d\u0438\u044e \u043e\u0442\u0435\u043a\u043e\u0432 \u0438 \u043f\u0440\u0438\u043f\u0443\u0445\u043b\u043e\u0441\u0442\u0435\u0439 \u0432 \u0442\u043a\u0430\u043d\u044f\u0445,<\/li>\n<li>\u0441\u043f\u043e\u0441\u043e\u0431\u0441\u0442\u0432\u0443\u0435\u0442 \u043d\u043e\u0440\u043c\u0430\u043b\u0438\u0437\u0430\u0446\u0438\u0438 \u043f\u0440\u043e\u0446\u0435\u0441\u0441\u043e\u0432, \u043f\u0438\u0442\u0430\u044e\u0449\u0438\u0445 \u0442\u043a\u0430\u043d\u0438 \u0441\u043a\u0435\u043b\u0435\u0442\u043d\u043e-\u043c\u044b\u0448\u0435\u0447\u043d\u043e\u0439 \u0441\u0438\u0441\u0442\u0435\u043c\u044b,<\/li>\n<li>\u0441\u043f\u043e\u0441\u043e\u0431\u0441\u0442\u0432\u0443\u0435\u0442 \u043d\u0435\u0439\u0442\u0440\u0430\u043b\u0438\u0437\u0430\u0446\u0438\u0438 \u0438 \u0432\u044b\u0432\u0435\u0434\u0435\u043d\u0438\u044e \u0442\u043e\u043a\u0441\u0438\u0447\u043d\u044b\u0445 \u0432\u0435\u0449\u0435\u0441\u0442\u0432 \u0438\u0437 \u0442\u043a\u0430\u043d\u0435\u0439 \u0441\u043a\u0435\u043b\u0435\u0442\u043d\u043e-\u043c\u044b\u0448\u0435\u0447\u043d\u043e\u0439 \u0441\u0438\u0441\u0442\u0435\u043c\u044b,<\/li>\n<li>\u0441\u043f\u043e\u0441\u043e\u0431\u0441\u0442\u0432\u0443\u0435\u0442 \u0440\u0435\u0433\u0435\u043d\u0435\u0440\u0430\u0446\u0438\u0438 \u0441\u043a\u0435\u043b\u0435\u0442\u043d\u044b\u0445 \u0442\u043a\u0430\u043d\u0435\u0439.<\/li>\n<\/div><\/div>\n<\/ul>","protected":false},"excerpt":{"rendered":"<p>Csonter\u0151 Eg\u00e9szs\u00e9g Med\u00e1l F\u0151 funkci\u00f3ja: T\u00e1mogatja a v\u00e1zrendszer sz\u00f6vetei \u00e1llapot\u00e1nak jav\u00edt\u00e1s\u00e1t. Mire alkalmazhat\u00f3 a Csonter\u0151 Eg\u00e9szs\u00e9g Med\u00e1l? A Csonter\u0151 t\u00e1mogatja a szervezet v\u00e9dekez\u0151 rendszer\u00e9nek aktiv\u00e1l\u00e1s\u00e1t, a v\u00e1z- \u00e9s izomrendszer norm\u00e1lisan m\u0171k\u00f6d\u0151 fiziol\u00f3giai folyamatait, seg\u00edthet megv\u00e9deni a szervezetet a k\u00fcl\u00f6nb\u00f6z\u0151 negat\u00edv t\u00e9nyez\u0151k hat\u00e1sai ellen:<\/p>","protected":false},"featured_media":4679,"comment_status":"open","ping_status":"closed","template":"","meta":[],"product_brand":[],"product_cat":[33,32],"product_tag":[],"class_list":{"0":"post-4680","1":"product","2":"type-product","3":"status-publish","4":"has-post-thumbnail","6":"product_cat-egeszseg-medalok","7":"product_cat-triomed","9":"first","10":"instock","11":"taxable","12":"shipping-taxable","13":"purchasable","14":"product-type-simple"},"_links":{"self":[{"href":"https:\/\/vetomshop.hu\/ru\/wp-json\/wp\/v2\/product\/4680","targetHints":{"allow":["GET"]}}],"collection":[{"href":"https:\/\/vetomshop.hu\/ru\/wp-json\/wp\/v2\/product"}],"about":[{"href":"https:\/\/vetomshop.hu\/ru\/wp-json\/wp\/v2\/types\/product"}],"replies":[{"embeddable":true,"href":"https:\/\/vetomshop.hu\/ru\/wp-json\/wp\/v2\/comments?post=4680"}],"wp:featuredmedia":[{"embeddable":true,"href":"https:\/\/vetomshop.hu\/ru\/wp-json\/wp\/v2\/media\/4679"}],"wp:attachment":[{"href":"https:\/\/vetomshop.hu\/ru\/wp-json\/wp\/v2\/media?parent=4680"}],"wp:term":[{"taxonomy":"product_brand","embeddable":true,"href":"https:\/\/vetomshop.hu\/ru\/wp-json\/wp\/v2\/product_brand?post=4680"},{"taxonomy":"product_cat","embeddable":true,"href":"https:\/\/vetomshop.hu\/ru\/wp-json\/wp\/v2\/product_cat?post=4680"},{"taxonomy":"product_tag","embeddable":true,"href":"https:\/\/vetomshop.hu\/ru\/wp-json\/wp\/v2\/product_tag?post=4680"}],"curies":[{"name":"wp","href":"https:\/\/api.w.org\/{rel}","templated":true}]}}