{"id":4682,"date":"2023-11-11T14:33:48","date_gmt":"2023-11-11T13:33:48","guid":{"rendered":"https:\/\/vetomshop.hu\/termek\/delfin-medal\/"},"modified":"2023-11-11T14:33:48","modified_gmt":"2023-11-11T13:33:48","slug":"delfin-medal","status":"publish","type":"product","link":"https:\/\/vetomshop.hu\/ru\/product\/delfin-medal\/","title":{"rendered":"\u041f\u043e\u0434\u0432\u0435\u0441\u043a\u0430 \u0441 \u0434\u0435\u043b\u044c\u0444\u0438\u043d\u043e\u043c"},"content":{"rendered":"<h4>\u041c\u0435\u0434\u0430\u043b\u044c \"\u0417\u0434\u043e\u0440\u043e\u0432\u044c\u0435 \u0434\u0435\u043b\u044c\u0444\u0438\u043d\u0430<\/h4>\n<p><strong>\u041e\u0441\u043d\u043e\u0432\u043d\u0430\u044f \u0444\u0443\u043d\u043a\u0446\u0438\u044f:<\/strong><\/p>\n<p>\u0414\u043e\u043f\u043e\u043b\u043d\u0438\u0442\u0435\u043b\u044c\u043d\u043e\u0435 \u0441\u0440\u0435\u0434\u0441\u0442\u0432\u043e \u0434\u043b\u044f \u0433\u0430\u0440\u043c\u043e\u043d\u0438\u0437\u0430\u0446\u0438\u0438 \u0441\u0438\u0441\u0442\u0435\u043c\u044b \u0440\u0435\u0433\u0443\u043b\u044f\u0446\u0438\u0438 \u043e\u0440\u0433\u0430\u043d\u0438\u0437\u043c\u0430 \u0438 \u043f\u043e\u0434\u0434\u0435\u0440\u0436\u043a\u0438 \u0444\u0443\u043d\u043a\u0446\u0438\u043e\u043d\u0438\u0440\u043e\u0432\u0430\u043d\u0438\u044f \u0446\u0435\u043d\u0442\u0440\u0430\u043b\u044c\u043d\u043e\u0439 \u043d\u0435\u0440\u0432\u043d\u043e\u0439 \u0441\u0438\u0441\u0442\u0435\u043c\u044b.<\/p>\n<p><strong>\u041f\u0440\u0438 \u043f\u043e\u0434\u0434\u0435\u0440\u0436\u043a\u0435:<\/strong><\/p>\n<ul>\n<li>\u0434\u0435\u0439\u0441\u0442\u0432\u0438\u0435 \u0431\u043e\u043b\u0435\u0443\u0442\u043e\u043b\u044f\u044e\u0449\u0438\u0445 \u0441\u0440\u0435\u0434\u0441\u0442\u0432,<\/li>\n<li>\u043d\u043e\u0440\u043c\u0430\u043b\u0438\u0437\u0430\u0446\u0438\u044f \u044d\u043c\u043e\u0446\u0438\u043e\u043d\u0430\u043b\u044c\u043d\u043e\u0439 \u0441\u0444\u0435\u0440\u044b, \u0441\u043f\u043e\u0441\u043e\u0431\u0441\u0442\u0432\u0443\u044e\u0449\u0430\u044f \u0441\u043d\u0438\u0436\u0435\u043d\u0438\u044e \u0442\u0440\u0435\u0432\u043e\u0436\u043d\u043e\u0441\u0442\u0438,<\/li>\n<li>\u043c\u044b\u0441\u043b\u0438\u0442\u0435\u043b\u044c\u043d\u044b\u0435 \u043f\u0440\u043e\u0446\u0435\u0441\u0441\u044b,<\/li>\n<li>\u043e\u0431\u0443\u0447\u0435\u043d\u0438\u0435 \u0438 \u043a\u043e\u0433\u043d\u0438\u0442\u0438\u0432\u043d\u044b\u0435 \u043d\u0430\u0432\u044b\u043a\u0438, \u0440\u0430\u0437\u0432\u0438\u0442\u0438\u0435 \u043f\u0430\u043c\u044f\u0442\u0438,<\/li>\n<li>\u043f\u043e\u0432\u044b\u0448\u0435\u043d\u0438\u0435 \u0443\u0441\u0442\u043e\u0439\u0447\u0438\u0432\u043e\u0441\u0442\u0438 \u043a \u0441\u0442\u0440\u0435\u0441\u0441\u0443.<\/li>\n<\/ul>\n<div class=\"su-spoiler su-spoiler-style-defoult su-spoiler-icon-caret su-spoiler-closed\" data-scroll-offset=\"0\" data-anchor-in-url=\"no\"><div class=\"su-spoiler-title\" tabindex=\"0\" role=\"button\"><span class=\"su-spoiler-icon\"><\/span>\u0412\u0441\u0435<\/div><div class=\"su-spoiler-content su-u-clearfix su-u-trim\">\n<p><strong>\u041a\u043e\u0433\u0434\u0430 \u0440\u0435\u043a\u043e\u043c\u0435\u043d\u0434\u0443\u0435\u0442\u0441\u044f \u0438\u0441\u043f\u043e\u043b\u044c\u0437\u043e\u0432\u0430\u0442\u044c \u043a\u0443\u043b\u043e\u043d \"\u0417\u0434\u043e\u0440\u043e\u0432\u044c\u0435 \u0434\u0435\u043b\u044c\u0444\u0438\u043d\u0430\"?<\/strong><\/p>\n<p>\u0414\u0435\u043b\u044c\u0444\u0438\u043d \u043f\u043e\u043b\u043e\u0436\u0438\u0442\u0435\u043b\u044c\u043d\u043e \u0432\u043b\u0438\u044f\u0435\u0442 \u043d\u0430 \u0444\u0443\u043d\u043a\u0446\u0438\u043e\u043d\u0430\u043b\u044c\u043d\u043e\u0435 \u0441\u043e\u0441\u0442\u043e\u044f\u043d\u0438\u0435 \u043e\u0440\u0433\u0430\u043d\u0438\u0437\u043c\u0430 \u0438 \u043c\u043e\u0436\u0435\u0442 \u0438\u0441\u043f\u043e\u043b\u044c\u0437\u043e\u0432\u0430\u0442\u044c\u0441\u044f \u043a\u0430\u043a \u043f\u0440\u043e\u0444\u0438\u043b\u0430\u043a\u0442\u0438\u0447\u0435\u0441\u043a\u043e\u0435 \u0438 \u0434\u043e\u043f\u043e\u043b\u043d\u0438\u0442\u0435\u043b\u044c\u043d\u043e\u0435 \u0441\u0440\u0435\u0434\u0441\u0442\u0432\u043e \u043a \u0434\u0440\u0443\u0433\u0438\u043c \u043c\u0435\u0442\u043e\u0434\u0430\u043c, \u043a\u0430\u043a \u043a\u043e\u0440\u0440\u0435\u043a\u0442\u0438\u0440\u0443\u044e\u0449\u0435\u0435 \u0441\u0440\u0435\u0434\u0441\u0442\u0432\u043e, \u043f\u043e\u043c\u043e\u0433\u0430\u044e\u0449\u0435\u0435 \u043e\u0440\u0433\u0430\u043d\u0438\u0437\u043c\u0443 \u043e\u043f\u0442\u0438\u043c\u0430\u043b\u044c\u043d\u043e \u0444\u0443\u043d\u043a\u0446\u0438\u043e\u043d\u0438\u0440\u043e\u0432\u0430\u0442\u044c \u0432 \u0441\u043b\u0435\u0434\u0443\u044e\u0449\u0438\u0445 \u0441\u043b\u0443\u0447\u0430\u044f\u0445:<\/p>\n<ul>\n<li>\u043e\u0440\u0433\u0430\u043d\u0438\u0447\u0435\u0441\u043a\u0438\u0435 \u043f\u043e\u0440\u0430\u0436\u0435\u043d\u0438\u044f \u0446\u0435\u043d\u0442\u0440\u0430\u043b\u044c\u043d\u043e\u0439 \u043d\u0435\u0440\u0432\u043d\u043e\u0439 \u0441\u0438\u0441\u0442\u0435\u043c\u044b, \u043f\u0440\u0438\u0432\u043e\u0434\u044f\u0449\u0438\u0435 \u043a \u043d\u0430\u0440\u0443\u0448\u0435\u043d\u0438\u044e \u043a\u043e\u0433\u043d\u0438\u0442\u0438\u0432\u043d\u044b\u0445 \u0444\u0443\u043d\u043a\u0446\u0438\u0439 \u0438\/\u0438\u043b\u0438 \u043f\u043e\u0432\u0440\u0435\u0436\u0434\u0435\u043d\u0438\u044e \u044d\u043c\u043e\u0446\u0438\u043e\u043d\u0430\u043b\u044c\u043d\u043e\u0439 \u0441\u0444\u0435\u0440\u044b,<\/li>\n<li>\u0444\u0443\u043d\u043a\u0446\u0438\u043e\u043d\u0430\u043b\u044c\u043d\u043e\u0435 \u0440\u0430\u0441\u0441\u0442\u0440\u043e\u0439\u0441\u0442\u0432\u043e \u043d\u0435\u0440\u0432\u043d\u043e\u0439 \u0441\u0438\u0441\u0442\u0435\u043c\u044b, \u043a\u043e\u0442\u043e\u0440\u043e\u0435 \u0441\u0432\u044f\u0437\u0430\u043d\u043e \u0441 \u043f\u0441\u0438\u0445\u0438\u0447\u0435\u0441\u043a\u0438\u043c\u0438 \u043f\u0435\u0440\u0435\u0433\u0440\u0443\u0437\u043a\u0430\u043c\u0438, \u0431\u0435\u0441\u0441\u043e\u043d\u043d\u0438\u0446\u0435\u0439, \u043d\u0435\u0440\u0432\u043e\u0437\u043d\u043e\u0441\u0442\u044c\u044e, \u043d\u0430\u0440\u0443\u0448\u0435\u043d\u0438\u0435\u043c \u043a\u043e\u0433\u043d\u0438\u0442\u0438\u0432\u043d\u044b\u0445 \u0444\u0443\u043d\u043a\u0446\u0438\u0439,<\/li>\n<li>\u0441\u0438\u043d\u0434\u0440\u043e\u043c \u0445\u0440\u043e\u043d\u0438\u0447\u0435\u0441\u043a\u043e\u0433\u043e \u0441\u0442\u0440\u0435\u0441\u0441\u0430 (\u043e\u0431\u0443\u0447\u0435\u043d\u0438\u0435, \u044d\u043a\u0441\u0442\u0440\u0435\u043c\u0430\u043b\u044c\u043d\u0430\u044f \u0438 \u043e\u043f\u0430\u0441\u043d\u0430\u044f \u0440\u0430\u0431\u043e\u0442\u0430, \u0443\u043f\u0440\u0430\u0432\u043b\u0435\u043d\u0438\u0435 \u0438 \u0442.\u0434.).<\/li>\n<\/ul>\n<\/div><\/div>","protected":false},"excerpt":{"rendered":"<p>Delfin Eg\u00e9szs\u00e9g Med\u00e1l F\u0151 funkci\u00f3ja: Kieg\u00e9sz\u00edt\u0151 eszk\u00f6z a szervezet szab\u00e1lyz\u00f3 rendszer\u00e9nek harmoniz\u00e1l\u00e1s\u00e1nak \u00e9s a k\u00f6zponti idegrendszer m\u0171k\u00f6d\u00e9s\u00e9nek t\u00e1mogat\u00e1s\u00e1ra. T\u00e1mogatja: a f\u00e1jdalomcsillap\u00edt\u00f3k hat\u00e1s\u00e1t, az \u00e9rzelmi szf\u00e9ra normaliz\u00e1l\u00e1s\u00e1t, seg\u00edt cs\u00f6kkenteni az izgatotts\u00e1got, a gondolkod\u00e1si folyamatokat, a tanul\u00e1si \u00e9s kognit\u00edv k\u00e9pess\u00e9geket, a mem\u00f3ria fejleszt\u00e9s\u00e9t, a stressz ellen\u00e1ll\u00f3 k\u00e9pess\u00e9g n\u00f6veked\u00e9s\u00e9t.<\/p>","protected":false},"featured_media":4681,"comment_status":"open","ping_status":"closed","template":"","meta":[],"product_brand":[],"product_cat":[33,32],"product_tag":[],"class_list":{"0":"post-4682","1":"product","2":"type-product","3":"status-publish","4":"has-post-thumbnail","6":"product_cat-egeszseg-medalok","7":"product_cat-triomed","9":"first","10":"instock","11":"taxable","12":"shipping-taxable","13":"purchasable","14":"product-type-simple"},"_links":{"self":[{"href":"https:\/\/vetomshop.hu\/ru\/wp-json\/wp\/v2\/product\/4682","targetHints":{"allow":["GET"]}}],"collection":[{"href":"https:\/\/vetomshop.hu\/ru\/wp-json\/wp\/v2\/product"}],"about":[{"href":"https:\/\/vetomshop.hu\/ru\/wp-json\/wp\/v2\/types\/product"}],"replies":[{"embeddable":true,"href":"https:\/\/vetomshop.hu\/ru\/wp-json\/wp\/v2\/comments?post=4682"}],"wp:featuredmedia":[{"embeddable":true,"href":"https:\/\/vetomshop.hu\/ru\/wp-json\/wp\/v2\/media\/4681"}],"wp:attachment":[{"href":"https:\/\/vetomshop.hu\/ru\/wp-json\/wp\/v2\/media?parent=4682"}],"wp:term":[{"taxonomy":"product_brand","embeddable":true,"href":"https:\/\/vetomshop.hu\/ru\/wp-json\/wp\/v2\/product_brand?post=4682"},{"taxonomy":"product_cat","embeddable":true,"href":"https:\/\/vetomshop.hu\/ru\/wp-json\/wp\/v2\/product_cat?post=4682"},{"taxonomy":"product_tag","embeddable":true,"href":"https:\/\/vetomshop.hu\/ru\/wp-json\/wp\/v2\/product_tag?post=4682"}],"curies":[{"name":"wp","href":"https:\/\/api.w.org\/{rel}","templated":true}]}}