{"id":4684,"date":"2023-11-11T14:33:48","date_gmt":"2023-11-11T13:33:48","guid":{"rendered":"https:\/\/vetomshop.hu\/termek\/detox-medal\/"},"modified":"2023-11-11T14:33:48","modified_gmt":"2023-11-11T13:33:48","slug":"detox-medal","status":"publish","type":"product","link":"https:\/\/vetomshop.hu\/ru\/product\/detox-medal\/","title":{"rendered":"\u041c\u0435\u0434\u0430\u043b\u044c\u043e\u043d \"\u0414\u0435\u0442\u043e\u043a\u0441"},"content":{"rendered":"<h4>Detox Medal - \u0434\u043b\u044f \u0442\u0435\u0445, \u043a\u0442\u043e \u0445\u043e\u0447\u0435\u0442 \u043c\u044f\u0433\u043a\u043e \u0433\u0430\u0440\u043c\u043e\u043d\u0438\u0437\u0438\u0440\u043e\u0432\u0430\u0442\u044c \u0441\u0432\u043e\u0435 \u0442\u0435\u043b\u043e.<\/p>\n<p>\u0421\u043f\u0435\u043a\u0442\u0440\u0430\u043b\u044c\u043d\u044b\u0439 \u0441\u0438\u0433\u043d\u0430\u043b, \u0437\u0430\u043f\u0438\u0441\u0430\u043d\u043d\u044b\u0439 \u043d\u0430 \u043c\u0435\u0434\u0430\u043b\u044c\u043e\u043d\u0435 \"\u0414\u0435\u0442\u043e\u043a\u0441\", \u043f\u043e\u0434\u0434\u0435\u0440\u0436\u0438\u0432\u0430\u0435\u0442 \u0431\u0438\u043e\u044d\u043d\u0435\u0440\u0433\u0435\u0442\u0438\u0447\u0435\u0441\u043a\u043e\u0435 \u0444\u0443\u043d\u043a\u0446\u0438\u043e\u043d\u0438\u0440\u043e\u0432\u0430\u043d\u0438\u0435 \u043e\u0440\u0433\u0430\u043d\u043e\u0432 \u0438 \u0441\u0438\u0441\u0442\u0435\u043c \u043e\u0440\u0433\u0430\u043d\u043e\u0432.<\/h4>\n<p>\u0421\u0430\u043c\u044b\u0439 \u0431\u043e\u043b\u044c\u0448\u043e\u0439 \u0432\u0440\u0430\u0433 \u043c\u043e\u043b\u043e\u0434\u043e\u0441\u0442\u0438 \u0438 \u0437\u0434\u043e\u0440\u043e\u0432\u044c\u044f - \u044d\u0442\u043e \u0442\u0435\u043b\u043e, \u043f\u0435\u0440\u0435\u043f\u043e\u043b\u043d\u0435\u043d\u043d\u043e\u0435 \u043e\u0442\u0445\u043e\u0434\u0430\u043c\u0438 \u0436\u0438\u0437\u043d\u0435\u0434\u0435\u044f\u0442\u0435\u043b\u044c\u043d\u043e\u0441\u0442\u0438. \u041d\u0430\u0448 \u043e\u0440\u0433\u0430\u043d\u0438\u0437\u043c - \u044d\u0442\u043e \u0441\u0430\u043c\u043e\u0440\u0435\u0433\u0443\u043b\u0438\u0440\u0443\u044e\u0449\u0430\u044f\u0441\u044f \u0431\u0438\u043e\u043b\u043e\u0433\u0438\u0447\u0435\u0441\u043a\u0430\u044f \u0441\u0438\u0441\u0442\u0435\u043c\u0430, \u043e\u0434\u043d\u043e\u0439 \u0438\u0437 \u0432\u0430\u0436\u043d\u0435\u0439\u0448\u0438\u0445 \u0444\u0443\u043d\u043a\u0446\u0438\u0439 \u043a\u043e\u0442\u043e\u0440\u043e\u0439 \u044f\u0432\u043b\u044f\u0435\u0442\u0441\u044f \u0434\u0435\u0442\u043e\u043a\u0441\u0438\u043a\u0430\u0446\u0438\u044f - \u0432\u044b\u0432\u0435\u0434\u0435\u043d\u0438\u0435 \u0438\u0437 \u043e\u0440\u0433\u0430\u043d\u0438\u0437\u043c\u0430 \u0432\u0435\u0449\u0435\u0441\u0442\u0432, \u043a\u043e\u0442\u043e\u0440\u044b\u0435 \u0435\u043c\u0443 \u043d\u0435 \u043d\u0443\u0436\u043d\u044b. \u041e\u0434\u043d\u0430\u043a\u043e \u043f\u0440\u0438\u0440\u043e\u0434\u0430 \u043d\u0435 \u0433\u043e\u0442\u043e\u0432\u0430 \u043a \u0442\u0430\u043a\u043e\u0439 \u0446\u0438\u0432\u0438\u043b\u0438\u0437\u0430\u0446\u0438\u0438, \u043a \u0442\u0430\u043a\u043e\u043c\u0443 \u043e\u0433\u0440\u043e\u043c\u043d\u043e\u043c\u0443 \u043a\u043e\u043b\u0438\u0447\u0435\u0441\u0442\u0432\u0443 \u0438\u0441\u043a\u0443\u0441\u0441\u0442\u0432\u0435\u043d\u043d\u044b\u0445 \u0445\u0438\u043c\u0438\u043a\u0430\u0442\u043e\u0432 \u0432 \u043f\u0438\u0449\u0435, \u0432\u043e\u0434\u0435 \u0438 \u0432\u043e\u0437\u0434\u0443\u0445\u0435. \u0416\u0438\u0432\u043e\u0442\u043d\u044b\u0445 \u043a\u043e\u0440\u043c\u044f\u0442 \u0433\u043e\u0440\u043c\u043e\u043d\u0430\u043c\u0438 \u0440\u043e\u0441\u0442\u0430 \u0438 \u0430\u043d\u0442\u0438\u0431\u0438\u043e\u0442\u0438\u043a\u0430\u043c\u0438, \u043a\u043e\u0442\u043e\u0440\u044b\u0435 \u043f\u043e\u043f\u0430\u0434\u0430\u044e\u0442 \u0438 \u0432 \u043d\u0430\u0448 \u043e\u0440\u0433\u0430\u043d\u0438\u0437\u043c. \u0412 \u0442\u043a\u0430\u043d\u044f\u0445 \u0438 \u043a\u043b\u0435\u0442\u043a\u0430\u0445 \u043d\u0430\u043a\u0430\u043f\u043b\u0438\u0432\u0430\u044e\u0442\u0441\u044f \u0442\u044f\u0436\u0435\u043b\u044b\u0435 \u043c\u0435\u0442\u0430\u043b\u043b\u044b, \u043d\u0438\u0442\u0440\u0438\u0442\u044b, \u043d\u0438\u0442\u0440\u0430\u0442\u044b, \u0440\u0430\u0434\u0438\u043e\u0430\u043a\u0442\u0438\u0432\u043d\u044b\u0435 \u0432\u0435\u0449\u0435\u0441\u0442\u0432\u0430, \u0434\u0438\u043e\u043a\u0441\u0438\u043d\u044b, \u043e\u0441\u0442\u0430\u0442\u043a\u0438 \u043b\u0435\u043a\u0430\u0440\u0441\u0442\u0432.<\/p>\n<div class=\"su-spoiler su-spoiler-style-defoult su-spoiler-icon-caret su-spoiler-closed\" data-scroll-offset=\"0\" data-anchor-in-url=\"no\"><div class=\"su-spoiler-title\" tabindex=\"0\" role=\"button\"><span class=\"su-spoiler-icon\"><\/span>\u0412\u0441\u0435<\/div><div class=\"su-spoiler-content su-u-clearfix su-u-trim\">\n<p>\u0422\u043e\u043a\u0441\u0438\u0447\u043d\u044b\u0435 \u0432\u0435\u0449\u0435\u0441\u0442\u0432\u0430 \u043c\u043e\u0433\u0443\u0442 \u043f\u043e\u0441\u0442\u0443\u043f\u0430\u0442\u044c \u0438\u0437 \u0432\u043d\u0435\u0448\u043d\u0435\u0433\u043e \u0438\u0441\u0442\u043e\u0447\u043d\u0438\u043a\u0430, \u043d\u043e \u0442\u0430\u043a\u0436\u0435 \u044d\u0442\u043e \u043c\u043e\u0433\u0443\u0442 \u0431\u044b\u0442\u044c \u0442\u043e\u043a\u0441\u0438\u043d\u044b, \u043e\u0431\u0440\u0430\u0437\u0443\u044e\u0449\u0438\u0435\u0441\u044f \u0432 \u0440\u0435\u0437\u0443\u043b\u044c\u0442\u0430\u0442\u0435 \u0432\u043d\u0443\u0442\u0440\u0435\u043d\u043d\u0438\u0445 \u043f\u0440\u043e\u0446\u0435\u0441\u0441\u043e\u0432 \u0440\u0430\u0441\u043f\u0430\u0434\u0430, \u0432\u044b\u0437\u0432\u0430\u043d\u043d\u044b\u0445 \u043d\u0430\u0440\u0443\u0448\u0435\u043d\u0438\u0435\u043c \u043e\u0431\u043c\u0435\u043d\u0430 \u0432\u0435\u0449\u0435\u0441\u0442\u0432. \u0415\u0441\u043b\u0438 \u0432\u0441\u0435 \u044d\u0442\u043e \u0443\u0441\u0443\u0433\u0443\u0431\u043b\u044f\u0435\u0442\u0441\u044f \u043c\u0430\u043b\u043e\u043f\u043e\u0434\u0432\u0438\u0436\u043d\u044b\u043c \u043e\u0431\u0440\u0430\u0437\u043e\u043c \u0436\u0438\u0437\u043d\u0438, \u043f\u0440\u043e\u0446\u0435\u0441\u0441\u044b \u0432 \u043e\u0440\u0433\u0430\u043d\u0438\u0437\u043c\u0435 \u0437\u0430\u043c\u0435\u0434\u043b\u044f\u044e\u0442\u0441\u044f \u0435\u0449\u0435 \u0431\u043e\u043b\u044c\u0448\u0435.<\/p>\n<p>\u0412\u044b\u0441\u043e\u043a\u0438\u0439 \u0443\u0440\u043e\u0432\u0435\u043d\u044c \u0441\u0442\u0440\u0435\u0441\u0441\u0430 \u0442\u0430\u043a\u0436\u0435 \u043c\u043e\u0436\u0435\u0442 \u0438\u0441\u0442\u043e\u0449\u0438\u0442\u044c \u043e\u0440\u0433\u0430\u043d\u044b, \u0443\u0447\u0430\u0441\u0442\u0432\u0443\u044e\u0449\u0438\u0435 \u0432 \u0434\u0435\u0442\u043e\u043a\u0441\u0438\u043a\u0430\u0446\u0438\u0438. \u041f\u043e\u043d\u0430\u0447\u0430\u043b\u0443 \u043e \u043d\u0430\u043b\u0438\u0447\u0438\u0438 \u043f\u0440\u043e\u0431\u043b\u0435\u043c\u044b \u0441\u0432\u0438\u0434\u0435\u0442\u0435\u043b\u044c\u0441\u0442\u0432\u0443\u0435\u0442 \u043b\u0438\u0448\u044c \u0434\u0438\u0441\u043a\u043e\u043c\u0444\u043e\u0440\u0442, \u043d\u043e \u0432 \u0434\u0430\u043b\u044c\u043d\u0435\u0439\u0448\u0435\u043c \u0441\u0438\u0442\u0443\u0430\u0446\u0438\u044f \u043c\u043e\u0436\u0435\u0442 \u0443\u0445\u0443\u0434\u0448\u0438\u0442\u044c\u0441\u044f. \u041c\u043e\u0433\u0443\u0442 \u0440\u0430\u0437\u0432\u0438\u0442\u044c\u0441\u044f \u0445\u0440\u043e\u043d\u0438\u0447\u0435\u0441\u043a\u0438\u0435 \u0437\u0430\u0431\u043e\u043b\u0435\u0432\u0430\u043d\u0438\u044f, \u043a\u043e\u0442\u043e\u0440\u044b\u0435 \u0441\u0438\u043b\u044c\u043d\u043e \u043f\u043e\u0432\u043b\u0438\u044f\u044e\u0442 \u043d\u0430 \u043a\u0430\u0447\u0435\u0441\u0442\u0432\u043e \u043d\u0430\u0448\u0435\u0439 \u0436\u0438\u0437\u043d\u0438.<br \/>\n<\/div><\/div>","protected":false},"excerpt":{"rendered":"<p>Detox Med\u00e1l azok sz\u00e1m\u00e1ra k\u00e9sz\u00fclt, akik l\u00e1gyan szeretn\u00e9k a szervezet\u00fcket harmoniz\u00e1lni. A spektr\u00e1lis jel, mely a Detox Med\u00e1lon r\u00f6gz\u00edt\u00e9sre ker\u00fclt, t\u00e1mogatja a szervek \u00e9s szervrendszerek bioenergetikai m\u0171k\u00f6d\u00e9s\u00e9t. A fiatals\u00e1g \u00e9s az eg\u00e9szs\u00e9g legnagyobb ellens\u00e9ge a salakanyagokkal tel\u00edtett szervezet. Szervezet\u00fcnk egy \u00f6nszab\u00e1lyoz\u00f3 biol\u00f3giai rendszer, melynek egyik legfontosabb funkci\u00f3ja a m\u00e9regtelen\u00edt\u00e9s \u2013 kivezet\u00e9se azoknak az anyagoknak, melyekre [&hellip;]<\/p>\n","protected":false},"featured_media":4683,"comment_status":"open","ping_status":"closed","template":"","meta":[],"product_brand":[],"product_cat":[33,32],"product_tag":[],"class_list":{"0":"post-4684","1":"product","2":"type-product","3":"status-publish","4":"has-post-thumbnail","6":"product_cat-egeszseg-medalok","7":"product_cat-triomed","9":"first","10":"instock","11":"taxable","12":"shipping-taxable","13":"purchasable","14":"product-type-simple"},"_links":{"self":[{"href":"https:\/\/vetomshop.hu\/ru\/wp-json\/wp\/v2\/product\/4684","targetHints":{"allow":["GET"]}}],"collection":[{"href":"https:\/\/vetomshop.hu\/ru\/wp-json\/wp\/v2\/product"}],"about":[{"href":"https:\/\/vetomshop.hu\/ru\/wp-json\/wp\/v2\/types\/product"}],"replies":[{"embeddable":true,"href":"https:\/\/vetomshop.hu\/ru\/wp-json\/wp\/v2\/comments?post=4684"}],"wp:featuredmedia":[{"embeddable":true,"href":"https:\/\/vetomshop.hu\/ru\/wp-json\/wp\/v2\/media\/4683"}],"wp:attachment":[{"href":"https:\/\/vetomshop.hu\/ru\/wp-json\/wp\/v2\/media?parent=4684"}],"wp:term":[{"taxonomy":"product_brand","embeddable":true,"href":"https:\/\/vetomshop.hu\/ru\/wp-json\/wp\/v2\/product_brand?post=4684"},{"taxonomy":"product_cat","embeddable":true,"href":"https:\/\/vetomshop.hu\/ru\/wp-json\/wp\/v2\/product_cat?post=4684"},{"taxonomy":"product_tag","embeddable":true,"href":"https:\/\/vetomshop.hu\/ru\/wp-json\/wp\/v2\/product_tag?post=4684"}],"curies":[{"name":"wp","href":"https:\/\/api.w.org\/{rel}","templated":true}]}}