{"id":4690,"date":"2023-11-11T14:33:49","date_gmt":"2023-11-11T13:33:49","guid":{"rendered":"https:\/\/vetomshop.hu\/termek\/elast-medal\/"},"modified":"2023-11-11T14:33:49","modified_gmt":"2023-11-11T13:33:49","slug":"elast-medal","status":"publish","type":"product","link":"https:\/\/vetomshop.hu\/ru\/product\/elast-medal\/","title":{"rendered":"\u041c\u0435\u0434\u0430\u043b\u044c \u042d\u043b\u0430\u0441\u0442\u0430"},"content":{"rendered":"<p>\u0414\u043e\u043f\u043e\u043b\u043d\u0438\u0442\u0435\u043b\u044c\u043d\u043e\u0435 \u0441\u0440\u0435\u0434\u0441\u0442\u0432\u043e \u0434\u043b\u044f \u043f\u0440\u043e\u0444\u0438\u043b\u0430\u043a\u0442\u0438\u043a\u0438 \u0438 \u043b\u0435\u0447\u0435\u043d\u0438\u044f \u0437\u0430\u0431\u043e\u043b\u0435\u0432\u0430\u043d\u0438\u0439 \u0441\u0432\u044f\u0437\u043e\u043a, \u0430\u043a\u0442\u0438\u0432\u0438\u0437\u0430\u0446\u0438\u0438 \u043f\u0440\u043e\u0446\u0435\u0441\u0441\u043e\u0432 \u0440\u0435\u0433\u0435\u043d\u0435\u0440\u0430\u0446\u0438\u0438 \u0438 \u0434\u043e\u043f\u043e\u043b\u043d\u0438\u0442\u0435\u043b\u044c\u043d\u043e\u0433\u043e \u043b\u0435\u0447\u0435\u043d\u0438\u044f \u0445\u0440\u043e\u043d\u0438\u0447\u0435\u0441\u043a\u0438\u0445 \u0437\u0430\u0431\u043e\u043b\u0435\u0432\u0430\u043d\u0438\u0439 \u0441\u0432\u044f\u0437\u043e\u043a.<\/p>\n<p>\u0414\u0435\u0439\u0441\u0442\u0432\u0438\u0435 \u043c\u0435\u0434\u0430\u043b\u0438 \u201e\u042d\u041b\u0410\u0421\u0422\u201d \u043d\u0430\u043f\u0440\u0430\u0432\u043b\u0435\u043d\u043e \u043d\u0430 \u0432\u043e\u0441\u0441\u0442\u0430\u043d\u043e\u0432\u043b\u0435\u043d\u0438\u0435 \u043d\u043e\u0440\u043c\u0430\u043b\u044c\u043d\u044b\u0445 \u043e\u0431\u043c\u0435\u043d\u043d\u044b\u0445 \u043f\u0440\u043e\u0446\u0435\u0441\u0441\u043e\u0432 \u0432 \u043a\u043b\u0435\u0442\u043a\u0430\u0445 \u0438 \u0442\u043a\u0430\u043d\u044f\u0445 \u0441\u0432\u044f\u0437\u043e\u043a, \u0437\u0430\u043c\u0435\u0434\u043b\u0435\u043d\u0438\u0435 \u043f\u0440\u043e\u0446\u0435\u0441\u0441\u0430 \u0441\u0442\u0430\u0440\u0435\u043d\u0438\u044f.<\/p>\n<p>\u042d\u0442\u043e\u0442 \u0438\u043d\u0441\u0442\u0440\u0443\u043c\u0435\u043d\u0442 \u043e\u043a\u0430\u0437\u044b\u0432\u0430\u0435\u0442 \u043f\u043e\u043b\u043e\u0436\u0438\u0442\u0435\u043b\u044c\u043d\u043e\u0435 \u0432\u043b\u0438\u044f\u043d\u0438\u0435 \u043d\u0430 \u0441\u043e\u0441\u0442\u043e\u044f\u043d\u0438\u0435 \u0444\u0443\u043d\u043a\u0446\u0438\u0439 \u043e\u0440\u0433\u0430\u043d\u0438\u0437\u043c\u0430 \u0438 \u043c\u043e\u0436\u0435\u0442 \u0438\u0441\u043f\u043e\u043b\u044c\u0437\u043e\u0432\u0430\u0442\u044c\u0441\u044f \u0432 \u0441\u043e\u0447\u0435\u0442\u0430\u043d\u0438\u0438 \u0441 \u0434\u0440\u0443\u0433\u0438\u043c\u0438 \u043c\u0435\u0442\u043e\u0434\u0430\u043c\u0438 \u043a\u0430\u043a \u0441\u0440\u0435\u0434\u0441\u0442\u0432\u043e \u043e\u043f\u0442\u0438\u043c\u0438\u0437\u0430\u0446\u0438\u0438 \u0438 \u043a\u043e\u0440\u0440\u0435\u043a\u0446\u0438\u0438:<\/p>\n<ul>\n<li>\u043f\u043e\u0432\u044b\u0448\u0430\u0435\u0442 \u0433\u0438\u0431\u043a\u043e\u0441\u0442\u044c \u0441\u0432\u044f\u0437\u043e\u043a \u0438 \u0443\u0432\u0435\u043b\u0438\u0447\u0438\u0432\u0430\u0435\u0442 \u0430\u043c\u043f\u043b\u0438\u0442\u0443\u0434\u0443 \u0434\u0432\u0438\u0436\u0435\u043d\u0438\u0439 \u0432 \u0441\u0443\u0441\u0442\u0430\u0432\u0430\u0445 \u0432 \u043e\u0442\u0432\u0435\u0442 \u043d\u0430 \u0432\u043e\u0437\u0440\u0430\u0441\u0442\u043d\u044b\u0435 \u0438\u0437\u043c\u0435\u043d\u0435\u043d\u0438\u044f<\/li>\n<li>\u0441\u043d\u0438\u0436\u0430\u0435\u0442 \u0432\u0435\u0440\u043e\u044f\u0442\u043d\u043e\u0441\u0442\u044c \u0442\u0440\u0430\u0432\u043c\u0438\u0440\u043e\u0432\u0430\u043d\u0438\u044f \u0441\u0443\u0445\u043e\u0436\u0438\u043b\u0438\u0439 \u0438 \u0441\u0432\u044f\u0437\u043e\u043a<\/li>\n<li>\u0441\u043e\u043a\u0440\u0430\u0449\u0435\u043d\u0438\u0435 \u0432\u0440\u0435\u043c\u0435\u043d\u0438 \u0437\u0430\u0436\u0438\u0432\u043b\u0435\u043d\u0438\u044f \u043f\u043e\u0441\u043b\u0435 \u043f\u043e\u0432\u0440\u0435\u0436\u0434\u0435\u043d\u0438\u044f \u0441\u0432\u044f\u0437\u043e\u043a (\u0440\u0430\u0441\u0442\u044f\u0436\u0435\u043d\u0438\u044f, \u0440\u0430\u0437\u0440\u044b\u0432\u044b)<\/li>\n<li>\u0437\u0430\u043c\u0435\u0434\u043b\u0435\u043d\u0438\u0435 \u0432\u043e\u0437\u0440\u0430\u0441\u0442\u043d\u044b\u0445 \u0438\u0437\u043c\u0435\u043d\u0435\u043d\u0438\u0439 \u0432 \u0441\u0443\u0441\u0442\u0430\u0432\u0430\u0445<\/li>\n<li>\u0443\u043a\u0440\u0435\u043f\u043b\u0435\u043d\u0438\u0435 \u0441\u0432\u044f\u0437\u043e\u043a \u0432\u043d\u0443\u0442\u0440\u0435\u043d\u043d\u0438\u0445 \u043e\u0440\u0433\u0430\u043d\u043e\u0432, \u043f\u0440\u0435\u0434\u043e\u0442\u0432\u0440\u0430\u0449\u0435\u043d\u0438\u0435 \u0438\u0445 \u043e\u043f\u0443\u0449\u0435\u043d\u0438\u044f (\u043c\u0430\u0442\u043a\u0430, \u043a\u0438\u0448\u0435\u0447\u043d\u0438\u043a, \u043f\u043e\u0447\u043a\u0438, \u0436\u0435\u043b\u0443\u0434\u043e\u043a)<\/li>\n<\/ul>\n<div class=\"su-spoiler su-spoiler-style-defoult su-spoiler-icon-caret su-spoiler-closed\" data-scroll-offset=\"0\" data-anchor-in-url=\"no\"><div class=\"su-spoiler-title\" tabindex=\"0\" role=\"button\"><span class=\"su-spoiler-icon\"><\/span>\u0412\u0441\u0435<\/div><div class=\"su-spoiler-content su-u-clearfix su-u-trim\">\n<strong>\u042d\u0444\u0444\u0435\u043a\u0442\u044b:<\/strong><\/p>\n<ul>\n<li>\u0432\u043e\u0441\u0441\u0442\u0430\u043d\u043e\u0432\u043b\u0435\u043d\u0438\u0435 \u043e\u0431\u043c\u0435\u043d\u043d\u044b\u0445 \u043f\u0440\u043e\u0446\u0435\u0441\u0441\u043e\u0432 \u0432 \u0441\u043e\u0435\u0434\u0438\u043d\u0438\u0442\u0435\u043b\u044c\u043d\u044b\u0445 \u0442\u043a\u0430\u043d\u044f\u0445 \u0441\u0443\u0441\u0442\u0430\u0432\u043e\u0432 \u0438 \u0432\u043d\u0443\u0442\u0440\u0435\u043d\u043d\u0438\u0445 \u043e\u0440\u0433\u0430\u043d\u043e\u0432, \u0432\u043a\u043b\u044e\u0447\u0430\u044f \u043a\u043e\u043d\u0442\u0440\u0430\u043a\u0442\u0443\u0440\u0443 \u0414\u044e\u043f\u044e\u0438\u0442\u0440\u0435\u043d\u0430 (\u043a\u043e\u043d\u0442\u0440\u0430\u043a\u0442\u0443\u0440\u0430: \u0443\u043a\u043e\u0440\u043e\u0447\u0435\u043d\u0438\u0435 \u0441\u0443\u0445\u043e\u0436\u0438\u043b\u0438\u0439 \u0438\/\u0438\u043b\u0438 \u043c\u044b\u0448\u0446, \u0441\u043e\u043a\u0440\u0430\u0449\u0435\u043d\u0438\u0435, \u0432\u044b\u0437\u044b\u0432\u0430\u044e\u0449\u0435\u0435 \u0434\u0435\u0444\u043e\u0440\u043c\u0430\u0446\u0438\u044e \u0438\/\u0438\u043b\u0438 \u0441\u043a\u043e\u0432\u0430\u043d\u043d\u043e\u0441\u0442\u044c)<\/li>\n<li>\u0437\u0430\u043c\u0435\u0434\u043b\u0435\u043d\u0438\u0435 \u201e\u0432\u043e\u0437\u0440\u0430\u0441\u0442\u043d\u044b\u0445\u201d \u0438\u0437\u043c\u0435\u043d\u0435\u043d\u0438\u0439 \u0432 \u043e\u043f\u043e\u0440\u043d\u043e-\u0434\u0432\u0438\u0433\u0430\u0442\u0435\u043b\u044c\u043d\u043e\u043c \u0430\u043f\u043f\u0430\u0440\u0430\u0442\u0435<\/li>\n<li>\u0443\u043b\u0443\u0447\u0448\u0430\u0435\u0442 \u0433\u0438\u0431\u043a\u043e\u0441\u0442\u044c \u043c\u044b\u0448\u0446 \u0438 \u0441\u0432\u044f\u0437\u043e\u043a<\/li>\n<li>\u0443\u0441\u043a\u043e\u0440\u044f\u0435\u0442 \u0432\u043e\u0441\u0441\u0442\u0430\u043d\u043e\u0432\u043b\u0435\u043d\u0438\u0435 \u043f\u043e\u0441\u043b\u0435 \u0442\u0440\u0430\u0432\u043c \u0438 \u0445\u0438\u0440\u0443\u0440\u0433\u0438\u0447\u0435\u0441\u043a\u0438\u0445 \u0432\u043c\u0435\u0448\u0430\u0442\u0435\u043b\u044c\u0441\u0442\u0432, \u043f\u0440\u0435\u0434\u043e\u0442\u0432\u0440\u0430\u0449\u0430\u044f \u043e\u0431\u0440\u0430\u0437\u043e\u0432\u0430\u043d\u0438\u0435 \u0433\u0440\u0443\u0431\u044b\u0445 \u0440\u0443\u0431\u0446\u043e\u0432.<\/li>\n<\/ul>\n<\/div><\/div>","protected":false},"excerpt":{"rendered":"<p>Kieg\u00e9sz\u00edt\u0151 eszk\u00f6z a ligamentum betegs\u00e9geinek megel\u0151z\u00e9s\u00e9re \u00e9s kezel\u00e9s\u00e9re, regener\u00e1ci\u00f3s folyamatok aktiv\u00e1l\u00e1s\u00e1ra \u00e9s a ligamentum kr\u00f3nikus betegs\u00e9geinek kieg\u00e9sz\u00edt\u0151 kezel\u00e9s\u00e9re. A &#8222;ELAST&#8221; Med\u00e1l hat\u00e1sa a norm\u00e1lis anyagcsere-folyamatok helyre\u00e1ll\u00edt\u00e1s\u00e1ra ir\u00e1nyul a ligamentumok sejtjeiben \u00e9s sz\u00f6veteiben, lass\u00edtva az \u00f6reged\u00e9si folyamatokat is. Ez az eszk\u00f6z pozit\u00edv hat\u00e1ssal van a testfunkci\u00f3k \u00e1llapot\u00e1ra, az optimaliz\u00e1l\u00e1s \u00e9s korrekci\u00f3 eszk\u00f6zek\u00e9nt haszn\u00e1lhat\u00f3 egy\u00e9b m\u00f3dszerekkel is [&hellip;]<\/p>\n","protected":false},"featured_media":4689,"comment_status":"open","ping_status":"closed","template":"","meta":[],"product_brand":[],"product_cat":[33,32],"product_tag":[],"class_list":{"0":"post-4690","1":"product","2":"type-product","3":"status-publish","4":"has-post-thumbnail","6":"product_cat-egeszseg-medalok","7":"product_cat-triomed","9":"first","10":"instock","11":"taxable","12":"shipping-taxable","13":"purchasable","14":"product-type-simple"},"_links":{"self":[{"href":"https:\/\/vetomshop.hu\/ru\/wp-json\/wp\/v2\/product\/4690","targetHints":{"allow":["GET"]}}],"collection":[{"href":"https:\/\/vetomshop.hu\/ru\/wp-json\/wp\/v2\/product"}],"about":[{"href":"https:\/\/vetomshop.hu\/ru\/wp-json\/wp\/v2\/types\/product"}],"replies":[{"embeddable":true,"href":"https:\/\/vetomshop.hu\/ru\/wp-json\/wp\/v2\/comments?post=4690"}],"wp:featuredmedia":[{"embeddable":true,"href":"https:\/\/vetomshop.hu\/ru\/wp-json\/wp\/v2\/media\/4689"}],"wp:attachment":[{"href":"https:\/\/vetomshop.hu\/ru\/wp-json\/wp\/v2\/media?parent=4690"}],"wp:term":[{"taxonomy":"product_brand","embeddable":true,"href":"https:\/\/vetomshop.hu\/ru\/wp-json\/wp\/v2\/product_brand?post=4690"},{"taxonomy":"product_cat","embeddable":true,"href":"https:\/\/vetomshop.hu\/ru\/wp-json\/wp\/v2\/product_cat?post=4690"},{"taxonomy":"product_tag","embeddable":true,"href":"https:\/\/vetomshop.hu\/ru\/wp-json\/wp\/v2\/product_tag?post=4690"}],"curies":[{"name":"wp","href":"https:\/\/api.w.org\/{rel}","templated":true}]}}