{"id":4694,"date":"2023-11-11T14:33:50","date_gmt":"2023-11-11T13:33:50","guid":{"rendered":"https:\/\/vetomshop.hu\/termek\/eros-plus\/"},"modified":"2023-11-11T14:33:50","modified_gmt":"2023-11-11T13:33:50","slug":"eros-plus","status":"publish","type":"product","link":"https:\/\/vetomshop.hu\/ru\/product\/eros-plus\/","title":{"rendered":"\u042d\u0440\u043e\u0441 \u043f\u043b\u044e\u0441"},"content":{"rendered":"<h4>\u201e\u041f\u043e\u0434\u0432\u0435\u0441\u043a\u0430 \u201dEROS plus\"<\/h4>\n<p>\u201e\u041a\u0443\u043b\u043e\u043d \u201dEROS plus\" - \u043f\u0440\u0438\u0431\u043e\u0440 \u0434\u043b\u044f \u0442\u043e\u043d\u043a\u043e\u0439 \u0431\u0438\u043e\u0444\u0438\u0437\u0438\u0447\u0435\u0441\u043a\u043e\u0439 \u043d\u0430\u0441\u0442\u0440\u043e\u0439\u043a\u0438 \u0436\u0435\u043b\u0435\u0437, \u043e\u0442\u0432\u0435\u0447\u0430\u044e\u0449\u0438\u0445 \u0437\u0430 \u0432\u044b\u0440\u0430\u0431\u043e\u0442\u043a\u0443 \u043c\u0443\u0436\u0441\u043a\u0438\u0445 \u043f\u043e\u043b\u043e\u0432\u044b\u0445 \u0444\u0435\u0440\u043e\u043c\u043e\u043d\u043e\u0432 \u0430\u043d\u0434\u0440\u043e\u0441\u0442\u0435\u043d\u043e\u043b\u0430 \u0438 \u0430\u043d\u0434\u0440\u043e\u0441\u0442\u0435\u0440\u043e\u043d\u0430.<br \/>\n\u0424\u0435\u0440\u043e\u043c\u043e\u043d\u044b \u0447\u0435\u043b\u043e\u0432\u0435\u043a\u0430 - \u044d\u0442\u043e \u043e\u0441\u043e\u0431\u044b\u0435 \u0431\u0438\u043e\u0445\u0438\u043c\u0438\u0447\u0435\u0441\u043a\u0438\u0435 \u0441\u043e\u0435\u0434\u0438\u043d\u0435\u043d\u0438\u044f, \u0432\u044b\u0440\u0430\u0431\u0430\u0442\u044b\u0432\u0430\u0435\u043c\u044b\u0435 \u0441\u043f\u0435\u0446\u0438\u0430\u043b\u044c\u043d\u044b\u043c\u0438 \u0436\u0435\u043b\u0435\u0437\u0430\u043c\u0438 \u0432 \u043d\u0430\u0440\u0443\u0436\u043d\u043e\u043c \u044d\u043f\u0438\u0442\u0435\u043b\u0438\u0438. \u0424\u0435\u0440\u043e\u043c\u043e\u043d\u044b, \u043f\u0440\u043e\u043d\u0438\u043a\u0430\u044e\u0449\u0438\u0435 \u0432 \u043e\u043a\u0440\u0443\u0436\u0430\u044e\u0449\u0443\u044e \u0441\u0440\u0435\u0434\u0443, \u043e\u0431\u043d\u0430\u0440\u0443\u0436\u0438\u0432\u0430\u044e\u0442\u0441\u044f \u043e\u0431\u043e\u043d\u044f\u0442\u0435\u043b\u044c\u043d\u044b\u043c\u0438 \u0440\u0435\u0446\u0435\u043f\u0442\u043e\u0440\u0430\u043c\u0438, \u043a\u043e\u0442\u043e\u0440\u044b\u0435 \u201e\u043f\u043e\u0434\u0430\u044e\u0442 \u0441\u0438\u0433\u043d\u0430\u043b\u201d \u0432 \u043f\u043e\u043b\u0443\u0448\u0430\u0440\u0438\u044f \u0447\u0435\u043b\u043e\u0432\u0435\u0447\u0435\u0441\u043a\u043e\u0433\u043e \u043c\u043e\u0437\u0433\u0430. \u041e\u0441\u043d\u043e\u0432\u043d\u044b\u043c\u0438 \u0444\u0435\u0440\u043e\u043c\u043e\u043d\u0430\u043c\u0438, \u0432\u044b\u0440\u0430\u0431\u0430\u0442\u044b\u0432\u0430\u0435\u043c\u044b\u043c\u0438 \u0447\u0435\u043b\u043e\u0432\u0435\u043a\u043e\u043c, \u044f\u0432\u043b\u044f\u044e\u0442\u0441\u044f \u0430\u043d\u0434\u0440\u043e\u0441\u0442\u0435\u043d\u043e\u043b \u0438 \u0430\u043d\u0434\u0440\u043e\u0441\u0442\u0435\u0440\u043e\u043d.<\/p>\n<div class=\"su-spoiler su-spoiler-style-defoult su-spoiler-icon-caret su-spoiler-closed\" data-scroll-offset=\"0\" data-anchor-in-url=\"no\"><div class=\"su-spoiler-title\" tabindex=\"0\" role=\"button\"><span class=\"su-spoiler-icon\"><\/span>\u0412\u0441\u0435<\/div><div class=\"su-spoiler-content su-u-clearfix su-u-trim\">\n<p>\u0410\u043d\u0434\u0440\u043e\u0441\u0442\u0435\u043d\u043e\u043b - \u0443\u043d\u0438\u0432\u0435\u0440\u0441\u0430\u043b\u044c\u043d\u044b\u0439 \u0444\u0435\u0440\u043e\u043c\u043e\u043d, \u0441\u0438\u043d\u0442\u0435\u0437\u0438\u0440\u0443\u0435\u043c\u044b\u0439 \u043e\u0431\u043e\u0438\u043c\u0438 \u043f\u043e\u043b\u0430\u043c\u0438. \u041e\u043d \u043f\u043e\u043c\u043e\u0433\u0430\u0435\u0442 \u043e\u0447\u0435\u043d\u044c \u0431\u044b\u0441\u0442\u0440\u043e \u0432\u044b\u0437\u0432\u0430\u0442\u044c \u0441\u0438\u043c\u043f\u0430\u0442\u0438\u044e \u043a \u0441\u043e\u0431\u0435\u0441\u0435\u0434\u043d\u0438\u043a\u0443, \u043f\u0440\u043e\u0431\u0443\u0436\u0434\u0430\u044f \u0436\u0435\u043b\u0430\u043d\u0438\u0435 \u043e\u0431\u0449\u0430\u0442\u044c\u0441\u044f. \u041e\u0431\u043b\u0430\u0434\u0430\u0442\u0435\u043b\u044c \u0430\u0440\u043e\u043c\u0430\u0442\u0430 \u0441 \u0430\u043d\u0434\u0440\u043e\u0441\u0442\u0435\u043d\u043e\u043b\u043e\u043c \u043d\u0435\u0441\u0435\u0442 \u0432 \u0441\u0435\u0431\u0435 \u0430\u0443\u0440\u0443 \u043c\u043e\u043b\u043e\u0434\u043e\u0441\u0442\u0438 \u0438 \u0441\u0432\u0435\u0436\u0435\u0441\u0442\u0438, \u043d\u0435\u0437\u0430\u0432\u0438\u0441\u0438\u043c\u043e \u043e\u0442 \u0432\u043e\u0437\u0440\u0430\u0441\u0442\u0430.<\/p>\n<p>\u0410\u043d\u0434\u0440\u043e\u0441\u0442\u0435\u0440\u043e\u043d - \u0430\u043d\u0430\u043b\u043e\u0433 \u0432\u0435\u0449\u0435\u0441\u0442\u0432\u0430, \u0441\u0438\u043d\u0442\u0435\u0437\u0438\u0440\u0443\u0435\u043c\u043e\u0433\u043e \u0442\u043e\u043b\u044c\u043a\u043e \u043f\u0440\u0435\u0434\u0441\u0442\u0430\u0432\u0438\u0442\u0435\u043b\u044f\u043c\u0438 \u0441\u0438\u043b\u044c\u043d\u043e\u0433\u043e \u043f\u043e\u043b\u0430. \u0415\u0433\u043e \u0442\u0430\u043a\u0436\u0435 \u043d\u0430\u0437\u044b\u0432\u0430\u044e\u0442 \u0444\u0435\u0440\u043e\u043c\u043e\u043d\u043e\u043c \u043c\u0443\u0436\u0435\u0441\u0442\u0432\u0430, \u043f\u043e\u0441\u043a\u043e\u043b\u044c\u043a\u0443 \u0435\u0433\u043e \u043d\u043e\u0441\u0438\u0442\u0435\u043b\u044c \u043e\u0431\u043b\u0430\u0434\u0430\u0435\u0442 \u0443\u0432\u0435\u0440\u0435\u043d\u043d\u043e\u0439, \u0441\u0438\u043b\u044c\u043d\u043e\u0439 \u0430\u0443\u0440\u043e\u0439, \u043f\u0440\u0438\u0432\u043b\u0435\u043a\u0430\u0442\u0435\u043b\u044c\u043d\u043e\u0439 \u0434\u043b\u044f \u0436\u0435\u043d\u0449\u0438\u043d.<\/p>\n<p>\u041d\u043e\u0448\u0435\u043d\u0438\u0435 \u043a\u0443\u043b\u043e\u043d\u0430 \u201eEROS plus\u201d \u0441\u0442\u0438\u043c\u0443\u043b\u0438\u0440\u0443\u0435\u0442 \u0432\u044b\u0440\u0430\u0431\u043e\u0442\u043a\u0443 \u0441\u043e\u0431\u0441\u0442\u0432\u0435\u043d\u043d\u044b\u0445 \u0444\u0435\u0440\u043e\u043c\u043e\u043d\u043e\u0432.<\/p>\n<p>\u041a\u0443\u043b\u043e\u043d \u201eEROS plus\u201d \u043f\u043e\u043c\u043e\u0436\u0435\u0442 \u0432\u0430\u043c \u043e\u0431\u0440\u0435\u0441\u0442\u0438 \u0443\u0432\u0435\u0440\u0435\u043d\u043d\u043e\u0441\u0442\u044c \u0432 \u0441\u0435\u0431\u0435, \u0437\u0430\u0432\u043e\u0435\u0432\u0430\u0442\u044c \u0441\u0438\u043c\u043f\u0430\u0442\u0438\u044e \u043f\u0440\u043e\u0442\u0438\u0432\u043e\u043f\u043e\u043b\u043e\u0436\u043d\u043e\u0433\u043e \u043f\u043e\u043b\u0430.<\/p>\n<\/div><\/div>","protected":false},"excerpt":{"rendered":"<p>&#8222;EROS plus&#8221; med\u00e1l &#8222;EROS plus&#8221; med\u00e1l \u2013 a f\u00e9rfi nemi feromonok \u2013 androstenol \u00e9s androsteron \u2013 el\u0151\u00e1ll\u00edt\u00e1s\u00e1\u00e9rt felel\u0151s mirigyek finom biofizikai be\u00e1ll\u00edt\u00e1s\u00e1ra szolg\u00e1l\u00f3 eszk\u00f6z. Az emberi feromonok k\u00fcl\u00f6nleges biok\u00e9miai vegy\u00fcletek, amelyeket a k\u00fcls\u0151 epitheliumban tal\u00e1lhat\u00f3 speci\u00e1lis mirigyek termelnek. A k\u00f6rnyezetbe behatol\u00f3 feromonok a szagl\u00f3receptorok seg\u00edts\u00e9g\u00e9vel \u00e9rz\u00e9kelhet\u0151k, amik \u201e jelet k\u00f6zvet\u00edtenek\u201d az emberi agy f\u00e9ltek\u00e9ire. Az [&hellip;]<\/p>\n","protected":false},"featured_media":4693,"comment_status":"open","ping_status":"closed","template":"","meta":[],"product_brand":[],"product_cat":[33,32],"product_tag":[],"class_list":{"0":"post-4694","1":"product","2":"type-product","3":"status-publish","4":"has-post-thumbnail","6":"product_cat-egeszseg-medalok","7":"product_cat-triomed","9":"first","10":"instock","11":"taxable","12":"shipping-taxable","13":"purchasable","14":"product-type-simple"},"_links":{"self":[{"href":"https:\/\/vetomshop.hu\/ru\/wp-json\/wp\/v2\/product\/4694","targetHints":{"allow":["GET"]}}],"collection":[{"href":"https:\/\/vetomshop.hu\/ru\/wp-json\/wp\/v2\/product"}],"about":[{"href":"https:\/\/vetomshop.hu\/ru\/wp-json\/wp\/v2\/types\/product"}],"replies":[{"embeddable":true,"href":"https:\/\/vetomshop.hu\/ru\/wp-json\/wp\/v2\/comments?post=4694"}],"wp:featuredmedia":[{"embeddable":true,"href":"https:\/\/vetomshop.hu\/ru\/wp-json\/wp\/v2\/media\/4693"}],"wp:attachment":[{"href":"https:\/\/vetomshop.hu\/ru\/wp-json\/wp\/v2\/media?parent=4694"}],"wp:term":[{"taxonomy":"product_brand","embeddable":true,"href":"https:\/\/vetomshop.hu\/ru\/wp-json\/wp\/v2\/product_brand?post=4694"},{"taxonomy":"product_cat","embeddable":true,"href":"https:\/\/vetomshop.hu\/ru\/wp-json\/wp\/v2\/product_cat?post=4694"},{"taxonomy":"product_tag","embeddable":true,"href":"https:\/\/vetomshop.hu\/ru\/wp-json\/wp\/v2\/product_tag?post=4694"}],"curies":[{"name":"wp","href":"https:\/\/api.w.org\/{rel}","templated":true}]}}