{"id":4696,"date":"2023-11-11T14:33:51","date_gmt":"2023-11-11T13:33:51","guid":{"rendered":"https:\/\/vetomshop.hu\/termek\/hemo-medal\/"},"modified":"2023-11-11T14:33:51","modified_gmt":"2023-11-11T13:33:51","slug":"hemo-medal","status":"publish","type":"product","link":"https:\/\/vetomshop.hu\/ru\/product\/hemo-medal\/","title":{"rendered":"\u041a\u0443\u043b\u043e\u043d \"\u0413\u0435\u043c\u043e"},"content":{"rendered":"<h4>\u041a\u0443\u043b\u043e\u043d \"\u0413\u0435\u043c\u043e<\/h4>\n<p>\u0415\u0436\u0435\u0434\u043d\u0435\u0432\u043d\u043e\u0435 \u0438\u0441\u043f\u043e\u043b\u044c\u0437\u043e\u0432\u0430\u043d\u0438\u0435 \u043c\u0435\u0434\u0430\u043b\u0435\u0439 Triomed Medals \u0441\u043f\u043e\u0441\u043e\u0431\u0441\u0442\u0432\u0443\u0435\u0442 \u0434\u043e\u0441\u0442\u0438\u0436\u0435\u043d\u0438\u044e \u0434\u043e\u043b\u0433\u043e\u0439, \u0441\u0447\u0430\u0441\u0442\u043b\u0438\u0432\u043e\u0439, \u0437\u0434\u043e\u0440\u043e\u0432\u043e\u0439 \u0436\u0438\u0437\u043d\u0438. \u041e\u043d\u0438 \u043c\u044f\u0433\u043a\u043e \u0433\u0430\u0440\u043c\u043e\u043d\u0438\u0437\u0438\u0440\u0443\u044e\u0442 \u044d\u043d\u0435\u0440\u0433\u043e\u0438\u043d\u0444\u043e\u0440\u043c\u0430\u0446\u0438\u043e\u043d\u043d\u0443\u044e \u0441\u0438\u0441\u0442\u0435\u043c\u0443 \u043e\u0440\u0433\u0430\u043d\u0438\u0437\u043c\u0430.<\/p>\n<p><strong>\u041a\u043e\u043c\u0443 \u043e\u043d \u0440\u0435\u043a\u043e\u043c\u0435\u043d\u0434\u043e\u0432\u0430\u043d?<\/strong><\/p>\n<p>\u0412\u0441\u0435\u043c, \u043a\u0442\u043e \u0441\u0442\u0440\u0430\u0434\u0430\u0435\u0442 \u043e\u0442 \u043d\u0435\u0445\u0432\u0430\u0442\u043a\u0438 \u043a\u0438\u0441\u043b\u043e\u0440\u043e\u0434\u0430, \u0432\u044b\u0441\u043e\u043a\u043e\u0433\u043e \u0443\u0440\u043e\u0432\u043d\u044f \u0445\u043e\u043b\u0435\u0441\u0442\u0435\u0440\u0438\u043d\u0430, \u201e\u0433\u0443\u0441\u0442\u043e\u0439\u201d \u043a\u0440\u043e\u0432\u0438, \u0430\u0442\u0435\u0440\u043e\u0441\u043a\u043b\u0435\u0440\u043e\u0437\u0430.<\/p>\n<p>\u0414\u0435\u0442\u0438 \u0434\u043e 6 \u043b\u0435\u0442 \u0434\u043e\u043b\u0436\u043d\u044b \u0438\u0441\u043f\u043e\u043b\u044c\u0437\u043e\u0432\u0430\u0442\u044c\u0441\u044f \u0442\u043e\u043b\u044c\u043a\u043e \u043f\u043e\u0434 \u043f\u0440\u0438\u0441\u043c\u043e\u0442\u0440\u043e\u043c \u0440\u043e\u0434\u0438\u0442\u0435\u043b\u0435\u0439!<\/p>\n<p>\u041f\u043e\u0434\u0432\u0435\u0441\u043a\u0438 Triomed Pendants \u0432\u043e\u0434\u043e\u043d\u0435\u043f\u0440\u043e\u043d\u0438\u0446\u0430\u0435\u043c\u044b, \u0438\u0445 \u043c\u043e\u0436\u043d\u043e \u043f\u043e\u043c\u0435\u0449\u0430\u0442\u044c \u0432 \u0432\u043e\u0434\u0443.<\/p>\n<p>\u0412\u0441\u0435 \u043c\u0435\u0434\u0430\u043b\u0438 Triomed \u043f\u0435\u0440\u0435\u0434 \u043f\u043e\u0441\u0442\u0443\u043f\u043b\u0435\u043d\u0438\u0435\u043c \u0432 \u043f\u0440\u043e\u0434\u0430\u0436\u0443 \u043f\u0440\u043e\u0445\u043e\u0434\u044f\u0442 \u0441\u043f\u0435\u0446\u0438\u0430\u043b\u044c\u043d\u044b\u0439 \u0441\u043f\u0435\u043a\u0442\u0440\u0430\u043b\u044c\u043d\u044b\u0439 - \u0444\u043e\u0442\u043e\u043c\u0435\u0442\u0440\u0438\u0447\u0435\u0441\u043a\u0438\u0439 - \u0442\u0435\u0441\u0442, \u043a\u043e\u0442\u043e\u0440\u044b\u0439 \u0433\u0430\u0440\u0430\u043d\u0442\u0438\u0440\u0443\u0435\u0442 \u043a\u0430\u0447\u0435\u0441\u0442\u0432\u043e \u0438 \u043f\u043e\u0441\u0442\u043e\u044f\u043d\u0441\u0442\u0432\u043e \u0441\u0438\u0433\u043d\u0430\u043b\u043e\u0432.<\/p>","protected":false},"excerpt":{"rendered":"<p>Hemo Med\u00e1l A Triomed Med\u00e1lok napi szinten t\u00f6rt\u00e9n\u0151 alkalmaz\u00e1sa t\u00e1mogathatja a hossz\u00fa, boldog, eg\u00e9szs\u00e9ges \u00e9let el\u00e9r\u00e9s\u00e9t. L\u00e1gyan harmoniz\u00e1lj\u00e1k a szervezet energia-inform\u00e1ci\u00f3s rendszer\u00e9nek m\u0171k\u00f6d\u00e9s\u00e9t. Kiknek aj\u00e1nljuk? Mindazoknak, akik oxig\u00e9nhi\u00e1nyt\u00f3l szenvednek, magas a koleszterin szintj\u00fck, \u201es\u0171r\u0171\u201d a v\u00e9r\u00fck, \u00e9relmeszesed\u00e9st\u0151l szenvednek. 6 \u00e9ven aluli gyermek csak sz\u00fcl\u0151i fel\u00fcgyelet mellett alkalmazhatja! A Triomed Med\u00e1lok v\u00edzbe helyezhet\u0151ek, v\u00edzhatlanok. Minden Triomed [&hellip;]<\/p>\n","protected":false},"featured_media":4695,"comment_status":"open","ping_status":"closed","template":"","meta":[],"product_brand":[],"product_cat":[33,32],"product_tag":[],"class_list":{"0":"post-4696","1":"product","2":"type-product","3":"status-publish","4":"has-post-thumbnail","6":"product_cat-egeszseg-medalok","7":"product_cat-triomed","9":"first","10":"instock","11":"taxable","12":"shipping-taxable","13":"purchasable","14":"product-type-simple"},"_links":{"self":[{"href":"https:\/\/vetomshop.hu\/ru\/wp-json\/wp\/v2\/product\/4696","targetHints":{"allow":["GET"]}}],"collection":[{"href":"https:\/\/vetomshop.hu\/ru\/wp-json\/wp\/v2\/product"}],"about":[{"href":"https:\/\/vetomshop.hu\/ru\/wp-json\/wp\/v2\/types\/product"}],"replies":[{"embeddable":true,"href":"https:\/\/vetomshop.hu\/ru\/wp-json\/wp\/v2\/comments?post=4696"}],"wp:featuredmedia":[{"embeddable":true,"href":"https:\/\/vetomshop.hu\/ru\/wp-json\/wp\/v2\/media\/4695"}],"wp:attachment":[{"href":"https:\/\/vetomshop.hu\/ru\/wp-json\/wp\/v2\/media?parent=4696"}],"wp:term":[{"taxonomy":"product_brand","embeddable":true,"href":"https:\/\/vetomshop.hu\/ru\/wp-json\/wp\/v2\/product_brand?post=4696"},{"taxonomy":"product_cat","embeddable":true,"href":"https:\/\/vetomshop.hu\/ru\/wp-json\/wp\/v2\/product_cat?post=4696"},{"taxonomy":"product_tag","embeddable":true,"href":"https:\/\/vetomshop.hu\/ru\/wp-json\/wp\/v2\/product_tag?post=4696"}],"curies":[{"name":"wp","href":"https:\/\/api.w.org\/{rel}","templated":true}]}}