{"id":4698,"date":"2023-11-11T14:33:51","date_gmt":"2023-11-11T13:33:51","guid":{"rendered":"https:\/\/vetomshop.hu\/termek\/gamma-medal\/"},"modified":"2023-11-11T14:33:51","modified_gmt":"2023-11-11T13:33:51","slug":"gamma-medal","status":"publish","type":"product","link":"https:\/\/vetomshop.hu\/ru\/product\/gamma-medal\/","title":{"rendered":"\u041c\u0435\u0434\u0430\u043b\u044c \u0413\u0430\u043c\u043c\u0430"},"content":{"rendered":"<h4>\u041c\u0435\u0434\u0430\u043b\u044c \u0437\u0434\u043e\u0440\u043e\u0432\u044c\u044f \"\u0413\u0430\u043c\u043c\u0430<\/h4>\n<p>\u0413\u0430\u043c\u043c\u0430-\u043a\u0443\u043b\u043e\u043d - \u044d\u0442\u043e \u043d\u043e\u0432\u0435\u0439\u0448\u0438\u0439 \u043c\u0438\u043d\u0438\u0430\u0442\u044e\u0440\u043d\u044b\u0439 \u0434\u0430\u0442\u0447\u0438\u043a, \u0438\u043d\u043d\u043e\u0432\u0430\u0446\u0438\u043e\u043d\u043d\u0430\u044f \u0440\u0430\u0437\u0440\u0430\u0431\u043e\u0442\u043a\u0430 \u0440\u043e\u0441\u0441\u0438\u0439\u0441\u043a\u0438\u0445 \u0443\u0447\u0435\u043d\u044b\u0445 \u0438\u0437 \u043a\u043e\u043c\u043f\u0430\u043d\u0438\u0438 \"\u0422\u0440\u0438\u043e\u043c\u0435\u0434\", \u043f\u0440\u043e\u0438\u0437\u0432\u043e\u0434\u044f\u0449\u0435\u0439 \u043c\u0435\u0434\u0438\u0446\u0438\u043d\u0441\u043a\u043e\u0435 \u043e\u0431\u043e\u0440\u0443\u0434\u043e\u0432\u0430\u043d\u0438\u0435. \u041e\u043d \u043f\u043e\u043c\u043e\u0433\u0430\u0435\u0442 \u043f\u0440\u0435\u0434\u043e\u0442\u0432\u0440\u0430\u0442\u0438\u0442\u044c \u0437\u0430\u0431\u043e\u043b\u0435\u0432\u0430\u043d\u0438\u044f \u0449\u0438\u0442\u043e\u0432\u0438\u0434\u043d\u043e\u0439 \u0436\u0435\u043b\u0435\u0437\u044b, \u0432\u043e\u0441\u0441\u0442\u0430\u043d\u043e\u0432\u0438\u0442\u044c \u0431\u0430\u043b\u0430\u043d\u0441 \u043e\u0440\u0433\u0430\u043d\u0438\u0437\u043c\u0430 \u0438 \u0441\u043f\u043e\u0441\u043e\u0431\u043d\u043e\u0441\u0442\u044c \u043a \u0441\u0430\u043c\u043e\u0432\u043e\u0441\u0441\u0442\u0430\u043d\u043e\u0432\u043b\u0435\u043d\u0438\u044e \u043f\u0440\u0438 \u043f\u0440\u043e\u0431\u043b\u0435\u043c\u0430\u0445 \u0441\u043e \u0449\u0438\u0442\u043e\u0432\u0438\u0434\u043d\u043e\u0439 \u0436\u0435\u043b\u0435\u0437\u043e\u0439.<\/p>\n<p>\u0420\u0435\u043a\u043e\u043c\u0435\u043d\u0434\u0443\u0435\u0442\u0441\u044f \u0432 \u043a\u0430\u0447\u0435\u0441\u0442\u0432\u0435 \u0434\u043e\u043f\u043e\u043b\u043d\u0435\u043d\u0438\u044f \u043a \u043c\u0435\u0434\u0438\u0446\u0438\u043d\u0441\u043a\u043e\u043c\u0443 \u043b\u0435\u0447\u0435\u043d\u0438\u044e \u0434\u043b\u044f \u0442\u0435\u0445, \u043a\u0442\u043e \u0441\u0442\u0440\u0430\u0434\u0430\u0435\u0442 \u0433\u0438\u043f\u043e\u0442\u0438\u0440\u0435\u043e\u0437\u043e\u043c, \u0433\u0438\u043f\u0435\u0440\u0442\u0438\u0440\u0435\u043e\u0437\u043e\u043c, \u0432\u043e\u0441\u043f\u0430\u043b\u0435\u043d\u0438\u0435\u043c, \u0431\u043e\u043b\u0435\u0437\u043d\u044c\u044e \u0425\u0430\u0448\u0438\u043c\u043e\u0442\u043e, \u0434\u0435\u0444\u0438\u0446\u0438\u0442\u043e\u043c \u0439\u043e\u0434\u0430 \u0438\u043b\u0438 \u0434\u0440\u0443\u0433\u0438\u043c\u0438 \u043f\u043e\u0434\u043e\u0437\u0440\u0438\u0442\u0435\u043b\u044c\u043d\u044b\u043c\u0438 \u0437\u0430\u0431\u043e\u043b\u0435\u0432\u0430\u043d\u0438\u044f\u043c\u0438 \u0449\u0438\u0442\u043e\u0432\u0438\u0434\u043d\u043e\u0439 \u0436\u0435\u043b\u0435\u0437\u044b.<\/p>","protected":false},"excerpt":{"rendered":"<p>Gamma Eg\u00e9szs\u00e9g Med\u00e1l A Gamma Med\u00e1l a leg\u00fajabb miniat\u0171r jelad\u00f3 k\u00e9sz\u00fcl\u00e9k, innovat\u00edv fejleszt\u00e9s a Triomed orvostechnikai eszk\u00f6z\u00f6ket gy\u00e1rt\u00f3 \u00e9s fejleszt\u0151 c\u00e9g orosz tud\u00f3sait\u00f3l. Seg\u00edt a pajzsmirigy betegs\u00e9gek megel\u0151z\u00e9s\u00e9ben, seg\u00edt vissza\u00e1ll\u00edtani a szervezet egyens\u00faly\u00e1t, \u00f6ngy\u00f3gy\u00edt\u00f3 k\u00e9pess\u00e9geit pajzsmirigy probl\u00e9m\u00e1k eset\u00e9n. Mint gy\u00f3gykezel\u00e9st kieg\u00e9sz\u00edt\u0151 korrekci\u00f3s eszk\u00f6z javasolt mindazoknak, akik az al\u00e1bbi betegs\u00e9gekben szenvednek: pajzsmirigy alul \u2013 \u00e9s t\u00falm\u0171k\u00f6d\u00e9s, [&hellip;]<\/p>\n","protected":false},"featured_media":4697,"comment_status":"open","ping_status":"closed","template":"","meta":[],"product_brand":[],"product_cat":[33,32],"product_tag":[],"class_list":{"0":"post-4698","1":"product","2":"type-product","3":"status-publish","4":"has-post-thumbnail","6":"product_cat-egeszseg-medalok","7":"product_cat-triomed","9":"first","10":"instock","11":"taxable","12":"shipping-taxable","13":"purchasable","14":"product-type-simple"},"_links":{"self":[{"href":"https:\/\/vetomshop.hu\/ru\/wp-json\/wp\/v2\/product\/4698","targetHints":{"allow":["GET"]}}],"collection":[{"href":"https:\/\/vetomshop.hu\/ru\/wp-json\/wp\/v2\/product"}],"about":[{"href":"https:\/\/vetomshop.hu\/ru\/wp-json\/wp\/v2\/types\/product"}],"replies":[{"embeddable":true,"href":"https:\/\/vetomshop.hu\/ru\/wp-json\/wp\/v2\/comments?post=4698"}],"wp:featuredmedia":[{"embeddable":true,"href":"https:\/\/vetomshop.hu\/ru\/wp-json\/wp\/v2\/media\/4697"}],"wp:attachment":[{"href":"https:\/\/vetomshop.hu\/ru\/wp-json\/wp\/v2\/media?parent=4698"}],"wp:term":[{"taxonomy":"product_brand","embeddable":true,"href":"https:\/\/vetomshop.hu\/ru\/wp-json\/wp\/v2\/product_brand?post=4698"},{"taxonomy":"product_cat","embeddable":true,"href":"https:\/\/vetomshop.hu\/ru\/wp-json\/wp\/v2\/product_cat?post=4698"},{"taxonomy":"product_tag","embeddable":true,"href":"https:\/\/vetomshop.hu\/ru\/wp-json\/wp\/v2\/product_tag?post=4698"}],"curies":[{"name":"wp","href":"https:\/\/api.w.org\/{rel}","templated":true}]}}