{"id":4700,"date":"2023-11-11T14:33:51","date_gmt":"2023-11-11T13:33:51","guid":{"rendered":"https:\/\/vetomshop.hu\/termek\/jo-ejt-medal\/"},"modified":"2026-03-30T09:26:44","modified_gmt":"2026-03-30T07:26:44","slug":"jo-ejt-medal","status":"publish","type":"product","link":"https:\/\/vetomshop.hu\/ru\/product\/jo-ejt-medal\/","title":{"rendered":"\u041c\u0435\u0434\u0430\u043b\u044c \"\u0421\u043f\u043e\u043a\u043e\u0439\u043d\u043e\u0439 \u043d\u043e\u0447\u0438"},"content":{"rendered":"<p>\u201e\u041f\u043e\u0434\u0432\u0435\u0441\u043a\u0430 \u201d\u0421\u043f\u043e\u043a\u043e\u0439\u043d\u043e\u0439 \u043d\u043e\u0447\u0438\" - \u043d\u0435\u0441\u0435\u0442 \u044d\u043a\u0441\u0442\u0440\u0435\u043c\u0430\u043b\u044c\u043d\u043e \u043c\u044f\u0433\u043a\u0438\u0435 \u0441\u0438\u0433\u043d\u0430\u043b\u044b, \u043a\u043e\u0442\u043e\u0440\u044b\u0435 \u0441\u043f\u043e\u0441\u043e\u0431\u0441\u0442\u0432\u0443\u044e\u0442 \u0431\u043e\u043b\u0435\u0435 \u043b\u0435\u0433\u043a\u043e\u043c\u0443 \u0437\u0430\u0441\u044b\u043f\u0430\u043d\u0438\u044e \u0438 \u0443\u043b\u0443\u0447\u0448\u0435\u043d\u0438\u044e \u043a\u0430\u0447\u0435\u0441\u0442\u0432\u0430 \u0441\u043d\u0430.<\/p>\n<p><strong>\u0420\u0435\u043a\u043e\u043c\u0435\u043d\u0434\u0430\u0446\u0438\u0438 \u043f\u043e \u0443\u043b\u0443\u0447\u0448\u0435\u043d\u0438\u044e \u0441\u043d\u0430:<\/strong><\/p>\n<ul>\n<li>\u0438\u0437\u0431\u0435\u0433\u0430\u0439\u0442\u0435 \u043d\u0430\u043f\u0438\u0442\u043a\u043e\u0432 \u0441 \u043a\u043e\u0444\u0435\u0438\u043d\u043e\u043c, \u043d\u0438\u043a\u043e\u0442\u0438\u043d\u0430, \u0431\u043e\u043b\u044c\u0448\u043e\u0433\u043e \u043a\u043e\u043b\u0438\u0447\u0435\u0441\u0442\u0432\u0430 \u0430\u043b\u043a\u043e\u0433\u043e\u043b\u044f<\/li>\n<li>\u0425\u043e\u0434\u0438\u0442\u0435 \u043a\u0430\u043a \u043c\u043e\u0436\u043d\u043e \u0431\u043e\u043b\u044c\u0448\u0435 \u043f\u0435\u0448\u043a\u043e\u043c, \u0432\u0432\u0435\u0434\u0438\u0442\u0435 \u0444\u0438\u0437\u0438\u0447\u0435\u0441\u043a\u0438\u0435 \u0443\u043f\u0440\u0430\u0436\u043d\u0435\u043d\u0438\u044f \u0432 \u0441\u0432\u043e\u0439 \u043e\u0431\u0440\u0430\u0437 \u0436\u0438\u0437\u043d\u0438,<\/li>\n<li>\u0412 \u0432\u0430\u0448\u0435\u0439 \u0441\u043f\u0430\u043b\u044c\u043d\u0435 \u0434\u043e\u043b\u0436\u043d\u043e \u0431\u044b\u0442\u044c \u043f\u0440\u043e\u0445\u043b\u0430\u0434\u043d\u043e \u0438 \u0441\u0432\u0435\u0436\u0438\u0439 \u0432\u043e\u0437\u0434\u0443\u0445,<\/li>\n<li>\u043d\u0435 \u0432\u044b\u0441\u044b\u043f\u0430\u044e\u0442\u0441\u044f,<\/li>\n<li>\u043d\u0435 \u0441\u043f\u0438\u0442\u0435 \u0434\u043d\u0435\u043c,<\/li>\n<li>\u0438\u0441\u043f\u043e\u043b\u044c\u0437\u0443\u0439\u0442\u0435 \u043a\u0443\u043b\u043e\u043d \"\u0421\u043f\u043e\u043a\u043e\u0439\u043d\u043e\u0439 \u043d\u043e\u0447\u0438\".<\/li>\n<\/ul>\n<p><strong>\u0412\u043b\u0438\u044f\u043d\u0438\u0435 \u043a\u0443\u043b\u043e\u043d\u0430:<\/strong><\/p>\n<ul>\n<li>\u0441\u043d\u0438\u0436\u0430\u0435\u0442 \u043f\u0441\u0438\u0445\u043e\u044d\u043c\u043e\u0446\u0438\u043e\u043d\u0430\u043b\u044c\u043d\u044b\u0439 \u0441\u0442\u0440\u0435\u0441\u0441,<\/li>\n<li>\u0443\u043c\u0435\u043d\u044c\u0448\u0430\u0435\u0442 \u0447\u0443\u0432\u0441\u0442\u0432\u043e \u0442\u0440\u0435\u0432\u043e\u0433\u0438 \u0438 \u0431\u0435\u0441\u043f\u043e\u043a\u043e\u0439\u0441\u0442\u0432\u0430, \u0441\u0442\u0440\u0430\u0445\u0430,<\/li>\n<li>\u043f\u043e\u043c\u043e\u0433\u0430\u0435\u0442 \u043d\u043e\u0440\u043c\u0430\u043b\u0438\u0437\u043e\u0432\u0430\u0442\u044c \u0441\u043e\u043d\/\u0437\u0430\u0441\u044b\u043f\u0430\u043d\u0438\u0435.<\/li>\n<\/ul>","protected":false},"excerpt":{"rendered":"<p>\u201eJ\u00f3 \u00e9jt\u201d Med\u00e1l-olyan extr\u00e9m gyeng\u00e9d jeleket hordoz, melyek hozz\u00e1j\u00e1rulnak a k\u00f6nnyebb elalv\u00e1s\u00e9rt \u00e9s az alv\u00e1s jobb min\u0151s\u00e9g\u00e9\u00e9rt. Javaslatok a jobb alv\u00e1s\u00e9rt: ne fogyasszon koffein tartalm\u00fa italokat-\u00e9teleket, nikotint, nagyobb mennyis\u00e9g\u0171 alkoholt s\u00e9t\u00e1ljon min\u00e9l t\u00f6bbet, vezesse be \u00e9letm\u00f3dj\u00e1ba a mozg\u00e1st, a h\u00e1l\u00f3szob\u00e1j\u00e1ban legyen h\u0171v\u00f6sebb, \u00e9s friss leveg\u0151, ne lakjon j\u00f3l lefekv\u00e9s el\u0151tt, ne aludjon a napk\u00f6zben, haszn\u00e1lja [&hellip;]<\/p>\n","protected":false},"featured_media":4699,"comment_status":"open","ping_status":"closed","template":"","meta":[],"product_brand":[],"product_cat":[33,32],"product_tag":[],"class_list":{"0":"post-4700","1":"product","2":"type-product","3":"status-publish","4":"has-post-thumbnail","6":"product_cat-egeszseg-medalok","7":"product_cat-triomed","9":"first","10":"instock","11":"taxable","12":"shipping-taxable","13":"purchasable","14":"product-type-simple"},"_links":{"self":[{"href":"https:\/\/vetomshop.hu\/ru\/wp-json\/wp\/v2\/product\/4700","targetHints":{"allow":["GET"]}}],"collection":[{"href":"https:\/\/vetomshop.hu\/ru\/wp-json\/wp\/v2\/product"}],"about":[{"href":"https:\/\/vetomshop.hu\/ru\/wp-json\/wp\/v2\/types\/product"}],"replies":[{"embeddable":true,"href":"https:\/\/vetomshop.hu\/ru\/wp-json\/wp\/v2\/comments?post=4700"}],"wp:featuredmedia":[{"embeddable":true,"href":"https:\/\/vetomshop.hu\/ru\/wp-json\/wp\/v2\/media\/4699"}],"wp:attachment":[{"href":"https:\/\/vetomshop.hu\/ru\/wp-json\/wp\/v2\/media?parent=4700"}],"wp:term":[{"taxonomy":"product_brand","embeddable":true,"href":"https:\/\/vetomshop.hu\/ru\/wp-json\/wp\/v2\/product_brand?post=4700"},{"taxonomy":"product_cat","embeddable":true,"href":"https:\/\/vetomshop.hu\/ru\/wp-json\/wp\/v2\/product_cat?post=4700"},{"taxonomy":"product_tag","embeddable":true,"href":"https:\/\/vetomshop.hu\/ru\/wp-json\/wp\/v2\/product_tag?post=4700"}],"curies":[{"name":"wp","href":"https:\/\/api.w.org\/{rel}","templated":true}]}}