{"id":4702,"date":"2023-11-11T14:33:52","date_gmt":"2023-11-11T13:33:52","guid":{"rendered":"https:\/\/vetomshop.hu\/termek\/happy-dog-medal\/"},"modified":"2023-11-11T14:33:52","modified_gmt":"2023-11-11T13:33:52","slug":"happy-dog-medal","status":"publish","type":"product","link":"https:\/\/vetomshop.hu\/ru\/product\/happy-dog-medal\/","title":{"rendered":"\u041f\u043e\u0434\u0432\u0435\u0441\u043a\u0430 \"\u0421\u0447\u0430\u0441\u0442\u043b\u0438\u0432\u0430\u044f \u0441\u043e\u0431\u0430\u043a\u0430"},"content":{"rendered":"<h4>\u041c\u0435\u0434\u0430\u043b\u044c Happy Dog \u0434\u043b\u044f \u0441\u043e\u0431\u0430\u043a<\/h4>\n<p>\u0415\u0433\u043e \u043c\u043e\u0436\u043d\u043e \u0438\u0441\u043f\u043e\u043b\u044c\u0437\u043e\u0432\u0430\u0442\u044c \u0434\u043b\u044f \u043f\u0440\u043e\u0444\u0438\u043b\u0430\u043a\u0442\u0438\u043a\u0438 \u0438 \u043b\u0435\u0447\u0435\u043d\u0438\u044f \u0441\u043b\u0435\u0434\u0443\u044e\u0449\u0438\u0445 \u0437\u0430\u0431\u043e\u043b\u0435\u0432\u0430\u043d\u0438\u0439:<\/p>\n<ul>\n<li>\u0438\u043d\u0444\u0435\u043a\u0446\u0438\u043e\u043d\u043d\u044b\u0435 \u0437\u0430\u0431\u043e\u043b\u0435\u0432\u0430\u043d\u0438\u044f,<\/li>\n<li>\u0430\u043b\u043b\u0435\u0440\u0433\u0438\u044f (\u0441\u044b\u043f\u044c, \u0437\u0443\u0434, \u0432\u044b\u043f\u0430\u0434\u0435\u043d\u0438\u0435 \u0432\u043e\u043b\u043e\u0441, \u0443\u0434\u0443\u0448\u044c\u0435)<\/li>\n<li>\u043e\u0442\u0440\u0430\u0432\u043b\u0435\u043d\u0438\u0435 (\u043f\u0438\u0449\u0435\u0439, \u044f\u0434\u0430\u043c\u0438)<\/li>\n<li>\u044d\u043d\u0434\u043e\u043a\u0440\u0438\u043d\u043d\u044b\u0435 \u0437\u0430\u0431\u043e\u043b\u0435\u0432\u0430\u043d\u0438\u044f (\u0434\u0438\u0430\u0431\u0435\u0442, \u0437\u0430\u0431\u043e\u043b\u0435\u0432\u0430\u043d\u0438\u044f \u0449\u0438\u0442\u043e\u0432\u0438\u0434\u043d\u043e\u0439 \u0436\u0435\u043b\u0435\u0437\u044b)<\/li>\n<li>\u0437\u0430\u0431\u043e\u043b\u0435\u0432\u0430\u043d\u0438\u044f \u0441\u0443\u0441\u0442\u0430\u0432\u043e\u0432<\/li>\n<\/ul>\n<p><strong>\u0422\u0430\u043a\u0436\u0435 \u043f\u0440\u0438\u043c\u0435\u043d\u0438\u043c\u043e:<\/strong><\/p>\n<ul>\n<li>\u043f\u0440\u043e\u0434\u043b\u0435\u043d\u0438\u0435 \u0436\u0438\u0437\u043d\u0438 \u043f\u043e\u0436\u0438\u043b\u044b\u0445 \u0441\u043e\u0431\u0430\u043a \u0438 \u0443\u043b\u0443\u0447\u0448\u0435\u043d\u0438\u0435 \u0438\u0445 \u0441\u043e\u0441\u0442\u043e\u044f\u043d\u0438\u044f<\/li>\n<li>\u0437\u0434\u043e\u0440\u043e\u0432\u043e\u0435 \u0440\u0430\u0437\u0432\u0438\u0442\u0438\u0435 \u0449\u0435\u043d\u043a\u043e\u0432<\/li>\n<li>\u0434\u043b\u044f \u0431\u044b\u0441\u0442\u0440\u043e\u0439 \u0440\u0435\u0430\u0431\u0438\u043b\u0438\u0442\u0430\u0446\u0438\u0438 \u043f\u043e\u0441\u043b\u0435 \u043e\u043f\u0435\u0440\u0430\u0446\u0438\u0438 \u0438\u043b\u0438 \u0442\u044f\u0436\u0435\u043b\u043e\u0439 \u0431\u043e\u043b\u0435\u0437\u043d\u0438<\/li>\n<li>\u0437\u0430\u0436\u0438\u0432\u043b\u0435\u043d\u0438\u0435 \u0442\u0440\u0430\u0432\u043c (\u0440\u0430\u043d\u044b, \u0440\u0430\u0441\u0442\u044f\u0436\u0435\u043d\u0438\u0435 \u043c\u044b\u0448\u0446, \u043f\u0435\u0440\u0435\u043b\u043e\u043c\u044b, \u043e\u0436\u043e\u0433\u0438)<\/li>\n<li>\u043f\u043e\u0441\u043b\u0435\u0440\u043e\u0434\u043e\u0432\u0430\u044f \u0440\u0435\u0430\u0431\u0438\u043b\u0438\u0442\u0430\u0446\u0438\u044f<\/li>\n<\/ul>\n<p><strong>\u041f\u0440\u0438\u043c\u0435\u043d\u0435\u043d\u0438\u0435:<\/strong><\/p>\n<p>\u201eHappyDOG\u201d<\/p>\n<p>\u0424\u0438\u0437\u0438\u043e\u0442\u0435\u0440\u0430\u043f\u0435\u0432\u0442\u0438\u0447\u0435\u0441\u043a\u0438\u0439 \u0438\u043c\u043c\u0443\u043d\u043e\u043c\u043e\u0434\u0443\u043b\u044f\u0442\u043e\u0440 \u043c\u043e\u0436\u043d\u043e \u043f\u0440\u0438\u043a\u0440\u0435\u043f\u0438\u0442\u044c \u043a \u043e\u0448\u0435\u0439\u043d\u0438\u043a\u0443 \u0441\u043e\u0431\u0430\u043a\u0438. \u0415\u0433\u043e \u043f\u0440\u0438\u043c\u0435\u043d\u0435\u043d\u0438\u0435 \u043d\u0435 \u043e\u0433\u0440\u0430\u043d\u0438\u0447\u0435\u043d\u043e, \u043d\u043e \u043d\u043e\u0441\u0438\u0442\u044c \u0435\u0433\u043e \u0441\u043b\u0435\u0434\u0443\u0435\u0442 \u043d\u0435 \u043c\u0435\u043d\u0435\u0435 30 \u043c\u0438\u043d\u0443\u0442 \u0432 \u0434\u0435\u043d\u044c.<\/p>","protected":false},"excerpt":{"rendered":"<p>Happy Dog Med\u00e1l kuty\u00e1knak Alkalmazhat\u00f3 a k\u00f6vetkez\u0151 betegs\u00e9gek megel\u0151z\u00e9s\u00e9ben \u00e9s kezel\u00e9s\u00e9ben: infekci\u00f3s betegs\u00e9gek, allergi\u00e1k (ki\u00fct\u00e9sek, viszket\u00e9s, sz\u0151rhull\u00e1s, fullad\u00e1s) m\u00e9rgez\u00e9s (\u00e9tel \u00e1ltal, m\u00e9rgekkel) endokrin megbeteged\u00e9sek (cukorbetegs\u00e9g, a pajzsmirigy betegs\u00e9gei) \u00edz\u00fcleti betegs\u00e9gek Tov\u00e1bb\u00e1 alkalmazhat\u00f3: az id\u0151s kuty\u00e1k \u00e9let\u00e9nek meghosszabb\u00edt\u00e1s\u00e1ban, \u00e1llapotuk jav\u00edt\u00e1s\u00e1ban a k\u00f6lyk\u00f6k eg\u00e9szs\u00e9ges fejl\u0151d\u00e9s\u00e9ben a gyors rehabilit\u00e1ci\u00f3ban a m\u0171t\u00e9tek vagy s\u00falyos betegs\u00e9gek ut\u00e1n s\u00e9r\u00fcl\u00e9sek gy\u00f3gy\u00edt\u00e1s\u00e1ban (sebek, [&hellip;]<\/p>\n","protected":false},"featured_media":4701,"comment_status":"open","ping_status":"closed","template":"","meta":[],"product_brand":[],"product_cat":[33,32],"product_tag":[],"class_list":{"0":"post-4702","1":"product","2":"type-product","3":"status-publish","4":"has-post-thumbnail","6":"product_cat-egeszseg-medalok","7":"product_cat-triomed","9":"first","10":"instock","11":"taxable","12":"shipping-taxable","13":"purchasable","14":"product-type-simple"},"_links":{"self":[{"href":"https:\/\/vetomshop.hu\/ru\/wp-json\/wp\/v2\/product\/4702","targetHints":{"allow":["GET"]}}],"collection":[{"href":"https:\/\/vetomshop.hu\/ru\/wp-json\/wp\/v2\/product"}],"about":[{"href":"https:\/\/vetomshop.hu\/ru\/wp-json\/wp\/v2\/types\/product"}],"replies":[{"embeddable":true,"href":"https:\/\/vetomshop.hu\/ru\/wp-json\/wp\/v2\/comments?post=4702"}],"wp:featuredmedia":[{"embeddable":true,"href":"https:\/\/vetomshop.hu\/ru\/wp-json\/wp\/v2\/media\/4701"}],"wp:attachment":[{"href":"https:\/\/vetomshop.hu\/ru\/wp-json\/wp\/v2\/media?parent=4702"}],"wp:term":[{"taxonomy":"product_brand","embeddable":true,"href":"https:\/\/vetomshop.hu\/ru\/wp-json\/wp\/v2\/product_brand?post=4702"},{"taxonomy":"product_cat","embeddable":true,"href":"https:\/\/vetomshop.hu\/ru\/wp-json\/wp\/v2\/product_cat?post=4702"},{"taxonomy":"product_tag","embeddable":true,"href":"https:\/\/vetomshop.hu\/ru\/wp-json\/wp\/v2\/product_tag?post=4702"}],"curies":[{"name":"wp","href":"https:\/\/api.w.org\/{rel}","templated":true}]}}