{"id":4704,"date":"2023-11-11T14:33:52","date_gmt":"2023-11-11T13:33:52","guid":{"rendered":"https:\/\/vetomshop.hu\/termek\/nefron-medal\/"},"modified":"2023-11-11T14:33:52","modified_gmt":"2023-11-11T13:33:52","slug":"nefron-medal","status":"publish","type":"product","link":"https:\/\/vetomshop.hu\/ru\/product\/nefron-medal\/","title":{"rendered":"\u041c\u0435\u0434\u0430\u043b\u044c \u041d\u0435\u0444\u0440\u043e\u043d\u0430"},"content":{"rendered":"<h4>\u041c\u0435\u0434\u0430\u043b\u044c \u0437\u0434\u043e\u0440\u043e\u0432\u044c\u044f \u041d\u0435\u0444\u0440\u043e\u043d\u0430<\/h4>\n<p><strong>\u041e\u0441\u043d\u043e\u0432\u043d\u0430\u044f \u0444\u0443\u043d\u043a\u0446\u0438\u044f:<\/strong><\/p>\n<p>\u041f\u043e\u0434\u0434\u0435\u0440\u0436\u0438\u0432\u0430\u0435\u0442 \u0440\u0430\u0431\u043e\u0442\u0443 \u043f\u043e\u0447\u0435\u043a \u0438 \u043c\u043e\u0447\u0435\u0432\u044b\u0432\u043e\u0434\u044f\u0449\u0438\u0445 \u043f\u0443\u0442\u0435\u0439, \u0441\u043f\u043e\u0441\u043e\u0431\u0441\u0442\u0432\u0443\u044f \u0440\u0435\u0433\u0443\u043b\u044f\u0442\u043e\u0440\u043d\u044b\u043c \u0438 \u0440\u0435\u0433\u0435\u043d\u0435\u0440\u0430\u0442\u0438\u0432\u043d\u044b\u043c \u043f\u0440\u043e\u0446\u0435\u0441\u0441\u0430\u043c.<\/p>\n<p><strong>\u041f\u0440\u0438 \u043f\u043e\u0434\u0434\u0435\u0440\u0436\u043a\u0435:<\/strong><\/p>\n<ul>\n<li>\u0443\u043b\u0443\u0447\u0448\u0430\u0435\u0442 \u043a\u0440\u043e\u0432\u043e\u043e\u0431\u0440\u0430\u0449\u0435\u043d\u0438\u0435 \u0438 \u043e\u0431\u043c\u0435\u043d \u0432\u0435\u0449\u0435\u0441\u0442\u0432 \u0432 \u043c\u043e\u0447\u0435\u0432\u044b\u0432\u043e\u0434\u044f\u0449\u0438\u0445 \u043f\u0443\u0442\u044f\u0445.<\/li>\n<li>\u0440\u0435\u0430\u0431\u0441\u043e\u0440\u0431\u0446\u0438\u044f, \u0444\u0438\u043b\u044c\u0442\u0440\u0430\u0446\u0438\u044f, \u0440\u0435\u0433\u0443\u043b\u044f\u0446\u0438\u044f \u0438\u043e\u043d\u043e\u0432, \u0434\u0435\u0442\u043e\u043a\u0441\u0438\u043a\u0430\u0446\u0438\u044f, \u043c\u0435\u0442\u0430\u0431\u043e\u043b\u0438\u0447\u0435\u0441\u043a\u0438\u0435 \u043f\u0440\u043e\u0446\u0435\u0441\u0441\u044b<\/li>\n<li>\u0432\u043e\u0441\u0441\u0442\u0430\u043d\u043e\u0432\u043b\u0435\u043d\u0438\u0435 \u0438 \u0440\u0435\u0433\u0435\u043d\u0435\u0440\u0430\u0446\u0438\u044f \u0442\u043a\u0430\u043d\u0435\u0439 \u043c\u043e\u0447\u0435\u0432\u044b\u0434\u0435\u043b\u0438\u0442\u0435\u043b\u044c\u043d\u043e\u0439 \u0441\u0438\u0441\u0442\u0435\u043c\u044b,<\/li>\n<li>\u041e\u0431\u043b\u0435\u0433\u0447\u0430\u044e\u0442 \u0431\u043e\u043b\u044c, \u0441\u043d\u0438\u043c\u0430\u044e\u0442 \u0441\u043f\u0430\u0437\u043c\u044b, \u0443\u043c\u0435\u043d\u044c\u0448\u0430\u044e\u0442 \u0432\u043e\u0441\u043f\u0430\u043b\u0435\u043d\u0438\u0435,<\/li>\n<li>\u043f\u0440\u043e\u0444\u0438\u043b\u0430\u043a\u0442\u0438\u043a\u0430 \u0441\u043a\u043b\u0435\u0440\u043e\u0442\u0438\u0447\u0435\u0441\u043a\u0438\u0445 \u043f\u043e\u0440\u0430\u0436\u0435\u043d\u0438\u0439 \u043f\u043e\u0447\u0435\u043a.<\/li>\n<\/ul>\n<p><strong>\u041a\u043e\u0433\u0434\u0430 \u043c\u043e\u0436\u043d\u043e \u0438\u0441\u043f\u043e\u043b\u044c\u0437\u043e\u0432\u0430\u0442\u044c \u043a\u0443\u043b\u043e\u043d \u0437\u0434\u043e\u0440\u043e\u0432\u044c\u044f Nefron?<\/strong><\/p>\n<p>\u0423\u0441\u0442\u0440\u043e\u0439\u0441\u0442\u0432\u043e \u043e\u043a\u0430\u0437\u044b\u0432\u0430\u0435\u0442 \u043f\u043e\u043b\u043e\u0436\u0438\u0442\u0435\u043b\u044c\u043d\u043e\u0435 \u0432\u043b\u0438\u044f\u043d\u0438\u0435 \u043d\u0430 \u0444\u0443\u043d\u043a\u0446\u0438\u043e\u043d\u0430\u043b\u044c\u043d\u043e\u0435 \u0444\u0443\u043d\u043a\u0446\u0438\u043e\u043d\u0438\u0440\u043e\u0432\u0430\u043d\u0438\u0435 \u043e\u0440\u0433\u0430\u043d\u0438\u0437\u043c\u0430, \u043c\u043e\u0436\u0435\u0442 \u0431\u044b\u0442\u044c \u0438\u0441\u043f\u043e\u043b\u044c\u0437\u043e\u0432\u0430\u043d\u043e \u0432 \u043a\u0430\u0447\u0435\u0441\u0442\u0432\u0435 \u0434\u043e\u043f\u043e\u043b\u043d\u0438\u0442\u0435\u043b\u044c\u043d\u043e\u0433\u043e \u0443\u0441\u0442\u0440\u043e\u0439\u0441\u0442\u0432\u0430 \u0434\u043b\u044f \u043e\u043f\u0442\u0438\u043c\u0438\u0437\u0430\u0446\u0438\u0438 \u0438 \u043a\u043e\u0440\u0440\u0435\u043a\u0446\u0438\u0438 \u0444\u0443\u043d\u043a\u0446\u0438\u043e\u043d\u0430\u043b\u044c\u043d\u043e\u0433\u043e \u0444\u0443\u043d\u043a\u0446\u0438\u043e\u043d\u0438\u0440\u043e\u0432\u0430\u043d\u0438\u044f \u043e\u0440\u0433\u0430\u043d\u0438\u0437\u043c\u0430, \u0434\u043b\u044f \u043f\u0440\u043e\u0444\u0438\u043b\u0430\u043a\u0442\u0438\u043a\u0438 \u0438 \u0434\u043e\u043f\u043e\u043b\u043d\u0438\u0442\u0435\u043b\u044c\u043d\u043e\u0433\u043e \u043b\u0435\u0447\u0435\u043d\u0438\u044f \u0441\u043b\u0435\u0434\u0443\u044e\u0449\u0438\u0445 \u0437\u0430\u0431\u043e\u043b\u0435\u0432\u0430\u043d\u0438\u0439:<\/p>\n<ul>\n<li>\u043e\u0441\u0442\u0440\u044b\u0435 \u0438 \u0445\u0440\u043e\u043d\u0438\u0447\u0435\u0441\u043a\u0438\u0435 \u0432\u043e\u0441\u043f\u0430\u043b\u0438\u0442\u0435\u043b\u044c\u043d\u044b\u0435 \u0437\u0430\u0431\u043e\u043b\u0435\u0432\u0430\u043d\u0438\u044f \u043f\u043e\u0447\u0435\u043a, \u043c\u043e\u0447\u0435\u0432\u043e\u0433\u043e \u043f\u0443\u0437\u044b\u0440\u044f \u0438 \u043c\u043e\u0447\u0435\u0432\u044b\u0432\u043e\u0434\u044f\u0449\u0438\u0445 \u043f\u0443\u0442\u0435\u0439,<\/li>\n<li>\u043d\u0430\u0440\u0443\u0448\u0435\u043d\u0438\u044f \u043e\u0431\u043c\u0435\u043d\u0430 \u0432\u0435\u0449\u0435\u0441\u0442\u0432 (\u0432 \u0442\u043e\u043c \u0447\u0438\u0441\u043b\u0435 \u043f\u043e\u0447\u0435\u0447\u043d\u043e\u043a\u0430\u043c\u0435\u043d\u043d\u0430\u044f \u0431\u043e\u043b\u0435\u0437\u043d\u044c),<\/li>\n<li>\u0441\u0438\u0441\u0442\u0435\u043c\u043d\u044b\u0435 \u0430\u0443\u0442\u043e\u0438\u043c\u043c\u0443\u043d\u043d\u044b\u0435 \u0437\u0430\u0431\u043e\u043b\u0435\u0432\u0430\u043d\u0438\u044f, \u043f\u0440\u0438\u0432\u043e\u0434\u044f\u0449\u0438\u0435 \u043a \u043f\u043e\u0440\u0430\u0436\u0435\u043d\u0438\u044e \u043f\u043e\u0447\u0435\u043a,<\/li>\n<li>\u0430\u0443\u0442\u043e\u0438\u043c\u043c\u0443\u043d\u043d\u043e\u0435 \u0437\u0430\u0431\u043e\u043b\u0435\u0432\u0430\u043d\u0438\u0435 \u043f\u043e\u0447\u0435\u043a,<\/li>\n<li>\u0442\u043e\u043a\u0441\u0438\u0447\u0435\u0441\u043a\u043e\u0435 \u0432\u043e\u0437\u0434\u0435\u0439\u0441\u0442\u0432\u0438\u0435 \u043d\u0430 \u043f\u043e\u0447\u043a\u0438,<\/li>\n<li>\u0441\u043a\u043b\u0435\u0440\u043e\u0442\u0438\u0447\u0435\u0441\u043a\u0438\u0435 \u043f\u043e\u0440\u0430\u0436\u0435\u043d\u0438\u044f \u043f\u043e\u0447\u0435\u043a (\u043d\u0435\u0444\u0440\u043e\u0441\u043a\u043b\u0435\u0440\u043e\u0437) \u0432\u0441\u043b\u0435\u0434\u0441\u0442\u0432\u0438\u0435 \u0441\u0430\u0445\u0430\u0440\u043d\u043e\u0433\u043e \u0434\u0438\u0430\u0431\u0435\u0442\u0430, \u0430\u0440\u0442\u0435\u0440\u0438\u0430\u043b\u044c\u043d\u043e\u0439 \u0433\u0438\u043f\u0435\u0440\u0442\u0435\u043d\u0437\u0438\u0438 \u0438 \u0434\u0440.<\/li>\n<\/ul>","protected":false},"excerpt":{"rendered":"<p>Nefron Eg\u00e9szs\u00e9g Med\u00e1l F\u0151 funkci\u00f3ja: A vese \u00e9s a h\u00fagyutak m\u0171k\u00f6d\u00e9s\u00e9nek t\u00e1mogat\u00e1sa, a szab\u00e1lyz\u00f3 \u00e9s regener\u00e1ci\u00f3s folyamatok el\u0151seg\u00edt\u00e9se. T\u00e1mogatja: a h\u00fagyutak v\u00e9rkering\u00e9s\u00e9nek javul\u00e1s\u00e1t \u00e9s anyagcser\u00e9j\u00e9t. a reabszorbci\u00f3t, a sz\u0171r\u00e9st, az ionszab\u00e1lyoz\u00e1st, a m\u00e9regtelen\u00edt\u00e9st, a metabolikus folyamatokat a h\u00fagyuti sz\u00f6vetek repar\u00e1ci\u00f3j\u00e1t \u00e9s regener\u00e1ci\u00f3j\u00e1t, a f\u00e1jdalomcsillap\u00edt\u00e1st, a g\u00f6rcsold\u00e1st, a gyullad\u00e1sok cs\u00f6kkent\u00e9s\u00e9t, a vese szklerotikus elv\u00e1ltoz\u00e1sainak megel\u0151z\u00e9s\u00e9t. Mikor [&hellip;]<\/p>\n","protected":false},"featured_media":4703,"comment_status":"open","ping_status":"closed","template":"","meta":[],"product_brand":[],"product_cat":[33,32],"product_tag":[],"class_list":{"0":"post-4704","1":"product","2":"type-product","3":"status-publish","4":"has-post-thumbnail","6":"product_cat-egeszseg-medalok","7":"product_cat-triomed","9":"first","10":"instock","11":"taxable","12":"shipping-taxable","13":"purchasable","14":"product-type-simple"},"_links":{"self":[{"href":"https:\/\/vetomshop.hu\/ru\/wp-json\/wp\/v2\/product\/4704","targetHints":{"allow":["GET"]}}],"collection":[{"href":"https:\/\/vetomshop.hu\/ru\/wp-json\/wp\/v2\/product"}],"about":[{"href":"https:\/\/vetomshop.hu\/ru\/wp-json\/wp\/v2\/types\/product"}],"replies":[{"embeddable":true,"href":"https:\/\/vetomshop.hu\/ru\/wp-json\/wp\/v2\/comments?post=4704"}],"wp:featuredmedia":[{"embeddable":true,"href":"https:\/\/vetomshop.hu\/ru\/wp-json\/wp\/v2\/media\/4703"}],"wp:attachment":[{"href":"https:\/\/vetomshop.hu\/ru\/wp-json\/wp\/v2\/media?parent=4704"}],"wp:term":[{"taxonomy":"product_brand","embeddable":true,"href":"https:\/\/vetomshop.hu\/ru\/wp-json\/wp\/v2\/product_brand?post=4704"},{"taxonomy":"product_cat","embeddable":true,"href":"https:\/\/vetomshop.hu\/ru\/wp-json\/wp\/v2\/product_cat?post=4704"},{"taxonomy":"product_tag","embeddable":true,"href":"https:\/\/vetomshop.hu\/ru\/wp-json\/wp\/v2\/product_tag?post=4704"}],"curies":[{"name":"wp","href":"https:\/\/api.w.org\/{rel}","templated":true}]}}