{"id":4710,"date":"2023-11-11T14:33:53","date_gmt":"2023-11-11T13:33:53","guid":{"rendered":"https:\/\/vetomshop.hu\/termek\/prunus-cerasus-meggy-medal\/"},"modified":"2023-11-11T14:33:53","modified_gmt":"2023-11-11T13:33:53","slug":"prunus-cerasus-meggy-medal","status":"publish","type":"product","link":"https:\/\/vetomshop.hu\/ru\/product\/prunus-cerasus-meggy-medal\/","title":{"rendered":"Prunus cerasus - \u041a\u0443\u043b\u043e\u043d \u041c\u0435\u0433\u0433\u0438"},"content":{"rendered":"<h4>Prunus cerasus - Meggy Medal-\u0421\u0442\u0440\u0435\u043f\u0442\u043e\u043a\u043e\u043a\u043a, \u0441\u0442\u0430\u0444\u0438\u043b\u043e\u043a\u043e\u043a\u043a \u0434\u043b\u044f \u0434\u043e\u043f\u043e\u043b\u043d\u0438\u0442\u0435\u043b\u044c\u043d\u043e\u0433\u043e \u043b\u0435\u0447\u0435\u043d\u0438\u044f \u0438\u043d\u0444\u0435\u043a\u0446\u0438\u0439<\/h4>\n<p>Streptococcus pyogenes, \u0442\u0430\u043a\u0436\u0435 \u0438\u0437\u0432\u0435\u0441\u0442\u043d\u044b\u0439 \u043a\u0430\u043a \u0441\u0442\u0440\u0435\u043f\u0442\u043e\u043a\u043e\u043a\u043a \u0442\u0438\u043f\u0430 \u0410, - \u0447\u0440\u0435\u0437\u0432\u044b\u0447\u0430\u0439\u043d\u043e \u0440\u0430\u0441\u043f\u0440\u043e\u0441\u0442\u0440\u0430\u043d\u0435\u043d\u043d\u0430\u044f \u0431\u0430\u043a\u0442\u0435\u0440\u0438\u044f: \u0432\u0440\u044f\u0434 \u043b\u0438 \u0443 \u043a\u043e\u0433\u043e-\u043d\u0438\u0431\u0443\u0434\u044c \u043a\u043e\u0433\u0434\u0430-\u043d\u0438\u0431\u0443\u0434\u044c \u0431\u043e\u043b\u0435\u043b\u043e \u0433\u043e\u0440\u043b\u043e \u0431\u0435\u0437 \u044d\u0442\u043e\u0439 \u0432 \u043e\u0441\u043d\u043e\u0432\u043d\u043e\u043c \u0431\u0435\u0437\u0432\u0440\u0435\u0434\u043d\u043e\u0439 \u0431\u0430\u043a\u0442\u0435\u0440\u0438\u0438, \u043f\u043e\u0441\u0435\u043b\u044f\u044e\u0449\u0435\u0439\u0441\u044f \u0432 \u0433\u043e\u0440\u043b\u0435. \u041d\u043e \u044d\u0442\u0430 \u0436\u0435 \u0431\u0430\u043a\u0442\u0435\u0440\u0438\u044f, \u043e\u0431\u0438\u0442\u0430\u044e\u0449\u0430\u044f \u0432 \u0433\u043e\u0440\u043b\u0435, \u044f\u0432\u043b\u044f\u0435\u0442\u0441\u044f \u043f\u0440\u0438\u0447\u0438\u043d\u043e\u0439 \u0441\u043a\u0430\u0440\u043b\u0430\u0442\u0438\u043d\u044b - \u0434\u0435\u0442\u0441\u043a\u043e\u0433\u043e \u0437\u0430\u0431\u043e\u043b\u0435\u0432\u0430\u043d\u0438\u044f \u0441 \u0432\u044b\u0441\u043e\u043a\u043e\u0439 \u0442\u0435\u043c\u043f\u0435\u0440\u0430\u0442\u0443\u0440\u043e\u0439 \u0438 \u0441\u044b\u043f\u044c\u044e \u043f\u043e \u0432\u0441\u0435\u043c\u0443 \u0442\u0435\u043b\u0443, \u0431\u043b\u0430\u0433\u043e\u0434\u0430\u0440\u044f \u0442\u043e\u043a\u0441\u0438\u043d\u0430\u043c, \u0432\u044b\u0434\u0435\u043b\u044f\u0435\u043c\u044b\u043c \u0435\u044e \u0432 \u043a\u0440\u043e\u0432\u044c. \u0411\u043e\u043b\u0435\u0435 \u0442\u043e\u0433\u043e, \u0434\u043b\u0438\u0442\u0435\u043b\u044c\u043d\u043e \u043d\u0435\u043b\u0435\u0447\u0435\u043d\u043d\u0430\u044f \u0441\u0442\u0440\u0435\u043f\u0442\u043e\u043a\u043e\u043a\u043a\u043e\u0432\u0430\u044f \u0438\u043d\u0444\u0435\u043a\u0446\u0438\u044f \u043c\u043e\u0436\u0435\u0442 \u043f\u0440\u0438\u0432\u0435\u0441\u0442\u0438 \u043a \u0440\u0435\u0432\u043c\u0430\u0442\u0438\u0447\u0435\u0441\u043a\u043e\u0439 \u043b\u0438\u0445\u043e\u0440\u0430\u0434\u043a\u0435 - \u0441\u0435\u0440\u044c\u0435\u0437\u043d\u043e\u043c\u0443 \u0437\u0430\u0431\u043e\u043b\u0435\u0432\u0430\u043d\u0438\u044e, \u043f\u043e\u0440\u0430\u0436\u0430\u044e\u0449\u0435\u043c\u0443 \u0441\u0443\u0441\u0442\u0430\u0432\u044b \u0438 \u0441\u0435\u0440\u0434\u0446\u0435.<\/p>\n<p>\u0417\u043e\u043b\u043e\u0442\u0438\u0441\u0442\u044b\u0439 \u0441\u0442\u0430\u0444\u0438\u043b\u043e\u043a\u043e\u043a\u043a - \u0441\u0442\u043e\u043b\u044c \u0436\u0435 \u0440\u0430\u0441\u043f\u0440\u043e\u0441\u0442\u0440\u0430\u043d\u0435\u043d\u043d\u0430\u044f \u0431\u0430\u043a\u0442\u0435\u0440\u0438\u044f, \u0432\u0441\u0442\u0440\u0435\u0447\u0430\u044e\u0449\u0430\u044f\u0441\u044f \u043f\u0440\u0430\u043a\u0442\u0438\u0447\u0435\u0441\u043a\u0438 \u043d\u0430 \u0432\u0441\u0435\u0445 \u0443\u0447\u0430\u0441\u0442\u043a\u0430\u0445 \u043d\u0430\u0448\u0435\u0439 \u043a\u043e\u0436\u0438, - \u044f\u0432\u043b\u044f\u0435\u0442\u0441\u044f \u043e\u0434\u043d\u0438\u043c \u0438\u0437 \u0432\u043e\u0437\u0431\u0443\u0434\u0438\u0442\u0435\u043b\u0435\u0439 \u0433\u043d\u043e\u0439\u043d\u044b\u0445 \u043f\u0440\u044b\u0449\u0435\u0439 \u0438 \u043f\u0443\u0441\u0442\u0443\u043b. \u0412 \u043b\u0443\u0447\u0448\u0435\u043c \u0441\u043b\u0443\u0447\u0430\u0435 \u044d\u0442\u0438 \u043f\u043e\u0440\u0430\u0436\u0435\u043d\u0438\u044f \u043a\u043e\u0436\u0438 \u043c\u043e\u0436\u043d\u043e \u0441\u0447\u0438\u0442\u0430\u0442\u044c \u043d\u0435\u043f\u0440\u0438\u044f\u0442\u043d\u044b\u043c\u0438, \u043d\u043e \u0443\u043f\u043e\u0440\u043d\u044b\u0435 \u043a\u043e\u0436\u043d\u044b\u0435 \u0437\u0430\u0431\u043e\u043b\u0435\u0432\u0430\u043d\u0438\u044f, \u043e\u0441\u043e\u0431\u0435\u043d\u043d\u043e \u0443 \u0434\u0435\u0442\u0435\u0439, \u0442\u0430\u043a\u0438\u0435 \u043a\u0430\u043a \u0444\u0443\u0440\u0443\u043d\u043a\u0443\u043b\u044b \u0438\u043b\u0438 \u0430\u0431\u0441\u0446\u0435\u0441\u0441\u044b \u043d\u0430 \u0440\u0430\u0437\u043b\u0438\u0447\u043d\u044b\u0445 \u0447\u0430\u0441\u0442\u044f\u0445 \u0442\u0435\u043b\u0430, \u043c\u043e\u0433\u0443\u0442 \u0441\u0442\u0430\u0442\u044c \u043f\u0440\u0438\u0447\u0438\u043d\u043e\u0439 \u0441\u0435\u0440\u044c\u0435\u0437\u043d\u044b\u0445 \u043f\u0440\u043e\u0431\u043b\u0435\u043c, \u043d\u0435 \u0433\u043e\u0432\u043e\u0440\u044f \u0443\u0436\u0435 \u043e \u0442\u0430\u043a\u0438\u0445 \u0441\u0435\u0440\u044c\u0435\u0437\u043d\u044b\u0445 \u0438 \u043f\u043e\u0442\u0435\u043d\u0446\u0438\u0430\u043b\u044c\u043d\u043e \u0441\u043c\u0435\u0440\u0442\u0435\u043b\u044c\u043d\u044b\u0445 \u0438\u043d\u0444\u0435\u043a\u0446\u0438\u044f\u0445, \u043a\u0430\u043a \u043f\u043d\u0435\u0432\u043c\u043e\u043d\u0438\u044f, \u043c\u0435\u043d\u0438\u043d\u0433\u0438\u0442, \u043e\u0441\u0442\u0435\u043e\u043c\u0438\u0435\u043b\u0438\u0442 \u0438\u043b\u0438 \u043f\u0435\u0440\u0438\u043a\u0430\u0440\u0434\u0438\u0442. \u0421\u0442\u0430\u0444\u0438\u043b\u043e\u043a\u043e\u043a\u043a\u0438, \u043a\u043e\u0442\u043e\u0440\u044b\u0435 \u0432 \u043e\u0441\u043d\u043e\u0432\u043d\u043e\u043c \u043e\u0431\u0438\u0442\u0430\u044e\u0442 \u043d\u0430 \u043d\u0430\u0448\u0435\u0439 \u043a\u043e\u0436\u0435, \u043c\u043e\u0433\u0443\u0442 \u0432\u044b\u0437\u0432\u0430\u0442\u044c \u0432\u0441\u0435 \u044d\u0442\u0438 \u0437\u0430\u0431\u043e\u043b\u0435\u0432\u0430\u043d\u0438\u044f, \u0435\u0441\u043b\u0438 \u0438\u043c \u0434\u0430\u0442\u044c \u0448\u0430\u043d\u0441.<\/p>\n<div class=\"su-spoiler su-spoiler-style-defoult su-spoiler-icon-caret su-spoiler-closed\" data-scroll-offset=\"0\" data-anchor-in-url=\"no\"><div class=\"su-spoiler-title\" tabindex=\"0\" role=\"button\"><span class=\"su-spoiler-icon\"><\/span>\u0412\u0441\u0435<\/div><div class=\"su-spoiler-content su-u-clearfix su-u-trim\">\n<h5>\u041a \u0447\u0435\u043c\u0443 \u043c\u043e\u0433\u0443\u0442 \u043f\u0440\u0438\u0432\u0435\u0441\u0442\u0438 \u043f\u043e\u0432\u0441\u0435\u0434\u043d\u0435\u0432\u043d\u044b\u0435 \u043c\u0438\u043a\u0440\u043e\u0431\u044b, \u043f\u043e\u043f\u0430\u0432\u0448\u0438\u0435 \u043d\u0435 \u0442\u0443\u0434\u0430, \u043a\u0443\u0434\u0430 \u043d\u0443\u0436\u043d\u043e?<\/h5>\n<p>\u0423\u0440\u043e\u043a \u0437\u0430\u043a\u043b\u044e\u0447\u0430\u0435\u0442\u0441\u044f \u0432 \u0442\u043e\u043c, \u0447\u0442\u043e \u0431\u0435\u0437\u043e\u0431\u0438\u0434\u043d\u0430\u044f \u043d\u0430 \u043f\u0435\u0440\u0432\u044b\u0439 \u0432\u0437\u0433\u043b\u044f\u0434 \u0431\u0430\u043a\u0442\u0435\u0440\u0438\u044f \u044f\u0432\u043b\u044f\u0435\u0442\u0441\u044f \u043e\u0442\u043d\u043e\u0441\u0438\u0442\u0435\u043b\u044c\u043d\u043e \u0431\u0435\u0437\u043e\u0431\u0438\u0434\u043d\u043e\u0439 \u0442\u043e\u043b\u044c\u043a\u043e \u0434\u043e \u0442\u0435\u0445 \u043f\u043e\u0440, \u043f\u043e\u043a\u0430 \u043e\u043d\u0430 \u043d\u0435 \u043e\u043a\u0430\u0436\u0435\u0442\u0441\u044f \u0442\u0430\u043c, \u0433\u0434\u0435 \u0435\u0439 \u0434\u0435\u043b\u0430\u0442\u044c \u043d\u0435\u0447\u0435\u0433\u043e: \u043e\u0441\u043e\u0431\u0435\u043d\u043d\u043e \u0432 \u0433\u043b\u0443\u0431\u043e\u043a\u0438\u0445 \u0442\u043a\u0430\u043d\u044f\u0445 \u0438<br \/>\n\u0432 \u043a\u0440\u043e\u0432\u043e\u0442\u043e\u043a. \u041d\u0430\u043f\u0440\u0438\u043c\u0435\u0440, \u0435\u0441\u043b\u0438 \u0441\u0442\u0440\u0435\u043f\u0442\u043e\u043a\u043e\u043a\u043a\u0438 \u0438\u043b\u0438 \u0441\u0442\u0430\u0444\u0438\u043b\u043e\u043a\u043e\u043a\u043a\u0438 \u043f\u043e\u043f\u0430\u0434\u0430\u044e\u0442 \u0432 \u043f\u043e\u0434\u043a\u043e\u0436\u043d\u044b\u0435 \u0442\u043a\u0430\u043d\u0438 \u0447\u0435\u0440\u0435\u0437 \u043f\u043e\u0432\u0440\u0435\u0436\u0434\u0435\u043d\u0438\u0435, \u043e\u043d\u0438 \u043c\u043e\u0433\u0443\u0442 \u0447\u0440\u0435\u0437\u0432\u044b\u0447\u0430\u0439\u043d\u043e \u0431\u044b\u0441\u0442\u0440\u043e \u0438 \u0440\u0430\u0437\u0440\u0443\u0448\u0438\u0442\u0435\u043b\u044c\u043d\u043e \u0440\u0430\u0441\u043f\u0440\u043e\u0441\u0442\u0440\u0430\u043d\u044f\u0442\u044c\u0441\u044f \u043f\u043e \u0441\u043e\u0435\u0434\u0438\u043d\u0438\u0442\u0435\u043b\u044c\u043d\u043e\u0442\u043a\u0430\u043d\u043d\u044b\u043c \u0444\u0430\u0441\u0446\u0438\u044f\u043c, \u043e\u043a\u0443\u0442\u044b\u0432\u0430\u044e\u0449\u0438\u043c \u043c\u044b\u0448\u0446\u044b \u0438 \u043d\u0435\u0440\u0432\u044b, \u0447\u0442\u043e \u0432 \u043f\u0440\u043e\u0441\u0442\u043e\u0440\u0435\u0447\u0438\u0438 \u043d\u0430\u0437\u044b\u0432\u0430\u044e\u0442 \u201e\u043f\u043e\u0435\u0434\u0430\u043d\u0438\u0435\u043c \u043f\u043b\u043e\u0442\u0438\u201d. \u0423\u043a\u043e\u043b \u0438\u0433\u043b\u043e\u0439, \u0443\u043a\u0443\u0441 \u043d\u0430\u0441\u0435\u043a\u043e\u043c\u043e\u0433\u043e, \u0443\u0448\u0438\u0431 - \u0432\u0441\u0435, \u0447\u0442\u043e \u043d\u0443\u0436\u043d\u043e \u0434\u043b\u044f \u0442\u043e\u0433\u043e, \u0447\u0442\u043e\u0431\u044b \u043e\u043d\u0438 \u043f\u0440\u043e\u043d\u0438\u043a\u043b\u0438 \u0447\u0435\u0440\u0435\u0437 \u043a\u043e\u0436\u0443, \u043d\u0435 \u043e\u0431\u044f\u0437\u0430\u0442\u0435\u043b\u044c\u043d\u043e \u0434\u043e\u043b\u0436\u043d\u043e \u0431\u044b\u0442\u044c \u043a\u0430\u0442\u0430\u0441\u0442\u0440\u043e\u0444\u0438\u0447\u0435\u0441\u043a\u0438\u043c, \u0434\u043e\u0441\u0442\u0430\u0442\u043e\u0447\u043d\u043e \u0435\u0434\u0432\u0430 \u0437\u0430\u043c\u0435\u0442\u043d\u043e\u0439 \u0440\u0430\u043d\u043a\u0438. \u0420\u0438\u0441\u043a \u043f\u043e\u0432\u044b\u0448\u0430\u0435\u0442\u0441\u044f, \u0435\u0441\u043b\u0438 \u043a\u043e\u0436\u0430 \u0443\u0436\u0435 \u043f\u043e\u0432\u0440\u0435\u0436\u0434\u0435\u043d\u0430 - \u043d\u0430\u043f\u0440\u0438\u043c\u0435\u0440, \u043f\u043e\u0441\u043b\u0435 \u043e\u043f\u0435\u0440\u0430\u0446\u0438\u0438, \u043f\u0440\u0438 \u043e\u0441\u0442\u0440\u043e\u0439 \u0441\u044b\u043f\u0438, \u0432\u044b\u0437\u0432\u0430\u043d\u043d\u043e\u0439 \u0432\u0438\u0440\u0443\u0441\u043d\u043e\u0439 \u0438\u043d\u0444\u0435\u043a\u0446\u0438\u0435\u0439, \u0438\u043b\u0438 \u043a\u0430\u043a \u043e\u0441\u043b\u043e\u0436\u043d\u0435\u043d\u0438\u0435 \u0434\u0438\u0430\u0431\u0435\u0442\u0430 - \u0438\u043b\u0438 \u0435\u0441\u043b\u0438 \u0438\u043c\u043c\u0443\u043d\u043d\u0430\u044f \u0441\u0438\u0441\u0442\u0435\u043c\u0430 \u043e\u0441\u043b\u0430\u0431\u043b\u0435\u043d\u0430.<\/p>\n<h5>\u201e\u041f\u0438\u0442\u0430\u0435\u0442\u0441\u044f \u043b\u0438 \u043f\u043b\u043e\u0442\u043e\u044f\u0434\u043d\u0430\u044f \u0431\u0430\u043a\u0442\u0435\u0440\u0438\u044f \u201d\u043c\u044f\u0441\u043e\u043c\"?<\/h5>\n<p>\u201e\u041f\u043b\u043e\u0442\u043e\u044f\u0434\u043d\u044b\u0435 \u0431\u0430\u043a\u0442\u0435\u0440\u0438\u0438\u201d \u043d\u0435 \u044f\u0432\u043b\u044f\u044e\u0442\u0441\u044f \u043f\u0443\u0433\u0430\u044e\u0449\u0435\u0439 \u0438 \u044d\u043a\u0437\u043e\u0442\u0438\u0447\u0435\u0441\u043a\u043e\u0439 \u0433\u0440\u0443\u043f\u043f\u043e\u0439 \u043f\u0430\u0442\u043e\u0433\u0435\u043d\u043e\u0432: \u0432 \u0431\u043e\u043b\u044c\u0448\u0438\u043d\u0441\u0442\u0432\u0435 \u0441\u043b\u0443\u0447\u0430\u0435\u0432 \u043e\u0431\u044b\u0447\u043d\u044b\u0435 \u043c\u0438\u043a\u0440\u043e\u0431\u044b, \u043f\u043e\u043f\u0430\u0432\u0448\u0438\u0435 \u043d\u0435 \u0442\u0443\u0434\u0430, \u043a\u0443\u0434\u0430 \u043d\u0443\u0436\u043d\u043e, \u0441\u0442\u0430\u043d\u043e\u0432\u044f\u0442\u0441\u044f \u043f\u0440\u0438\u0447\u0438\u043d\u043e\u0439 \u0441\u0435\u0440\u044c\u0435\u0437\u043d\u044b\u0445<br \/>\n\u043f\u0440\u043e\u0446\u0435\u0441\u0441 \u0440\u0430\u0437\u0440\u0443\u0448\u0435\u043d\u0438\u044f \u0442\u043a\u0430\u043d\u0435\u0439, \u043d\u0435\u043f\u043e\u0441\u0440\u0435\u0434\u0441\u0442\u0432\u0435\u043d\u043d\u043e \u0443\u0433\u0440\u043e\u0436\u0430\u044e\u0449\u0438\u0439 \u0436\u0438\u0437\u043d\u0438.<\/p>\n<h5>\u041a\u0430\u043a \u043f\u0440\u043e\u0438\u0441\u0445\u043e\u0434\u0438\u0442 \u043f\u0440\u043e\u0446\u0435\u0441\u0441?<\/h5>\n<p>\u041f\u043b\u043e\u0442\u043e\u044f\u0434\u043d\u0430\u044f \u0438\u043d\u0444\u0435\u043a\u0446\u0438\u044f\u201e, \u043e\u0444\u0438\u0446\u0438\u0430\u043b\u044c\u043d\u043e \u0438\u0437\u0432\u0435\u0441\u0442\u043d\u0430\u044f \u043a\u0430\u043a \u043d\u0435\u043a\u0440\u043e\u0442\u0438\u0437\u0438\u0440\u0443\u044e\u0449\u0438\u0439 \u0444\u0430\u0441\u0446\u0438\u0438\u0442 (necrotizing fasciitis), \u043d\u0430\u0447\u0438\u043d\u0430\u0435\u0442\u0441\u044f \u0441 \u043d\u0435\u0441\u043a\u043e\u043b\u044c\u043a\u0438\u0445 \u0445\u0430\u0440\u0430\u043a\u0442\u0435\u0440\u043d\u044b\u0445 \u0441\u0438\u043c\u043f\u0442\u043e\u043c\u043e\u0432: \u043e\u0442\u0435\u043a\u0430, \u043f\u043e\u043a\u0440\u0430\u0441\u043d\u0435\u043d\u0438\u044f, \u0431\u043e\u043b\u0438 \u0438, \u0432\u043e\u0437\u043c\u043e\u0436\u043d\u043e, \u043e\u0431\u0440\u0430\u0437\u043e\u0432\u0430\u043d\u0438\u044f \u0432\u043e\u043b\u0434\u044b\u0440\u0435\u0439 \u043d\u0430 \u043f\u043e\u0440\u0430\u0436\u0435\u043d\u043d\u043e\u043c \u0443\u0447\u0430\u0441\u0442\u043a\u0435. \u041f\u043e\u0441\u043a\u043e\u043b\u044c\u043a\u0443 \u043f\u0440\u043e\u0446\u0435\u0441\u0441 \u043d\u043e\u0441\u0438\u0442 \u0433\u043b\u0443\u0431\u043e\u043a\u0438\u0439 \u0445\u0430\u0440\u0430\u043a\u0442\u0435\u0440, \u043a \u043c\u043e\u043c\u0435\u043d\u0442\u0443 \u043e\u0431\u0440\u0430\u0437\u043e\u0432\u0430\u043d\u0438\u044f \u0431\u0430\u0433\u0440\u043e\u0432\u044b\u0445 \u043e\u0431\u0435\u0441\u0446\u0432\u0435\u0447\u0435\u043d\u043d\u044b\u0445 \u0443\u0447\u0430\u0441\u0442\u043a\u043e\u0432 \u043a\u043e\u0436\u0438 - \u043a\u0440\u043e\u0432\u0430\u0432\u044b\u0445 \u0432\u043e\u043b\u0434\u044b\u0440\u0435\u0439 - \u0443\u0436\u0435 \u043f\u0440\u043e\u0438\u0441\u0445\u043e\u0434\u0438\u0442 \u043c\u0430\u0441\u0441\u0438\u0432\u043d\u043e\u0435 \u0440\u0430\u0437\u0440\u0443\u0448\u0435\u043d\u0438\u0435 \u043f\u043e\u0434\u043a\u043e\u0436\u043d\u044b\u0445 \u043c\u044f\u0433\u043a\u0438\u0445 \u0442\u043a\u0430\u043d\u0435\u0439.<\/p>\n<\/div><\/div>","protected":false},"excerpt":{"rendered":"<p>Prunus cerasus \u2013 Meggy Med\u00e1l-Streptococcus, Staphylococcus fert\u0151z\u00e9sek kieg\u00e9sz\u00edt\u0151 kezel\u00e9s\u00e9re A Streptococcus pyogenes, m\u00e1s nev\u00e9n az A-t\u00edpus\u00fa sztreptokokkusz rendk\u00edv\u00fcl k\u00f6z\u00f6ns\u00e9ges bakt\u00e9rium: aligha akad, akinek ne okozott volna m\u00e9g torokf\u00e1j\u00e1st ez a garatban megteleped\u0151, jobb\u00e1ra \u00e1rtalmatlan k\u00f3rokoz\u00f3. \u00c1m ugyanez a toroklak\u00f3 bakt\u00e9rium &#8211; a v\u00e9r\u00e1ramba kiv\u00e1lasztott m\u00e9reganyagai r\u00e9v\u00e9n &#8211; a skarl\u00e1t, a l\u00e1zzal \u00e9s a teljes testet [&hellip;]<\/p>\n","protected":false},"featured_media":4709,"comment_status":"open","ping_status":"closed","template":"","meta":[],"product_brand":[],"product_cat":[33,32],"product_tag":[],"class_list":{"0":"post-4710","1":"product","2":"type-product","3":"status-publish","4":"has-post-thumbnail","6":"product_cat-egeszseg-medalok","7":"product_cat-triomed","9":"first","10":"instock","11":"taxable","12":"shipping-taxable","13":"purchasable","14":"product-type-simple"},"_links":{"self":[{"href":"https:\/\/vetomshop.hu\/ru\/wp-json\/wp\/v2\/product\/4710","targetHints":{"allow":["GET"]}}],"collection":[{"href":"https:\/\/vetomshop.hu\/ru\/wp-json\/wp\/v2\/product"}],"about":[{"href":"https:\/\/vetomshop.hu\/ru\/wp-json\/wp\/v2\/types\/product"}],"replies":[{"embeddable":true,"href":"https:\/\/vetomshop.hu\/ru\/wp-json\/wp\/v2\/comments?post=4710"}],"wp:featuredmedia":[{"embeddable":true,"href":"https:\/\/vetomshop.hu\/ru\/wp-json\/wp\/v2\/media\/4709"}],"wp:attachment":[{"href":"https:\/\/vetomshop.hu\/ru\/wp-json\/wp\/v2\/media?parent=4710"}],"wp:term":[{"taxonomy":"product_brand","embeddable":true,"href":"https:\/\/vetomshop.hu\/ru\/wp-json\/wp\/v2\/product_brand?post=4710"},{"taxonomy":"product_cat","embeddable":true,"href":"https:\/\/vetomshop.hu\/ru\/wp-json\/wp\/v2\/product_cat?post=4710"},{"taxonomy":"product_tag","embeddable":true,"href":"https:\/\/vetomshop.hu\/ru\/wp-json\/wp\/v2\/product_tag?post=4710"}],"curies":[{"name":"wp","href":"https:\/\/api.w.org\/{rel}","templated":true}]}}