{"id":4712,"date":"2023-11-11T14:33:54","date_gmt":"2023-11-11T13:33:54","guid":{"rendered":"https:\/\/vetomshop.hu\/termek\/biotrem-active\/"},"modified":"2023-11-11T14:33:54","modified_gmt":"2023-11-11T13:33:54","slug":"biotrem-active","status":"publish","type":"product","link":"https:\/\/vetomshop.hu\/ru\/product\/biotrem-active\/","title":{"rendered":"BioTrEM \u0430\u043a\u0442\u0438\u0432\u043d\u044b\u0439"},"content":{"rendered":"<p>\u0410 <strong>\u201eBioTrEM ACTIVE\u201d<\/strong> \u0410\u043f\u043f\u0430\u0440\u0430\u0442 \u042d\u041c\u041f-\u0418\u041a \u0442\u0435\u0440\u0430\u043f\u0438\u0438 \u043c\u043e\u0434\u0435\u043b\u0438 1 (\u0434\u0430\u043b\u0435\u0435 - \u0430\u043f\u043f\u0430\u0440\u0430\u0442) - \u044d\u0442\u043e \u043f\u043e\u0440\u0442\u0430\u0442\u0438\u0432\u043d\u044b\u0439 \u0444\u0438\u0437\u0438\u043e\u0442\u0435\u0440\u0430\u043f\u0435\u0432\u0442\u0438\u0447\u0435\u0441\u043a\u0438\u0439 \u0438 \u0440\u0435\u0444\u043b\u0435\u043a\u0441\u043e\u0442\u0435\u0440\u0430\u043f\u0435\u0432\u0442\u0438\u0447\u0435\u0441\u043a\u0438\u0439 \u0430\u043f\u043f\u0430\u0440\u0430\u0442, \u043f\u0440\u0435\u0434\u043d\u0430\u0437\u043d\u0430\u0447\u0435\u043d\u043d\u044b\u0439 \u0434\u043b\u044f \u043f\u0440\u043e\u0444\u0438\u043b\u0430\u043a\u0442\u0438\u043a\u0438 \u0437\u0430\u0431\u043e\u043b\u0435\u0432\u0430\u043d\u0438\u0439 \u0441\u0443\u0441\u0442\u0430\u0432\u043e\u0432, \u043b\u0435\u0447\u0435\u043d\u0438\u044f \u0438 \u0440\u0435\u0430\u0431\u0438\u043b\u0438\u0442\u0430\u0446\u0438\u0438 \u043f\u0430\u0446\u0438\u0435\u043d\u0442\u043e\u0432, \u0441\u0442\u0440\u0430\u0434\u0430\u044e\u0449\u0438\u0445 \u0437\u0430\u0431\u043e\u043b\u0435\u0432\u0430\u043d\u0438\u044f\u043c\u0438 \u043e\u043f\u043e\u0440\u043d\u043e-\u0434\u0432\u0438\u0433\u0430\u0442\u0435\u043b\u044c\u043d\u043e\u0433\u043e \u0430\u043f\u043f\u0430\u0440\u0430\u0442\u0430, \u043f\u0443\u0442\u0435\u043c \u0432\u043e\u0437\u0434\u0435\u0439\u0441\u0442\u0432\u0438\u044f \u043d\u0430 \u0443\u0447\u0430\u0441\u0442\u043a\u0438 \u043f\u043e\u0432\u0435\u0440\u0445\u043d\u043e\u0441\u0442\u0438 \u043a\u043e\u0436\u0438 \u0447\u0435\u043b\u043e\u0432\u0435\u043a\u0430 \u043d\u0438\u0437\u043a\u043e\u0438\u043d\u0442\u0435\u043d\u0441\u0438\u0432\u043d\u044b\u043c\u0438 \u044d\u043b\u0435\u043a\u0442\u0440\u043e\u043c\u0430\u0433\u043d\u0438\u0442\u043d\u044b\u043c\u0438 \u043f\u043e\u043b\u044f\u043c\u0438 \u0432 \u0434\u0438\u0430\u043f\u0430\u0437\u043e\u043d\u0435 \u043a\u0440\u0430\u0439\u043d\u0435 \u0432\u044b\u0441\u043e\u043a\u0438\u0445 \u0447\u0430\u0441\u0442\u043e\u0442.<\/p>\n<p>\u0410 \u043f\u0440\u0438\u0431\u043e\u0440 \u043c\u043e\u0436\u0435\u0442 \u0431\u044b\u0442\u044c \u0438\u0441\u043f\u043e\u043b\u044c\u0437\u043e\u0432\u0430\u043d \u0432 \u043a\u043e\u043c\u043f\u043b\u0435\u043a\u0441\u043d\u044b\u0445 \u043f\u0440\u043e\u0444\u0438\u043b\u0430\u043a\u0442\u0438\u0447\u0435\u0441\u043a\u0438\u0445 \u0438 \u043b\u0435\u0447\u0435\u0431\u043d\u044b\u0445 \u043f\u0440\u043e\u0433\u0440\u0430\u043c\u043c\u0430\u0445 \u0434\u043b\u044f \u0432\u043e\u0441\u0441\u0442\u0430\u043d\u043e\u0432\u043b\u0435\u043d\u0438\u044f \u043d\u043e\u0440\u043c\u0430\u043b\u044c\u043d\u044b\u0445 \u0444\u0438\u0437\u0438\u043e\u043b\u043e\u0433\u0438\u0447\u0435\u0441\u043a\u0438\u0445 \u043f\u0440\u043e\u0446\u0435\u0441\u0441\u043e\u0432 \u0432 \u043a\u043b\u0435\u0442\u043a\u0430\u0445 \u0438 \u0442\u043a\u0430\u043d\u044f\u0445 \u0441\u0438\u0441\u0442\u0435\u043c\u044b \u043e\u0440\u0433\u0430\u043d\u043e\u0432 \u043e\u043f\u043e\u0440\u044b \u0438 \u0434\u0432\u0438\u0436\u0435\u043d\u0438\u044f \u043f\u0440\u0438 \u0437\u0430\u0431\u043e\u043b\u0435\u0432\u0430\u043d\u0438\u044f\u0445 \u0441\u0438\u0441\u0442\u0435\u043c\u044b \u043e\u0440\u0433\u0430\u043d\u043e\u0432 \u043e\u043f\u043e\u0440\u044b \u0438 \u0434\u0432\u0438\u0436\u0435\u043d\u0438\u044f, \u0434\u043b\u044f \u0443\u043c\u0435\u043d\u044c\u0448\u0435\u043d\u0438\u044f \u0431\u043e\u043b\u0438 \u0438 \u0443\u043b\u0443\u0447\u0448\u0435\u043d\u0438\u044f \u0444\u0443\u043d\u043a\u0446\u0438\u0439 \u043e\u043f\u043e\u0440\u044b \u0438 \u0434\u0432\u0438\u0436\u0435\u043d\u0438\u044f.<\/p>\n<div class=\"su-spoiler su-spoiler-style-defoult su-spoiler-icon-caret su-spoiler-closed\" data-scroll-offset=\"0\" data-anchor-in-url=\"no\"><div class=\"su-spoiler-title\" tabindex=\"0\" role=\"button\"><span class=\"su-spoiler-icon\"><\/span>\u0412\u0441\u0435<\/div><div class=\"su-spoiler-content su-u-clearfix su-u-trim\">\n<p>\u042d\u0444\u0444\u0435\u043a\u0442 \u043e\u0442 \u0438\u0441\u043f\u043e\u043b\u044c\u0437\u043e\u0432\u0430\u043d\u0438\u044f \u0443\u0441\u0442\u0440\u043e\u0439\u0441\u0442\u0432\u0430:<\/p>\n<ul>\n<li>\u043d\u043e\u0440\u043c\u0430\u043b\u0438\u0437\u0443\u0435\u0442 \u043a\u0440\u043e\u0432\u043e\u043e\u0431\u0440\u0430\u0449\u0435\u043d\u0438\u0435, \u0438\u043c\u043c\u0443\u043d\u043d\u044b\u0439 \u0441\u0442\u0430\u0442\u0443\u0441 \u0438 \u043e\u0431\u043c\u0435\u043d\u043d\u044b\u0435 \u043f\u0440\u043e\u0446\u0435\u0441\u0441\u044b \u0432 \u043e\u0440\u0433\u0430\u043d\u0430\u0445\/\u0441\u0438\u0441\u0442\u0435\u043c\u0430\u0445 \u043e\u043f\u043e\u0440\u043d\u043e-\u0434\u0432\u0438\u0433\u0430\u0442\u0435\u043b\u044c\u043d\u043e\u0433\u043e \u0430\u043f\u043f\u0430\u0440\u0430\u0442\u0430, \u043f\u0440\u0435\u0434\u043e\u0442\u0432\u0440\u0430\u0449\u0430\u044f \u0440\u0430\u0437\u0432\u0438\u0442\u0438\u0435 \u0437\u0430\u0431\u043e\u043b\u0435\u0432\u0430\u043d\u0438\u0439 \u0432 \u043d\u0438\u0445;<\/li>\n<li>\u043f\u043e\u043c\u043e\u0433\u0430\u0435\u0442 \u0443\u043b\u0443\u0447\u0448\u0438\u0442\u044c \u0444\u0443\u043d\u043a\u0446\u0438\u0438 \u043e\u043f\u043e\u0440\u044b \u0438 \u043f\u043e\u0434\u0432\u0438\u0436\u043d\u043e\u0441\u0442\u0438;<\/li>\n<li>\u0443\u043c\u0435\u043d\u044c\u0448\u0430\u0435\u0442 \u043f\u0440\u043e\u044f\u0432\u043b\u0435\u043d\u0438\u044f \u0432\u043e\u0441\u043f\u0430\u043b\u0435\u043d\u0438\u044f \u0438 \u0437\u0430\u0441\u0442\u043e\u0439\u043d\u044b\u0445 \u044f\u0432\u043b\u0435\u043d\u0438\u0439 \u0432 \u043e\u043f\u043e\u0440\u043d\u043e-\u0434\u0432\u0438\u0433\u0430\u0442\u0435\u043b\u044c\u043d\u043e\u043c \u0430\u043f\u043f\u0430\u0440\u0430\u0442\u0435;<\/li>\n<li>\u0441\u043f\u043e\u0441\u043e\u0431\u0441\u0442\u0432\u0443\u0435\u0442 \u0443\u0441\u043a\u043e\u0440\u0435\u043d\u0438\u044e \u043f\u0440\u043e\u0446\u0435\u0441\u0441\u043e\u0432 \u0440\u0435\u0433\u0435\u043d\u0435\u0440\u0430\u0446\u0438\u0438 \u0438 \u0432\u043e\u0441\u0441\u0442\u0430\u043d\u043e\u0432\u043b\u0435\u043d\u0438\u044f \u0442\u043a\u0430\u043d\u0435\u0439 \u0441\u0438\u0441\u0442\u0435\u043c\u044b \u043e\u0440\u0433\u0430\u043d\u043e\u0432 \u043e\u043f\u043e\u0440\u044b \u0438 \u0434\u0432\u0438\u0436\u0435\u043d\u0438\u044f;<\/li>\n<li>\u0441\u043f\u043e\u0441\u043e\u0431\u0441\u0442\u0432\u0443\u0435\u0442 \u0443\u0441\u0442\u0440\u0430\u043d\u0435\u043d\u0438\u044e \u0432\u043e\u0441\u043f\u0430\u043b\u0435\u043d\u0438\u044f \u0432 \u0441\u0443\u0441\u0442\u0430\u0432\u0430\u0445, \u0441\u0443\u0441\u0442\u0430\u0432\u043d\u044b\u0445 \u043e\u0431\u043e\u043b\u043e\u0447\u043a\u0430\u0445 \u0438 \u0441\u0443\u0441\u0442\u0430\u0432\u043d\u044b\u0445 \u201e\u0441\u0443\u043c\u043a\u0430\u0445\u201d, \u043c\u044b\u0448\u0446\u0430\u0445,<\/li>\n<li>\u043f\u043e\u043c\u043e\u0433\u0430\u0435\u0442 \u0443\u0441\u0442\u0440\u0430\u043d\u0438\u0442\u044c \u0438\u043b\u0438 \u043a\u043e\u043c\u043f\u0435\u043d\u0441\u0438\u0440\u043e\u0432\u0430\u0442\u044c \u0434\u0435\u0444\u043e\u0440\u043c\u0430\u0446\u0438\u044e \u0438 \u0430\u0442\u0440\u043e\u0444\u0438\u044e \u043a\u043e\u0441\u0442\u0435\u0439, \u0441\u0432\u044f\u0437\u043e\u043a \u0438 \u043c\u044b\u0448\u0435\u0447\u043d\u043e-\u0441\u0443\u0441\u0442\u0430\u0432\u043d\u043e\u0433\u043e \u043a\u043e\u043c\u043f\u043b\u0435\u043a\u0441\u0430.<\/li>\n<\/ul>\n<\/div><\/div>","protected":false},"excerpt":{"rendered":"<p>\u0410 \u201eBioTrEM ACTIVE\u201d modell EMF-IK ter\u00e1pi\u00e1s k\u00e9sz\u00fcl\u00e9k (a tov\u00e1bbiakban k\u00e9sz\u00fcl\u00e9k) egy hordozhat\u00f3 fizikoter\u00e1pi\u00e1s \u00e9s reflexter\u00e1pi\u00e1s eszk\u00f6z, amelynek rendeltet\u00e9se az \u00edz\u00fcleti megbeteged\u00e9sek megel\u0151z\u00e9s\u00e9re, a t\u00e1maszt\u00e1s \u00e9s mozg\u00e1s szervrendszeri betegs\u00e9gekben szenved\u0151 p\u00e1ciensek kezel\u00e9se \u00e9s rehabilit\u00e1ci\u00f3ja az ember b\u0151rfel\u00fclet\u00e9nek r\u00e9szeire ir\u00e1nyul\u00f3 extr\u00e9m magas frekvenci\u00e1s tartom\u00e1nyban m\u0171k\u00f6d\u0151 alacsonyintenzit\u00e1s\u00fa elektrom\u00e1gneses r\u00e1hat\u00e1s r\u00e9v\u00e9n. \u0410 k\u00e9sz\u00fcl\u00e9k komplex megel\u0151z\u0151 \u00e9s gy\u00f3gyul\u00e1st el\u0151seg\u00edt\u0151 programokban [&hellip;]<\/p>\n","protected":false},"featured_media":4711,"comment_status":"open","ping_status":"closed","template":"","meta":[],"product_brand":[],"product_cat":[34,32],"product_tag":[],"class_list":{"0":"post-4712","1":"product","2":"type-product","3":"status-publish","4":"has-post-thumbnail","6":"product_cat-keszulekek","7":"product_cat-triomed","9":"first","10":"instock","11":"taxable","12":"shipping-taxable","13":"purchasable","14":"product-type-simple"},"_links":{"self":[{"href":"https:\/\/vetomshop.hu\/ru\/wp-json\/wp\/v2\/product\/4712","targetHints":{"allow":["GET"]}}],"collection":[{"href":"https:\/\/vetomshop.hu\/ru\/wp-json\/wp\/v2\/product"}],"about":[{"href":"https:\/\/vetomshop.hu\/ru\/wp-json\/wp\/v2\/types\/product"}],"replies":[{"embeddable":true,"href":"https:\/\/vetomshop.hu\/ru\/wp-json\/wp\/v2\/comments?post=4712"}],"wp:featuredmedia":[{"embeddable":true,"href":"https:\/\/vetomshop.hu\/ru\/wp-json\/wp\/v2\/media\/4711"}],"wp:attachment":[{"href":"https:\/\/vetomshop.hu\/ru\/wp-json\/wp\/v2\/media?parent=4712"}],"wp:term":[{"taxonomy":"product_brand","embeddable":true,"href":"https:\/\/vetomshop.hu\/ru\/wp-json\/wp\/v2\/product_brand?post=4712"},{"taxonomy":"product_cat","embeddable":true,"href":"https:\/\/vetomshop.hu\/ru\/wp-json\/wp\/v2\/product_cat?post=4712"},{"taxonomy":"product_tag","embeddable":true,"href":"https:\/\/vetomshop.hu\/ru\/wp-json\/wp\/v2\/product_tag?post=4712"}],"curies":[{"name":"wp","href":"https:\/\/api.w.org\/{rel}","templated":true}]}}