{"id":4714,"date":"2023-11-11T14:33:54","date_gmt":"2023-11-11T13:33:54","guid":{"rendered":"https:\/\/vetomshop.hu\/termek\/triomed-compact\/"},"modified":"2023-11-11T14:33:54","modified_gmt":"2023-11-11T13:33:54","slug":"triomed-compact","status":"publish","type":"product","link":"https:\/\/vetomshop.hu\/ru\/product\/triomed-compact\/","title":{"rendered":"\u041a\u043e\u043c\u043f\u0430\u043a\u0442\u043d\u044b\u0439 Triomed"},"content":{"rendered":"<h4>\u041e\u0431\u0435\u0437\u0431\u043e\u043b\u0438\u0432\u0430\u043d\u0438\u0435, \u0443\u043c\u0435\u043d\u044c\u0448\u0435\u043d\u0438\u0435 \u0432\u043e\u0441\u043f\u0430\u043b\u0435\u043d\u0438\u044f, \u0440\u0435\u0430\u0431\u0438\u043b\u0438\u0442\u0430\u0446\u0438\u044f, \u043c\u0430\u043d\u0443\u0430\u043b\u044c\u043d\u0430\u044f \u0442\u0435\u0440\u0430\u043f\u0438\u044f, \u043f\u0435\u0440\u0432\u0430\u044f \u043f\u043e\u043c\u043e\u0449\u044c, \u0445\u0440\u043e\u043d\u0438\u0447\u0435\u0441\u043a\u0438\u0435 \u0437\u0430\u0431\u043e\u043b\u0435\u0432\u0430\u043d\u0438\u044f, \u044d\u043b\u0435\u043a\u0442\u0440\u043e\u0441\u043c\u043e\u0433, \u0441\u0442\u0440\u0435\u0441\u0441, \u0441\u0432\u0435\u0442\u043e\u0442\u0435\u0440\u0430\u043f\u0438\u044f<\/h4>\n<p>\u0418\u043d\u043d\u043e\u0432\u0430\u0446\u0438\u043e\u043d\u043d\u0430\u044f \u0441\u0438\u0441\u0442\u0435\u043c\u0430 \u043e\u0445\u0440\u0430\u043d\u044b \u0438 \u0432\u043e\u0441\u0441\u0442\u0430\u043d\u043e\u0432\u043b\u0435\u043d\u0438\u044f \u0437\u0434\u043e\u0440\u043e\u0432\u044c\u044f - <strong>\u0422\u0440\u0438\u043e\u043c\u0435\u0434 \u043a\u043e\u043c\u043f\u0430\u043a\u0442\u043d\u044b\u0439.<\/strong><\/p>\n<p>\u041c\u044b \u043f\u043e\u0447\u0442\u0438 \u0435\u0436\u0435\u0434\u043d\u0435\u0432\u043d\u043e \u0441\u043b\u044b\u0448\u0438\u043c \u043e \u0442\u043e\u043c, \u0447\u0442\u043e \u043d\u0430\u0448\u0430 \u043e\u043a\u0440\u0443\u0436\u0430\u044e\u0449\u0430\u044f \u0441\u0440\u0435\u0434\u0430 \u0441\u0442\u0430\u043d\u043e\u0432\u0438\u0442\u0441\u044f \u0432\u0441\u0435 \u0431\u043e\u043b\u0435\u0435 \u0430\u0433\u0440\u0435\u0441\u0441\u0438\u0432\u043d\u043e\u0439.<\/p>\n<p>\u0425\u0438\u043c\u0438\u0447\u0435\u0441\u043a\u0438\u0435 \u0432\u0435\u0449\u0435\u0441\u0442\u0432\u0430 \u0432 \u043f\u0438\u0449\u0435 \u0438 \u0432\u043e\u0434\u0435, \u0437\u0430\u0433\u0440\u044f\u0437\u043d\u0435\u043d\u0438\u0435 \u0432\u043e\u0437\u0434\u0443\u0445\u0430 \u0438 \u0432\u0441\u0435 \u0443\u0441\u043a\u043e\u0440\u044f\u044e\u0449\u0438\u0439\u0441\u044f \u0442\u0435\u043c\u043f \u0436\u0438\u0437\u043d\u0438 \u043f\u043e\u0434\u0432\u0435\u0440\u0433\u0430\u044e\u0442 \u043d\u0430\u0448 \u043e\u0440\u0433\u0430\u043d\u0438\u0437\u043c \u0441\u0435\u0440\u044c\u0435\u0437\u043d\u044b\u043c \u043d\u0430\u0433\u0440\u0443\u0437\u043a\u0430\u043c. \u0411\u043e\u043b\u0435\u0437\u043d\u0438 \u0446\u0438\u0432\u0438\u043b\u0438\u0437\u0430\u0446\u0438\u0438, \u043a\u043e\u0442\u043e\u0440\u044b\u0435 \u044f\u0432\u043b\u044f\u044e\u0442\u0441\u044f \u0440\u0435\u0437\u0443\u043b\u044c\u0442\u0430\u0442\u043e\u043c \u0438\u0437\u043c\u0435\u043d\u0435\u043d\u0438\u044f \u044d\u043a\u043e\u043b\u043e\u0433\u0438\u0447\u0435\u0441\u043a\u0438\u0445 \u0444\u0430\u043a\u0442\u043e\u0440\u043e\u0432 \u0438 \u043f\u0438\u0449\u0435\u0432\u044b\u0445 \u043f\u0440\u0438\u0432\u044b\u0447\u0435\u043a, \u0443\u0441\u043b\u043e\u0432\u0438\u0439 \u0442\u0440\u0443\u0434\u0430 \u0438 \u0441\u0442\u0440\u0435\u0441\u0441\u0430, \u0442\u0430\u043a\u0436\u0435 \u043c\u043e\u0433\u0443\u0442 \u0441\u0442\u0430\u0442\u044c \u043f\u0440\u0438\u0447\u0438\u043d\u043e\u0439 \u0441\u0435\u0440\u044c\u0435\u0437\u043d\u043e\u0433\u043e \u0431\u0435\u0441\u043f\u043e\u043a\u043e\u0439\u0441\u0442\u0432\u0430. \u0418\u0445 \u043b\u0435\u0447\u0435\u043d\u0438\u0435 - \u0441\u0435\u0440\u044c\u0435\u0437\u043d\u0430\u044f \u0437\u0430\u0434\u0430\u0447\u0430 \u0434\u043b\u044f \u0432\u0440\u0430\u0447\u0435\u0439, \u043a\u043e\u0442\u043e\u0440\u044b\u0435 \u0447\u0430\u0441\u0442\u043e \u043e\u043a\u0430\u0437\u044b\u0432\u0430\u044e\u0442\u0441\u044f \u0431\u0435\u0441\u043f\u043e\u043c\u043e\u0449\u043d\u044b\u043c\u0438 \u043f\u0435\u0440\u0435\u0434 \u043b\u0438\u0446\u043e\u043c \u044d\u0442\u043e\u0439 \u043f\u0440\u043e\u0431\u043b\u0435\u043c\u044b. \u0427\u0430\u0441\u0442\u043e \u043f\u043e\u0441\u043b\u0435 \u0434\u043b\u0438\u0442\u0435\u043b\u044c\u043d\u044b\u0445 \u0438\u0441\u0441\u043b\u0435\u0434\u043e\u0432\u0430\u043d\u0438\u0439 \u043d\u0430\u043c \u0434\u0430\u044e\u0442 \u0445\u043e\u0440\u043e\u0448\u0435\u0435 (\u0438\u043b\u0438, \u0441\u043a\u043e\u0440\u0435\u0435, \u043f\u043b\u043e\u0445\u043e\u0435) \u043b\u0430\u0442\u0438\u043d\u0441\u043a\u043e\u0435 \u043d\u0430\u0437\u0432\u0430\u043d\u0438\u0435 \u0434\u0438\u0430\u0433\u043d\u043e\u0437\u0430 \u0438 \u0441\u043e\u0432\u0435\u0442\u0443\u044e\u0442 \u0441\u043c\u0438\u0440\u0438\u0442\u044c\u0441\u044f \u0441 \u043d\u0438\u043c.<\/p>\n<p>\u041d\u043e \u043f\u0440\u0438\u044f\u0442\u043d\u043e \u043b\u0438 \u043f\u0440\u043e\u0436\u0438\u0442\u044c \u0436\u0438\u0437\u043d\u044c \u0432 \u0442\u0430\u043a\u043e\u043c \u043f\u043b\u0430\u0447\u0435\u0432\u043d\u043e\u043c \u0441\u043e\u0441\u0442\u043e\u044f\u043d\u0438\u0438, \u043f\u0440\u043e\u0432\u043e\u0434\u044f \u0434\u0435\u0441\u044f\u0442\u0438\u043b\u0435\u0442\u0438\u044f \u043c\u0435\u0436\u0434\u0443 \u0431\u043e\u043b\u0435\u0437\u043d\u044c\u044e \u0438 \u0441\u043c\u0435\u0440\u0442\u044c\u044e? \u0421\u043a\u043e\u043b\u044c\u043a\u043e \u0431\u043e\u043b\u0438, \u043e\u0442\u0441\u0442\u0430\u0432\u043a\u0438, \u044d\u043d\u0435\u0440\u0433\u0438\u0438, \u0434\u0435\u043d\u0435\u0433, \u0432\u0440\u0435\u043c\u0435\u043d\u0438, \u0440\u0430\u0437\u043e\u0447\u0430\u0440\u043e\u0432\u0430\u043d\u0438\u0439 \u0441\u043e\u043f\u0440\u043e\u0432\u043e\u0436\u0434\u0430\u044e\u0442 \u043f\u0430\u0446\u0438\u0435\u043d\u0442\u0430 \u043d\u0430 \u044d\u0442\u043e\u043c \u043f\u0443\u0442\u0438? \u0421\u043a\u043e\u043b\u044c\u043a\u043e \u043d\u0435\u0440\u0435\u0430\u043b\u0438\u0437\u043e\u0432\u0430\u043d\u043d\u044b\u0445 \u043f\u043b\u0430\u043d\u043e\u0432, \u0446\u0435\u043b\u0435\u0439, \u043a\u0430\u0440\u044c\u0435\u0440\u044b, \u0436\u0435\u043b\u0430\u043d\u0438\u0439 \u043e\u0442\u0431\u0440\u0430\u0441\u044b\u0432\u0430\u0435\u0442\u0441\u044f, \u043f\u043e\u0442\u043e\u043c\u0443 \u0447\u0442\u043e \u0441 \u044d\u0442\u043e\u0433\u043e \u043c\u043e\u043c\u0435\u043d\u0442\u0430 \u0432\u0441\u0435 \u0441\u0432\u043e\u0434\u0438\u0442\u0441\u044f \u043a \u0431\u043e\u043b\u0435\u0437\u043d\u0438?<\/p>\n<div class=\"su-spoiler su-spoiler-style-defoult su-spoiler-icon-caret su-spoiler-closed\" data-scroll-offset=\"0\" data-anchor-in-url=\"no\"><div class=\"su-spoiler-title\" tabindex=\"0\" role=\"button\"><span class=\"su-spoiler-icon\"><\/span>\u0412\u0441\u0435<\/div><div class=\"su-spoiler-content su-u-clearfix su-u-trim\">\n<p>\u0412\u043e\u043f\u0440\u043e\u0441: \u043c\u043e\u0436\u0435\u043c \u043b\u0438 \u043c\u044b \u0431\u044b\u0442\u044c \u0437\u0434\u043e\u0440\u043e\u0432\u044b\u043c\u0438, \u0435\u0441\u043b\u0438 \u043d\u0435 \u043c\u0435\u043d\u044f\u0435\u043c\u0441\u044f<\/p>\n<p>\u041e \u043f\u0435\u0440\u0432\u043e\u043f\u0440\u0438\u0447\u0438\u043d\u0430\u0445 \u0431\u043e\u043b\u0435\u0437\u043d\u0435\u0439 \u0438 \u043b\u0438\u0448\u044c \u0447\u0430\u0441\u0442\u0438\u0447\u043d\u044b\u0445 \u0440\u0435\u0448\u0435\u043d\u0438\u044f\u0445?<\/p>\n<p>\u041e\u0442\u0432\u0435\u0442 \u043e\u0434\u043d\u043e\u0437\u043d\u0430\u0447\u0435\u043d - \u041d\u0415\u0422! \u041f\u043e\u0437\u043d\u0430\u043a\u043e\u043c\u044c\u0442\u0435\u0441\u044c \u0441\u043e \u0441\u043b\u043e\u0436\u043d\u043e\u0439 \u0441\u0438\u0441\u0442\u0435\u043c\u043e\u0439, \u043a\u043e\u0442\u043e\u0440\u0430\u044f \u044f\u0432\u043b\u044f\u0435\u0442\u0441\u044f \u0443\u043d\u0438\u043a\u0430\u043b\u044c\u043d\u043e\u0439 \u0432 \u0441\u0432\u043e\u0435\u043c \u0440\u043e\u0434\u0435!<\/p>\n<p>\u041d\u0430\u0448\u0438 \u0438\u043d\u0441\u0442\u0440\u0443\u043c\u0435\u043d\u0442\u044b \u043c\u043e\u0433\u0443\u0442 \u043b\u0435\u0447\u0438\u0442\u044c \u0432\u0430\u0448\u0438 \u0431\u043e\u043b\u0435\u0437\u043d\u0438, \u0443\u043b\u0443\u0447\u0448\u0430\u0442\u044c \u043a\u0430\u0447\u0435\u0441\u0442\u0432\u043e \u0432\u0430\u0448\u0435\u0439 \u0436\u0438\u0437\u043d\u0438, \u043f\u043e\u043c\u043e\u0433\u0430\u0442\u044c \u0432\u0430\u043c \u0430\u0434\u0430\u043f\u0442\u0438\u0440\u043e\u0432\u0430\u0442\u044c\u0441\u044f \u043a \u043f\u043e\u0441\u0442\u043e\u044f\u043d\u043d\u043e \u043c\u0435\u043d\u044f\u044e\u0449\u0435\u0439\u0441\u044f \u043e\u0431\u0441\u0442\u0430\u043d\u043e\u0432\u043a\u0435 \u0438 \u043c\u0435\u043d\u044f\u0442\u044c \u0435\u0435.<\/p>\n<p>\u041d\u0435 \u0442\u043e\u043b\u044c\u043a\u043e \u0432 \u0441\u043b\u0443\u0447\u0430\u0435 \u0440\u0430\u0437\u043b\u0438\u0447\u043d\u044b\u0445 \u0437\u0430\u0431\u043e\u043b\u0435\u0432\u0430\u043d\u0438\u0439, \u0431\u043e\u043b\u0435\u0439, \u0432\u043e\u0441\u043f\u0430\u043b\u0435\u043d\u0438\u0439, \u0430\u0443\u0442\u043e\u0438\u043c\u043c\u0443\u043d\u043d\u044b\u0445 \u043f\u0440\u043e\u0446\u0435\u0441\u0441\u043e\u0432, \u043f\u043b\u043e\u0445\u043e\u0433\u043e \u043d\u0430\u0441\u0442\u0440\u043e\u0435\u043d\u0438\u044f \u043c\u044b \u043c\u043e\u0436\u0435\u043c \u0434\u043e\u0431\u0438\u0442\u044c\u0441\u044f \u043e\u0442\u043b\u0438\u0447\u043d\u044b\u0445 \u0440\u0435\u0437\u0443\u043b\u044c\u0442\u0430\u0442\u043e\u0432, \u043d\u043e \u0438 \u0443\u0441\u0442\u0440\u0430\u043d\u0438\u0442\u044c \u043f\u0435\u0440\u0432\u043e\u043f\u0440\u0438\u0447\u0438\u043d\u044b! \u0412\u0441\u0435 \u044d\u0442\u043e \u043f\u0440\u043e\u0438\u0441\u0445\u043e\u0434\u0438\u0442 \u0431\u043b\u0430\u0433\u043e\u0434\u0430\u0440\u044f \u0442\u043e\u043c\u0443, \u0447\u0442\u043e \u043f\u0440\u0438\u0431\u043e\u0440 \u043e\u0431\u0449\u0430\u0435\u0442\u0441\u044f \u0441 \u0432\u0430\u0448\u0438\u043c \u0442\u0435\u043b\u043e\u043c, \u043a\u0430\u0436\u0434\u044b\u0439 \u0438\u043c\u043f\u0443\u043b\u044c\u0441 \u044f\u0432\u043b\u044f\u0435\u0442\u0441\u044f \u043e\u0442\u0432\u0435\u0442\u043e\u043c \u043d\u0430 \u0432\u0430\u0448\u0435 \u0442\u0435\u043a\u0443\u0449\u0435\u0435 \u0441\u043e\u0441\u0442\u043e\u044f\u043d\u0438\u0435.<\/p>\n<p>\u0411\u0438\u043e\u043b\u043e\u0433\u0438\u0447\u0435\u0441\u043a\u0430\u044f \u043e\u0431\u0440\u0430\u0442\u043d\u0430\u044f \u0441\u0432\u044f\u0437\u044c - \u0440\u0430\u0434\u0438\u043e\u0447\u0430\u0441\u0442\u043e\u0442\u043d\u044b\u0439 \u0434\u0438\u0430\u043f\u0430\u0437\u043e\u043d.<\/p>\n<p>\u0421\u0438\u0441\u0442\u0435\u043c\u043d\u0430\u044f \u0437\u0430\u0449\u0438\u0442\u0430 \u0437\u0434\u043e\u0440\u043e\u0432\u044c\u044f! \u0423\u043d\u0438\u043a\u0430\u043b\u044c\u043d\u044b\u0439 \u043f\u043e\u0434\u0445\u043e\u0434!<\/p>\n<p>\u041d\u0430\u0436\u0430\u0442\u0438\u0435\u043c \u043e\u0434\u043d\u043e\u0439 \u043a\u043d\u043e\u043f\u043a\u0438:<\/p>\n<ul>\n<li>\u0423\u043b\u0443\u0447\u0448\u0435\u043d\u0438\u0435 \u044d\u043a\u043e\u043b\u043e\u0433\u0438\u0447\u0435\u0441\u043a\u043e\u0439 \u043e\u0431\u0441\u0442\u0430\u043d\u043e\u0432\u043a\u0438 - \u043c\u0438\u043b\u043b\u0438\u043c\u0435\u0442\u0440\u043e\u0432\u0430\u044f \u0442\u0435\u0440\u0430\u043f\u0438\u044f \u043d\u0430 \u0432\u0441\u0435\u0439 \u043f\u043b\u043e\u0449\u0430\u0434\u0438,<\/li>\n<li>\u0423\u043b\u0443\u0447\u0448\u0430\u0435\u0442 \u043a\u0430\u0447\u0435\u0441\u0442\u0432\u043e \u0432\u043e\u0434\u044b \u0438 \u043f\u0438\u0449\u0438 - \u0432\u043e\u0441\u0441\u0442\u0430\u043d\u0430\u0432\u043b\u0438\u0432\u0430\u0435\u0442 \u0440\u0435\u0433\u0443\u043b\u044f\u0440\u043d\u043e\u0441\u0442\u044c \u043f\u043e\u0441\u0442\u0443\u043f\u043b\u0435\u043d\u0438\u044f \u0432\u043e\u0434\u044b \u0438 \u0432\u043e\u0434\u044b \u0432 \u043f\u0438\u0449\u0443, \u0441\u043d\u0438\u0436\u0430\u044f \u0432\u0440\u0435\u0434\u043d\u043e\u0435 \u0432\u043e\u0437\u0434\u0435\u0439\u0441\u0442\u0432\u0438\u0435.<\/li>\n<li>\u041e\u043d \u0441\u043d\u0438\u043c\u0430\u0435\u0442 \u0441\u0442\u0440\u0435\u0441\u0441 \u043d\u0430 \u0440\u0430\u0431\u043e\u0442\u0435 \u0438 \u0432 \u0434\u0440\u0443\u0433\u0438\u0445 \u043c\u0435\u0441\u0442\u0430\u0445 \u0438 \u043f\u043e\u0432\u044b\u0448\u0430\u0435\u0442 \u043d\u0430\u0448\u0443 \u0441\u043e\u043f\u0440\u043e\u0442\u0438\u0432\u043b\u044f\u0435\u043c\u043e\u0441\u0442\u044c.<\/li>\n<\/ul>\n<p>\u0421\u043b\u0435\u0434\u0443\u044e\u0449\u0438\u0439 \u0448\u0430\u0433: \u043f\u0440\u0438\u043c\u0435\u043d\u044f\u0439\u0442\u0435 \u0435\u0433\u043e \u043a\u0430\u043a \u043b\u0435\u043a\u0430\u0440\u0441\u0442\u0432\u043e \u0434\u043b\u044f \u0440\u0435\u0448\u0435\u043d\u0438\u044f \u0441\u0432\u043e\u0438\u0445 \u043f\u0440\u043e\u0431\u043b\u0435\u043c!<\/p>\n<p>Triomed Compact - \u043f\u0440\u043e\u0444\u0435\u0441\u0441\u0438\u043e\u043d\u0430\u043b!<\/p>\n<p><strong>\u041e\u043f\u044b\u0442:<\/strong> \u0423 \u043c\u0435\u043d\u044f \u0442\u0430\u043a\u0436\u0435 \u0431\u044b\u043b \u043e\u0447\u0435\u043d\u044c \u0445\u043e\u0440\u043e\u0448\u0438\u0439 \u043e\u043f\u044b\u0442 \u0438\u0441\u043f\u043e\u043b\u044c\u0437\u043e\u0432\u0430\u043d\u0438\u044f Triomed \u0438 Compact. \u041a\u043e\u0433\u0434\u0430 \u043c\u044b \u0437\u0430\u0431\u043e\u043b\u0435\u0432\u0430\u043b\u0438, \u0442\u043e \u0437\u0430 \u0434\u0432\u0430-\u0442\u0440\u0438 \u0434\u043d\u044f \u0431\u0435\u0437 \u043b\u0435\u043a\u0430\u0440\u0441\u0442\u0432 \u043f\u043e\u043b\u043d\u043e\u0441\u0442\u044c\u044e \u0438\u0437\u043b\u0435\u0447\u0438\u0432\u0430\u043b\u0438\u0441\u044c \u0434\u0430\u0436\u0435 \u043e\u0442 \u0441\u0430\u043c\u044b\u0445 \u0441\u0442\u043e\u0439\u043a\u0438\u0445 \u043c\u0438\u043a\u0440\u043e\u0431\u043e\u0432. \u042f \u0431\u0435\u0440\u0435\u043c\u0435\u043d\u043d\u0430, \u0438 \u043d\u0430 \u043e\u0434\u043d\u043e\u043c \u0438\u0437 \u0423\u0417\u0418 \u0432\u0440\u0430\u0447 \u043e\u0431\u043d\u0430\u0440\u0443\u0436\u0438\u043b \u043a\u0438\u0441\u0442\u0443 \u0432 \u0447\u0435\u0440\u0435\u043f\u0435 \u043d\u0430\u0448\u0435\u0433\u043e \u0440\u0435\u0431\u0435\u043d\u043a\u0430. \u041e\u043d \u0437\u0430\u0432\u0435\u0440\u0438\u043b \u043c\u0435\u043d\u044f, \u0447\u0442\u043e \u043d\u0438\u0447\u0435\u0433\u043e \u0441\u0442\u0440\u0430\u0448\u043d\u043e\u0433\u043e \u043d\u0435 \u043f\u0440\u043e\u0438\u0437\u043e\u0439\u0434\u0435\u0442, \u0438 \u044f \u0431\u044b\u043b\u0430 \u0441\u043e\u0432\u0435\u0440\u0448\u0435\u043d\u043d\u043e \u0441\u043f\u043e\u043a\u043e\u0439\u043d\u0430, \u0437\u043d\u0430\u044f, \u0447\u0442\u043e \u043f\u043e\u0441\u043b\u0435 \u043d\u0435\u0441\u043a\u043e\u043b\u044c\u043a\u0438\u0445 \u043f\u0440\u043e\u0446\u0435\u0434\u0443\u0440 \u043a\u0438\u0441\u0442\u0430 \u043f\u043e\u043b\u043d\u043e\u0441\u0442\u044c\u044e \u0440\u0430\u0441\u0441\u043e\u0441\u0435\u0442\u0441\u044f. \u0422\u0430\u043a \u0438 \u0441\u043b\u0443\u0447\u0438\u043b\u043e\u0441\u044c!!! \u042f \u0431\u044b \u0442\u043e\u0447\u043d\u043e \u043d\u0435 \u0431\u044b\u043b\u0430 \u0441\u043f\u043e\u043a\u043e\u0439\u043d\u043e\u0439 \u043c\u0430\u043c\u043e\u0439, \u0435\u0441\u043b\u0438 \u0431\u044b \u043d\u0435 \u0437\u043d\u0430\u043b\u0430 \u043e \u0441\u0443\u0449\u0435\u0441\u0442\u0432\u043e\u0432\u0430\u043d\u0438\u0438 \u044d\u0442\u0438\u0445 \u043f\u0440\u0438\u0431\u043e\u0440\u043e\u0432. \u042f \u0442\u0430\u043a \u0440\u0430\u0434\u0430, \u0447\u0442\u043e \u043d\u0430\u0448\u043b\u0430 \u044d\u0442\u0438 \u043f\u0440\u0438\u0431\u043e\u0440\u044b \u0435\u0449\u0435 \u0434\u043e \u0440\u043e\u0436\u0434\u0435\u043d\u0438\u044f \u0440\u0435\u0431\u0435\u043d\u043a\u0430.<\/p>\n<p>\u0412\u043d\u0438\u043c\u0430\u043d\u0438\u0435! \u041f\u0440\u0438\u0431\u043e\u0440 \u043d\u0435 \u044f\u0432\u043b\u044f\u0435\u0442\u0441\u044f \u0437\u0430\u043c\u0435\u043d\u043e\u0439 \u043c\u0435\u0434\u0438\u0446\u0438\u043d\u0441\u043a\u043e\u0433\u043e \u043b\u0435\u0447\u0435\u043d\u0438\u044f!<\/p>\n<p>\u041a\u0430\u0436\u0434\u044b\u0439 \u0440\u0435\u0436\u0438\u043c \u0440\u0435\u0430\u043b\u0438\u0437\u0443\u0435\u0442 \u043e\u043f\u0440\u0435\u0434\u0435\u043b\u0435\u043d\u043d\u0443\u044e \u043f\u0440\u043e\u0433\u0440\u0430\u043c\u043c\u0443<\/p>\n<p>TRIOMED COMPACT \u0420\u0410\u0411\u041e\u0422\u0410\u0415\u0422 \u0412 \u0412\u041e\u0421\u042c\u041c\u0418 \u0420\u0415\u0416\u0418\u041c\u0410\u0425.<\/p>\n<p>\u041a\u0430\u0436\u0434\u044b\u0439 \u0440\u0435\u0436\u0438\u043c \u0440\u0435\u0430\u043b\u0438\u0437\u0443\u0435\u0442 \u043e\u0441\u043e\u0431\u0443\u044e, \u0443\u043d\u0438\u043a\u0430\u043b\u044c\u043d\u0443\u044e \u043f\u0440\u043e\u0433\u0440\u0430\u043c\u043c\u0443.<\/p>\n<\/div><\/div>","protected":false},"excerpt":{"rendered":"<p>F\u00e1jdalomcsillap\u00edt\u00e1s, gyullad\u00e1s cs\u00f6kkent\u00e9s, lugos\u00edt\u00e1s, rehabilit\u00e1ci\u00f3, oki kezel\u00e9s, els\u0151seg\u00e9ly, kr\u00f3nikus betegs\u00e9gek, elektroszmog, stressz, f\u00e9nyter\u00e1pia Az eg\u00e9szs\u00e9g v\u00e9delm\u00e9nek \u00e9s vissza\u00e1ll\u00edt\u00e1s\u00e1nak innov\u00e1ci\u00f3s rendszere \u2013 Triomed compact. Szinte naponta hallunk arr\u00f3l, hogy k\u00f6rnyezet\u00fcnk egyre agressz\u00edvebb\u00e9 v\u00e1lt. Az \u00e9lelmiszerekben \u00e9s a v\u00edzben tal\u00e1lhat\u00f3 vegyszerek, a leveg\u0151 szennyezetts\u00e9ge, az egyre gyorsabb \u00e9lettemp\u00f3 komoly kih\u00edv\u00e1sok el\u00e9 \u00e1ll\u00edtja szervezet\u00fcnket. Komoly aggodalomra adhatnak okot [&hellip;]<\/p>\n","protected":false},"featured_media":4713,"comment_status":"open","ping_status":"closed","template":"","meta":[],"product_brand":[],"product_cat":[34,32],"product_tag":[],"class_list":{"0":"post-4714","1":"product","2":"type-product","3":"status-publish","4":"has-post-thumbnail","6":"product_cat-keszulekek","7":"product_cat-triomed","9":"first","10":"instock","11":"taxable","12":"shipping-taxable","13":"purchasable","14":"product-type-simple"},"_links":{"self":[{"href":"https:\/\/vetomshop.hu\/ru\/wp-json\/wp\/v2\/product\/4714","targetHints":{"allow":["GET"]}}],"collection":[{"href":"https:\/\/vetomshop.hu\/ru\/wp-json\/wp\/v2\/product"}],"about":[{"href":"https:\/\/vetomshop.hu\/ru\/wp-json\/wp\/v2\/types\/product"}],"replies":[{"embeddable":true,"href":"https:\/\/vetomshop.hu\/ru\/wp-json\/wp\/v2\/comments?post=4714"}],"wp:featuredmedia":[{"embeddable":true,"href":"https:\/\/vetomshop.hu\/ru\/wp-json\/wp\/v2\/media\/4713"}],"wp:attachment":[{"href":"https:\/\/vetomshop.hu\/ru\/wp-json\/wp\/v2\/media?parent=4714"}],"wp:term":[{"taxonomy":"product_brand","embeddable":true,"href":"https:\/\/vetomshop.hu\/ru\/wp-json\/wp\/v2\/product_brand?post=4714"},{"taxonomy":"product_cat","embeddable":true,"href":"https:\/\/vetomshop.hu\/ru\/wp-json\/wp\/v2\/product_cat?post=4714"},{"taxonomy":"product_tag","embeddable":true,"href":"https:\/\/vetomshop.hu\/ru\/wp-json\/wp\/v2\/product_tag?post=4714"}],"curies":[{"name":"wp","href":"https:\/\/api.w.org\/{rel}","templated":true}]}}