{"id":4720,"date":"2023-11-11T14:33:56","date_gmt":"2023-11-11T13:33:56","guid":{"rendered":"https:\/\/vetomshop.hu\/termek\/egeszseges-maj-jelado\/"},"modified":"2024-10-29T21:36:20","modified_gmt":"2024-10-29T20:36:20","slug":"egeszseges-maj-jelado","status":"publish","type":"product","link":"https:\/\/vetomshop.hu\/ru\/product\/egeszseges-maj-jelado\/","title":{"rendered":"\u041c\u0430\u044f\u043a \u0437\u0434\u043e\u0440\u043e\u0432\u043e\u0439 \u043f\u0435\u0447\u0435\u043d\u0438"},"content":{"rendered":"<h4>\u00ab\u0420\u0430\u0434\u0438\u0430\u0442\u043e\u0440 \u00bb\u0417\u0434\u043e\u0440\u043e\u0432\u0430\u044f \u043f\u0435\u0447\u0435\u043d\u044c\" \u211614<\/h4>\n<p>\u0415\u0433\u043e \u0447\u0430\u0441\u0442\u043e\u0442\u0430 \u0441\u043e\u043e\u0442\u0432\u0435\u0442\u0441\u0442\u0432\u0443\u0435\u0442 \u0447\u0430\u0441\u0442\u043e\u0442\u0435 \u0442\u043a\u0430\u043d\u0438 \u043f\u0435\u0447\u0435\u043d\u0438, \u0430 \u0432\u0440\u0435\u043c\u044f \u0440\u0430\u0431\u043e\u0442\u044b \u0441\u043e\u0441\u0442\u0430\u0432\u043b\u044f\u0435\u0442 12 \u043c\u0438\u043d\u0443\u0442.<\/p>\n<p>\u041e\u043d \u043c\u043e\u0436\u0435\u0442 \u0438\u0441\u043f\u043e\u043b\u044c\u0437\u043e\u0432\u0430\u0442\u044c\u0441\u044f \u0432 \u043a\u043e\u043c\u043f\u043b\u0435\u043a\u0441\u043d\u044b\u0445 \u043f\u0440\u043e\u0433\u0440\u0430\u043c\u043c\u0430\u0445 \u043b\u0435\u0447\u0435\u043d\u0438\u044f \u043f\u0435\u0447\u0435\u043d\u0438, \u0436\u0435\u043b\u0447\u0438 \u0438 \u0436\u0435\u043b\u0447\u043d\u044b\u0445 \u043f\u0440\u043e\u0442\u043e\u043a\u043e\u0432.<\/p>\n<ul>\n<li>\u0421\u0442\u0438\u043c\u0443\u043b\u0438\u0440\u0443\u0435\u0442 \u043c\u0435\u0442\u0430\u0431\u043e\u043b\u0438\u0437\u043c (\u043e\u0431\u043c\u0435\u043d\u043d\u044b\u0435 \u043f\u0440\u043e\u0446\u0435\u0441\u0441\u044b) \u0432 \u0433\u0435\u043f\u0430\u0442\u043e\u0446\u0438\u0442\u0430\u0445 (\u043a\u043b\u0435\u0442\u043a\u0430\u0445 \u043f\u0435\u0447\u0435\u043d\u0438).<\/li>\n<li>\u0423\u043b\u0443\u0447\u0448\u0430\u0435\u0442 \u0441\u0438\u043d\u0442\u0435\u0442\u0438\u0447\u0435\u0441\u043a\u0438\u0435 \u0438 \u0434\u0435\u0442\u043e\u043a\u0441\u0438\u043a\u0430\u0446\u0438\u043e\u043d\u043d\u044b\u0435 \u0444\u0443\u043d\u043a\u0446\u0438\u0438 \u043f\u0435\u0447\u0435\u043d\u0438.<\/li>\n<li>\u0423\u043c\u0435\u043d\u044c\u0448\u0430\u0435\u0442 \u043e\u0442\u0435\u043a\u0438.<\/li>\n<li>\u0421\u0442\u0438\u043c\u0443\u043b\u0438\u0440\u0443\u0435\u0442 \u043f\u0440\u043e\u0446\u0435\u0441\u0441\u044b \u0440\u0435\u0433\u0435\u043d\u0435\u0440\u0430\u0446\u0438\u0438 \u0438 \u0432\u043e\u0441\u0441\u0442\u0430\u043d\u043e\u0432\u043b\u0435\u043d\u0438\u044f \u0433\u0435\u043f\u0430\u0442\u043e\u0446\u0438\u0442\u043e\u0432.<\/li>\n<li>\u041e\u0431\u043b\u0430\u0434\u0430\u0435\u0442 \u0441\u043f\u0430\u0437\u043c\u043e\u043b\u0438\u0442\u0438\u0447\u0435\u0441\u043a\u0438\u043c \u0434\u0435\u0439\u0441\u0442\u0432\u0438\u0435\u043c.<\/li>\n<li>\u0410\u043d\u0430\u043b\u044c\u0433\u0435\u0437\u0438\u0440\u0443\u044e\u0449\u0435\u0435 \u0434\u0435\u0439\u0441\u0442\u0432\u0438\u0435.<\/li>\n<li>\u041f\u0440\u043e\u0442\u0438\u0432\u043e\u0432\u043e\u0441\u043f\u0430\u043b\u0438\u0442\u0435\u043b\u044c\u043d\u043e\u0435 \u0434\u0435\u0439\u0441\u0442\u0432\u0438\u0435.<\/li>\n<li>\u0423\u043b\u0443\u0447\u0448\u0430\u0435\u0442 \u043a\u0440\u043e\u0432\u043e\u043e\u0431\u0440\u0430\u0449\u0435\u043d\u0438\u0435.<\/li>\n<li>\u041e\u043f\u0442\u0438\u043c\u0438\u0437\u0438\u0440\u0443\u0435\u0442 \u043e\u0431\u0440\u0430\u0437\u043e\u0432\u0430\u043d\u0438\u0435 \u0438 \u0432\u044b\u0434\u0435\u043b\u0435\u043d\u0438\u0435 \u0436\u0435\u043b\u0447\u0438.<\/li>\n<li>\u041f\u0440\u0435\u0434\u043e\u0442\u0432\u0440\u0430\u0449\u0430\u0435\u0442 \u0446\u0438\u0440\u0440\u043e\u0442\u0438\u0447\u0435\u0441\u043a\u0438\u0435 \u043f\u043e\u0440\u0430\u0436\u0435\u043d\u0438\u044f \u043f\u0435\u0447\u0435\u043d\u0438.<\/li>\n<\/ul>\n<div class=\"su-spoiler su-spoiler-style-defoult su-spoiler-icon-caret su-spoiler-closed\" data-scroll-offset=\"0\" data-anchor-in-url=\"no\"><div class=\"su-spoiler-title\" tabindex=\"0\" role=\"button\"><span class=\"su-spoiler-icon\"><\/span>\u0412\u0441\u0435<\/div><div class=\"su-spoiler-content su-u-clearfix su-u-trim\">\n<p>\u0420\u0435\u043a\u043e\u043c\u0435\u043d\u0434\u0443\u0435\u043c\u044b\u0435 \u0437\u043e\u043d\u044b \u0432\u043e\u0437\u0434\u0435\u0439\u0441\u0442\u0432\u0438\u044f: \u0431\u0438\u043e\u043b\u043e\u0433\u0438\u0447\u0435\u0441\u043a\u0438 \u0430\u043a\u0442\u0438\u0432\u043d\u044b\u0435 \u0442\u043e\u0447\u043a\u0438 \u0438 \u0437\u043e\u043d\u044b, 12-12 \u043c\u0438\u043d\u0443\u0442 \u043d\u0430 \u0442\u043e\u0447\u043a\u0443. \u0420\u0435\u043a\u043e\u043c\u0435\u043d\u0434\u0443\u0435\u043c\u044b\u0435 \u043f\u0440\u043e\u0446\u0435\u0434\u0443\u0440\u044b \u043c\u043e\u0436\u043d\u043e \u043f\u043e\u0432\u0442\u043e\u0440\u044f\u0442\u044c 2-3 \u0440\u0430\u0437\u0430 \u0432 \u0433\u043e\u0434, \u043c\u0438\u043d\u0438\u043c\u0443\u043c \u0447\u0435\u0440\u0435\u0437 3 \u043c\u0435\u0441\u044f\u0446\u0430, \u0434\u043e \u0443\u043b\u0443\u0447\u0448\u0435\u043d\u0438\u044f \u0441\u043e\u0441\u0442\u043e\u044f\u043d\u0438\u044f, \u0438 \u0434\u043e\u043f\u043e\u043b\u043d\u044f\u0442\u044c \u0434\u0440\u0443\u0433\u0438\u043c\u0438 \u0431\u0438\u043e\u0438\u043d\u0444\u043e\u0440\u043c\u0430\u0446\u0438\u043e\u043d\u043d\u044b\u043c\u0438 \u043f\u0440\u043e\u0446\u0435\u0434\u0443\u0440\u0430\u043c\u0438.<\/p>\n<\/div><\/div>","protected":false},"excerpt":{"rendered":"<p>\u00abEg\u00e9szs\u00e9ges m\u00e1j\u00bb sug\u00e1rz\u00f3 \u211614 Frekvenci\u00e1ja megfelel a m\u00e1jsz\u00f6vet frekvenci\u00e1j\u00e1nak, m\u0171k\u00f6d\u00e9si ideje 12 perc. A m\u00e1j, az epe \u00e9s az epevezet\u00e9kek komplex kezel\u00e9si programjaiban alkalmazhat\u00f3. Serkenti a metabolizmus (anyagcsere) folyamatait a hepatocit\u00e1kban (a m\u00e1jsejtekben). Jav\u00edtja a m\u00e1j szintetikus \u00e9s dezintoxik\u00e1ci\u00f3s funkci\u00f3it. Cs\u00f6kkenti az \u00f6d\u00e9m\u00e1sod\u00e1st. Serkenti a hepatocit\u00e1k regener\u00e1ci\u00f3s \u00e9s repar\u00e1ci\u00f3s folyamatait. G\u00f6rcsold\u00f3 hat\u00e1sa van. F\u00e1jdalomcsillap\u00edt\u00f3 hat\u00e1s. [&hellip;]<\/p>\n","protected":false},"featured_media":4719,"comment_status":"open","ping_status":"closed","template":"","meta":[],"product_brand":[],"product_cat":[35,32],"product_tag":[],"class_list":{"0":"post-4720","1":"product","2":"type-product","3":"status-publish","4":"has-post-thumbnail","6":"product_cat-csatlakoztathato-jeladok","7":"product_cat-triomed","9":"first","10":"instock","11":"taxable","12":"shipping-taxable","13":"purchasable","14":"product-type-simple"},"_links":{"self":[{"href":"https:\/\/vetomshop.hu\/ru\/wp-json\/wp\/v2\/product\/4720","targetHints":{"allow":["GET"]}}],"collection":[{"href":"https:\/\/vetomshop.hu\/ru\/wp-json\/wp\/v2\/product"}],"about":[{"href":"https:\/\/vetomshop.hu\/ru\/wp-json\/wp\/v2\/types\/product"}],"replies":[{"embeddable":true,"href":"https:\/\/vetomshop.hu\/ru\/wp-json\/wp\/v2\/comments?post=4720"}],"wp:featuredmedia":[{"embeddable":true,"href":"https:\/\/vetomshop.hu\/ru\/wp-json\/wp\/v2\/media\/4719"}],"wp:attachment":[{"href":"https:\/\/vetomshop.hu\/ru\/wp-json\/wp\/v2\/media?parent=4720"}],"wp:term":[{"taxonomy":"product_brand","embeddable":true,"href":"https:\/\/vetomshop.hu\/ru\/wp-json\/wp\/v2\/product_brand?post=4720"},{"taxonomy":"product_cat","embeddable":true,"href":"https:\/\/vetomshop.hu\/ru\/wp-json\/wp\/v2\/product_cat?post=4720"},{"taxonomy":"product_tag","embeddable":true,"href":"https:\/\/vetomshop.hu\/ru\/wp-json\/wp\/v2\/product_tag?post=4720"}],"curies":[{"name":"wp","href":"https:\/\/api.w.org\/{rel}","templated":true}]}}