{"id":4722,"date":"2023-11-11T14:33:56","date_gmt":"2023-11-11T13:33:56","guid":{"rendered":"https:\/\/vetomshop.hu\/termek\/egeszseges-vese-jelado\/"},"modified":"2023-11-11T14:33:56","modified_gmt":"2023-11-11T13:33:56","slug":"egeszseges-vese-jelado","status":"publish","type":"product","link":"https:\/\/vetomshop.hu\/ru\/product\/egeszseges-vese-jelado\/","title":{"rendered":"\u041c\u0430\u044f\u0447\u043e\u043a \u0434\u043b\u044f \u0437\u0434\u043e\u0440\u043e\u0432\u044b\u0445 \u043f\u043e\u0447\u0435\u043a"},"content":{"rendered":"<h4>\u0417\u0434\u043e\u0440\u043e\u0432\u0430\u044f \u043f\u043e\u0447\u043a\u0430 \u0438\u0437\u043b\u0443\u0447\u0430\u0435\u0442 15 \u0441.<\/h4>\n<p>\u0412\u0440\u0435\u043c\u044f \u0440\u0430\u0431\u043e\u0442\u044b \u0438\u0437\u043b\u0443\u0447\u0430\u0442\u0435\u043b\u044f 11 \u043c\u0438\u043d\u0443\u0442<br \/>\n\u041e\u043d \u0441\u043e\u043e\u0442\u0432\u0435\u0442\u0441\u0442\u0432\u0443\u0435\u0442 \u0447\u0430\u0441\u0442\u043e\u0442\u0435 \u0440\u0430\u0431\u043e\u0442\u044b \u043f\u043e\u0447\u0435\u043a \u0438 \u043c\u043e\u0447\u0435\u0432\u044b\u0432\u043e\u0434\u044f\u0449\u0438\u0445 \u043f\u0443\u0442\u0435\u0439.<\/p>\n<p>\u0415\u0433\u043e \u043f\u0440\u0438\u043c\u0435\u043d\u0435\u043d\u0438\u0435 \u0440\u0435\u043a\u043e\u043c\u0435\u043d\u0434\u0443\u0435\u0442\u0441\u044f \u0434\u043b\u044f \u043f\u0440\u043e\u0444\u0438\u043b\u0430\u043a\u0442\u0438\u043a\u0438 \u0438 \u0434\u043e\u043f\u043e\u043b\u043d\u0438\u0442\u0435\u043b\u044c\u043d\u043e\u0433\u043e \u043b\u0435\u0447\u0435\u043d\u0438\u044f \u0437\u0430\u0431\u043e\u043b\u0435\u0432\u0430\u043d\u0438\u0439 \u043f\u043e\u0447\u0435\u043a \u0438 \u043c\u043e\u0447\u0435\u0432\u044b\u0432\u043e\u0434\u044f\u0449\u0438\u0445 \u043f\u0443\u0442\u0435\u0439<br \/>\n\u0423\u043b\u0443\u0447\u0448\u0430\u0435\u0442 \u043a\u0440\u043e\u0432\u043e\u043e\u0431\u0440\u0430\u0449\u0435\u043d\u0438\u0435 \u0438 \u043e\u0431\u043c\u0435\u043d \u0432\u0435\u0449\u0435\u0441\u0442\u0432 \u0432 \u043d\u0435\u0444\u0440\u043e\u043d\u0430\u0445 (\u0444\u0443\u043d\u043a\u0446\u0438\u043e\u043d\u0430\u043b\u044c\u043d\u044b\u0445 \u0435\u0434\u0438\u043d\u0438\u0446\u0430\u0445 \u043f\u043e\u0447\u0435\u043a) \u0438 \u043c\u043e\u0447\u0435\u0432\u044b\u0432\u043e\u0434\u044f\u0449\u0438\u0445 \u043f\u0443\u0442\u044f\u0445.<\/p>\n<ul>\n<li>\u041e\u043d \u0443\u043b\u0443\u0447\u0448\u0430\u0435\u0442 \u043f\u043e\u0447\u0435\u0447\u043d\u0443\u044e \u0440\u0435\u0430\u0431\u0441\u043e\u0440\u0431\u0446\u0438\u044e, \u0444\u0438\u043b\u044c\u0442\u0440\u0430\u0446\u0438\u044e, \u0441\u0438\u043d\u0442\u0435\u0437, \u0438\u043e\u043d\u043d\u0443\u044e \u0440\u0435\u0433\u0443\u043b\u044f\u0446\u0438\u044e, \u0434\u0435\u0442\u043e\u043a\u0441\u0438\u043a\u0430\u0446\u0438\u044e \u0438 \u043c\u0435\u0442\u0430\u0431\u043e\u043b\u0438\u0447\u0435\u0441\u043a\u0438\u0435 \u043f\u0440\u043e\u0446\u0435\u0441\u0441\u044b.<\/li>\n<li>\u0421\u0442\u0438\u043c\u0443\u043b\u0438\u0440\u0443\u0435\u0442 \u043f\u0440\u043e\u0446\u0435\u0441\u0441\u044b \u0440\u0435\u0433\u0435\u043d\u0435\u0440\u0430\u0446\u0438\u0438 \u0438 \u0432\u043e\u0441\u0441\u0442\u0430\u043d\u043e\u0432\u043b\u0435\u043d\u0438\u044f \u0442\u043a\u0430\u043d\u0435\u0439 \u043f\u043e\u0447\u0435\u043a \u0438 \u043c\u043e\u0447\u0435\u0432\u044b\u0432\u043e\u0434\u044f\u0449\u0438\u0445 \u043f\u0443\u0442\u0435\u0439.<\/li>\n<li>\u0421\u043f\u0430\u0437\u043c\u043e\u043b\u0438\u0442\u0438\u0447\u0435\u0441\u043a\u043e\u0435 \u0434\u0435\u0439\u0441\u0442\u0432\u0438\u0435.<\/li>\n<li>\u0410\u043d\u0430\u043b\u044c\u0433\u0435\u0437\u0438\u0440\u0443\u044e\u0449\u0435\u0435 \u0434\u0435\u0439\u0441\u0442\u0432\u0438\u0435.<\/li>\n<li>\u041f\u0440\u043e\u0442\u0438\u0432\u043e\u0432\u043e\u0441\u043f\u0430\u043b\u0438\u0442\u0435\u043b\u044c\u043d\u043e\u0435 \u0434\u0435\u0439\u0441\u0442\u0432\u0438\u0435.<\/li>\n<li>\u041f\u0440\u0435\u0434\u043e\u0442\u0432\u0440\u0430\u0449\u0430\u0435\u0442 \u0441\u043a\u043b\u0435\u0440\u043e\u0442\u0438\u0447\u0435\u0441\u043a\u0438\u0435 \u043f\u043e\u0440\u0430\u0436\u0435\u043d\u0438\u044f.<\/li>\n<\/ul>\n<p>\u0420\u0435\u043a\u043e\u043c\u0435\u043d\u0434\u0443\u0435\u0442\u0441\u044f \u043d\u0430\u043d\u043e\u0441\u0438\u0442\u044c \u043d\u0430 \u0431\u0438\u043e\u043b\u043e\u0433\u0438\u0447\u0435\u0441\u043a\u0438 \u0430\u043a\u0442\u0438\u0432\u043d\u044b\u0435 \u0442\u043e\u0447\u043a\u0438 \u0438 \u0437\u043e\u043d\u044b.<\/p>\n<div class=\"su-spoiler su-spoiler-style-defoult su-spoiler-icon-caret su-spoiler-closed\" data-scroll-offset=\"0\" data-anchor-in-url=\"no\"><div class=\"su-spoiler-title\" tabindex=\"0\" role=\"button\"><span class=\"su-spoiler-icon\"><\/span>\u0412\u0441\u0435<\/div><div class=\"su-spoiler-content su-u-clearfix su-u-trim\">\n<p>\u041e\u0431\u043b\u0443\u0447\u0435\u043d\u0438\u0435 \u0440\u0435\u043a\u043e\u043c\u0435\u043d\u0434\u0443\u0435\u0442\u0441\u044f \u0434\u043b\u044f \u043f\u0440\u043e\u0444\u0438\u043b\u0430\u043a\u0442\u0438\u043a\u0438 \u0438 \u0434\u043e\u043f\u043e\u043b\u043d\u0438\u0442\u0435\u043b\u044c\u043d\u043e\u0433\u043e \u043b\u0435\u0447\u0435\u043d\u0438\u044f \u0441\u043b\u0435\u0434\u0443\u044e\u0449\u0438\u0445 \u0437\u0430\u0431\u043e\u043b\u0435\u0432\u0430\u043d\u0438\u0439:<\/p>\n<ul>\n<li>\u041e\u0441\u0442\u0440\u043e\u0435 \u0438 \u0445\u0440\u043e\u043d\u0438\u0447\u0435\u0441\u043a\u043e\u0435 \u0432\u043e\u0441\u043f\u0430\u043b\u0435\u043d\u0438\u0435 \u043f\u043e\u0447\u0435\u043a, \u0432\u043e\u0441\u043f\u0430\u043b\u0435\u043d\u0438\u0435 \u043c\u043e\u0447\u0435\u0432\u043e\u0433\u043e \u043f\u0443\u0437\u044b\u0440\u044f, \u0432\u043e\u0441\u043f\u0430\u043b\u0438\u0442\u0435\u043b\u044c\u043d\u044b\u0435 \u0437\u0430\u0431\u043e\u043b\u0435\u0432\u0430\u043d\u0438\u044f \u043c\u043e\u0447\u0435\u0432\u044b\u0432\u043e\u0434\u044f\u0449\u0438\u0445 \u043f\u0443\u0442\u0435\u0439,<\/li>\n<li>\u043d\u0430\u0440\u0443\u0448\u0435\u043d\u0438\u044f \u043e\u0431\u043c\u0435\u043d\u0430 \u0432\u0435\u0449\u0435\u0441\u0442\u0432 (\u0432 \u0442\u043e\u043c \u0447\u0438\u0441\u043b\u0435 \u043e\u0431\u0440\u0430\u0437\u043e\u0432\u0430\u043d\u0438\u0435 \u043a\u0430\u043c\u043d\u0435\u0439 \u0432 \u043f\u043e\u0447\u043a\u0430\u0445),<\/li>\n<li>\u043f\u0440\u0438 \u0430\u0443\u0442\u043e\u0438\u043c\u043c\u0443\u043d\u043d\u044b\u0445 \u0437\u0430\u0431\u043e\u043b\u0435\u0432\u0430\u043d\u0438\u044f\u0445 - \u043a\u043e\u0433\u0434\u0430 \u043f\u043e\u0440\u0430\u0436\u0430\u044e\u0442\u0441\u044f \u043f\u043e\u0447\u043a\u0438, \u0438 \u043f\u0440\u0438 \u0430\u0443\u0442\u043e\u0438\u043c\u043c\u0443\u043d\u043d\u044b\u0445 \u0437\u0430\u0431\u043e\u043b\u0435\u0432\u0430\u043d\u0438\u044f\u0445 \u043f\u043e\u0447\u0435\u043a,<\/li>\n<li>\u043f\u0440\u0438 \u0437\u0430\u0431\u043e\u043b\u0435\u0432\u0430\u043d\u0438\u044f\u0445 \u043f\u043e\u0447\u0435\u043a, \u0432\u044b\u0437\u0432\u0430\u043d\u043d\u044b\u0445 \u0442\u043e\u043a\u0441\u0438\u0447\u043d\u044b\u043c\u0438 \u0432\u0435\u0449\u0435\u0441\u0442\u0432\u0430\u043c\u0438<\/li>\n<\/ul>\n<\/div><\/div>","protected":false},"excerpt":{"rendered":"<p>Eg\u00e9szs\u00e9ges vese sug\u00e1rz\u00f3 15 sz. A sug\u00e1rz\u00f3 m\u0171k\u00f6d\u00e9si ideje 11 perc Megfelel a vesesz\u00f6vet \u00e9s a h\u00fagyutak frekvenci\u00e1j\u00e1nak. Alkalmaz\u00e1sa javasolt a vesebetegs\u00e9gek \u00e9s a h\u00fagyutak megbeteged\u00e9seinek megel\u0151z\u00e9s\u00e9ben \u00e9s kieg\u00e9sz\u00edt\u0151 kezel\u00e9s\u00e9ben Jav\u00edtja a nefronok (a vese funkcion\u00e1lis egys\u00e9geinek) \u00e9s a h\u00fagyutak v\u00e9rkering\u00e9s\u00e9t \u00e9s anyagcsere folyamatait. Jav\u00edtja a vese reabszorbci\u00f3s, filtr\u00e1ci\u00f3s, szintetikus, ionszab\u00e1lyz\u00f3, m\u00e9regtelen\u00edt\u0151 \u00e9s metabolikus folyamatait. [&hellip;]<\/p>\n","protected":false},"featured_media":4721,"comment_status":"open","ping_status":"closed","template":"","meta":[],"product_brand":[],"product_cat":[35,32],"product_tag":[],"class_list":{"0":"post-4722","1":"product","2":"type-product","3":"status-publish","4":"has-post-thumbnail","6":"product_cat-csatlakoztathato-jeladok","7":"product_cat-triomed","9":"first","10":"instock","11":"taxable","12":"shipping-taxable","13":"purchasable","14":"product-type-simple"},"_links":{"self":[{"href":"https:\/\/vetomshop.hu\/ru\/wp-json\/wp\/v2\/product\/4722","targetHints":{"allow":["GET"]}}],"collection":[{"href":"https:\/\/vetomshop.hu\/ru\/wp-json\/wp\/v2\/product"}],"about":[{"href":"https:\/\/vetomshop.hu\/ru\/wp-json\/wp\/v2\/types\/product"}],"replies":[{"embeddable":true,"href":"https:\/\/vetomshop.hu\/ru\/wp-json\/wp\/v2\/comments?post=4722"}],"wp:featuredmedia":[{"embeddable":true,"href":"https:\/\/vetomshop.hu\/ru\/wp-json\/wp\/v2\/media\/4721"}],"wp:attachment":[{"href":"https:\/\/vetomshop.hu\/ru\/wp-json\/wp\/v2\/media?parent=4722"}],"wp:term":[{"taxonomy":"product_brand","embeddable":true,"href":"https:\/\/vetomshop.hu\/ru\/wp-json\/wp\/v2\/product_brand?post=4722"},{"taxonomy":"product_cat","embeddable":true,"href":"https:\/\/vetomshop.hu\/ru\/wp-json\/wp\/v2\/product_cat?post=4722"},{"taxonomy":"product_tag","embeddable":true,"href":"https:\/\/vetomshop.hu\/ru\/wp-json\/wp\/v2\/product_tag?post=4722"}],"curies":[{"name":"wp","href":"https:\/\/api.w.org\/{rel}","templated":true}]}}