{"id":4726,"date":"2023-11-11T14:33:58","date_gmt":"2023-11-11T13:33:58","guid":{"rendered":"https:\/\/vetomshop.hu\/termek\/infravoros-jelado\/"},"modified":"2023-11-11T14:33:58","modified_gmt":"2023-11-11T13:33:58","slug":"infravoros-jelado","status":"publish","type":"product","link":"https:\/\/vetomshop.hu\/ru\/product\/infravoros-jelado\/","title":{"rendered":"\u0418\u043d\u0444\u0440\u0430\u043a\u0440\u0430\u0441\u043d\u044b\u0439 \u043c\u0430\u044f\u043a"},"content":{"rendered":"<h4>\u0418\u043d\u0444\u0440\u0430\u043a\u0440\u0430\u0441\u043d\u044b\u0439 \u0438\u0437\u043b\u0443\u0447\u0430\u0442\u0435\u043b\u044c IV<\/h4>\n<p>\u0418\u043d\u0444\u0440\u0430\u043a\u0440\u0430\u0441\u043d\u043e\u0435 \u0438\u0437\u043b\u0443\u0447\u0435\u043d\u0438\u0435 (\u0418\u0418) - \u044d\u043b\u0435\u043a\u0442\u0440\u043e\u043c\u0430\u0433\u043d\u0438\u0442\u043d\u043e\u0435 \u0438\u0437\u043b\u0443\u0447\u0435\u043d\u0438\u0435, \u0432\u0445\u043e\u0434\u044f\u0449\u0435\u0435 \u0432 \u0441\u043e\u0441\u0442\u0430\u0432 \u0441\u043e\u043b\u043d\u0435\u0447\u043d\u044b\u0445 \u043b\u0443\u0447\u0435\u0439. \u0418\u0412-\u043b\u0443\u0447\u0438 \u043e\u043a\u0430\u0437\u044b\u0432\u0430\u044e\u0442 \u043f\u0440\u043e\u0442\u0438\u0432\u043e\u0432\u043e\u0441\u043f\u0430\u043b\u0438\u0442\u0435\u043b\u044c\u043d\u043e\u0435, \u0441\u043f\u0430\u0437\u043c\u043e\u043b\u0438\u0442\u0438\u0447\u0435\u0441\u043a\u043e\u0435, \u0440\u0430\u0441\u0441\u0435\u0438\u0432\u0430\u044e\u0449\u0435\u0435 (\u0430\u0431\u0441\u043e\u0440\u0431\u0438\u0440\u0443\u044e\u0449\u0435\u0435), \u043e\u0431\u0435\u0437\u0431\u043e\u043b\u0438\u0432\u0430\u044e\u0449\u0435\u0435 \u0434\u0435\u0439\u0441\u0442\u0432\u0438\u0435.<\/p>\n<p><strong>\u041f\u0440\u0435\u0438\u043c\u0443\u0449\u0435\u0441\u0442\u0432\u0430 \u0440\u0430\u0434\u0438\u0430\u0442\u043e\u0440\u0430 Triomed Universal IV:<\/strong><\/p>\n<p>\u0411\u043b\u0430\u0433\u043e\u0434\u0430\u0440\u044f \u043d\u043e\u0432\u044b\u043c \u043c\u0430\u0442\u0435\u0440\u0438\u0430\u043b\u0430\u043c \u0438 \u0442\u0435\u0445\u043d\u043e\u043b\u043e\u0433\u0438\u044f\u043c \u043d\u0430\u043c \u0443\u0434\u0430\u043b\u043e\u0441\u044c \u0441\u043e\u0437\u0434\u0430\u0442\u044c \u043d\u0438\u0437\u043a\u043e\u0438\u043d\u0442\u0435\u043d\u0441\u0438\u0432\u043d\u044b\u0439 \u0438\u043c\u043f\u0443\u043b\u044c\u0441\u043d\u044b\u0439 \u0438\u0441\u0442\u043e\u0447\u043d\u0438\u043a IV \u0438\u0437\u043b\u0443\u0447\u0435\u043d\u0438\u044f \u043c\u043e\u0434\u0443\u043b\u0438\u0440\u043e\u0432\u0430\u043d\u043d\u043e\u0433\u043e \u0434\u0435\u0439\u0441\u0442\u0432\u0438\u044f, \u0440\u0430\u0431\u043e\u0442\u0430\u044e\u0449\u0438\u0439 \u043f\u043e \u043e\u043f\u0440\u0435\u0434\u0435\u043b\u0435\u043d\u043d\u043e\u0439 \u043f\u0440\u043e\u0433\u0440\u0430\u043c\u043c\u0435, \u0441 \u043f\u043e\u043c\u043e\u0449\u044c\u044e \u043a\u043e\u0442\u043e\u0440\u043e\u0433\u043e \u043c\u043e\u0436\u043d\u043e \u043e\u043a\u0430\u0437\u044b\u0432\u0430\u0442\u044c \u044d\u043d\u0435\u0440\u0433\u043e\u0438\u043d\u0444\u043e\u0440\u043c\u0430\u0446\u0438\u043e\u043d\u043d\u043e\u0435 \u0432\u043e\u0437\u0434\u0435\u0439\u0441\u0442\u0432\u0438\u0435 \u0432 \u043f\u0435\u0440\u0432\u0443\u044e \u043e\u0447\u0435\u0440\u0435\u0434\u044c \u043d\u0430 \u043a\u043b\u0435\u0442\u043e\u0447\u043d\u043e\u043c \u0443\u0440\u043e\u0432\u043d\u0435 - \u0438 \u043d\u0430 \u0443\u0440\u043e\u0432\u043d\u0435 \u0441\u043e\u0441\u0442\u0430\u0432\u043b\u044f\u044e\u0449\u0438\u0445 \u043a\u043b\u0435\u0442\u043a\u0438.<\/p>\n<p>\u041e\u043d \u043e\u0431\u0435\u0441\u043f\u0435\u0447\u0438\u0432\u0430\u0435\u0442 \u043a\u043b\u0435\u0442\u043a\u0443 \u044d\u043d\u0435\u0440\u0433\u0438\u0435\u0439 \u0431\u043b\u0430\u0433\u043e\u0434\u0430\u0440\u044f \u0440\u0435\u0437\u043e\u043d\u0430\u043d\u0441\u0443, \u043a\u043e\u0442\u043e\u0440\u044b\u0439 \u0430\u043a\u0442\u0438\u0432\u0438\u0437\u0438\u0440\u0443\u0435\u0442 \u043c\u0435\u0442\u0430\u0431\u043e\u043b\u0438\u0447\u0435\u0441\u043a\u0438\u0435 \u043f\u0440\u043e\u0446\u0435\u0441\u0441\u044b \u0438 \u043f\u043e\u0432\u044b\u0448\u0430\u0435\u0442 \u0443\u0440\u043e\u0432\u0435\u043d\u044c \u044d\u043d\u0435\u0440\u0433\u0438\u0438 \u043f\u0440\u0438 \u043d\u0435\u0434\u043e\u0441\u0442\u0430\u0442\u043a\u0435 \u043a\u0438\u0441\u043b\u043e\u0440\u043e\u0434\u0430.<br \/>\n\u042d\u0442\u0438 \u043f\u0440\u043e\u0446\u0435\u0441\u0441\u044b, \u043f\u043e\u043c\u0438\u043c\u043e \u0442\u043e\u0433\u043e, \u0447\u0442\u043e \u0441\u0430\u043c\u0438 \u043f\u043e \u0441\u0435\u0431\u0435 \u044f\u0432\u043b\u044f\u044e\u0442\u0441\u044f \u043f\u043e\u043b\u043e\u0436\u0438\u0442\u0435\u043b\u044c\u043d\u044b\u043c\u0438, \u043f\u043e\u043c\u043e\u0433\u0430\u044e\u0442 \u043e\u0440\u0433\u0430\u043d\u0438\u0437\u043c\u0443 \u0434\u043e\u0432\u0435\u0441\u0442\u0438 \u0442\u0435\u0440\u0430\u043f\u0438\u044e \u0434\u043e \u043c\u0438\u043b\u043b\u0438\u043c\u0435\u0442\u0440\u0430 \u0438 \u0432\u043e \u043c\u043d\u043e\u0433\u0438\u0445 \u0441\u043b\u0443\u0447\u0430\u044f\u0445 \u043f\u043e\u0432\u044b\u0448\u0430\u044e\u0442 \u0435\u0435 \u044d\u0444\u0444\u0435\u043a\u0442\u0438\u0432\u043d\u043e\u0441\u0442\u044c.<\/p>\n<p>\u041f\u0440\u0438\u043c\u0435\u043d\u0435\u043d\u0438\u0435 \u0432\u043d\u0443\u0442\u0440\u0438\u0432\u0435\u043d\u043d\u043e\u0439 \u043b\u0443\u0447\u0435\u0432\u043e\u0439 \u0442\u0435\u0440\u0430\u043f\u0438\u0438 \u043f\u043e\u043a\u0430\u0437\u0430\u043d\u043e \u043f\u0440\u0438: \u0445\u0440\u043e\u043d\u0438\u0447\u0435\u0441\u043a\u0438\u0445 \u0438 \u043f\u043e\u0441\u043b\u0435\u043e\u0441\u0442\u0440\u044b\u0445 (\u043f\u043e\u0434\u043e\u0441\u0442\u0440\u044b\u0445) \u043d\u0435\u0433\u043d\u043e\u0439\u043d\u044b\u0445 \u0432\u043e\u0441\u043f\u0430\u043b\u0438\u0442\u0435\u043b\u044c\u043d\u044b\u0445 \u0437\u0430\u0431\u043e\u043b\u0435\u0432\u0430\u043d\u0438\u044f\u0445 \u0432\u043d\u0443\u0442\u0440\u0435\u043d\u043d\u0438\u0445 \u043e\u0440\u0433\u0430\u043d\u043e\u0432, \u043f\u043b\u043e\u0445\u043e \u0437\u0430\u0436\u0438\u0432\u0430\u044e\u0449\u0438\u0445 \u0440\u0430\u043d\u0430\u0445 \u0438 \u0440\u0430\u043d\u0430\u0445, \u0432\u044b\u0437\u0432\u0430\u043d\u043d\u044b\u0445 \u0442\u0440\u043e\u043c\u0431\u043e\u0437\u043e\u043c, \u0431\u043e\u043b\u0435\u0437\u043d\u0435\u043d\u043d\u044b\u0445 \u0437\u0430\u0431\u043e\u043b\u0435\u0432\u0430\u043d\u0438\u044f\u0445 \u043f\u0435\u0440\u0438\u0444\u0435\u0440\u0438\u0447\u0435\u0441\u043a\u043e\u0439 \u043d\u0435\u0440\u0432\u043d\u043e\u0439 \u0441\u0438\u0441\u0442\u0435\u043c\u044b, \u043f\u043e\u0441\u043b\u0435\u043e\u043f\u0435\u0440\u0430\u0446\u0438\u043e\u043d\u043d\u043e\u043c \u043b\u0435\u0447\u0435\u043d\u0438\u0438 \u043e\u0436\u043e\u0433\u043e\u0432 \u0438 \u043e\u0431\u043c\u043e\u0440\u043e\u0436\u0435\u043d\u0438\u0439, \u0432\u0435\u0433\u0435\u0442\u0430\u0442\u0438\u0432\u043d\u043e\u0439 \u0434\u0438\u0441\u0444\u0443\u043d\u043a\u0446\u0438\u0438, \u0441\u0438\u043c\u043f\u0430\u0442\u0430\u043b\u0433\u0438\u044f\u0445.<\/p>\n<p>\u041f\u0440\u043e\u0442\u0438\u0432\u043e\u043f\u043e\u043a\u0430\u0437\u0430\u043d\u0438\u044f \u043a \u043f\u0440\u0438\u043c\u0435\u043d\u0435\u043d\u0438\u044e IV \u043b\u0443\u0447\u0435\u0432\u043e\u0439 \u0442\u0435\u0440\u0430\u043f\u0438\u0438: \u0434\u043e\u0431\u0440\u043e\u043a\u0430\u0447\u0435\u0441\u0442\u0432\u0435\u043d\u043d\u044b\u0435 \u0438\u043b\u0438 \u0437\u043b\u043e\u043a\u0430\u0447\u0435\u0441\u0442\u0432\u0435\u043d\u043d\u044b\u0435 \u043d\u043e\u0432\u043e\u043e\u0431\u0440\u0430\u0437\u043e\u0432\u0430\u043d\u0438\u044f, \u0430\u043a\u0442\u0438\u0432\u043d\u0430\u044f \u0444\u0430\u0437\u0430 \u0442\u0443\u0431\u0435\u0440\u043a\u0443\u043b\u0435\u0437\u0430, \u0433\u0438\u043f\u0435\u0440\u0442\u043e\u043d\u0438\u044f III \u0441\u0442\u0430\u0434\u0438\u0438, \u043a\u0440\u043e\u0432\u043e\u0442\u0435\u0447\u0435\u043d\u0438\u044f \u0438 \u043d\u0430\u0440\u0443\u0448\u0435\u043d\u0438\u044f \u043a\u0440\u043e\u0432\u043e\u043e\u0431\u0440\u0430\u0449\u0435\u043d\u0438\u044f IIIII \u0441\u0442\u0435\u043f\u0435\u043d\u0438.<\/p>\n<div class=\"su-spoiler su-spoiler-style-defoult su-spoiler-icon-caret su-spoiler-closed\" data-scroll-offset=\"0\" data-anchor-in-url=\"no\"><div class=\"su-spoiler-title\" tabindex=\"0\" role=\"button\"><span class=\"su-spoiler-icon\"><\/span>\u0412\u0441\u0435<\/div><div class=\"su-spoiler-content su-u-clearfix su-u-trim\"><strong>\u041e\u0441\u043d\u043e\u0432\u043d\u044b\u0435 \u043a\u043b\u0438\u043d\u0438\u0447\u0435\u0441\u043a\u0438\u0435 \u044d\u0444\u0444\u0435\u043a\u0442\u044b \u043e\u0431\u043b\u0443\u0447\u0430\u0442\u0435\u043b\u044f Triomed Universal IV:<\/strong><\/p>\n<ul>\n<li>\u0443\u043b\u0443\u0447\u0448\u0430\u0435\u0442 \u043a\u0440\u043e\u0432\u043e\u043e\u0431\u0440\u0430\u0449\u0435\u043d\u0438\u0435,<\/li>\n<li>\u043d\u043e\u0440\u043c\u0430\u043b\u0438\u0437\u0443\u0435\u0442 \u043c\u0438\u043a\u0440\u043e\u0446\u0438\u0440\u043a\u0443\u043b\u044f\u0446\u0438\u044e,<\/li>\n<li>\u043e\u043f\u0442\u0438\u043c\u0438\u0437\u0438\u0440\u0443\u0435\u0442 \u0434\u0435\u044f\u0442\u0435\u043b\u044c\u043d\u043e\u0441\u0442\u044c \u043d\u0435\u0440\u0432\u043d\u043e\u0439, \u0433\u043e\u0440\u043c\u043e\u043d\u0430\u043b\u044c\u043d\u043e\u0439 \u0438 \u0438\u043c\u043c\u0443\u043d\u043d\u043e\u0439 \u0441\u0438\u0441\u0442\u0435\u043c,<\/li>\n<li>\u0441\u043f\u043e\u0441\u043e\u0431\u0441\u0442\u0432\u0443\u0435\u0442 \u0440\u0435\u0433\u0435\u043d\u0435\u0440\u0430\u0446\u0438\u0438 \u043a\u043b\u0435\u0442\u043e\u043a.<\/li>\n<\/ul>\n<p><strong>\u041a\u0430\u043a \u0438\u0441\u043f\u043e\u043b\u044c\u0437\u043e\u0432\u0430\u0442\u044c:<\/strong><\/p>\n<ul>\n<li>\u0418\u043d\u0444\u0440\u0430\u043a\u0440\u0430\u0441\u043d\u044b\u0439 \u0434\u0438\u043e\u0434 \u0438\u0441\u043f\u043e\u043b\u044c\u0437\u0443\u0435\u0442\u0441\u044f \u0434\u043b\u044f \u0432\u043e\u0437\u0434\u0435\u0439\u0441\u0442\u0432\u0438\u044f \u043d\u0430 \u0442\u043e\u0447\u043a\u0438 \u0438 \u0437\u043e\u043d\u044b, \u043a\u043e\u0442\u043e\u0440\u044b\u0435 \u043d\u0435\u043e\u0431\u0445\u043e\u0434\u0438\u043c\u043e \u043f\u043e\u0434\u0433\u043e\u0442\u043e\u0432\u0438\u0442\u044c, \u0438\u043b\u0438 \u201e\u0440\u0430\u0437\u043e\u0433\u0440\u0435\u0442\u044c\u201d, \u043f\u0435\u0440\u0435\u0434 \u0441\u043f\u0435\u0446\u0438\u0430\u043b\u044c\u043d\u043e\u0439 \u043c\u0438\u043b\u043b\u0438\u043c\u0435\u0442\u0440\u043e\u0432\u043e\u0439 \u043f\u0440\u043e\u0446\u0435\u0434\u0443\u0440\u043e\u0439. \u041f\u0440\u043e\u0446\u0435\u0434\u0443\u0440\u0430 \u0437\u0430\u043d\u0438\u043c\u0430\u0435\u0442 5 \u043c\u0438\u043d\u0443\u0442 \u043d\u0430 \u043a\u0430\u0436\u0434\u0443\u044e \u0437\u043e\u043d\u0443.<\/li>\n<li>\u0415\u0433\u043e \u043c\u043e\u0436\u043d\u043e \u0438\u0441\u043f\u043e\u043b\u044c\u0437\u043e\u0432\u0430\u0442\u044c \u0434\u043b\u044f \u0440\u0430\u0441\u0441\u0430\u0441\u044b\u0432\u0430\u043d\u0438\u044f \u0440\u0443\u0431\u0446\u043e\u0432 \u043f\u043e 10 \u043c\u0438\u043d\u0443\u0442 \u0432 \u0434\u0435\u043d\u044c \u0432 \u0442\u0435\u0447\u0435\u043d\u0438\u0435 2 \u043d\u0435\u0434\u0435\u043b\u044c.<\/li>\n<li>\u0414\u043b\u044f \u043b\u0435\u0447\u0435\u043d\u0438\u044f \u0445\u0440\u043e\u043d\u0438\u0447\u0435\u0441\u043a\u0438\u0445, \u043c\u0435\u0434\u043b\u0435\u043d\u043d\u043e \u043f\u0440\u043e\u0442\u0435\u043a\u0430\u044e\u0449\u0438\u0445 \u0432\u043e\u0441\u043f\u0430\u043b\u0438\u0442\u0435\u043b\u044c\u043d\u044b\u0445 \u0437\u0430\u0431\u043e\u043b\u0435\u0432\u0430\u043d\u0438\u0439 (\u043d\u0430 \u043e\u0447\u0430\u0433 \u0437\u0430\u0431\u043e\u043b\u0435\u0432\u0430\u043d\u0438\u044f). \u041f\u0440\u043e\u0446\u0435\u0434\u0443\u0440\u0430 \u0434\u043b\u0438\u0442\u0441\u044f 10 \u043c\u0438\u043d\u0443\u0442, \u043d\u0430\u043d\u043e\u0441\u0438\u0442\u0441\u044f \u043d\u0430 \u043f\u043e\u0440\u0430\u0436\u0435\u043d\u043d\u044b\u0439 \u043e\u0440\u0433\u0430\u043d, \u0432 \u0442\u0435\u0447\u0435\u043d\u0438\u0435 2 \u043d\u0435\u0434\u0435\u043b\u044c.<\/li>\n<li>\u041f\u0440\u0438 \u0434\u0438\u0430\u0431\u0435\u0442\u0435 II \u0442\u0438\u043f\u0430 \u0434\u043b\u044f \u043f\u043e\u0432\u044b\u0448\u0435\u043d\u0438\u044f \u0447\u0443\u0432\u0441\u0442\u0432\u0438\u0442\u0435\u043b\u044c\u043d\u043e\u0441\u0442\u0438 \u043a \u0438\u043d\u0441\u0443\u043b\u0438\u043d\u0443 \u0438 \u0441\u0442\u0438\u043c\u0443\u043b\u0438\u0440\u043e\u0432\u0430\u043d\u0438\u044f \u0432\u044b\u0440\u0430\u0431\u043e\u0442\u043a\u0438 \u0438\u043d\u0441\u0443\u043b\u0438\u043d\u0430. \u041e\u0431\u0440\u0430\u0431\u0430\u0442\u044b\u0432\u0430\u0439\u0442\u0435 \u043f\u0440\u043e\u0435\u043a\u0446\u0438\u044e \u043f\u043e\u0434\u0436\u0435\u043b\u0443\u0434\u043e\u0447\u043d\u043e\u0439 \u0436\u0435\u043b\u0435\u0437\u044b \u043f\u043e 5 \u043c\u0438\u043d\u0443\u0442 \u0432 \u0434\u0435\u043d\u044c \u0432 \u0442\u0435\u0447\u0435\u043d\u0438\u0435 2 \u043d\u0435\u0434\u0435\u043b\u044c.<\/li>\n<li>\u0427\u0442\u043e\u0431\u044b \u0441\u043f\u043e\u0441\u043e\u0431\u0441\u0442\u0432\u043e\u0432\u0430\u0442\u044c \u0437\u0430\u0436\u0438\u0432\u043b\u0435\u043d\u0438\u044e \u0440\u0430\u0437\u043b\u0438\u0447\u043d\u044b\u0445 \u0440\u0430\u043d \u0438 \u0442\u0440\u043e\u0444\u0438\u0447\u0435\u0441\u043a\u0438\u0445 \u0440\u0430\u043d\u043e\u043a, \u043f\u0435\u0440\u0435\u0434 \u043c\u0438\u043b\u043b\u0438\u043c\u0435\u0442\u0440\u043e\u0432\u043e\u0439 \u0442\u0435\u0440\u0430\u043f\u0438\u0435\u0439 \u0440\u0435\u043a\u043e\u043c\u0435\u043d\u0434\u0443\u0435\u0442\u0441\u044f \u043e\u0431\u0440\u0430\u0431\u0430\u0442\u044b\u0432\u0430\u0442\u044c \u043e\u0431\u043b\u0430\u0441\u0442\u044c \u0432\u043e\u043a\u0440\u0443\u0433 \u0433\u043b\u0430\u0437 \u0438 \u043e\u0447\u0430\u0433\u0438 \u043e\u043f\u0443\u0445\u043e\u043b\u0435\u0439 \u0432 \u0442\u0435\u0447\u0435\u043d\u0438\u0435 5 \u043c\u0438\u043d\u0443\u0442 \u043d\u0430 \u043f\u0440\u043e\u0442\u044f\u0436\u0435\u043d\u0438\u0438 2 \u043d\u0435\u0434\u0435\u043b\u044c.<\/li>\n<\/ul>\n<\/div><\/div>","protected":false},"excerpt":{"rendered":"<p>Infrav\u00f6r\u00f6s sug\u00e1rz\u00f3 IV Az infrav\u00f6r\u00f6s sug\u00e1rz\u00e1s (IV-sug\u00e1rz\u00e1s) \u2013 elektrom\u00e1gneses sug\u00e1rz\u00e1s, a Nap sugarainak r\u00e9sze. Az IV-sugarak gyullad\u00e1scs\u00f6kkent\u0151, g\u00f6rcsold\u00f3, sz\u00e9toszlat\u00f3 (felsz\u00edv\u00f3d\u00e1st el\u0151seg\u00edt\u0151), f\u00e1jdalomcsillap\u00edt\u00f3 hat\u00e1ssal rendelkeznek. A Triomed Universal k\u00e9sz\u00fcl\u00e9k IV-sug\u00e1rz\u00f3j\u00e1nak el\u0151nyei: Az \u00faj anyagoknak \u00e9s technol\u00f3gi\u00e1knak k\u00f6sz\u00f6nhet\u0151en siker\u00fclt l\u00e9trehozni olyan speci\u00e1lis programban m\u0171k\u00f6d\u0151 alacsony intenzit\u00e1s\u00fa pulz\u00e1l\u00f3, modul\u00e1lt hat\u00e1s\u00fa IV-sug\u00e1rz\u00f3t, mely seg\u00edts\u00e9g\u00e9vel els\u0151sorban energoinform\u00e1ci\u00f3s hat\u00e1st tudunk gyakorolni [&hellip;]<\/p>\n","protected":false},"featured_media":4725,"comment_status":"open","ping_status":"closed","template":"","meta":[],"product_brand":[],"product_cat":[35,32],"product_tag":[],"class_list":{"0":"post-4726","1":"product","2":"type-product","3":"status-publish","4":"has-post-thumbnail","6":"product_cat-csatlakoztathato-jeladok","7":"product_cat-triomed","9":"first","10":"instock","11":"taxable","12":"shipping-taxable","13":"purchasable","14":"product-type-simple"},"_links":{"self":[{"href":"https:\/\/vetomshop.hu\/ru\/wp-json\/wp\/v2\/product\/4726","targetHints":{"allow":["GET"]}}],"collection":[{"href":"https:\/\/vetomshop.hu\/ru\/wp-json\/wp\/v2\/product"}],"about":[{"href":"https:\/\/vetomshop.hu\/ru\/wp-json\/wp\/v2\/types\/product"}],"replies":[{"embeddable":true,"href":"https:\/\/vetomshop.hu\/ru\/wp-json\/wp\/v2\/comments?post=4726"}],"wp:featuredmedia":[{"embeddable":true,"href":"https:\/\/vetomshop.hu\/ru\/wp-json\/wp\/v2\/media\/4725"}],"wp:attachment":[{"href":"https:\/\/vetomshop.hu\/ru\/wp-json\/wp\/v2\/media?parent=4726"}],"wp:term":[{"taxonomy":"product_brand","embeddable":true,"href":"https:\/\/vetomshop.hu\/ru\/wp-json\/wp\/v2\/product_brand?post=4726"},{"taxonomy":"product_cat","embeddable":true,"href":"https:\/\/vetomshop.hu\/ru\/wp-json\/wp\/v2\/product_cat?post=4726"},{"taxonomy":"product_tag","embeddable":true,"href":"https:\/\/vetomshop.hu\/ru\/wp-json\/wp\/v2\/product_tag?post=4726"}],"curies":[{"name":"wp","href":"https:\/\/api.w.org\/{rel}","templated":true}]}}