{"id":4728,"date":"2023-11-11T14:33:58","date_gmt":"2023-11-11T13:33:58","guid":{"rendered":"https:\/\/vetomshop.hu\/termek\/kardiologiai-jelado\/"},"modified":"2023-11-11T14:33:58","modified_gmt":"2023-11-11T13:33:58","slug":"kardiologiai-jelado","status":"publish","type":"product","link":"https:\/\/vetomshop.hu\/ru\/product\/kardiologiai-jelado\/","title":{"rendered":"\u041a\u0430\u0440\u0434\u0438\u043e\u043b\u043e\u0433\u0438\u0447\u0435\u0441\u043a\u0438\u0439 \u043c\u0430\u044f\u043a"},"content":{"rendered":"<h4>\u041a\u0430\u0440\u0434\u0438\u043e\u043b\u043e\u0433\u0438\u0447\u0435\u0441\u043a\u0438\u0439 \u0438\u0437\u043b\u0443\u0447\u0430\u0442\u0435\u043b\u044c \u211612<\/h4>\n<p>\u0412\u0440\u0435\u043c\u044f \u0440\u0430\u0431\u043e\u0442\u044b12 \u043c\u0438\u043d\u0443\u0442.<\/p>\n<p>\u0427\u0430\u0441\u0442\u043e\u0442\u0430 \u043a\u0430\u0440\u0434\u0438\u043e\u043b\u043e\u0433\u0438\u0447\u0435\u0441\u043a\u043e\u0433\u043e \u0438\u0437\u043b\u0443\u0447\u0430\u0442\u0435\u043b\u044f \u0441\u043e\u043e\u0442\u0432\u0435\u0442\u0441\u0442\u0432\u0443\u0435\u0442 \u0447\u0430\u0441\u0442\u043e\u0442\u0435 \u0441\u0435\u0440\u0434\u0435\u0447\u043d\u043e-\u0441\u043e\u0441\u0443\u0434\u0438\u0441\u0442\u043e\u0439 \u0441\u0438\u0441\u0442\u0435\u043c\u044b. \u0415\u0433\u043e \u043c\u043e\u0436\u043d\u043e \u0438\u0441\u043f\u043e\u043b\u044c\u0437\u043e\u0432\u0430\u0442\u044c \u0432 \u043a\u0430\u0447\u0435\u0441\u0442\u0432\u0435 \u0434\u043e\u043f\u043e\u043b\u043d\u0438\u0442\u0435\u043b\u044c\u043d\u043e\u0439 \u0442\u0435\u0440\u0430\u043f\u0438\u0438 \u0438\u043b\u0438 \u0432 \u043f\u0440\u043e\u0444\u0438\u043b\u0430\u043a\u0442\u0438\u0447\u0435\u0441\u043a\u0438\u0445 \u0446\u0435\u043b\u044f\u0445.<\/p>\n<p><strong>\u041e\u043d\u0430 \u0441\u043f\u043e\u0441\u043e\u0431\u0441\u0442\u0432\u0443\u0435\u0442:<\/strong><\/p>\n<ul>\n<li>\u0441\u0435\u0440\u0434\u0435\u0447\u043d\u043e\u0439 \u043c\u044b\u0448\u0446\u044b,<\/li>\n<li>\u0443\u043b\u0443\u0447\u0448\u0435\u043d\u0438\u0435 \u043f\u0440\u043e\u0445\u043e\u0434\u0438\u043c\u043e\u0441\u0442\u0438 \u0441\u0435\u0440\u0434\u0446\u0430,<\/li>\n<li>\u043f\u043e\u043b\u043d\u043e\u0442\u0430 \u0431\u0438\u0435\u043d\u0438\u044f \u0441\u0435\u0440\u0434\u0446\u0430,<\/li>\n<li>\u0434\u043b\u044f \u0443\u0432\u0435\u043b\u0438\u0447\u0435\u043d\u0438\u044f \u0432\u044b\u0431\u0440\u043e\u0441\u0430 \u043a\u0440\u043e\u0432\u0438,<\/li>\n<li>\u0443\u043b\u0443\u0447\u0448\u0430\u044e\u0442 \u043a\u0430\u0447\u0435\u0441\u0442\u0432\u043e \u0440\u0430\u0431\u043e\u0442\u044b \u0441\u0435\u0440\u0434\u0435\u0447\u043d\u043e\u0439 \u043c\u044b\u0448\u0446\u044b,<\/li>\n<li>\u0443\u043b\u0443\u0447\u0448\u0435\u043d\u0438\u0435 \u043c\u0438\u043a\u0440\u043e\u0446\u0438\u0440\u043a\u0443\u043b\u044f\u0446\u0438\u0438,<\/li>\n<li>\u0441\u043d\u0438\u0436\u0435\u043d\u0438\u0435 \u0447\u0430\u0441\u0442\u043e\u0442\u044b \u0432\u0430\u0437\u043e\u0441\u043f\u0430\u0437\u043c\u0430 (\u043a\u043e\u0440\u043e\u043d\u0430\u0440\u043d\u044b\u0445 \u0430\u0440\u0442\u0435\u0440\u0438\u0439).<\/li>\n<\/ul>\n<div class=\"su-spoiler su-spoiler-style-defoult su-spoiler-icon-caret su-spoiler-closed\" data-scroll-offset=\"0\" data-anchor-in-url=\"no\"><div class=\"su-spoiler-title\" tabindex=\"0\" role=\"button\"><span class=\"su-spoiler-icon\"><\/span>\u0412\u0441\u0435<\/div><div class=\"su-spoiler-content su-u-clearfix su-u-trim\">\n<strong>\u0415\u0433\u043e \u043c\u043e\u0436\u043d\u043e \u0438\u0441\u043f\u043e\u043b\u044c\u0437\u043e\u0432\u0430\u0442\u044c \u0432 \u043a\u0430\u0447\u0435\u0441\u0442\u0432\u0435 \u0432\u0441\u043f\u043e\u043c\u043e\u0433\u0430\u0442\u0435\u043b\u044c\u043d\u043e\u0439 \u0442\u0435\u0440\u0430\u043f\u0438\u0438 \u043f\u0440\u0438 \u0441\u043b\u0435\u0434\u0443\u044e\u0449\u0438\u0445 \u0437\u0430\u0431\u043e\u043b\u0435\u0432\u0430\u043d\u0438\u044f\u0445:<\/strong><\/p>\n<ul>\n<li>\u0438\u0448\u0435\u043c\u0438\u0447\u0435\u0441\u043a\u0430\u044f \u0431\u043e\u043b\u0435\u0437\u043d\u044c \u0441\u0435\u0440\u0434\u0446\u0430 (\u0432\u043a\u043b\u044e\u0447\u0430\u044f \u0441\u0442\u0435\u043d\u043e\u043a\u0430\u0440\u0434\u0438\u044e),<\/li>\n<li>\u043f\u0440\u0438 \u043b\u0435\u0447\u0435\u043d\u0438\u0438 \u0441\u0435\u0440\u0434\u0435\u0447\u043d\u043e\u0433\u043e \u043f\u0440\u0438\u0441\u0442\u0443\u043f\u0430,<\/li>\n<li>\u043f\u0440\u0438 \u043d\u0430\u0440\u0443\u0448\u0435\u043d\u0438\u044f\u0445 \u0441\u0435\u0440\u0434\u0435\u0447\u043d\u043e\u0433\u043e \u0440\u0438\u0442\u043c\u0430,<\/li>\n<li>\u043f\u0440\u0438 \u0432\u0441\u0435\u0445 \u0437\u0430\u0431\u043e\u043b\u0435\u0432\u0430\u043d\u0438\u044f\u0445, \u043f\u043e\u0440\u0430\u0436\u0430\u044e\u0449\u0438\u0445 \u0441\u0435\u0440\u0434\u0435\u0447\u043d\u0443\u044e \u043c\u044b\u0448\u0446\u0443 \u0438 \u044d\u043d\u0434\u043e\u043a\u0430\u0440\u0434,<\/li>\n<li>\u0430\u0440\u0442\u0435\u0440\u0438\u0430\u043b\u044c\u043d\u0430\u044f \u0433\u0438\u043f\u0435\u0440\u0442\u0435\u043d\u0437\u0438\u044f (\u0432\u0441\u0435),<\/li>\n<li>\u0445\u043e\u043b\u0435\u0441\u0442\u0435\u0440\u0438\u043d\u0430 \u043d\u0438\u0437\u043a\u043e\u0439 \u043f\u043b\u043e\u0442\u043d\u043e\u0441\u0442\u0438 \u0438 \u0430\u0442\u0435\u0440\u043e\u0441\u043a\u043b\u0435\u0440\u043e\u0437\u0430 \u0441\u043e\u0441\u0443\u0434\u043e\u0432.<\/li>\n<\/ul>\n<\/div><\/div>","protected":false},"excerpt":{"rendered":"<p>Kardiol\u00f3giai sug\u00e1rz\u00f3 \u211612 M\u0171k\u00f6d\u00e9si ideje12 perc. A kardiol\u00f3giai sug\u00e1rz\u00f3 frekvenci\u00e1ja a sz\u00edv- \u00e9s \u00e9rrendszer frekvenci\u00e1j\u00e1nak felel meg. Alkalmazhat\u00f3 kieg\u00e9sz\u00edt\u0151 ter\u00e1piak\u00e9nt, vagy megel\u0151z\u00e9s c\u00e9lj\u00e1b\u00f3l. El\u0151seg\u00edti: a sz\u00edvizom m\u0171k\u00f6d\u00e9s\u00e9t, a sz\u00edv \u00e1tereszt\u0151k\u00e9pess\u00e9g\u00e9nek jav\u00edt\u00e1s\u00e1t, a sz\u00edv dobog\u00e1s\u00e1nak teljess\u00e9g\u00e9t, a v\u00e9rkil\u00f6k\u0151d\u00e9s fokoz\u00e1s\u00e1t, a sz\u00edvizom min\u0151s\u00e9g\u00e9nek jav\u00edt\u00e1s\u00e1t, a mikrokering\u00e9s jav\u00edt\u00e1s\u00e1t, az \u00e9rg\u00f6rcs\u00f6k (sz\u00edvkoszor\u00fa\u00e9r) el\u0151fordul\u00e1s\u00e1nak cs\u00f6kken\u00e9s\u00e9t.<\/p>","protected":false},"featured_media":4727,"comment_status":"open","ping_status":"closed","template":"","meta":[],"product_brand":[],"product_cat":[35,32],"product_tag":[],"class_list":{"0":"post-4728","1":"product","2":"type-product","3":"status-publish","4":"has-post-thumbnail","6":"product_cat-csatlakoztathato-jeladok","7":"product_cat-triomed","9":"first","10":"instock","11":"taxable","12":"shipping-taxable","13":"purchasable","14":"product-type-simple"},"_links":{"self":[{"href":"https:\/\/vetomshop.hu\/ru\/wp-json\/wp\/v2\/product\/4728","targetHints":{"allow":["GET"]}}],"collection":[{"href":"https:\/\/vetomshop.hu\/ru\/wp-json\/wp\/v2\/product"}],"about":[{"href":"https:\/\/vetomshop.hu\/ru\/wp-json\/wp\/v2\/types\/product"}],"replies":[{"embeddable":true,"href":"https:\/\/vetomshop.hu\/ru\/wp-json\/wp\/v2\/comments?post=4728"}],"wp:featuredmedia":[{"embeddable":true,"href":"https:\/\/vetomshop.hu\/ru\/wp-json\/wp\/v2\/media\/4727"}],"wp:attachment":[{"href":"https:\/\/vetomshop.hu\/ru\/wp-json\/wp\/v2\/media?parent=4728"}],"wp:term":[{"taxonomy":"product_brand","embeddable":true,"href":"https:\/\/vetomshop.hu\/ru\/wp-json\/wp\/v2\/product_brand?post=4728"},{"taxonomy":"product_cat","embeddable":true,"href":"https:\/\/vetomshop.hu\/ru\/wp-json\/wp\/v2\/product_cat?post=4728"},{"taxonomy":"product_tag","embeddable":true,"href":"https:\/\/vetomshop.hu\/ru\/wp-json\/wp\/v2\/product_tag?post=4728"}],"curies":[{"name":"wp","href":"https:\/\/api.w.org\/{rel}","templated":true}]}}