{"id":4732,"date":"2023-11-11T14:33:59","date_gmt":"2023-11-11T13:33:59","guid":{"rendered":"https:\/\/vetomshop.hu\/termek\/specialis-111-es-jelado\/"},"modified":"2024-07-31T10:25:20","modified_gmt":"2024-07-31T08:25:20","slug":"specialis-111-es-jelado","status":"publish","type":"product","link":"https:\/\/vetomshop.hu\/ru\/product\/specialis-111-es-jelado\/","title":{"rendered":"\u0421\u043f\u0435\u0446\u0438\u0430\u043b\u044c\u043d\u044b\u0439 \u043c\u0430\u044f\u043a 111"},"content":{"rendered":"<h4>\u0421\u043f\u0435\u0446\u0438\u0430\u043b\u044c\u043d\u044b\u0439 \u0438\u0437\u043b\u0443\u0447\u0430\u0442\u0435\u043b\u044c 111 \u0434\u043b\u044f \u0437\u0430\u043f\u0438\u0441\u0438 \u0438\u043d\u0444\u043e\u0440\u043c\u0430\u0446\u0438\u0438<\/h4>\n<p><strong>\u0412\u0440\u0435\u043c\u044f \u0440\u0430\u0431\u043e\u0442\u044b \u0438\u0437\u043b\u0443\u0447\u0430\u0442\u0435\u043b\u044f:<\/strong> 15 \u043c\u043f<\/p>\n<p>\u0415\u0433\u043e \u0437\u0430\u0434\u0430\u0447\u0430 - \u201e\u0437\u0430\u0445\u0432\u0430\u0442\u0438\u0442\u044c\u201d \u0438\u043d\u0444\u043e\u0440\u043c\u0430\u0446\u0438\u044e (\u0441\u043f\u0435\u043a\u0442\u0440 \u044d\u043b\u0435\u043a\u0442\u0440\u043e\u043c\u0430\u0433\u043d\u0438\u0442\u043d\u044b\u0445 \u0432\u043e\u043b\u043d \u043e\u043f\u0440\u0435\u0434\u0435\u043b\u0435\u043d\u043d\u043e\u0433\u043e \u0434\u0438\u0430\u043f\u0430\u0437\u043e\u043d\u0430) \u0438 \u201e\u043f\u0435\u0440\u0435\u0434\u0430\u0442\u044c\u201d \u0435\u0435 \u0432\u044b\u0431\u0440\u0430\u043d\u043d\u043e\u043c\u0443 \u043d\u043e\u0441\u0438\u0442\u0435\u043b\u044e \u0438\u043d\u0444\u043e\u0440\u043c\u0430\u0446\u0438\u0438 (\u043d\u0430\u043f\u0440\u0438\u043c\u0435\u0440, \u0432\u043e\u0434\u0435) \u0438\u043b\u0438 \u0431\u0438\u043e\u043b\u043e\u0433\u0438\u0447\u0435\u0441\u043a\u0438 \u0430\u043a\u0442\u0438\u0432\u043d\u043e\u0439 \u0437\u043e\u043d\u0435 \u0434\u043b\u044f \u043e\u043f\u0442\u0438\u043c\u0438\u0437\u0430\u0446\u0438\u0438 \u0444\u0443\u043d\u043a\u0446\u0438\u043e\u043d\u0430\u043b\u044c\u043d\u044b\u0445 \u0440\u0435\u0437\u0435\u0440\u0432\u043e\u0432 \u0438 \u043f\u043e\u0432\u044b\u0448\u0435\u043d\u0438\u044f \u0430\u0434\u0430\u043f\u0442\u0430\u0446\u0438\u043e\u043d\u043d\u044b\u0445 \u0432\u043e\u0437\u043c\u043e\u0436\u043d\u043e\u0441\u0442\u0435\u0439 \u043e\u0440\u0433\u0430\u043d\u0438\u0437\u043c\u0430, \u043a\u043e\u0442\u043e\u0440\u044b\u0435 \u043c\u043e\u0433\u0443\u0442 \u0431\u044b\u0442\u044c \u043d\u0430\u0440\u0443\u0448\u0435\u043d\u044b \u0432 \u0440\u0435\u0437\u0443\u043b\u044c\u0442\u0430\u0442\u0435 \u043d\u0435\u0431\u043b\u0430\u0433\u043e\u043f\u0440\u0438\u044f\u0442\u043d\u043e\u0433\u043e \u0432\u043e\u0437\u0434\u0435\u0439\u0441\u0442\u0432\u0438\u044f \u043e\u043a\u0440\u0443\u0436\u0430\u044e\u0449\u0435\u0439 \u0441\u0440\u0435\u0434\u044b, \u0431\u043e\u043b\u0435\u0437\u043d\u0435\u0439 \u0438\u043b\u0438 \u0434\u0440\u0443\u0433\u0438\u0445 \u043f\u0440\u0438\u0447\u0438\u043d.<\/p>\n<p>\u0427\u0442\u043e\u0431\u044b \u201e\u0437\u0430\u043f\u0438\u0441\u0430\u0442\u044c\u201d \u0438\u043d\u0444\u043e\u0440\u043c\u0430\u0446\u0438\u044e, \u043f\u043e\u0434\u043a\u043b\u044e\u0447\u0438\u0442\u0435 111-\u0439 \u0438\u0437\u043b\u0443\u0447\u0430\u0442\u0435\u043b\u044c \u043a Triomed, \u043f\u043e\u0434\u043d\u0435\u0441\u0438\u0442\u0435 \u0435\u0433\u043e \u043f\u043b\u043e\u0441\u043a\u043e\u0439 \u043f\u043e\u0432\u0435\u0440\u0445\u043d\u043e\u0441\u0442\u044c\u044e \u0432\u043f\u043b\u043e\u0442\u043d\u0443\u044e \u043a \u043e\u0431\u044a\u0435\u043a\u0442\u0443 \u0438 \u043d\u0430\u0436\u043c\u0438\u0442\u0435 \u043a\u043d\u043e\u043f\u043a\u0443 \u201e\u0421\u0442\u0430\u0440\u0442\u201d. \u041d\u0430\u0447\u043d\u0435\u0442\u0441\u044f \u043e\u0431\u0440\u0430\u0442\u043d\u044b\u0439 \u043e\u0442\u0441\u0447\u0435\u0442 - 15 \u0441\u0435\u043a\u0443\u043d\u0434. \u0422\u043e\u043b\u044c\u043a\u043e \u043f\u043e \u0438\u0441\u0442\u0435\u0447\u0435\u043d\u0438\u0438 \u0437\u0430\u043f\u0440\u043e\u0433\u0440\u0430\u043c\u043c\u0438\u0440\u043e\u0432\u0430\u043d\u043d\u043e\u0433\u043e \u0432\u0440\u0435\u043c\u0435\u043d\u0438 \u0443\u0431\u0435\u0440\u0438\u0442\u0435 \u0438\u0437\u043b\u0443\u0447\u0430\u0442\u0435\u043b\u044c \u043e\u0442 \u043e\u0431\u044a\u0435\u043a\u0442\u0430. \u0412 \u0442\u0435\u0447\u0435\u043d\u0438\u0435 \u044d\u0442\u043e\u0433\u043e \u0432\u0440\u0435\u043c\u0435\u043d\u0438 \u043d\u0430 \u044d\u043c\u0438\u0442\u0442\u0435\u0440\u0435 \u201e\u0445\u0440\u0430\u043d\u0438\u0442\u0441\u044f\u201d \u0438\u043d\u0444\u043e\u0440\u043c\u0430\u0446\u0438\u044f \u043e\u0431 \u043e\u0431\u044a\u0435\u043a\u0442\u0435, \u043a\u043e\u0442\u043e\u0440\u0430\u044f \u043e\u0441\u0442\u0430\u0435\u0442\u0441\u044f \u043d\u0435\u0438\u0437\u043c\u0435\u043d\u043d\u043e\u0439 \u0434\u043e \u0442\u0435\u0445 \u043f\u043e\u0440, \u043f\u043e\u043a\u0430 \u044d\u043c\u0438\u0442\u0442\u0435\u0440 \u043d\u0435 \u0431\u0443\u0434\u0435\u0442 \u043f\u043e\u0434\u043a\u043b\u044e\u0447\u0435\u043d \u043a \u0438\u0441\u0442\u043e\u0447\u043d\u0438\u043a\u0443 \u043f\u0438\u0442\u0430\u043d\u0438\u044f (\u0434\u043e \u0437\u0430\u043f\u0443\u0441\u043a\u0430 \u043f\u0440\u0438\u0431\u043e\u0440\u0430).<\/p>\n<div class=\"su-spoiler su-spoiler-style-defoult su-spoiler-icon-caret su-spoiler-closed\" data-scroll-offset=\"0\" data-anchor-in-url=\"no\"><div class=\"su-spoiler-title\" tabindex=\"0\" role=\"button\"><span class=\"su-spoiler-icon\"><\/span>\u0412\u0441\u0435<\/div><div class=\"su-spoiler-content su-u-clearfix su-u-trim\">\n\u0427\u0442\u043e\u0431\u044b \u201e\u043f\u0435\u0440\u0435\u0434\u0430\u0442\u044c\u201d \u0438\u043d\u0444\u043e\u0440\u043c\u0430\u0446\u0438\u044e \u0432 \u0432\u043e\u0434\u0443, \u043f\u043e\u0434\u043d\u0435\u0441\u0438\u0442\u0435 \u0438\u0437\u043b\u0443\u0447\u0430\u0442\u0435\u043b\u044c \u043a\u0430\u043a \u043c\u043e\u0436\u043d\u043e \u0431\u043b\u0438\u0436\u0435 \u043a \u0432\u043e\u0434\u0435 (\u0442\u043e\u043b\u0449\u0438\u043d\u0430 \u0441\u0442\u0435\u043a\u043b\u0430 \u043d\u0435 \u0434\u043e\u043b\u0436\u043d\u0430 \u043f\u0440\u0435\u0432\u044b\u0448\u0430\u0442\u044c 2 \u043c\u043c), \u0430 \u043f\u043e\u0432\u0435\u0440\u0445\u043d\u043e\u0441\u0442\u044c \u0432\u043e\u0434\u044b \u0434\u043e\u043b\u0436\u043d\u0430 \u0431\u044b\u0442\u044c \u0432\u044b\u0448\u0435 \u0432\u0435\u0440\u0445\u043d\u0435\u0433\u043e \u043a\u0440\u0430\u044f \u0438\u0437\u043b\u0443\u0447\u0430\u0442\u0435\u043b\u044f. \u0412\u043e\u0434\u0430 \u0434\u043e\u043b\u0436\u043d\u0430 \u0431\u044b\u0442\u044c \u0447\u0438\u0441\u0442\u043e\u0439, \u0431\u0435\u0437 \u0443\u0433\u043b\u0435\u043a\u0438\u0441\u043b\u043e\u0442\u044b \u0438 \u0434\u0440\u0443\u0433\u0438\u0445 \u0434\u043e\u0431\u0430\u0432\u043e\u043a. \u0412\u044b\u043f\u0435\u0439\u0442\u0435 \u043d\u0435\u0441\u043a\u043e\u043b\u044c\u043a\u043e \u0433\u043b\u043e\u0442\u043a\u043e\u0432 \u043f\u0440\u0438\u0433\u043e\u0442\u043e\u0432\u043b\u0435\u043d\u043d\u043e\u0439 \u201e\u0438\u043d\u0444\u043e\u0440\u043c\u0430\u0446\u0438\u043e\u043d\u043d\u043e\u0439\u201d \u0432\u043e\u0434\u044b \u0441\u0440\u0430\u0437\u0443 \u0436\u0435, \u043f\u0440\u0435\u0436\u0434\u0435 \u0447\u0435\u043c \u043f\u0435\u0440\u0435\u043b\u0438\u0432\u0430\u0442\u044c \u0435\u0435 \u0432 \u0434\u0440\u0443\u0433\u0443\u044e \u0435\u043c\u043a\u043e\u0441\u0442\u044c \u0438\u043b\u0438 \u0445\u0440\u0430\u043d\u0438\u0442\u044c \u0432 \u0442\u0435\u0447\u0435\u043d\u0438\u0435 \u0434\u043b\u0438\u0442\u0435\u043b\u044c\u043d\u043e\u0433\u043e \u0432\u0440\u0435\u043c\u0435\u043d\u0438.<\/p>\n<p>\u0415\u0441\u043b\u0438 \u0432\u044b \u0445\u043e\u0442\u0438\u0442\u0435 \u043d\u0430\u0434\u043e\u043b\u0433\u043e \u0441\u043e\u0445\u0440\u0430\u043d\u0438\u0442\u044c \u0438\u0441\u0445\u043e\u0434\u043d\u044b\u0439 \u0441\u0438\u0433\u043d\u0430\u043b, \u0447\u0442\u043e\u0431\u044b \u043f\u0440\u0435\u0434\u043e\u0442\u0432\u0440\u0430\u0442\u0438\u0442\u044c \u0441\u043b\u0443\u0447\u0430\u0439\u043d\u043e\u0435 \u043f\u043e\u0434\u043a\u043b\u044e\u0447\u0435\u043d\u0438\u0435 \u043a Triomed, \u043f\u043e\u043c\u0435\u0442\u044c\u0442\u0435 \u043f\u0435\u0440\u0435\u0434\u0430\u0442\u0447\u0438\u043a \u043e\u0442\u043b\u0438\u0447\u0438\u0442\u0435\u043b\u044c\u043d\u044b\u043c \u0437\u043d\u0430\u043a\u043e\u043c.<br \/>\n<\/div><\/div>","protected":false},"excerpt":{"rendered":"<p>Speci\u00e1lis 111 sz. inform\u00e1ci\u00f3t r\u00f6gz\u00edt\u0151 sug\u00e1rz\u00f3 A sug\u00e1rz\u00f3 m\u0171k\u00f6d\u00e9si ideje: 15 mp Rendeltet\u00e9se: az inform\u00e1ci\u00f3 (az adott tartom\u00e1ny elektrom\u00e1gneses hull\u00e1mspektrum\u00e1nak) \u201er\u00f6gz\u00edt\u00e9se\u201d, valamint \u201e\u00e1tvitele\u201d a kiv\u00e1lasztott inform\u00e1ci\u00f3hordoz\u00f3ra (pl. v\u00edzre) vagy biol\u00f3giailag akt\u00edv z\u00f3n\u00e1ra a funkcion\u00e1lis tartal\u00e9kok optimaliz\u00e1ci\u00f3ja \u00e9s a szervezet adapt\u00e1ci\u00f3s lehet\u0151s\u00e9geinek n\u00f6vel\u00e9se c\u00e9lj\u00e1b\u00f3l, melyek a k\u00f6rnyezet k\u00e1ros hat\u00e1sai, betegs\u00e9g, vagy egy\u00e9b okok miatt s\u00e9r\u00fcltek. Az [&hellip;]<\/p>\n","protected":false},"featured_media":4731,"comment_status":"open","ping_status":"closed","template":"","meta":[],"product_brand":[],"product_cat":[35,32],"product_tag":[],"class_list":{"0":"post-4732","1":"product","2":"type-product","3":"status-publish","4":"has-post-thumbnail","6":"product_cat-csatlakoztathato-jeladok","7":"product_cat-triomed","9":"first","10":"instock","11":"taxable","12":"shipping-taxable","13":"purchasable","14":"product-type-simple"},"_links":{"self":[{"href":"https:\/\/vetomshop.hu\/ru\/wp-json\/wp\/v2\/product\/4732","targetHints":{"allow":["GET"]}}],"collection":[{"href":"https:\/\/vetomshop.hu\/ru\/wp-json\/wp\/v2\/product"}],"about":[{"href":"https:\/\/vetomshop.hu\/ru\/wp-json\/wp\/v2\/types\/product"}],"replies":[{"embeddable":true,"href":"https:\/\/vetomshop.hu\/ru\/wp-json\/wp\/v2\/comments?post=4732"}],"wp:featuredmedia":[{"embeddable":true,"href":"https:\/\/vetomshop.hu\/ru\/wp-json\/wp\/v2\/media\/4731"}],"wp:attachment":[{"href":"https:\/\/vetomshop.hu\/ru\/wp-json\/wp\/v2\/media?parent=4732"}],"wp:term":[{"taxonomy":"product_brand","embeddable":true,"href":"https:\/\/vetomshop.hu\/ru\/wp-json\/wp\/v2\/product_brand?post=4732"},{"taxonomy":"product_cat","embeddable":true,"href":"https:\/\/vetomshop.hu\/ru\/wp-json\/wp\/v2\/product_cat?post=4732"},{"taxonomy":"product_tag","embeddable":true,"href":"https:\/\/vetomshop.hu\/ru\/wp-json\/wp\/v2\/product_tag?post=4732"}],"curies":[{"name":"wp","href":"https:\/\/api.w.org\/{rel}","templated":true}]}}