{"id":4735,"date":"2023-11-11T14:33:59","date_gmt":"2023-11-11T13:33:59","guid":{"rendered":"https:\/\/vetomshop.hu\/termek\/szabalyozo-jelado\/"},"modified":"2025-04-14T17:42:09","modified_gmt":"2025-04-14T15:42:09","slug":"szabalyozo-jelado","status":"publish","type":"product","link":"https:\/\/vetomshop.hu\/ru\/product\/szabalyozo-jelado\/","title":{"rendered":"\u0420\u0435\u0433\u0443\u043b\u0438\u0440\u0443\u044e\u0449\u0438\u0439 \u043f\u0435\u0440\u0435\u0434\u0430\u0442\u0447\u0438\u043a"},"content":{"rendered":"<h4>\u0420\u0435\u0433\u0443\u043b\u0438\u0440\u0443\u044e\u0449\u0438\u0439 \u0440\u0430\u0434\u0438\u0430\u0442\u043e\u0440, \u2116 52.<\/h4>\n<p><strong>\u0412\u0440\u0435\u043c\u044f \u0440\u0430\u0431\u043e\u0442\u044b \u0438\u0437\u043b\u0443\u0447\u0430\u0442\u0435\u043b\u044f<\/strong>: 15 \u043c\u0438\u043d\u0443\u0442<\/p>\n<p>\u0415\u0433\u043e \u0447\u0430\u0441\u0442\u043e\u0442\u0430 \u0441\u043e\u043e\u0442\u0432\u0435\u0442\u0441\u0442\u0432\u0443\u0435\u0442 \u0447\u0430\u0441\u0442\u043e\u0442\u0435 \u0433\u043e\u0440\u043c\u043e\u043d\u0430\u043b\u044c\u043d\u043e\u0439 \u0441\u0438\u0441\u0442\u0435\u043c\u044b.<\/p>\n<p><strong>\u0412\u043e\u0437\u0434\u0435\u0439\u0441\u0442\u0432\u0438\u0435:<\/strong><\/p>\n<ul>\n<li>\u0412\u043e\u0441\u0441\u0442\u0430\u043d\u0430\u0432\u043b\u0438\u0432\u0430\u0435\u0442 \u0433\u043e\u0440\u043c\u043e\u043d\u0430\u043b\u044c\u043d\u0443\u044e \u0441\u0438\u0441\u0442\u0435\u043c\u0443.<\/li>\n<li>\u0412\u043e\u0441\u0441\u0442\u0430\u043d\u0430\u0432\u043b\u0438\u0432\u0430\u0435\u0442 \u0446\u0435\u043d\u0442\u0440\u0430\u043b\u044c\u043d\u0443\u044e, \u043f\u0435\u0440\u0438\u0444\u0435\u0440\u0438\u0447\u0435\u0441\u043a\u0443\u044e \u0438 \u0432\u0435\u0433\u0435\u0442\u0430\u0442\u0438\u0432\u043d\u0443\u044e \u043d\u0435\u0440\u0432\u043d\u044b\u0435 \u0441\u0438\u0441\u0442\u0435\u043c\u044b.<\/li>\n<li>\u0423\u043b\u0443\u0447\u0448\u0430\u0435\u0442 \u0441\u043f\u043e\u0441\u043e\u0431\u043d\u043e\u0441\u0442\u044c \u043d\u0435\u0440\u0432\u043d\u044b\u0445 \u0432\u043e\u043b\u043e\u043a\u043e\u043d \u043f\u0435\u0440\u0435\u0434\u0430\u0432\u0430\u0442\u044c \u0438\u043c\u043f\u0443\u043b\u044c\u0441\u044b.<\/li>\n<li>\u0421\u043f\u043e\u0441\u043e\u0431\u0441\u0442\u0432\u0443\u0435\u0442 \u0440\u0435\u0433\u0435\u043d\u0435\u0440\u0430\u0446\u0438\u0438 \u043d\u0435\u0440\u0432\u043d\u044b\u0445 \u043a\u043b\u0435\u0442\u043e\u043a.<\/li>\n<li>\u041e\u043a\u0430\u0437\u044b\u0432\u0430\u0435\u0442 \u0443\u043a\u0440\u0435\u043f\u043b\u044f\u044e\u0449\u0435\u0435 \u0434\u0435\u0439\u0441\u0442\u0432\u0438\u0435 \u043d\u0430 \u0438\u043c\u043c\u0443\u043d\u043d\u0443\u044e \u0441\u0438\u0441\u0442\u0435\u043c\u0443.<\/li>\n<li>\u041e\u043a\u0430\u0437\u044b\u0432\u0430\u0435\u0442 \u043e\u0431\u0449\u0435\u0435 \u043e\u043c\u043e\u043b\u0430\u0436\u0438\u0432\u0430\u044e\u0449\u0435\u0435 \u0434\u0435\u0439\u0441\u0442\u0432\u0438\u0435.<\/li>\n<li>\u0421\u0442\u0440\u0443\u043a\u0442\u0443\u0440\u0438\u0440\u0443\u0435\u0442 \u0432\u043e\u0434\u0443.<\/li>\n<\/ul>\n<p>\u0420\u0435\u043a\u043e\u043c\u0435\u043d\u0434\u0443\u0435\u043c\u0430\u044f \u043e\u0431\u043b\u0430\u0441\u0442\u044c \u043f\u0440\u0438\u043c\u0435\u043d\u0435\u043d\u0438\u044f: \u043f\u0440\u043e\u0435\u043a\u0446\u0438\u044f \u044d\u043d\u0434\u043e\u043a\u0440\u0438\u043d\u043d\u044b\u0445 \u0436\u0435\u043b\u0435\u0437, \u043f\u0440\u043e\u0435\u043a\u0446\u0438\u044f \u043a\u0440\u0443\u043f\u043d\u044b\u0445 \u043a\u0440\u043e\u0432\u0435\u043d\u043e\u0441\u043d\u044b\u0445 \u0441\u043e\u0441\u0443\u0434\u043e\u0432, 15-14 \u043c\u0438\u043d\u0443\u0442 \u043d\u0430 \u0442\u043e\u0447\u043a\u0443 \u0438\u043b\u0438 \u0437\u043e\u043d\u0443 BAP.<\/p>\n<div class=\"su-spoiler su-spoiler-style-defoult su-spoiler-icon-caret su-spoiler-closed\" data-scroll-offset=\"0\" data-anchor-in-url=\"no\"><div class=\"su-spoiler-title\" tabindex=\"0\" role=\"button\"><span class=\"su-spoiler-icon\"><\/span>\u0412\u0441\u0435<\/div><div class=\"su-spoiler-content su-u-clearfix su-u-trim\">\n<strong>\u041f\u0440\u0438\u043c\u0435\u043d\u0438\u043c\u043e \u043a:<\/strong><\/p>\n<ul>\n<li>\u0434\u043b\u044f \u043b\u0435\u0447\u0435\u043d\u0438\u044f \u0432\u0435\u0433\u0435\u0442\u0430\u0442\u0438\u0432\u043d\u044b\u0445 \u0440\u0430\u0441\u0441\u0442\u0440\u043e\u0439\u0441\u0442\u0432,<\/li>\n<li>\u0434\u043b\u044f \u043a\u043e\u043c\u043f\u043b\u0435\u043a\u0441\u043d\u043e\u0433\u043e \u043b\u0435\u0447\u0435\u043d\u0438\u044f \u044d\u043d\u0434\u043e\u043a\u0440\u0438\u043d\u043d\u043e\u0439 \u0438 \u043d\u0435\u0440\u0432\u043d\u043e\u0439 \u0441\u0438\u0441\u0442\u0435\u043c,<\/li>\n<li>\u0432 \u043d\u0435\u0432\u0440\u043e\u043b\u043e\u0433\u0438\u0438,<\/li>\n<li>\u0432 \u043b\u0435\u0447\u0435\u043d\u0438\u0438 \u0430\u043b\u043b\u0435\u0440\u0433\u0438\u0447\u0435\u0441\u043a\u0438\u0445 \u0437\u0430\u0431\u043e\u043b\u0435\u0432\u0430\u043d\u0438\u0439,<\/li>\n<li>\u0432 \u043a\u043e\u043c\u043f\u043b\u0435\u043a\u0441\u043d\u043e\u043c \u043b\u0435\u0447\u0435\u043d\u0438\u0438 \u0432\u0430\u0440\u0438\u043a\u043e\u0437\u043d\u043e\u0433\u043e \u0440\u0430\u0441\u0448\u0438\u0440\u0435\u043d\u0438\u044f \u0432\u0435\u043d,<\/li>\n<li>\u0432 \u043b\u0435\u0447\u0435\u043d\u0438\u0438 \u0441\u0438\u043d\u0434\u0440\u043e\u043c\u0430 \u0445\u0440\u043e\u043d\u0438\u0447\u0435\u0441\u043a\u043e\u0439 \u0443\u0441\u0442\u0430\u043b\u043e\u0441\u0442\u0438,<\/li>\n<li>\u043a\u043e\u043d\u0442\u0440\u043e\u043b\u0438\u0440\u0443\u0435\u0442 \u0441\u0438\u043c\u043f\u0442\u043e\u043c\u044b \u043c\u0435\u043d\u043e\u043f\u0430\u0443\u0437\u044b \u043a\u0430\u043a \u0443 \u0436\u0435\u043d\u0449\u0438\u043d, \u0442\u0430\u043a \u0438 \u0443 \u043c\u0443\u0436\u0447\u0438\u043d,<\/li>\n<li>\u0434\u043b\u044f \u043a\u043e\u0440\u0440\u0435\u043a\u0446\u0438\u0438 \u043a\u0430\u043b\u044c\u0446\u0438\u0435\u0432\u043e\u0433\u043e \u043e\u0431\u043c\u0435\u043d\u0430, \u043f\u0440\u043e\u0444\u0438\u043b\u0430\u043a\u0442\u0438\u043a\u0438 \u043e\u0441\u0442\u0435\u043e\u043f\u043e\u0440\u043e\u0437\u0430,<\/li>\n<li>\u0434\u043b\u044f \u043a\u043e\u0440\u0440\u0435\u043a\u0446\u0438\u0438 \u0438\u043c\u043c\u0443\u043d\u043d\u043e\u0439 \u0441\u0438\u0441\u0442\u0435\u043c\u044b.<\/li>\n<\/ul>\n<\/div><\/div>","protected":false},"excerpt":{"rendered":"<p>Szab\u00e1lyz\u00f3 sug\u00e1rz\u00f3, 52. sz. A sug\u00e1rz\u00f3 m\u0171k\u00f6d\u00e9si ideje: 15 perc Frekvenci\u00e1ja a hormonrendszer frekvenci\u00e1j\u00e1nak felel meg. Hat\u00e1sa: Helyre\u00e1ll\u00edtja a hormonrendszer m\u0171k\u00f6d\u00e9s\u00e9t. Helyre\u00e1ll\u00edtja a k\u00f6zponti, a perif\u00e9ri\u00e1s, valamint a vegetat\u00edv idegrendszer munk\u00e1j\u00e1t. Jav\u00edtja az idegsz\u00e1lak impulzus-tov\u00e1bb\u00edt\u00f3 k\u00e9pess\u00e9g\u00e9t. El\u0151seg\u00edti az idegsejtek regener\u00e1ci\u00f3j\u00e1t. Immunrendszer er\u0151s\u00edt\u0151 hat\u00e1ssal b\u00edr. \u00c1ltal\u00e1nos fiatal\u00edt\u00f3 hat\u00e1s\u00fa. Struktur\u00e1lja a vizet. Aj\u00e1nlott alkalmaz\u00e1si fel\u00fclet: az endokrin [&hellip;]<\/p>\n","protected":false},"featured_media":4734,"comment_status":"open","ping_status":"closed","template":"","meta":[],"product_brand":[],"product_cat":[35,32],"product_tag":[],"class_list":{"0":"post-4735","1":"product","2":"type-product","3":"status-publish","4":"has-post-thumbnail","6":"product_cat-csatlakoztathato-jeladok","7":"product_cat-triomed","9":"first","10":"instock","11":"taxable","12":"shipping-taxable","13":"purchasable","14":"product-type-simple"},"_links":{"self":[{"href":"https:\/\/vetomshop.hu\/ru\/wp-json\/wp\/v2\/product\/4735","targetHints":{"allow":["GET"]}}],"collection":[{"href":"https:\/\/vetomshop.hu\/ru\/wp-json\/wp\/v2\/product"}],"about":[{"href":"https:\/\/vetomshop.hu\/ru\/wp-json\/wp\/v2\/types\/product"}],"replies":[{"embeddable":true,"href":"https:\/\/vetomshop.hu\/ru\/wp-json\/wp\/v2\/comments?post=4735"}],"wp:featuredmedia":[{"embeddable":true,"href":"https:\/\/vetomshop.hu\/ru\/wp-json\/wp\/v2\/media\/4734"}],"wp:attachment":[{"href":"https:\/\/vetomshop.hu\/ru\/wp-json\/wp\/v2\/media?parent=4735"}],"wp:term":[{"taxonomy":"product_brand","embeddable":true,"href":"https:\/\/vetomshop.hu\/ru\/wp-json\/wp\/v2\/product_brand?post=4735"},{"taxonomy":"product_cat","embeddable":true,"href":"https:\/\/vetomshop.hu\/ru\/wp-json\/wp\/v2\/product_cat?post=4735"},{"taxonomy":"product_tag","embeddable":true,"href":"https:\/\/vetomshop.hu\/ru\/wp-json\/wp\/v2\/product_tag?post=4735"}],"curies":[{"name":"wp","href":"https:\/\/api.w.org\/{rel}","templated":true}]}}