{"id":4737,"date":"2023-11-11T14:33:59","date_gmt":"2023-11-11T13:33:59","guid":{"rendered":"https:\/\/vetomshop.hu\/termek\/trio-men-jelado\/"},"modified":"2023-11-11T14:33:59","modified_gmt":"2023-11-11T13:33:59","slug":"trio-men-jelado","status":"publish","type":"product","link":"https:\/\/vetomshop.hu\/ru\/product\/trio-men-jelado\/","title":{"rendered":"\u0422\u0440\u0438\u043e \u043c\u0443\u0436\u0447\u0438\u043d-\u043c\u0430\u044f\u043a\u043e\u0432"},"content":{"rendered":"<h4>\u0421\u043f\u0435\u0446\u0438\u0430\u043b\u044c\u043d\u044b\u0439 \u0438\u0437\u043b\u0443\u0447\u0430\u0442\u0435\u043b\u044c Trio-men<\/h4>\n<p>\u0414\u043b\u044f \u043c\u0443\u0436\u0447\u0438\u043d - \u2116 23.<\/p>\n<p>\u041f\u043e\u043a\u0430\u0437\u0430\u043d \u0434\u043b\u044f: \u043e\u043f\u0442\u0438\u043c\u0438\u0437\u0430\u0446\u0438\u0438 \u0444\u0443\u043d\u043a\u0446\u0438\u043e\u043d\u0430\u043b\u044c\u043d\u044b\u0445 \u0440\u0435\u0437\u0435\u0440\u0432\u043e\u0432 \u0438 \u0441\u043f\u043e\u0441\u043e\u0431\u043d\u043e\u0441\u0442\u0438 \u043e\u0440\u0433\u0430\u043d\u0438\u0437\u043c\u0430 \u0430\u0434\u0430\u043f\u0442\u0438\u0440\u043e\u0432\u0430\u0442\u044c\u0441\u044f \u043a \u043d\u0435\u0433\u0430\u0442\u0438\u0432\u043d\u044b\u043c \u0432\u043e\u0437\u0434\u0435\u0439\u0441\u0442\u0432\u0438\u044f\u043c \u043e\u043a\u0440\u0443\u0436\u0430\u044e\u0449\u0435\u0439 \u0441\u0440\u0435\u0434\u044b, \u043e\u0431\u0440\u0430\u0437\u0443 \u0436\u0438\u0437\u043d\u0438 \u0438\u043b\u0438 \u0431\u043e\u043b\u0435\u0437\u043d\u0438.<br \/>\n\u041a\u0430\u0442\u0435\u0433\u043e\u0440\u0438\u044f \u0441\u043e\u0442\u0440\u0443\u0434\u043d\u0438\u043a\u043e\u0432: \u043c\u0443\u0436\u0447\u0438\u043d\u044b.<\/p>\n<p><strong>\u0412\u043e\u0437\u0434\u0435\u0439\u0441\u0442\u0432\u0438\u0435:<\/strong> \u043e\u0431\u0449\u0438\u0439 \u0433\u0435\u043d\u0434\u0435\u0440\u043d\u043e-\u0441\u043f\u0435\u0446\u0438\u0444\u0438\u0447\u0435\u0441\u043a\u0438\u0439 \u043f\u043e\u0434\u043a\u0440\u0435\u043f\u043b\u044f\u044e\u0449\u0438\u0439 \u044d\u0444\u0444\u0435\u043a\u0442 (\u043f\u0441\u0438\u0445\u043e\u044d\u043c\u043e\u0446\u0438\u043e\u043d\u0430\u043b\u044c\u043d\u044b\u0439 \u0443\u0440\u043e\u0432\u0435\u043d\u044c, \u043d\u0435\u0439\u0440\u043e\u0433\u0443\u043c\u043e\u0440\u0430\u043b\u044c\u043d\u0430\u044f \u0440\u0435\u0433\u0443\u043b\u044f\u0446\u0438\u044f).<\/p>\n<p><strong>\u041c\u0435\u0445\u0430\u043d\u0438\u0437\u043c \u0434\u0435\u0439\u0441\u0442\u0432\u0438\u044f:<\/strong> \u041f\u0440\u043e\u0433\u0440\u0430\u043c\u043c\u0430 (\u043d\u0435\u0441\u0443\u0449\u0430\u044f \u0447\u0430\u0441\u0442\u043e\u0442\u0430, \u043d\u0438\u0437\u043a\u043e\u0447\u0430\u0441\u0442\u043e\u0442\u043d\u0430\u044f \u043c\u043e\u0434\u0443\u043b\u044f\u0446\u0438\u044f \u0438 \u043f\u0430\u0440\u0430\u043c\u0435\u0442\u0440\u044b \u0430\u043c\u043f\u043b\u0438\u0442\u0443\u0434\u044b) \u0431\u044b\u043b\u0430 \u0441\u043f\u0435\u0446\u0438\u0430\u043b\u044c\u043d\u043e \u0440\u0430\u0437\u0440\u0430\u0431\u043e\u0442\u0430\u043d\u0430 \u0434\u043b\u044f \u043c\u0443\u0436\u0441\u043a\u043e\u0433\u043e \u043e\u0440\u0433\u0430\u043d\u0430, \u0447\u0442\u043e\u0431\u044b \u043f\u043e\u043c\u043e\u0447\u044c \u0435\u043c\u0443 \u043f\u0440\u0438 \u0438\u0441\u043f\u043e\u043b\u044c\u0437\u043e\u0432\u0430\u043d\u0438\u0438 \u0432 \u0441\u0438\u0441\u0442\u0435\u043c\u0435.<\/p>\n<p>\u0418\u0441\u043f\u043e\u043b\u044c\u0437\u0443\u044f Trio-men 23. radiant cure, \u043c\u043e\u0436\u043d\u043e \u043d\u043e\u0440\u043c\u0430\u043b\u0438\u0437\u043e\u0432\u0430\u0442\u044c \u0442\u0440\u043e\u0444\u0438\u0447\u0435\u0441\u043a\u0438\u0435 \u0438 \u043e\u0431\u043c\u0435\u043d\u043d\u044b\u0435 \u043f\u0440\u043e\u0446\u0435\u0441\u0441\u044b \u0432 \u0442\u043a\u0430\u043d\u044f\u0445 \u0438 \u043a\u043b\u0435\u0442\u043a\u0430\u0445, \u0440\u0435\u0433\u0435\u043d\u0435\u0440\u0438\u0440\u043e\u0432\u0430\u0442\u044c \u0438\u0445 \u0441\u0442\u0440\u0443\u043a\u0442\u0443\u0440\u0443, \u0443\u043b\u0443\u0447\u0448\u0438\u0442\u044c \u0444\u0443\u043d\u043a\u0446\u0438\u043e\u043d\u0438\u0440\u043e\u0432\u0430\u043d\u0438\u0435 \u043e\u0440\u0433\u0430\u043d\u0438\u0437\u043c\u0430 \u043a\u0430\u043a \u0441\u0438\u0441\u0442\u0435\u043c\u043d\u043e, \u0442\u0430\u043a \u0438 \u0432 \u0446\u0435\u043b\u043e\u043c, \u043f\u043e\u0432\u044b\u0441\u0438\u0442\u044c \u0441\u043f\u0435\u0446\u0438\u0444\u0438\u0447\u0435\u0441\u043a\u0443\u044e \u0441\u043e\u043f\u0440\u043e\u0442\u0438\u0432\u043b\u044f\u0435\u043c\u043e\u0441\u0442\u044c \u043e\u0440\u0433\u0430\u043d\u0438\u0437\u043c\u0430.<\/p>\n<p>\u041f\u043e\u043b\u043e\u0436\u0438\u0442\u0435\u043b\u044c\u043d\u044b\u0435 \u0440\u0435\u0437\u0443\u043b\u044c\u0442\u0430\u0442\u044b \u043e\u0431\u0443\u0441\u043b\u043e\u0432\u043b\u0435\u043d\u044b \u0431\u0438\u043e\u0440\u0435\u0437\u043e\u043d\u0430\u043d\u0441\u043d\u043e\u0439 \u043e\u0431\u0440\u0430\u0442\u043d\u043e\u0439 \u0441\u0432\u044f\u0437\u044c\u044e \u0441 \u043a\u043b\u0435\u0442\u043a\u0430\u043c\u0438, \u0430\u0442\u043e\u043c\u043d\u043e-\u0444\u0438\u0437\u0438\u043e\u043b\u043e\u0433\u0438\u0447\u0435\u0441\u043a\u043e\u0439 \u0441\u0438\u0441\u0442\u0435\u043c\u043e\u0439 \u0438 \u0441\u0438\u0441\u0442\u0435\u043c\u043e\u0439 \u043d\u0435\u0439\u0440\u043e-\u0433\u0443\u043c\u043e\u0440\u0430\u043b\u044c\u043d\u043e\u0439 \u0440\u0435\u0433\u0443\u043b\u044f\u0446\u0438\u0438, \u0430 \u0442\u0430\u043a\u0436\u0435 \u0430\u043a\u0442\u0438\u0432\u0430\u0446\u0438\u0435\u0439 \u043c\u0435\u0445\u0430\u043d\u0438\u0437\u043c\u0430 \u0430\u0434\u0430\u043f\u0442\u0430\u0446\u0438\u0438 (\u043e\u0431\u0449\u0438\u0439 \u0430\u0434\u0430\u043f\u0442\u0430\u0446\u0438\u043e\u043d\u043d\u044b\u0439 \u0441\u0438\u043d\u0434\u0440\u043e\u043c).<\/p>\n<div class=\"su-spoiler su-spoiler-style-defoult su-spoiler-icon-caret su-spoiler-closed\" data-scroll-offset=\"0\" data-anchor-in-url=\"no\"><div class=\"su-spoiler-title\" tabindex=\"0\" role=\"button\"><span class=\"su-spoiler-icon\"><\/span>\u0412\u0441\u0435<\/div><div class=\"su-spoiler-content su-u-clearfix su-u-trim\">\n<strong>\u0420\u0435\u043a\u043e\u043c\u0435\u043d\u0434\u0443\u0435\u0442\u0441\u044f \u0434\u043b\u044f:<\/strong><\/p>\n<ol>\n<li>\u041f\u0440\u0438 \u0441\u043d\u0438\u0436\u0435\u043d\u0438\u0438 \u0440\u0430\u0431\u043e\u0442\u043e\u0441\u043f\u043e\u0441\u043e\u0431\u043d\u043e\u0441\u0442\u0438 \u0438 \u043f\u043b\u043e\u0445\u043e\u043c \u043d\u0430\u0441\u0442\u0440\u043e\u0435\u043d\u0438\u0438, \u043f\u0441\u0438\u0445\u043e\u044d\u043c\u043e\u0446\u0438\u043e\u043d\u0430\u043b\u044c\u043d\u043e\u0439 \u043d\u0435\u0443\u0441\u0442\u043e\u0439\u0447\u0438\u0432\u043e\u0441\u0442\u0438, \u0431\u0435\u0441\u0441\u043e\u043d\u043d\u0438\u0446\u0435 \u043a\u0430\u043a \u0441\u043b\u0435\u0434\u0441\u0442\u0432\u0438\u0438 \u0445\u0440\u043e\u043d\u0438\u0447\u0435\u0441\u043a\u043e\u0439 \u0443\u0441\u0442\u0430\u043b\u043e\u0441\u0442\u0438.<\/li>\n<li>\u0417\u0430\u0431\u043e\u043b\u0435\u0432\u0430\u043d\u0438\u044f \u043f\u0440\u0435\u0434\u0441\u0442\u0430\u0442\u0435\u043b\u044c\u043d\u043e\u0439 \u0436\u0435\u043b\u0435\u0437\u044b, \u043c\u0443\u0436\u0441\u043a\u0430\u044f \u043c\u0435\u043d\u043e\u043f\u0430\u0443\u0437\u0430.<\/li>\n<li>\u041e\u0431\u044b\u0447\u043d\u044b\u0435 \u043f\u0440\u043e\u0441\u0442\u0443\u0434\u043d\u044b\u0435 \u0437\u0430\u0431\u043e\u043b\u0435\u0432\u0430\u043d\u0438\u044f \u0438 \u0433\u0440\u0438\u043f\u043f.<\/li>\n<li>\u041e\u0431\u0449\u0435\u0435 \u043e\u0441\u043b\u0430\u0431\u043b\u0435\u043d\u0438\u0435 \u0438\u043c\u043c\u0443\u043d\u043d\u043e\u0439 \u0441\u0438\u0441\u0442\u0435\u043c\u044b \u043f\u043e\u0441\u043b\u0435 \u0442\u044f\u0436\u0435\u043b\u044b\u0445 \u0437\u0430\u0431\u043e\u043b\u0435\u0432\u0430\u043d\u0438\u0439, \u0434\u043b\u044f \u0440\u0435\u0430\u0431\u0438\u043b\u0438\u0442\u0430\u0446\u0438\u0438<\/li>\n<\/ol>\n<\/div><\/div>","protected":false},"excerpt":{"rendered":"<p>Speci\u00e1lis Trio-men sug\u00e1rz\u00f3 F\u00e9rfiak sz\u00e1m\u00e1ra, 23. sz. Javallott: a funkcion\u00e1lis tartal\u00e9kok \u00e9s az emberi szervezet adapt\u00e1ci\u00f3s lehet\u0151s\u00e9geinek optimiz\u00e1l\u00e1s\u00e1hoz, melyek a negat\u00edv k\u00f6rnyezeti hat\u00e1sok, \u00e9letm\u00f3d vagy betegs\u00e9g k\u00f6vetkezt\u00e9ben l\u00e9ptek fel. Az alkalmaz\u00f3k kateg\u00f3ri\u00e1ja: f\u00e9rfiak. Hat\u00e1sa: a nemi hovatartoz\u00e1st figyelembe vev\u0151 \u00e1ltal\u00e1nos er\u0151s\u00edt\u0151 hat\u00e1s (pszichoemocion\u00e1lis szint, neurohumor\u00e1lis regul\u00e1ci\u00f3). Hat\u00e1smechanizmus: A program (hordoz\u00f3 frekvencia, alacsony frekvenci\u00e1j\u00fa modul\u00e1ci\u00f3 \u00e9s [&hellip;]<\/p>\n","protected":false},"featured_media":4736,"comment_status":"open","ping_status":"closed","template":"","meta":[],"product_brand":[],"product_cat":[35,32],"product_tag":[],"class_list":{"0":"post-4737","1":"product","2":"type-product","3":"status-publish","4":"has-post-thumbnail","6":"product_cat-csatlakoztathato-jeladok","7":"product_cat-triomed","9":"first","10":"instock","11":"taxable","12":"shipping-taxable","13":"purchasable","14":"product-type-simple"},"_links":{"self":[{"href":"https:\/\/vetomshop.hu\/ru\/wp-json\/wp\/v2\/product\/4737","targetHints":{"allow":["GET"]}}],"collection":[{"href":"https:\/\/vetomshop.hu\/ru\/wp-json\/wp\/v2\/product"}],"about":[{"href":"https:\/\/vetomshop.hu\/ru\/wp-json\/wp\/v2\/types\/product"}],"replies":[{"embeddable":true,"href":"https:\/\/vetomshop.hu\/ru\/wp-json\/wp\/v2\/comments?post=4737"}],"wp:featuredmedia":[{"embeddable":true,"href":"https:\/\/vetomshop.hu\/ru\/wp-json\/wp\/v2\/media\/4736"}],"wp:attachment":[{"href":"https:\/\/vetomshop.hu\/ru\/wp-json\/wp\/v2\/media?parent=4737"}],"wp:term":[{"taxonomy":"product_brand","embeddable":true,"href":"https:\/\/vetomshop.hu\/ru\/wp-json\/wp\/v2\/product_brand?post=4737"},{"taxonomy":"product_cat","embeddable":true,"href":"https:\/\/vetomshop.hu\/ru\/wp-json\/wp\/v2\/product_cat?post=4737"},{"taxonomy":"product_tag","embeddable":true,"href":"https:\/\/vetomshop.hu\/ru\/wp-json\/wp\/v2\/product_tag?post=4737"}],"curies":[{"name":"wp","href":"https:\/\/api.w.org\/{rel}","templated":true}]}}