{"id":4741,"date":"2023-11-11T14:34:00","date_gmt":"2023-11-11T13:34:00","guid":{"rendered":"https:\/\/vetomshop.hu\/termek\/sigma-medal\/"},"modified":"2023-11-11T14:34:00","modified_gmt":"2023-11-11T13:34:00","slug":"sigma-medal","status":"publish","type":"product","link":"https:\/\/vetomshop.hu\/ru\/product\/sigma-medal\/","title":{"rendered":"\u041c\u0435\u0434\u0430\u043b\u044c \u0421\u0438\u0433\u043c\u0430"},"content":{"rendered":"<p>A <strong>\u041c\u0435\u0434\u0430\u043b\u044c \u0437\u0434\u043e\u0440\u043e\u0432\u044c\u044f SIGMA<\/strong> \u0412\u043e\u0441\u0441\u0442\u0430\u043d\u043e\u0432\u043b\u0435\u043d\u0438\u0435 \u043d\u043e\u0440\u043c\u0430\u043b\u044c\u043d\u044b\u0445 \u0444\u0438\u0437\u0438\u043e\u043b\u043e\u0433\u0438\u0447\u0435\u0441\u043a\u0438\u0445 \u043f\u0440\u043e\u0446\u0435\u0441\u0441\u043e\u0432 \u0432 \u0432\u043e\u043b\u043e\u0441\u044f\u043d\u044b\u0445 \u0444\u043e\u043b\u043b\u0438\u043a\u0443\u043b\u0430\u0445, \u043f\u043e\u0432\u044b\u0448\u0435\u043d\u0438\u0435 \u0438\u0445 \u0443\u0441\u0442\u043e\u0439\u0447\u0438\u0432\u043e\u0441\u0442\u0438 \u043a \u043d\u0435\u0431\u043b\u0430\u0433\u043e\u043f\u0440\u0438\u044f\u0442\u043d\u044b\u043c \u0444\u0430\u043a\u0442\u043e\u0440\u0430\u043c \u043e\u043a\u0440\u0443\u0436\u0430\u044e\u0449\u0435\u0439 \u0441\u0440\u0435\u0434\u044b \u0438 \u043f\u043e\u0432\u044b\u0448\u0435\u043d\u043d\u044b\u043c \u043d\u0430\u0433\u0440\u0443\u0437\u043a\u0430\u043c, \u043f\u0440\u043e\u0434\u043b\u0435\u043d\u0438\u0435 \u0444\u0430\u0437\u044b \u0440\u043e\u0441\u0442\u0430 \u0432\u043e\u043b\u043e\u0441 \u0438, \u043a\u0430\u043a \u0441\u043b\u0435\u0434\u0441\u0442\u0432\u0438\u0435, \u0443\u0432\u0435\u043b\u0438\u0447\u0435\u043d\u0438\u0435 \u043e\u0431\u0449\u0435\u0439 \u0433\u0443\u0441\u0442\u043e\u0442\u044b \u0432\u043e\u043b\u043e\u0441.<\/p>\n<p><strong>\u042d\u0444\u0444\u0435\u043a\u0442\u044b:<\/strong><\/p>\n<ul>\n<li>\u041d\u043e\u0440\u043c\u0430\u043b\u0438\u0437\u0443\u0435\u0442 \u043a\u0440\u043e\u0432\u043e\u043e\u0431\u0440\u0430\u0449\u0435\u043d\u0438\u0435, \u0438\u043c\u043c\u0443\u043d\u043d\u044b\u0439 \u0441\u0442\u0430\u0442\u0443\u0441 \u0438 \u043e\u0431\u043c\u0435\u043d \u0432\u0435\u0449\u0435\u0441\u0442\u0432 \u0432 \u0432\u043e\u043b\u043e\u0441\u044f\u043d\u044b\u0445 \u0444\u043e\u043b\u043b\u0438\u043a\u0443\u043b\u0430\u0445, \u043f\u0440\u0435\u0434\u043e\u0442\u0432\u0440\u0430\u0449\u0430\u044f \u0440\u0430\u0437\u0432\u0438\u0442\u0438\u0435 \u0430\u0442\u0440\u043e\u0444\u0438\u0438;<\/li>\n<li>\u0443\u043c\u0435\u043d\u044c\u0448\u0430\u0435\u0442 \u0432\u044b\u0440\u0430\u0436\u0435\u043d\u043d\u043e\u0441\u0442\u044c \u0432\u043e\u0441\u043f\u0430\u043b\u0438\u0442\u0435\u043b\u044c\u043d\u044b\u0445 \u043f\u0440\u043e\u0446\u0435\u0441\u0441\u043e\u0432 \u0432 \u043a\u043e\u0436\u0435 \u0438 \u0432\u043e\u043b\u043e\u0441\u044f\u043d\u044b\u0445 \u0444\u043e\u043b\u043b\u0438\u043a\u0443\u043b\u0430\u0445;<\/li>\n<li>\u0441\u043f\u043e\u0441\u043e\u0431\u0441\u0442\u0432\u0443\u0435\u0442 \u043d\u043e\u0440\u043c\u0430\u043b\u0438\u0437\u0430\u0446\u0438\u0438 \u043e\u0431\u043c\u0435\u043d\u043d\u044b\u0445 \u043f\u0440\u043e\u0446\u0435\u0441\u0441\u043e\u0432 \u0432 \u043a\u043e\u0436\u0435 \u0438 \u043e\u0440\u0433\u0430\u043d\u0438\u0437\u043c\u0435 \u0432 \u0446\u0435\u043b\u043e\u043c; \u043f\u0440\u0435\u0434\u043e\u0442\u0432\u0440\u0430\u0449\u0430\u0435\u0442 \u0440\u0430\u0437\u0432\u0438\u0442\u0438\u0435 \u0430\u043b\u043e\u043f\u0435\u0446\u0438\u0438 (\u043f\u044f\u0442\u043d\u0438\u0441\u0442\u043e\u0433\u043e \u0432\u044b\u043f\u0430\u0434\u0435\u043d\u0438\u044f \u0432\u043e\u043b\u043e\u0441).<\/li>\n<\/ul>\n<p>\u041a\u0443\u043b\u043e\u043d \u0437\u0434\u043e\u0440\u043e\u0432\u044c\u044f SIGMA \u043f\u043e\u043b\u043e\u0436\u0438\u0442\u0435\u043b\u044c\u043d\u043e \u0432\u043b\u0438\u044f\u0435\u0442 \u043d\u0430 \u0441\u043e\u0441\u0442\u043e\u044f\u043d\u0438\u0435 \u0444\u0443\u043d\u043a\u0446\u0438\u0439 \u043e\u0440\u0433\u0430\u043d\u0438\u0437\u043c\u0430, \u043c\u043e\u0436\u0435\u0442 \u0438\u0441\u043f\u043e\u043b\u044c\u0437\u043e\u0432\u0430\u0442\u044c\u0441\u044f \u043a\u0430\u043a \u0441\u0440\u0435\u0434\u0441\u0442\u0432\u043e \u043e\u043f\u0442\u0438\u043c\u0438\u0437\u0430\u0446\u0438\u0438 \u0438 \u043a\u043e\u0440\u0440\u0435\u043a\u0446\u0438\u0438 \u0432 \u0441\u043e\u0447\u0435\u0442\u0430\u043d\u0438\u0438 \u0441 \u0434\u0440\u0443\u0433\u0438\u043c\u0438 \u043c\u0435\u0442\u043e\u0434\u0430\u043c\u0438 \u043b\u0435\u0447\u0435\u043d\u0438\u044f \u0430\u043b\u043e\u043f\u0435\u0446\u0438\u0438 (\u043e\u0447\u0430\u0433\u043e\u0432\u043e\u0433\u043e \u0432\u044b\u043f\u0430\u0434\u0435\u043d\u0438\u044f \u0432\u043e\u043b\u043e\u0441)<br \/>\n\u0438 \u0434\u0440\u0443\u0433\u0438\u0435 \u043c\u0435\u0442\u043e\u0434\u044b \u043f\u0440\u043e\u0444\u0438\u043b\u0430\u043a\u0442\u0438\u043a\u0438.<\/p>\n<div class=\"su-spoiler su-spoiler-style-defoult su-spoiler-icon-caret su-spoiler-closed\" data-scroll-offset=\"0\" data-anchor-in-url=\"no\"><div class=\"su-spoiler-title\" tabindex=\"0\" role=\"button\"><span class=\"su-spoiler-icon\"><\/span>\u0412\u0441\u0435<\/div><div class=\"su-spoiler-content su-u-clearfix su-u-trim\">\n<p><strong>\u0422\u0438\u043f\u044b \u044d\u043f\u0438\u0437\u043e\u0434\u0438\u0447\u0435\u0441\u043a\u043e\u0433\u043e \u0432\u044b\u043f\u0430\u0434\u0435\u043d\u0438\u044f \u0432\u043e\u043b\u043e\u0441:<\/strong><\/p>\n<p>\u0412 \u0437\u0430\u0432\u0438\u0441\u0438\u043c\u043e\u0441\u0442\u0438 \u043e\u0442 \u0441\u0442\u0435\u043f\u0435\u043d\u0438 \u0432\u044b\u043f\u0430\u0434\u0435\u043d\u0438\u044f \u0432\u043e\u043b\u043e\u0441 \u043e\u0447\u0430\u0433\u043e\u0432\u043e\u0435 \u0432\u044b\u043f\u0430\u0434\u0435\u043d\u0438\u0435 \u0432\u043e\u043b\u043e\u0441 \u043f\u043e\u0434\u0440\u0430\u0437\u0434\u0435\u043b\u044f\u0435\u0442\u0441\u044f \u043d\u0430 \u0441\u043b\u0435\u0434\u0443\u044e\u0449\u0438\u0435 \u0442\u0438\u043f\u044b:<\/p>\n<ul>\n<li>\u0410\u043b\u043e\u043f\u0435\u0446\u0438\u044f \u0430\u0440\u0435\u0430\u0442\u0430 \u0443\u043d\u0438\u043b\u043e\u043a\u0443\u043b\u044f\u0440\u0438\u0441: \u0432\u043e\u043b\u043e\u0441\u044b \u0432\u044b\u043f\u0430\u0434\u0430\u044e\u0442 \u0442\u043e\u043b\u044c\u043a\u043e \u043d\u0430 \u043e\u0434\u043d\u043e\u043c \u0443\u0447\u0430\u0441\u0442\u043a\u0435<\/li>\n<li>\u041c\u0443\u043b\u044c\u0442\u0438\u043b\u043e\u043a\u0443\u043b\u044f\u0440\u043d\u0430\u044f \u0430\u043b\u043e\u043f\u0435\u0446\u0438\u044f: \u043c\u043d\u043e\u0436\u0435\u0441\u0442\u0432\u0435\u043d\u043d\u044b\u0435 \u0443\u0447\u0430\u0441\u0442\u043a\u0438 \u0440\u0443\u0431\u0446\u0435\u0432\u0430\u043d\u0438\u044f<\/li>\n<li>\u0410\u043b\u043e\u043f\u0435\u0446\u0438\u044f \u0430\u0440\u0435\u0430\u0442\u0430 \u0441\u0443\u0431\u0442\u043e\u0442\u0430\u043b\u0438\u0441: \u0432\u043e\u043b\u043e\u0441\u044b \u0432\u044b\u043f\u0430\u0434\u0430\u044e\u0442 \u043f\u043e\u0447\u0442\u0438 \u043f\u043e \u0432\u0441\u0435\u0439 \u043a\u043e\u0436\u0435 \u0433\u043e\u043b\u043e\u0432\u044b3<\/li>\n<li>Alopecia areata totalis: \u0432\u0441\u0435 \u0432\u043e\u043b\u043e\u0441\u044b \u0432\u044b\u043f\u0430\u0434\u0430\u044e\u0442 \u0441 \u043a\u043e\u0436\u0438 \u0433\u043e\u043b\u043e\u0432\u044b Alopecia areata universalis: \u0432\u044b\u043f\u0430\u0434\u0435\u043d\u0438\u0435 \u0432\u043e\u043b\u043e\u0441 \u0437\u0430\u0442\u0440\u0430\u0433\u0438\u0432\u0430\u0435\u0442 \u043a\u043e\u0436\u0443 \u0433\u043e\u043b\u043e\u0432\u044b \u0438 \u0432\u0441\u0435 \u0442\u0435\u043b\u043e<\/li>\n<li>\u041e\u043f\u0438\u0439\u043d\u044b\u0439 \u0442\u0438\u043f: \u0441\u043f\u0435\u0446\u0438\u0444\u0438\u0447\u0435\u0441\u043a\u0430\u044f \u0444\u043e\u0440\u043c\u0430 \u0430\u043b\u043e\u043f\u0435\u0446\u0438\u0438, \u0445\u0430\u0440\u0430\u043a\u0442\u0435\u0440\u0438\u0437\u0443\u044e\u0449\u0430\u044f\u0441\u044f \u0432\u044b\u043f\u0430\u0434\u0435\u043d\u0438\u0435\u043c \u0432\u043e\u043b\u043e\u0441 \u043f\u0440\u0435\u0438\u043c\u0443\u0449\u0435\u0441\u0442\u0432\u0435\u043d\u043d\u043e \u0441 \u0432\u043d\u0435\u0448\u043d\u0438\u0445 \u0443\u0447\u0430\u0441\u0442\u043a\u043e\u0432 \u043a\u043e\u0436\u0438 \u0433\u043e\u043b\u043e\u0432\u044b, \u043e\u0431\u044b\u0447\u043d\u043e \u0441 \u0437\u0430\u0442\u044b\u043b\u043a\u0430, \u0438\u043d\u043e\u0433\u0434\u0430 \u0441<br \/>\n\u043e\u0442 \u0432\u0438\u0441\u043a\u043e\u0432 \u0438\u043b\u0438 \u043b\u0431\u0430.<\/li>\n<\/ul>\n<p>\u041f\u043e\u043c\u0438\u043c\u043e \u0432\u044b\u0448\u0435\u043f\u0435\u0440\u0435\u0447\u0438\u0441\u043b\u0435\u043d\u043d\u044b\u0445 \u0442\u0438\u043f\u043e\u0432, SIGMA Medallion \u043c\u043e\u0436\u043d\u043e \u0438\u0441\u043f\u043e\u043b\u044c\u0437\u043e\u0432\u0430\u0442\u044c \u043f\u0440\u0438 \u0432\u044b\u043f\u0430\u0434\u0435\u043d\u0438\u0438 \u0432\u043e\u043b\u043e\u0441, \u0432\u044b\u0437\u0432\u0430\u043d\u043d\u043e\u043c \u0445\u0438\u043c\u0438\u043e\u0442\u0435\u0440\u0430\u043f\u0438\u0435\u0439, \u0440\u0430\u0434\u0438\u043e\u0442\u0435\u0440\u0430\u043f\u0438\u0435\u0439 \u0438\u043b\u0438 \u044d\u043d\u0434\u043e\u043a\u0440\u0438\u043d\u043d\u043e\u0439 \u0434\u0438\u0441\u0444\u0443\u043d\u043a\u0446\u0438\u0435\u0439.<\/p>\n<\/div><\/div>","protected":false},"excerpt":{"rendered":"<p>A SIGMA Eg\u00e9szs\u00e9g Med\u00e1l feladata a sz\u0151rt\u00fcsz\u0151k norm\u00e1l fiziol\u00f3giai folyamatainak helyre\u00e1ll\u00edt\u00e1sa, a kedvez\u0151tlen k\u00f6rnyezeti t\u00e9nyez\u0151kkel \u00e9s a megn\u00f6vekedett stresszterhel\u00e9ssel szembeni ellen\u00e1ll\u00f3 k\u00e9pess\u00e9g\u00fck n\u00f6vel\u00e9se, a hajn\u00f6veked\u00e9s szakasz\u00e1nak meghosszabb\u00edt\u00e1sa, ez\u00e1ltal a teljes hajs\u0171r\u0171s\u00e9g n\u00f6vel\u00e9se. Hat\u00e1sok: normaliz\u00e1lja a v\u00e9rkering\u00e9st, az immun\u00e1llapotot \u00e9s az anyagcser\u00e9t a sz\u0151rt\u00fcsz\u0151kben, megel\u0151zve az atr\u00f3fia kialakul\u00e1s\u00e1t; cs\u00f6kkenti a b\u0151r \u00e9s a sz\u0151rt\u00fcsz\u0151k gyullad\u00e1sos folyamatainak [&hellip;]<\/p>\n","protected":false},"featured_media":4740,"comment_status":"open","ping_status":"closed","template":"","meta":[],"product_brand":[],"product_cat":[33,32],"product_tag":[],"class_list":{"0":"post-4741","1":"product","2":"type-product","3":"status-publish","4":"has-post-thumbnail","6":"product_cat-egeszseg-medalok","7":"product_cat-triomed","9":"first","10":"instock","11":"taxable","12":"shipping-taxable","13":"purchasable","14":"product-type-simple"},"_links":{"self":[{"href":"https:\/\/vetomshop.hu\/ru\/wp-json\/wp\/v2\/product\/4741","targetHints":{"allow":["GET"]}}],"collection":[{"href":"https:\/\/vetomshop.hu\/ru\/wp-json\/wp\/v2\/product"}],"about":[{"href":"https:\/\/vetomshop.hu\/ru\/wp-json\/wp\/v2\/types\/product"}],"replies":[{"embeddable":true,"href":"https:\/\/vetomshop.hu\/ru\/wp-json\/wp\/v2\/comments?post=4741"}],"wp:featuredmedia":[{"embeddable":true,"href":"https:\/\/vetomshop.hu\/ru\/wp-json\/wp\/v2\/media\/4740"}],"wp:attachment":[{"href":"https:\/\/vetomshop.hu\/ru\/wp-json\/wp\/v2\/media?parent=4741"}],"wp:term":[{"taxonomy":"product_brand","embeddable":true,"href":"https:\/\/vetomshop.hu\/ru\/wp-json\/wp\/v2\/product_brand?post=4741"},{"taxonomy":"product_cat","embeddable":true,"href":"https:\/\/vetomshop.hu\/ru\/wp-json\/wp\/v2\/product_cat?post=4741"},{"taxonomy":"product_tag","embeddable":true,"href":"https:\/\/vetomshop.hu\/ru\/wp-json\/wp\/v2\/product_tag?post=4741"}],"curies":[{"name":"wp","href":"https:\/\/api.w.org\/{rel}","templated":true}]}}