{"id":4743,"date":"2023-11-11T14:34:00","date_gmt":"2023-11-11T13:34:00","guid":{"rendered":"https:\/\/vetomshop.hu\/termek\/siker-medal\/"},"modified":"2023-11-11T14:34:00","modified_gmt":"2023-11-11T13:34:00","slug":"siker-medal","status":"publish","type":"product","link":"https:\/\/vetomshop.hu\/ru\/product\/siker-medal\/","title":{"rendered":"\u041c\u0435\u0434\u0430\u043b\u044c \u0443\u0441\u043f\u0435\u0445\u0430"},"content":{"rendered":"<h4>\u041c\u0435\u0434\u0430\u043b\u044c \u0443\u0441\u043f\u0435\u0445\u0430 \u0434\u043b\u044f \u0434\u0435\u0442\u0435\u0439<\/h4>\n<p><strong>\u0426\u0435\u043b\u044c:<\/strong><\/p>\n<p>\u041a\u043e\u0433\u043d\u0438\u0442\u0438\u0432\u043d\u044b\u0435 \u0444\u0443\u043d\u043a\u0446\u0438\u0438 (\u043f\u043e\u0437\u043d\u0430\u0432\u0430\u0442\u0435\u043b\u044c\u043d\u044b\u0435 \u043f\u0440\u043e\u0446\u0435\u0441\u0441\u044b) -<\/p>\n<ol>\n<li>\u0432\u043d\u0438\u043c\u0430\u043d\u0438\u0435, \u043d\u0430\u0431\u043b\u044e\u0434\u0435\u043d\u0438\u0435<\/li>\n<li>\u043e\u0431\u043d\u0430\u0440\u0443\u0436\u0435\u043d\u0438\u0435-\u043e\u0431\u043d\u0430\u0440\u0443\u0436\u0435\u043d\u0438\u0435<\/li>\n<li>\u043f\u0430\u043c\u044f\u0442\u044c<\/li>\n<li>\u043c\u044b\u0441\u043b\u0438\u0442\u0435\u043b\u044c\u043d\u044b\u0435 \u0444\u0443\u043d\u043a\u0446\u0438\u0438<\/li>\n<\/ol>\n<p>- \u043a\u0430\u043a \u0434\u043e\u043f\u043e\u043b\u043d\u0438\u0442\u0435\u043b\u044c\u043d\u043e\u0435 \u0441\u0440\u0435\u0434\u0441\u0442\u0432\u043e \u0434\u043b\u044f \u0430\u043a\u0442\u0438\u0432\u0438\u0437\u0430\u0446\u0438\u0438, \u043a\u043e\u043c\u043f\u0435\u043d\u0441\u0430\u0446\u0438\u0438 \u0443\u0441\u0442\u0430\u043b\u043e\u0441\u0442\u0438 \u043e\u0442 \u043e\u0431\u0443\u0447\u0435\u043d\u0438\u044f \u0438 \u0443\u043b\u0443\u0447\u0448\u0435\u043d\u0438\u044f \u044d\u043c\u043e\u0446\u0438\u043e\u043d\u0430\u043b\u044c\u043d\u043e\u0433\u043e \u0441\u043e\u0441\u0442\u043e\u044f\u043d\u0438\u044f.<\/p>\n<p>\u041e\u043d \u0441\u043f\u043e\u0441\u043e\u0431\u0441\u0442\u0432\u0443\u0435\u0442 \u0432\u043e\u0441\u0441\u0442\u0430\u043d\u043e\u0432\u043b\u0435\u043d\u0438\u044e \u043f\u043e\u0441\u043b\u0435 \u0437\u043d\u0430\u0447\u0438\u0442\u0435\u043b\u044c\u043d\u044b\u0445 \u0438\u043d\u0444\u043e\u0440\u043c\u0430\u0446\u0438\u043e\u043d\u043d\u044b\u0445 \u043f\u0435\u0440\u0435\u0433\u0440\u0443\u0437\u043e\u043a, \u043f\u0440\u0435\u0434\u043e\u0442\u0432\u0440\u0430\u0449\u0430\u044f \u0441\u0438\u043d\u0434\u0440\u043e\u043c \u0445\u0440\u043e\u043d\u0438\u0447\u0435\u0441\u043a\u043e\u0439 \u0443\u0441\u0442\u0430\u043b\u043e\u0441\u0442\u0438 \u0438 \u0438\u0441\u0442\u043e\u0449\u0435\u043d\u0438\u044f.<\/p>\n<div class=\"su-spoiler su-spoiler-style-defoult su-spoiler-icon-caret su-spoiler-closed\" data-scroll-offset=\"0\" data-anchor-in-url=\"no\"><div class=\"su-spoiler-title\" tabindex=\"0\" role=\"button\"><span class=\"su-spoiler-icon\"><\/span>\u0412\u0441\u0435<\/div><div class=\"su-spoiler-content su-u-clearfix su-u-trim\">\n<h4>\u041a\u0440\u0430\u0442\u043a\u043e\u0435 \u043e\u043f\u0438\u0441\u0430\u043d\u0438\u0435<\/h4>\n<p>\u0418\u043d\u0444\u043e\u0440\u043c\u0430\u0446\u0438\u044f, \u0437\u0430\u043f\u0438\u0441\u0430\u043d\u043d\u0430\u044f \u043d\u0430 \u044d\u043b\u0435\u043a\u0442\u0440\u043e\u043d\u043d\u043e\u043c \u043d\u043e\u0441\u0438\u0442\u0435\u043b\u0435 \u0438\u043d\u0444\u043e\u0440\u043c\u0430\u0446\u0438\u0438 - \u041c\u0435\u0434\u0430\u043b\u0438 \u0437\u0434\u043e\u0440\u043e\u0432\u044c\u044f SIKER - \u0441\u043e\u043e\u0442\u0432\u0435\u0442\u0441\u0442\u0432\u0443\u0435\u0442 \u0441\u043f\u0435\u043a\u0442\u0440\u0443 \u044d\u043b\u0435\u043a\u0442\u0440\u043e\u043c\u0430\u0433\u043d\u0438\u0442\u043d\u044b\u0445 \u043a\u043e\u043b\u0435\u0431\u0430\u043d\u0438\u0439 \u043a\u043b\u0435\u0442\u043e\u043a \u0438 \u0442\u043a\u0430\u043d\u0435\u0439 \u0446\u0435\u043d\u0442\u0440\u0430\u043b\u044c\u043d\u043e\u0439 \u043d\u0435\u0440\u0432\u043d\u043e\u0439 \u0441\u0438\u0441\u0442\u0435\u043c\u044b \u0438 \u043a\u043e\u043b\u0435\u0431\u0430\u043d\u0438\u044f\u043c (\u044d\u043b\u0435\u043a\u0442\u0440\u043e\u043c\u0430\u0433\u043d\u0438\u0442\u043d\u043e\u043c\u0443 \u0441\u043f\u0435\u043a\u0442\u0440\u0443) \u0430\u043d\u0442\u0438\u0433\u043e\u043c\u043e\u0442\u043e\u043a\u0441\u0438\u0447\u0435\u0441\u043a\u0438\u0445 \u0432\u0435\u0449\u0435\u0441\u0442\u0432, \u043a\u043e\u0442\u043e\u0440\u044b\u0435 \u043f\u043e\u0432\u044b\u0448\u0430\u044e\u0442 \u0443\u043c\u0441\u0442\u0432\u0435\u043d\u043d\u0443\u044e \u0440\u0430\u0431\u043e\u0442\u043e\u0441\u043f\u043e\u0441\u043e\u0431\u043d\u043e\u0441\u0442\u044c, \u0430\u043d\u0442\u0438\u0441\u0442\u0440\u0435\u0441\u0441\u043e\u0432\u0443\u044e \u0443\u0441\u0442\u043e\u0439\u0447\u0438\u0432\u043e\u0441\u0442\u044c \u0441\u0442\u0443\u0434\u0435\u043d\u0442\u043e\u0432 \u0438 \u0440\u0430\u0431\u043e\u0442\u043d\u0438\u043a\u043e\u0432 \u0443\u043c\u0441\u0442\u0432\u0435\u043d\u043d\u043e\u0433\u043e \u0442\u0440\u0443\u0434\u0430 \u0438 \u043f\u043e\u0434\u0434\u0435\u0440\u0436\u0438\u0432\u0430\u044e\u0442 \u043e\u043f\u0442\u0438\u043c\u0430\u043b\u044c\u043d\u044b\u0439 \u043f\u0441\u0438\u0445\u043e\u044d\u043c\u043e\u0446\u0438\u043e\u043d\u0430\u043b\u044c\u043d\u044b\u0439 \u0444\u043e\u043d. \u0414\u0435\u044f\u0442\u0435\u043b\u044c\u043d\u043e\u0441\u0442\u044c \u0441\u0442\u0443\u0434\u0435\u043d\u0442\u043e\u0432 \u0441\u043e\u043f\u0440\u043e\u0432\u043e\u0436\u0434\u0430\u0435\u0442\u0441\u044f \u0432\u044b\u0441\u043e\u043a\u043e\u0439 \u0438\u043d\u0442\u0435\u043d\u0441\u0438\u0432\u043d\u043e\u0441\u0442\u044c\u044e \u043f\u0441\u0438\u0445\u0438\u0447\u0435\u0441\u043a\u0438\u0445 \u043f\u0440\u043e\u0446\u0435\u0441\u0441\u043e\u0432 \u0432 \u0443\u0441\u043b\u043e\u0432\u0438\u044f\u0445 \u0434\u0435\u0444\u0438\u0446\u0438\u0442\u0430 \u0432\u0440\u0435\u043c\u0435\u043d\u0438 \u0438 \u0432\u044b\u0441\u043e\u043a\u043e\u0439 \u043f\u043b\u043e\u0442\u043d\u043e\u0441\u0442\u0438 \u0438\u043d\u0444\u043e\u0440\u043c\u0430\u0446\u0438\u0438, \u043a\u043e\u0442\u043e\u0440\u044b\u0435 \u043d\u043e\u0441\u044f\u0442 \u0445\u0430\u0440\u0430\u043a\u0442\u0435\u0440 \u0441\u0442\u0440\u0435\u0441\u0441\u0430. \u041c\u044b\u0448\u043b\u0435\u043d\u0438\u0435 \u0432\u043a\u043b\u044e\u0447\u0430\u0435\u0442 \u0432 \u0441\u0435\u0431\u044f \u0430\u043a\u0442\u0438\u0432\u043d\u044b\u0435 \u0441\u0442\u043e\u0440\u043e\u043d\u044b \u043f\u043e\u0437\u043d\u0430\u043d\u0438\u044f: \u0432\u043d\u0438\u043c\u0430\u043d\u0438\u0435, \u0432\u043e\u0441\u043f\u0440\u0438\u044f\u0442\u0438\u0435, \u0430\u0441\u0441\u043e\u0446\u0438\u0430\u0442\u0438\u0432\u043d\u044b\u0435 \u043f\u0440\u043e\u0446\u0435\u0441\u0441\u044b, \u0444\u043e\u0440\u043c\u0438\u0440\u043e\u0432\u0430\u043d\u0438\u0435 \u043f\u043e\u043d\u044f\u0442\u0438\u0439 \u0438 \u043e\u0446\u0435\u043d\u043e\u043a, \u0441\u043e\u0441\u0442\u0430\u0432\u043b\u044f\u044e\u0449\u0438\u0445 \u0440\u0435\u0430\u043b\u044c\u043d\u0443\u044e \u0434\u0435\u044f\u0442\u0435\u043b\u044c\u043d\u043e\u0441\u0442\u044c \u0441\u043e\u0446\u0438\u0430\u043b\u044c\u043d\u043e\u0433\u043e \u0447\u0435\u043b\u043e\u0432\u0435\u043a\u0430.<\/p>\n<p>\u041c\u044b\u0448\u043b\u0435\u043d\u0438\u0435 \u0441\u0432\u044f\u0437\u0430\u043d\u043e \u0441 \u0434\u0435\u044f\u0442\u0435\u043b\u044c\u043d\u043e\u0441\u0442\u044c\u044e \u043c\u043e\u0437\u0433\u0430, \u043d\u043e \u0441\u043f\u043e\u0441\u043e\u0431\u043d\u043e\u0441\u0442\u044c \u043a \u0430\u0431\u0441\u0442\u0440\u0430\u043a\u0442\u043d\u043e\u043c\u0443 \u043c\u044b\u0448\u043b\u0435\u043d\u0438\u044e \u0432\u043e\u0437\u043d\u0438\u043a\u0430\u0435\u0442 \u0432 \u0440\u0435\u0437\u0443\u043b\u044c\u0442\u0430\u0442\u0435 \u043e\u0432\u043b\u0430\u0434\u0435\u043d\u0438\u044f \u043f\u0440\u0430\u043a\u0442\u0438\u0447\u0435\u0441\u043a\u0438\u043c \u0431\u044b\u0442\u0438\u0435\u043c, \u043f\u0440\u0430\u0432\u0438\u043b\u0430\u043c\u0438 \u044f\u0437\u044b\u043a\u0430, \u043b\u043e\u0433\u0438\u043a\u043e\u0439, \u043a\u0443\u043b\u044c\u0442\u0443\u0440\u043e\u0439. \u041c\u044b\u0448\u043b\u0435\u043d\u0438\u0435 \u043e\u0441\u0443\u0449\u0435\u0441\u0442\u0432\u043b\u044f\u0435\u0442\u0441\u044f \u0432 \u0440\u0430\u0437\u043b\u0438\u0447\u043d\u044b\u0445 \u0444\u043e\u0440\u043c\u0430\u0445 \u0438\u043d\u0442\u0435\u043b\u043b\u0435\u043a\u0442\u0443\u0430\u043b\u044c\u043d\u043e\u0439 \u0438 \u043f\u0440\u0430\u043a\u0442\u0438\u0447\u0435\u0441\u043a\u043e\u0439 \u0434\u0435\u044f\u0442\u0435\u043b\u044c\u043d\u043e\u0441\u0442\u0438, \u0432 \u0445\u043e\u0434\u0435 \u043a\u043e\u0442\u043e\u0440\u043e\u0439 \u043e\u0431\u043e\u0431\u0449\u0430\u0435\u0442\u0441\u044f \u0438 \u0430\u0433\u0440\u0435\u0433\u0438\u0440\u0443\u0435\u0442\u0441\u044f \u043f\u043e\u0437\u043d\u0430\u0432\u0430\u0442\u0435\u043b\u044c\u043d\u044b\u0439 \u043e\u043f\u044b\u0442 \u043b\u044e\u0434\u0435\u0439. \u041c\u044b\u0448\u043b\u0435\u043d\u0438\u0435 \u0440\u0430\u0441\u0441\u043c\u0430\u0442\u0440\u0438\u0432\u0430\u0435\u0442\u0441\u044f \u043a\u0430\u043a \u0438\u0441\u0442\u043e\u0447\u043d\u0438\u043a \u0438 \u0444\u0443\u043d\u0434\u0430\u043c\u0435\u043d\u0442\u0430\u043b\u044c\u043d\u043e\u0435 \u0441\u0440\u0435\u0434\u0441\u0442\u0432\u043e \u0440\u0435\u0430\u043b\u044c\u043d\u043e\u0433\u043e \u0447\u0435\u043b\u043e\u0432\u0435\u0447\u0435\u0441\u043a\u043e\u0433\u043e \u0441\u0443\u0449\u0435\u0441\u0442\u0432\u043e\u0432\u0430\u043d\u0438\u044f.<\/p>\n<\/div><\/div>","protected":false},"excerpt":{"rendered":"<p>Siker Med\u00e1l gyerekeknek Rendeltet\u00e9se: A kognit\u00edv funkci\u00f3k (megismer\u0151 folyamatok) &#8211; figyelem, megfigyel\u0151k\u00e9pess\u00e9g \u00e9rz\u00e9kel\u00e9s-\u00e9szlel\u00e9s eml\u00e9kezet gondolkod\u00e1si funkci\u00f3k &#8211; aktiv\u00e1l\u00e1s\u00e1t seg\u00edt\u0151, a tanul\u00e1st k\u00eds\u00e9r\u0151 f\u00e1radts\u00e1g ellens\u00falyoz\u00e1s\u00e1t \u00e9s az emocion\u00e1lis k\u00f6z\u00e9rzet jav\u00edt\u00e1s\u00e1t szolg\u00e1l\u00f3 kieg\u00e9sz\u00edt\u0151 eszk\u00f6z. T\u00e1mogatja a jelent\u0151s inform\u00e1ci\u00f3s megterhel\u00e9s ut\u00e1ni helyre\u00e1ll\u00edt\u00e1st, a kr\u00f3nikus f\u00e1radts\u00e1g \u00e9s kimer\u00fclts\u00e9g szindr\u00f3ma megel\u0151z\u00e9s\u00e9t.<\/p>","protected":false},"featured_media":4742,"comment_status":"open","ping_status":"closed","template":"","meta":[],"product_brand":[],"product_cat":[33,32],"product_tag":[],"class_list":{"0":"post-4743","1":"product","2":"type-product","3":"status-publish","4":"has-post-thumbnail","6":"product_cat-egeszseg-medalok","7":"product_cat-triomed","9":"first","10":"instock","11":"taxable","12":"shipping-taxable","13":"purchasable","14":"product-type-simple"},"_links":{"self":[{"href":"https:\/\/vetomshop.hu\/ru\/wp-json\/wp\/v2\/product\/4743","targetHints":{"allow":["GET"]}}],"collection":[{"href":"https:\/\/vetomshop.hu\/ru\/wp-json\/wp\/v2\/product"}],"about":[{"href":"https:\/\/vetomshop.hu\/ru\/wp-json\/wp\/v2\/types\/product"}],"replies":[{"embeddable":true,"href":"https:\/\/vetomshop.hu\/ru\/wp-json\/wp\/v2\/comments?post=4743"}],"wp:featuredmedia":[{"embeddable":true,"href":"https:\/\/vetomshop.hu\/ru\/wp-json\/wp\/v2\/media\/4742"}],"wp:attachment":[{"href":"https:\/\/vetomshop.hu\/ru\/wp-json\/wp\/v2\/media?parent=4743"}],"wp:term":[{"taxonomy":"product_brand","embeddable":true,"href":"https:\/\/vetomshop.hu\/ru\/wp-json\/wp\/v2\/product_brand?post=4743"},{"taxonomy":"product_cat","embeddable":true,"href":"https:\/\/vetomshop.hu\/ru\/wp-json\/wp\/v2\/product_cat?post=4743"},{"taxonomy":"product_tag","embeddable":true,"href":"https:\/\/vetomshop.hu\/ru\/wp-json\/wp\/v2\/product_tag?post=4743"}],"curies":[{"name":"wp","href":"https:\/\/api.w.org\/{rel}","templated":true}]}}