{"id":4747,"date":"2023-11-11T14:34:01","date_gmt":"2023-11-11T13:34:01","guid":{"rendered":"https:\/\/vetomshop.hu\/termek\/siker-plus-medal\/"},"modified":"2023-11-11T14:34:01","modified_gmt":"2023-11-11T13:34:01","slug":"siker-plus-medal","status":"publish","type":"product","link":"https:\/\/vetomshop.hu\/ru\/product\/siker-plus-medal\/","title":{"rendered":"\u041c\u0435\u0434\u0430\u043b\u044c \"\u0423\u0441\u043f\u0435\u0445 \u043f\u043b\u044e\u0441"},"content":{"rendered":"<p>A <strong>\u201eSIKER PLUS\u201d<\/strong> \u0418\u043d\u0444\u043e\u0440\u043c\u0430\u0446\u0438\u044f, \u0445\u0440\u0430\u043d\u044f\u0449\u0430\u044f\u0441\u044f \u043d\u0430 \u043a\u0443\u043b\u043e\u043d\u0435, \u0441\u043e\u043e\u0442\u0432\u0435\u0442\u0441\u0442\u0432\u0443\u0435\u0442 \u0441\u043f\u0435\u043a\u0442\u0440\u0443 \u044d\u043b\u0435\u043a\u0442\u0440\u043e\u043c\u0430\u0433\u043d\u0438\u0442\u043d\u043e\u0433\u043e \u0438\u0437\u043b\u0443\u0447\u0435\u043d\u0438\u044f \u043a\u043b\u0435\u0442\u043e\u043a \u0438 \u0442\u043a\u0430\u043d\u0435\u0439 \u0446\u0435\u043d\u0442\u0440\u0430\u043b\u044c\u043d\u043e\u0439 \u043d\u0435\u0440\u0432\u043d\u043e\u0439 \u0441\u0438\u0441\u0442\u0435\u043c\u044b, \u0430 \u0442\u0430\u043a\u0436\u0435 \u0430\u043d\u0442\u0438\u0433\u043e\u043c\u043e\u0442\u043e\u043a\u0441\u0438\u0447\u0435\u0441\u043a\u0438\u0445 \u0441\u0440\u0435\u0434\u0441\u0442\u0432, \u043f\u043e\u0432\u044b\u0448\u0430\u044e\u0449\u0438\u0445 \u0443\u043c\u0441\u0442\u0432\u0435\u043d\u043d\u0443\u044e \u0440\u0430\u0431\u043e\u0442\u043e\u0441\u043f\u043e\u0441\u043e\u0431\u043d\u043e\u0441\u0442\u044c, \u0443\u0441\u0442\u043e\u0439\u0447\u0438\u0432\u043e\u0441\u0442\u044c \u0447\u0435\u043b\u043e\u0432\u0435\u043a\u0430 \u043a \u0441\u0442\u0440\u0435\u0441\u0441\u0430\u043c \u0438 \u043f\u043e\u0434\u0434\u0435\u0440\u0436\u0438\u0432\u0430\u044e\u0449\u0438\u0445 \u043e\u043f\u0442\u0438\u043c\u0430\u043b\u044c\u043d\u044b\u0439 \u044d\u043c\u043e\u0446\u0438\u043e\u043d\u0430\u043b\u044c\u043d\u044b\u0439 \u0444\u043e\u043d.<\/p>\n<p><strong>\u0412\u043e\u0437\u0434\u0435\u0439\u0441\u0442\u0432\u0438\u0435:<\/strong><\/p>\n<ul>\n<li>\u043f\u043e\u043c\u043e\u0433\u0430\u0435\u0442 \u0443\u043b\u0443\u0447\u0448\u0438\u0442\u044c \u043f\u0430\u043c\u044f\u0442\u044c;<\/li>\n<li>\u0443\u0432\u0435\u043b\u0438\u0447\u0438\u0432\u0430\u0435\u0442 \u0441\u043a\u043e\u0440\u043e\u0441\u0442\u044c \u043c\u044b\u0448\u043b\u0435\u043d\u0438\u044f;<\/li>\n<li>\u043f\u043e\u043c\u043e\u0433\u0430\u0435\u0442 \u0441\u043e\u0441\u0440\u0435\u0434\u043e\u0442\u043e\u0447\u0438\u0442\u044c\u0441\u044f, \u043f\u043e\u0432\u044b\u0448\u0430\u0435\u0442 \u0432\u043d\u0438\u043c\u0430\u043d\u0438\u0435;<\/li>\n<li>\u0443\u043c\u0435\u043d\u044c\u0448\u0430\u0435\u0442 \u0447\u0443\u0432\u0441\u0442\u0432\u043e \u0443\u0441\u0442\u0430\u043b\u043e\u0441\u0442\u0438 \u0432\u043e \u0432\u0440\u0435\u043c\u044f \u0430\u043a\u0442\u0438\u0432\u043d\u043e\u0441\u0442\u0438\/\u0440\u0430\u0431\u043e\u0442\u044b;<\/li>\n<li>\u0441\u043d\u0438\u0436\u0430\u0435\u0442 \u043d\u0435\u0439\u0440\u043e\u0433\u0443\u043c\u043e\u0440\u0430\u043b\u044c\u043d\u043e\u0435 \u043d\u0430\u043f\u0440\u044f\u0436\u0435\u043d\u0438\u0435 \u0432\u043e \u0432\u0440\u0435\u043c\u044f \u0440\u0430\u0431\u043e\u0442\u044b \u0437\u0430 \u043a\u043e\u043c\u043f\u044c\u044e\u0442\u0435\u0440\u043e\u043c;<\/li>\n<li>\u0443\u043b\u0443\u0447\u0448\u0430\u0435\u0442 \u043f\u0441\u0438\u0445\u043e\u043b\u043e\u0433\u0438\u0447\u0435\u0441\u043a\u0438\u0439 (\u044d\u043c\u043e\u0446\u0438\u043e\u043d\u0430\u043b\u044c\u043d\u044b\u0439) \u0444\u043e\u043d;<\/li>\n<li>\u043f\u043e\u043c\u043e\u0433\u0430\u0435\u0442 \u043f\u0440\u0435\u0434\u043e\u0442\u0432\u0440\u0430\u0442\u0438\u0442\u044c \u0440\u0430\u0437\u0432\u0438\u0442\u0438\u0435 \u0445\u0440\u043e\u043d\u0438\u0447\u0435\u0441\u043a\u043e\u0433\u043e \u0441\u0442\u0440\u0435\u0441\u0441\u0430 \u0438 \u0443\u0441\u0442\u0430\u043b\u043e\u0441\u0442\u0438, \u0441\u0438\u043d\u0434\u0440\u043e\u043c\u0430 \u044d\u043c\u043e\u0446\u0438\u043e\u043d\u0430\u043b\u044c\u043d\u043e\u0433\u043e \u0432\u044b\u0433\u043e\u0440\u0430\u043d\u0438\u044f.<\/li>\n<\/ul>\n<div class=\"su-spoiler su-spoiler-style-defoult su-spoiler-icon-caret su-spoiler-closed\" data-scroll-offset=\"0\" data-anchor-in-url=\"no\"><div class=\"su-spoiler-title\" tabindex=\"0\" role=\"button\"><span class=\"su-spoiler-icon\"><\/span>\u0412\u0441\u0435<\/div><div class=\"su-spoiler-content su-u-clearfix su-u-trim\">\n<strong>\u041c\u043e\u0436\u043d\u043e \u0438\u0441\u043f\u043e\u043b\u044c\u0437\u043e\u0432\u0430\u0442\u044c \u043f\u043e\u0434\u0432\u0435\u0441\u043a\u0443 \u201eSIKER PLUS\u201d:<\/strong><\/p>\n<ul>\n<li>\u0434\u043b\u044f \u043f\u043e\u0432\u044b\u0448\u0435\u043d\u0438\u044f \u0443\u043c\u0441\u0442\u0432\u0435\u043d\u043d\u043e\u0439 \u0440\u0430\u0431\u043e\u0442\u043e\u0441\u043f\u043e\u0441\u043e\u0431\u043d\u043e\u0441\u0442\u0438,<\/li>\n<li>\u0447\u0442\u043e\u0431\u044b \u0430\u0434\u0430\u043f\u0442\u0438\u0440\u043e\u0432\u0430\u0442\u044c\u0441\u044f \u043a \u0431\u043e\u043b\u0435\u0435 \u0442\u044f\u0436\u0435\u043b\u044b\u043c \u043d\u0430\u0433\u0440\u0443\u0437\u043a\u0430\u043c,<\/li>\n<li>\u0434\u043b\u044f \u0443\u043b\u0443\u0447\u0448\u0435\u043d\u0438\u044f \u043f\u0430\u043c\u044f\u0442\u0438, \u0432\u043d\u0438\u043c\u0430\u043d\u0438\u044f,<\/li>\n<li>\u0432 \u043f\u0435\u0440\u0438\u043e\u0434\u044b \u0438\u043d\u0442\u0435\u043d\u0441\u0438\u0432\u043d\u043e\u0439 \u043d\u0430\u0433\u0440\u0443\u0437\u043a\u0438 - \u201e\u043c\u043e\u0437\u0433\u043e\u0432\u043e\u0439 \u0448\u0442\u0443\u0440\u043c\u201d \u0438 \u0442.\u0434.<\/li>\n<\/ul>\n<\/div><\/div>","protected":false},"excerpt":{"rendered":"<p>A &#8222;SIKER PLUS&#8221; med\u00e1lon t\u00e1rolt inform\u00e1ci\u00f3 megfelel a k\u00f6zponti idegrendszer elektrom\u00e1gneses sejtjeinek \u00e9s sz\u00f6veteinek spektrum\u00e1nak, valamint az antihomotoxikus szereknek, amelyek fokozz\u00e1k a ment\u00e1lis teljes\u00edtm\u00e9nyt, az emberi ellen\u00e1ll\u00e1st a stresszre, \u00e9s megtartj\u00e1k az optim\u00e1lis \u00e9rzelmi h\u00e1tteret. Hat\u00e1sa: seg\u00edt a mem\u00f3ria jav\u00edt\u00e1s\u00e1ban; n\u00f6veli a gondolkod\u00e1s sebess\u00e9g\u00e9t; el\u0151seg\u00edti a koncentr\u00e1ci\u00f3t, n\u00f6veli a figyelmet; cs\u00f6kkenti a f\u00e1radts\u00e1g \u00e9rz\u00e9st az [&hellip;]<\/p>\n","protected":false},"featured_media":4746,"comment_status":"open","ping_status":"closed","template":"","meta":[],"product_brand":[],"product_cat":[33,32],"product_tag":[],"class_list":{"0":"post-4747","1":"product","2":"type-product","3":"status-publish","4":"has-post-thumbnail","6":"product_cat-egeszseg-medalok","7":"product_cat-triomed","9":"first","10":"instock","11":"taxable","12":"shipping-taxable","13":"purchasable","14":"product-type-simple"},"_links":{"self":[{"href":"https:\/\/vetomshop.hu\/ru\/wp-json\/wp\/v2\/product\/4747","targetHints":{"allow":["GET"]}}],"collection":[{"href":"https:\/\/vetomshop.hu\/ru\/wp-json\/wp\/v2\/product"}],"about":[{"href":"https:\/\/vetomshop.hu\/ru\/wp-json\/wp\/v2\/types\/product"}],"replies":[{"embeddable":true,"href":"https:\/\/vetomshop.hu\/ru\/wp-json\/wp\/v2\/comments?post=4747"}],"wp:featuredmedia":[{"embeddable":true,"href":"https:\/\/vetomshop.hu\/ru\/wp-json\/wp\/v2\/media\/4746"}],"wp:attachment":[{"href":"https:\/\/vetomshop.hu\/ru\/wp-json\/wp\/v2\/media?parent=4747"}],"wp:term":[{"taxonomy":"product_brand","embeddable":true,"href":"https:\/\/vetomshop.hu\/ru\/wp-json\/wp\/v2\/product_brand?post=4747"},{"taxonomy":"product_cat","embeddable":true,"href":"https:\/\/vetomshop.hu\/ru\/wp-json\/wp\/v2\/product_cat?post=4747"},{"taxonomy":"product_tag","embeddable":true,"href":"https:\/\/vetomshop.hu\/ru\/wp-json\/wp\/v2\/product_tag?post=4747"}],"curies":[{"name":"wp","href":"https:\/\/api.w.org\/{rel}","templated":true}]}}