{"id":4753,"date":"2023-11-11T14:34:02","date_gmt":"2023-11-11T13:34:02","guid":{"rendered":"https:\/\/vetomshop.hu\/termek\/zold-dio-medal\/"},"modified":"2023-11-11T14:34:02","modified_gmt":"2023-11-11T13:34:02","slug":"zold-dio-medal","status":"publish","type":"product","link":"https:\/\/vetomshop.hu\/ru\/product\/zold-dio-medal\/","title":{"rendered":"\u041c\u0435\u0434\u0430\u043b\u044c \"\u0417\u0435\u043b\u0435\u043d\u044b\u0439 \u043e\u0440\u0435\u0445"},"content":{"rendered":"<h4>Nuces Virides - \u041c\u0435\u0434\u0430\u043b\u044c \u0437\u0435\u043b\u0435\u043d\u043e\u0433\u043e \u043e\u0440\u0435\u0445\u0430<\/h4>\n<p>\u0422\u0440\u0430\u0434\u0438\u0446\u0438\u043e\u043d\u043d\u043e\u0435 \u043f\u0440\u0438\u043c\u0435\u043d\u0435\u043d\u0438\u0435 \u0432 \u043a\u0430\u0447\u0435\u0441\u0442\u0432\u0435 \u043b\u0435\u043a\u0430\u0440\u0441\u0442\u0432\u0435\u043d\u043d\u043e\u0433\u043e \u0440\u0430\u0441\u0442\u0435\u043d\u0438\u044f: \u0442\u043e\u043d\u0438\u0437\u0438\u0440\u0443\u044e\u0449\u0435\u0435, \u0441\u0442\u0438\u043c\u0443\u043b\u0438\u0440\u0443\u044e\u0449\u0435\u0435, \u043f\u0438\u0449\u0435\u0432\u0430\u0440\u0438\u0442\u0435\u043b\u044c\u043d\u043e\u0435 \u0438 \u0434\u0435\u0442\u043e\u043a\u0441\u0438\u0446\u0438\u0440\u0443\u044e\u0449\u0435\u0435. \u041f\u043e\u044d\u0442\u043e\u043c\u0443 \u0435\u0433\u043e \u0440\u0435\u043a\u043e\u043c\u0435\u043d\u0434\u0443\u044e\u0442 \u043f\u0440\u0438 \u0441\u0442\u0435\u043d\u043e\u043a\u0430\u0440\u0434\u0438\u0438, \u0437\u0430\u0431\u043e\u043b\u0435\u0432\u0430\u043d\u0438\u044f\u0445 \u043b\u0438\u043c\u0444\u0430\u0442\u0438\u0447\u0435\u0441\u043a\u043e\u0439 \u0441\u0438\u0441\u0442\u0435\u043c\u044b, \u0442\u0443\u0431\u0435\u0440\u043a\u0443\u043b\u0435\u0437\u0435 \u043b\u0435\u0433\u043a\u0438\u0445 \u0438 \u043a\u043e\u0441\u0442\u0435\u0439. \u041e\u043a\u0430\u0437\u044b\u0432\u0430\u0435\u0442 \u0432\u044b\u0440\u0430\u0436\u0435\u043d\u043d\u043e\u0435 \u0434\u0435\u0439\u0441\u0442\u0432\u0438\u0435 \u043d\u0430 \u043f\u0438\u0449\u0435\u0432\u0430\u0440\u0438\u0442\u0435\u043b\u044c\u043d\u0443\u044e \u0441\u0438\u0441\u0442\u0435\u043c\u0443 \u0438 \u043c\u044b\u0448\u0446\u044b. \u042f\u0432\u043b\u044f\u0435\u0442\u0441\u044f \u043e\u0447\u0438\u0441\u0442\u0438\u0442\u0435\u043b\u0435\u043c \u043a\u0440\u043e\u0432\u0438, \u0441\u0442\u0438\u043c\u0443\u043b\u0438\u0440\u0443\u0435\u0442 \u0434\u0435\u044f\u0442\u0435\u043b\u044c\u043d\u043e\u0441\u0442\u044c \u043f\u0435\u0447\u0435\u043d\u0438 \u0438 \u043a\u0440\u043e\u0432\u043e\u043e\u0431\u0440\u0430\u0449\u0435\u043d\u0438\u0435. \u0415\u0433\u043e \u0430\u043d\u0442\u0438\u0431\u0438\u043e\u0442\u0438\u0447\u0435\u0441\u043a\u043e\u0435 \u0434\u0435\u0439\u0441\u0442\u0432\u0438\u0435 \u0434\u0430\u0432\u043d\u043e \u0438\u0437\u0432\u0435\u0441\u0442\u043d\u043e \u0432 \u043d\u0430\u0440\u043e\u0434\u043d\u043e\u0439 \u043c\u0435\u0434\u0438\u0446\u0438\u043d\u0435.<\/p>\n<p>\u0412 \u0441\u0435\u043b\u044c\u0441\u043a\u043e\u0439 \u043c\u0435\u0441\u0442\u043d\u043e\u0441\u0442\u0438 \u0435\u0433\u043e \u0442\u0430\u043a\u0436\u0435 \u0438\u0441\u043f\u043e\u043b\u044c\u0437\u043e\u0432\u0430\u043b\u0438 \u0434\u043b\u044f \u043b\u0435\u0447\u0435\u043d\u0438\u044f \u0441\u0438\u0431\u0438\u0440\u0441\u043a\u043e\u0439 \u044f\u0437\u0432\u044b. \u041e\u043d \u044d\u0444\u0444\u0435\u043a\u0442\u0438\u0432\u0435\u043d \u043f\u0440\u0438 \u0434\u0438\u0430\u0431\u0435\u0442\u0435, \u0442\u0430\u043a \u043a\u0430\u043a \u0440\u0435\u0433\u0443\u043b\u0438\u0440\u0443\u0435\u0442 \u043e\u0431\u043c\u0435\u043d \u0432\u0435\u0449\u0435\u0441\u0442\u0432, \u0441\u043d\u0438\u0436\u0430\u0435\u0442 \u0443\u0440\u043e\u0432\u0435\u043d\u044c \u0441\u0430\u0445\u0430\u0440\u0430 \u0432 \u043a\u0440\u043e\u0432\u0438, \u0441\u043d\u0438\u043c\u0430\u0435\u0442 \u0436\u0430\u0436\u0434\u0443, \u0443\u043c\u0435\u043d\u044c\u0448\u0430\u0435\u0442 \u043c\u043e\u0447\u0435\u0438\u0441\u043f\u0443\u0441\u043a\u0430\u043d\u0438\u0435 \u0438 \u043f\u0440\u0435\u0434\u043e\u0442\u0432\u0440\u0430\u0449\u0430\u0435\u0442 \u043e\u0441\u043b\u043e\u0436\u043d\u0435\u043d\u0438\u044f. \u041b\u0438\u0441\u0442\u044c\u044f<br \/>\n\u043e\u0431\u043b\u0430\u0434\u0430\u044e\u0442 \u0432\u044f\u0436\u0443\u0449\u0438\u043c\u0438 \u0441\u0432\u043e\u0439\u0441\u0442\u0432\u0430\u043c\u0438, \u043f\u043e\u044d\u0442\u043e\u043c\u0443 \u0438\u0445 \u0438\u0441\u043f\u043e\u043b\u044c\u0437\u0443\u044e\u0442 \u043f\u0440\u0438 \u043b\u0435\u0433\u043a\u043e\u0439 \u0434\u0438\u0430\u0440\u0435\u0435 \u0438 \u0433\u0430\u0441\u0442\u0440\u0438\u0442\u0435, \u0430 \u0442\u0430\u043a\u0436\u0435 \u043f\u0440\u0438 \u043f\u0440\u043e\u0431\u043b\u0435\u043c\u0430\u0445 \u0441 \u043f\u0438\u0449\u0435\u0432\u0430\u0440\u0435\u043d\u0438\u0435\u043c. \u041e\u043d \u0442\u0430\u043a\u0436\u0435 \u044d\u0444\u0444\u0435\u043a\u0442\u0438\u0432\u0435\u043d \u0434\u043b\u044f \u043e\u0441\u0442\u0430\u043d\u043e\u0432\u043a\u0438 \u043a\u0440\u043e\u0432\u043e\u0442\u0435\u0447\u0435\u043d\u0438\u0439 \u0438 \u0443\u043b\u0443\u0447\u0448\u0435\u043d\u0438\u044f \u043a\u0440\u043e\u0432\u043e\u043e\u0431\u0440\u0430\u0449\u0435\u043d\u0438\u044f \u0432 \u043d\u043e\u0433\u0430\u0445.<\/p>\n<div class=\"su-spoiler su-spoiler-style-defoult su-spoiler-icon-caret su-spoiler-closed\" data-scroll-offset=\"0\" data-anchor-in-url=\"no\"><div class=\"su-spoiler-title\" tabindex=\"0\" role=\"button\"><span class=\"su-spoiler-icon\"><\/span>\u0412\u0441\u0435<\/div><div class=\"su-spoiler-content su-u-clearfix su-u-trim\">\n\u0422\u0435, \u043a\u0442\u043e \u0435\u0433\u043e \u0438\u0441\u043f\u043e\u043b\u044c\u0437\u043e\u0432\u0430\u043b, \u043e\u0442\u043c\u0435\u0447\u0430\u044e\u0442 \u043e\u0442\u043b\u0438\u0447\u043d\u044b\u0435 \u0440\u0435\u0437\u0443\u043b\u044c\u0442\u0430\u0442\u044b \u0432 \u043b\u0435\u0447\u0435\u043d\u0438\u0438 \u043f\u043e\u043b\u0438\u043f\u043e\u0432 \u0436\u0435\u043b\u0443\u0434\u043a\u0430 \u0438 \u043d\u043e\u0441\u0430.<\/p>\n<p>\u041d\u0430\u0440\u043e\u0434\u043d\u0430\u044f \u043c\u0435\u0434\u0438\u0446\u0438\u043d\u0430 \u0441 \u0434\u0440\u0435\u0432\u043d\u0438\u0445 \u0432\u0440\u0435\u043c\u0435\u043d \u0438\u0441\u043f\u043e\u043b\u044c\u0437\u0443\u0435\u0442 \u0435\u0433\u043e \u0434\u043b\u044f \u0431\u043e\u0440\u044c\u0431\u044b \u0441\u043e \u0437\u043b\u043e\u043a\u0430\u0447\u0435\u0441\u0442\u0432\u0435\u043d\u043d\u044b\u043c\u0438 \u0438 \u0434\u043e\u0431\u0440\u043e\u043a\u0430\u0447\u0435\u0441\u0442\u0432\u0435\u043d\u043d\u044b\u043c\u0438 \u043e\u043f\u0443\u0445\u043e\u043b\u044f\u043c\u0438.<br \/>\n<\/div><\/div>","protected":false},"excerpt":{"rendered":"<p>Nuces Virides \u2013 Z\u00f6ld Di\u00f3 Med\u00e1l Gy\u00f3gyn\u00f6v\u00e9nyk\u00e9nt val\u00f3 hagyom\u00e1nyos felhaszn\u00e1l\u00e1sa: toniz\u00e1l\u00f3, stimul\u00e1l\u00f3, em\u00e9szt\u00e9st el\u0151seg\u00edt\u0151 \u00e9s salaktalan\u00edt\u00f3. Ez\u00e9rt aj\u00e1nlj\u00e1k angolk\u00f3rra, nyirokrendszeri betegs\u00e9gekre, t\u00fcd\u0151-\u00e9s csont tbc-re. J\u00f3l megfigyelhet\u0151 hat\u00e1sa van az em\u00e9szt\u0151rendszerre \u00e9s az izomzatra. V\u00e9rtiszt\u00edt\u00f3, serkenti a m\u00e1j tev\u00e9kenys\u00e9g\u00e9t \u00e9s a v\u00e9rkering\u00e9st. Antibiotikus hat\u00e1sa r\u00e9g\u00f3ta ismert a n\u00e9pgy\u00f3gy\u00e1szatban. Vid\u00e9ken a l\u00e9pfen\u00e9t is k\u00far\u00e1lt\u00e1k vele. Cukorbetegs\u00e9gre az\u00e9rt [&hellip;]<\/p>\n","protected":false},"featured_media":4752,"comment_status":"open","ping_status":"closed","template":"","meta":[],"product_brand":[],"product_cat":[33,32],"product_tag":[],"class_list":{"0":"post-4753","1":"product","2":"type-product","3":"status-publish","4":"has-post-thumbnail","6":"product_cat-egeszseg-medalok","7":"product_cat-triomed","9":"first","10":"instock","11":"taxable","12":"shipping-taxable","13":"purchasable","14":"product-type-simple"},"_links":{"self":[{"href":"https:\/\/vetomshop.hu\/ru\/wp-json\/wp\/v2\/product\/4753","targetHints":{"allow":["GET"]}}],"collection":[{"href":"https:\/\/vetomshop.hu\/ru\/wp-json\/wp\/v2\/product"}],"about":[{"href":"https:\/\/vetomshop.hu\/ru\/wp-json\/wp\/v2\/types\/product"}],"replies":[{"embeddable":true,"href":"https:\/\/vetomshop.hu\/ru\/wp-json\/wp\/v2\/comments?post=4753"}],"wp:featuredmedia":[{"embeddable":true,"href":"https:\/\/vetomshop.hu\/ru\/wp-json\/wp\/v2\/media\/4752"}],"wp:attachment":[{"href":"https:\/\/vetomshop.hu\/ru\/wp-json\/wp\/v2\/media?parent=4753"}],"wp:term":[{"taxonomy":"product_brand","embeddable":true,"href":"https:\/\/vetomshop.hu\/ru\/wp-json\/wp\/v2\/product_brand?post=4753"},{"taxonomy":"product_cat","embeddable":true,"href":"https:\/\/vetomshop.hu\/ru\/wp-json\/wp\/v2\/product_cat?post=4753"},{"taxonomy":"product_tag","embeddable":true,"href":"https:\/\/vetomshop.hu\/ru\/wp-json\/wp\/v2\/product_tag?post=4753"}],"curies":[{"name":"wp","href":"https:\/\/api.w.org\/{rel}","templated":true}]}}