{"id":315,"date":"2018-03-26T06:53:43","date_gmt":"2018-03-26T06:53:43","guid":{"rendered":"https:\/\/demos.artbees.net\/jupiter\/herse\/cart\/"},"modified":"2024-03-06T15:56:20","modified_gmt":"2024-03-06T14:56:20","slug":"kosar","status":"publish","type":"page","link":"https:\/\/vetomshop.hu\/sk\/kosar\/","title":{"rendered":"Ko\u0161\u00edk"},"content":{"rendered":"<div class=\"su-spoiler su-spoiler-style-fancy su-spoiler-icon-chevron su-spoiler-closed\" data-scroll-offset=\"0\" data-anchor-in-url=\"no\"><div class=\"su-spoiler-title\" tabindex=\"0\" role=\"button\"><span class=\"su-spoiler-icon\"><\/span> Dodanie a platba<\/div><div class=\"su-spoiler-content su-u-clearfix su-u-trim\">\n<h2>Osobn\u00e9 potvrdenie<\/h2>\n<p style=\"padding-left: 40px;\">8112, Zichy\u00fajfalu, Kast\u00e9lykert 1<\/p>\n<p style=\"padding-left: 40px;\">\u010cas osobn\u00e9ho odberu: len po dohode na t\u00fdchto kontaktn\u00fdch \u00fadajoch<\/p>\n<ul>\n<li style=\"list-style-type: none;\">\n<ul>\n<li><strong>Telef\u00f3n<\/strong>:\u00a0<a href=\"http:\/\/Tel:+36305573846\" target=\"_blank\" rel=\"noopener noreferrer nofollow\">+36305573846<\/a> Tam\u00e1s Pap<\/li>\n<li><strong>E-mail-1<\/strong>: i<a href=\"mailto:infoshop.vetom.magyarorszag@gmail.com\" target=\"_blank\" rel=\"noopener\">nfoshop.vetom.magyarorszag@<wbr \/>gmail.com<\/a><\/li>\n<li><strong>E-mail 2<\/strong>:\u00a0 <a href=\"mailto:vetomshop.hu@gmail.com\" target=\"_blank\" rel=\"noopener\">vetomshop.hu@gmail.com<\/a><\/li>\n<li>alebo od na\u0161ich partnerov v celej krajine, ktor\u00fdch kontaktn\u00e9 \u00fadaje n\u00e1jdete na na\u0161ej webovej str\u00e1nke<\/li>\n<\/ul>\n<\/li>\n<\/ul>\n<h2><span style=\"color: #ff0000;\">Dod\u00e1vka:<\/span><\/h2>\n<p>V na\u0161om obchode si m\u00f4\u017eete vybra\u0165 z nasleduj\u00facich mo\u017enost\u00ed doru\u010denia a platby:<\/p>\n<p style=\"padding-left: 40px;\"><span style=\"color: #339966;\"><strong>Kuri\u00e9rska slu\u017eba GLS<\/strong><\/span> a <span style=\"color: #339966;\"><strong>Zariadenie Foxpost na prepravu bal\u00edkov<\/strong><\/span><\/p>\n<p style=\"padding-left: 40px;\"><em><strong>30.000<\/strong> Doru\u010denie zdarma nad hodnotu objedn\u00e1vky HUF!<\/em><\/p>\n<h2><span style=\"color: #008000;\">Kuri\u00e9rska slu\u017eba GLS:<\/span><\/h2>\n<p>Za objedn\u00e1vky GLS ParcelPoint m\u00f4\u017eete na niektor\u00fdch miestach plati\u0165 v hotovosti a kreditnou kartou (overte si to vopred v ParcelPoint). <b>Ak po\u017eadujete doru\u010denie do slu\u017eby GLS ParcelService alebo GLS ParcelPoint, mus\u00edte do po\u013ea pre doru\u010dovaciu adresu zada\u0165 adresu bal\u00edkomatu.<\/b><\/p>\n<ul>\n<li>Po odoslan\u00ed z\u00e1sielky kuri\u00e9rsky syst\u00e9m GLS e-mailom ozn\u00e1mi pr\u00edjemcovi, \u017ee z\u00e1sielka bude doru\u010den\u00e1 nasleduj\u00faci pracovn\u00fd de\u0148. E-mail bude obsahova\u0165 \u010d\u00edslo z\u00e1sielky a v\u00fd\u0161ku pr\u00edpadnej dobierky. R\u00e1no v de\u0148 doru\u010denia dostane pr\u00edjemca ozn\u00e1menie obsahuj\u00face telef\u00f3nne \u010d\u00edslo kuri\u00e9ra, telef\u00f3nne \u010d\u00edslo z\u00e1kazn\u00edckeho servisu GLS a 3-hodinov\u00e9 \u010dasov\u00e9 okno o\u010dak\u00e1van\u00e9ho doru\u010denia. V pr\u00edpade ne\u00faspe\u0161n\u00e9ho pokusu o doru\u010denie sa pr\u00edjemcovi za\u0161le e-mailov\u00e9 ozn\u00e1menie.<\/li>\n<li><b>Vyh\u013ead\u00e1vanie GLS ParcelSpot:<\/b> <a href=\"https:\/\/gls-group.com\/HU\/hu\/depo-csomagpont-kereses\" target=\"_blank\" rel=\"noopener noreferrer nofollow\">https:\/\/gls-group.com\/HU\/hu\/depo-csomagpont-kereses<\/a><br \/>\n<b>\u010cas dodania:<\/b> 1-3 pracovn\u00e9 dni<br \/>\n<b>Poplatok za doru\u010denie:<\/b> 1590, - Ft,<br \/>\n<strong>Platba:<\/strong> Predplatn\u00e9 (0,- Ft) alebo Doplatok, ktor\u00fd stoj\u00ed + 400,- Ft<\/li>\n<\/ul>\n<p>Tieto ceny sa vz\u0165ahuj\u00fa len na dod\u00e1vky v r\u00e1mci Ma\u010farska. Ak si \u017eel\u00e1te posla\u0165 z\u00e1sielku do zahrani\u010dia, kontaktujte n\u00e1s pros\u00edm priamo e-mailom pred alebo po odoslan\u00ed objedn\u00e1vky a informujte sa o n\u00e1kladoch na dopravu.<\/p>\n<h2><span style=\"color: #008000;\">Kuri\u00e9rska slu\u017eba FOXPOST:<\/span><\/h2>\n<p>M\u00f4\u017eete tie\u017e po\u017eiada\u0165 o doru\u010denie do bal\u00edkomatu Foxpost v na\u0161om obchode.<\/p>\n<p style=\"padding-left: 40px;\"><a href=\"https:\/\/foxpost.hu\/csomagautomatak\" target=\"_blank\" rel=\"noopener noreferrer nofollow\" data-saferedirecturl=\"https:\/\/www.google.com\/url?q=https:\/\/foxpost.hu\/csomagautomatak&amp;source=gmail&amp;ust=1709714712502000&amp;usg=AOvVaw1Y_RPFbUPlHU38HiM-T9Re\">https:\/\/foxpost.hu\/<wbr \/>bato\u017einov\u00fd priestor<\/a><\/p>\n<p><strong>Ak po\u017eadujete doru\u010denie do bal\u00edkomatu Foxpost, mus\u00edte do po\u013ea pre doru\u010dovaciu adresu zada\u0165 adresu bal\u00edkomatu.<\/strong><\/p>\n<h3>Sp\u00f4soby platby:<\/h3>\n<p><strong>\u010cas dodania:<\/strong> 1-3 pracovn\u00e9 dni<br \/>\n<strong>Poplatok za doru\u010denie:<\/strong> 1390, - Ft,<br \/>\n<strong>Platba:<\/strong> Predplatn\u00e9 (0,- Ft) alebo Doplatok, ktor\u00fd stoj\u00ed +350,- Ft<\/p>\n<h3>Sp\u00f4soby platby:<\/h3>\n<h4 style=\"padding-left: 40px;\">N\u00e1sledn\u00e9 opatrenia<\/h4>\n<p>Ak si vyberiete sp\u00f4sob platby na dobierku, platba sa uskuto\u010dn\u00ed na mieste prevzatia z\u00e1sielky (kuri\u00e9rske alebo po\u0161tov\u00e9 miesto\/bal\u00edkov\u00e1 stanica). Tento sp\u00f4sob platby je spoplatnen\u00fd manipula\u010dn\u00fdm poplatkom, preto si k z\u00e1kladn\u00e9mu poplatku za doru\u010denie \u00fa\u010dtujeme \u010fal\u0161\u00edch 350 alebo 400 HUF za bal\u00edk. Pri platbe v hotovosti si pripravte presn\u00fa sumu, preto\u017ee kuri\u00e9r nemus\u00ed ma\u0165 v\u017edy dostatok drobn\u00fdch.<\/p>\n<h4 style=\"padding-left: 40px;\">Bankov\u00fd prevod vopred<\/h4>\n<p>Ak sa rozhodnete zaplati\u0165 bankov\u00fdm prevodom vopred, po kontrole stavu z\u00e1sob v\u00e1m e-mailom za\u0161leme fakt\u00faru, ktor\u00e1 bude obsahova\u0165 \u00fadaje potrebn\u00e9 na prevod a kone\u010dn\u00fa presn\u00fa sumu. Pros\u00edme v\u00e1s, aby ste k\u00fapnu cenu previedli na n\u00e1\u0161 bankov\u00fd \u00fa\u010det do 72 hod\u00edn od zaslania fakt\u00fary, inak bude va\u0161a objedn\u00e1vka pova\u017eovan\u00e1 za neplatn\u00fa. Radi by sme v\u00e1s upozornili, aby ste bankov\u00fd prevod neiniciovali sk\u00f4r, ako v\u00e1m do schr\u00e1nky pr\u00edde fakt\u00fara! \u00dadaje potrebn\u00e9 na prevod s\u00fa uveden\u00e9 vo vystavenej fakt\u00fare.<\/p>\n<h4 style=\"padding-left: 40px;\">Upozor\u0148ujeme tie\u017e na nasleduj\u00face skuto\u010dnosti:<\/h4>\n<p>O odoslan\u00ed a o\u010dak\u00e1vanom pr\u00edchode va\u0161ej z\u00e1sielky budete informovan\u00ed e-mailom, preto si po odoslan\u00ed objedn\u00e1vky pravidelne kontrolujte svoju e-mailov\u00fa schr\u00e1nku, aby ste predi\u0161li ak\u00fdmko\u013evek nedorozumeniam alebo nepr\u00edjemnostiam. Ak sa vyskytn\u00fa ak\u00e9ko\u013evek nezrovnalosti s va\u0161ou objedn\u00e1vkou, kontaktujte n\u00e1s na adrese <a href=\"mailto:vetomshop.hu@gmail.com\" target=\"_blank\" rel=\"noopener\">vetomshop.hu@gmail.com<\/a> na. Pri zad\u00e1van\u00ed objedn\u00e1vky sa uistite, \u017ee ste uviedli spr\u00e1vne meno, adresu, e-mailov\u00fa adresu a telef\u00f3nne \u010d\u00edslo. Osoba doru\u010duj\u00faca z\u00e1sielky nemus\u00ed pozna\u0165 miestne \u0161pecifik\u00e1, preto v pr\u00edpade potreby uve\u010fte \u010fal\u0161ie inform\u00e1cie, ktor\u00e9 pom\u00f4\u017eu pri \u00faspe\u0161nom doru\u010den\u00ed. Ak sa doru\u010denie nepodar\u00ed z va\u0161ej viny, budeme m\u00f4c\u0165 z\u00e1sielku doru\u010dovate\u013eovi op\u00e4tovne doru\u010di\u0165 a\u017e po op\u00e4tovnom zaplaten\u00ed poplatku za doru\u010denie. Je d\u00f4le\u017eit\u00e9, aby ste v pr\u00edpade vidite\u013ene po\u0161kodenej alebo otvorenej z\u00e1sielky z\u00e1sielku neprevzali a \u010do najsk\u00f4r n\u00e1s o tom informovali.<\/p>\n<\/div><\/div>","protected":false},"excerpt":{"rendered":"Sz\u00e1ll\u00edt\u00e1s \u00e9s fizet\u00e9s Szem\u00e9lyes \u00e1tv\u00e9tel 8112, Zichy\u00fajfalu, Kast\u00e9lykert 1 A szem\u00e9lyes \u00e1tv\u00e9tel ideje: kiz\u00e1r\u00f3lag el\u0151zetes egyeztet\u00e9ssel a k\u00f6vetkez\u0151 el\u00e9rhet\u0151s\u00e9geken Telefon:\u00a0+36305573846 Pap Tam\u00e1s Email-1: infoshop.vetom.magyarorszag@gmail.com Email-2:\u00a0 vetomshop.hu@gmail.com vagy orsz\u00e1gszerte a partnereinkt\u0151l, melyeknek el\u00e9rhet\u0151s\u00e9g\u00fck a weboldalunkon is megtal\u00e1lhat\u00f3 Kisz\u00e1ll\u00edt\u00e1s: \u00c1ruh\u00e1zunkban az al\u00e1bbi kisz\u00e1ll\u00edt\u00e1si \u00e9s fizet\u00e9si lehet\u0151s\u00e9gek k\u00f6z\u00fcl v\u00e1laszthat: GLS fut\u00e1rszolg\u00e1lat \u00e9s Foxpost csomagautomata 30.000 Forint rendel\u00e9si \u00e9rt\u00e9k [...]","protected":false},"author":3,"featured_media":0,"parent":0,"menu_order":0,"comment_status":"closed","ping_status":"closed","template":"","meta":{"footnotes":""},"class_list":["post-315","page","type-page","status-publish","hentry"],"_links":{"self":[{"href":"https:\/\/vetomshop.hu\/sk\/wp-json\/wp\/v2\/pages\/315","targetHints":{"allow":["GET"]}}],"collection":[{"href":"https:\/\/vetomshop.hu\/sk\/wp-json\/wp\/v2\/pages"}],"about":[{"href":"https:\/\/vetomshop.hu\/sk\/wp-json\/wp\/v2\/types\/page"}],"author":[{"embeddable":true,"href":"https:\/\/vetomshop.hu\/sk\/wp-json\/wp\/v2\/users\/3"}],"replies":[{"embeddable":true,"href":"https:\/\/vetomshop.hu\/sk\/wp-json\/wp\/v2\/comments?post=315"}],"version-history":[{"count":0,"href":"https:\/\/vetomshop.hu\/sk\/wp-json\/wp\/v2\/pages\/315\/revisions"}],"wp:attachment":[{"href":"https:\/\/vetomshop.hu\/sk\/wp-json\/wp\/v2\/media?parent=315"}],"curies":[{"name":"wp","href":"https:\/\/api.w.org\/{rel}","templated":true}]}}