{"id":225,"date":"2016-09-02T11:41:41","date_gmt":"2016-09-02T09:41:41","guid":{"rendered":"https:\/\/demos.artbees.net\/jupiter\/herse\/?post_type=product&#038;p=225"},"modified":"2026-04-12T08:29:44","modified_gmt":"2026-04-12T06:29:44","slug":"vetom1-1-etrend-kiegeszito","status":"publish","type":"product","link":"https:\/\/vetomshop.hu\/sk\/produkt\/vetom1-1-etrend-kiegeszito\/","title":{"rendered":"Probiotikum Vetom <span style=\"color:red\">1.1<\/span><br> kapsula <span style=\"color:red\">50 z\u0155n<\/span> (doplnok stravy)"},"content":{"rendered":"<h2>Vetom 1.1 probiotick\u00e9 kapsule 50 z\u0155n (doplnok stravy)<\/h2>\n<p>Probiotik\u00e1 VETOM sa v podstate m\u00f4\u017eu pou\u017e\u00edva\u0165 pri akomko\u013evek ochoren\u00ed, preto\u017ee dok\u00e1\u017eu rie\u0161i\u0165 z\u00e1va\u017en\u00e9 probl\u00e9my - obnovuj\u00fa mikrofl\u00f3ru a optimalizuj\u00fa \u010dinnos\u0165 imunitn\u00e9ho syst\u00e9mu.<\/p>\n<p>Priazniv\u00e9 \u00fa\u010dinky lieku Vetom 1.1 s\u00fa sp\u00f4soben\u00e9 bakt\u00e9riami *Bacillus subtilis*, ktor\u00e9 obsahuje. Tieto prospe\u0161n\u00e9 bakt\u00e9rie sa mno\u017eia v hrubom \u010dreve a produkuj\u00fa r\u00f4zne enz\u00fdmy a biologicky akt\u00edvne l\u00e1tky, ktor\u00e9:<\/p>\n<p>* potl\u00e1\u010da rast \u0161kodliv\u00fdch bakt\u00e9ri\u00ed a h\u00fab,<br \/>\n* pom\u00e1haj\u00fa rozklada\u0165 bielkoviny, \u0161krob a rastlinn\u00fa vl\u00e1kninu,<br \/>\n* podpora imunitn\u00e9ho syst\u00e9mu,<br \/>\n* pom\u00e1ha detoxikova\u0165 organizmus,<br \/>\n* podporuj\u00fa lep\u0161ie vstreb\u00e1vanie \u017eiv\u00edn.<\/p>\n<h2>Pravideln\u00e9 pou\u017e\u00edvanie v\u00fdrobku:<\/h2>\n<p>* obnovuje zdrav\u00fa rovnov\u00e1hu \u010drevnej fl\u00f3ry,<br \/>\n* zlep\u0161uje tr\u00e1venie,<br \/>\n* zmier\u0148uje pr\u00edznaky alergie,<br \/>\n* podporuje regener\u00e1ciu organizmu a odstra\u0148ovanie chor\u00fdch buniek,<br \/>\n* zvy\u0161uje \u00fa\u010dinky in\u00fdch liekov a z\u00e1rove\u0148 zni\u017euje ich ved\u013eaj\u0161ie \u00fa\u010dinky.<br \/>\n* Chr\u00e1ni telo na bunkovej \u00farovni, pom\u00e1ha predch\u00e1dza\u0165 vzniku n\u00e1dorov<\/p>\n<h2>Vlastnosti:<\/h2>\n<p>* Antibakteri\u00e1lne a antimykotick\u00e9<br \/>\n* Antiv\u00edrusov\u00e9, imunitne posil\u0148uj\u00face, protin\u00e1dorov\u00e9<br \/>\n* \u017diadne ved\u013eaj\u0161ie \u00fa\u010dinky<br \/>\n* \u017diadna z\u00e1vislos\u0165<br \/>\n* Nepred\u00e1vkova\u0165<\/p>\n<h2>Pou\u017eitie:<\/h2>\n<p>Vetom 1.1 sa odpor\u00fa\u010da na zlep\u0161enie stavu gastrointestin\u00e1lneho traktu a na obnovenie rovnov\u00e1hy \u010drevnej fl\u00f3ry.<\/p>\n<h2>D\u00e1vkovanie:<\/h2>\n<p>* Odpor\u00fa\u010da sa 1 kapsula 2-3x denne po\u010das 10 dn\u00ed, pred jedlom, po\u010das jedla alebo po jedle, s mal\u00fdm mno\u017estvom tekutiny (voda, \u010daj alebo d\u017e\u00fas). Po\u010das lie\u010dby sledujte reakciu organizmu a v pr\u00edpade potreby d\u00e1vku postupne zvy\u0161ujte a\u017e na 5-10 kaps\u00fal denne.<\/p>\n<p>* O\u0161etrenie je mo\u017en\u00e9 kedyko\u013evek zopakova\u0165 po 1-2 t\u00fd\u017ed\u0148ovej prest\u00e1vke. Pr\u00edle\u017eitostne sa odpor\u00fa\u010da strieda\u0165 pou\u017e\u00edvanie s in\u00fdmi typmi produktov Vetom na podporu cel\u00e9ho organizmu.<\/p>\n<h2>Kontraindik\u00e1cie:<\/h2>\n<p>* Precitlivenos\u0165 na niektor\u00fa zo zlo\u017eiek<br \/>\n* Nepou\u017e\u00edvajte s antibiotikami alebo in\u00fdmi probiotikami<br \/>\n* Po\u010das tehotenstva a doj\u010denia len so s\u00fahlasom lek\u00e1ra<\/p>\n<h2>\u010eal\u0161ie inform\u00e1cie:<\/h2>\n<p>* Nem\u00e1 vplyv na vedenie vozidla alebo obsluhu nebezpe\u010dn\u00fdch strojov<br \/>\n* Skladovanie: na suchom, chladnom mieste (max. 30 \u00b0C), mimo dosahu det\u00ed<br \/>\n* Z\u00e1ruka: 2 roky od d\u00e1tumu v\u00fdroby<br \/>\n* Balenie: 10 kaps\u00fal v blistri, 5 balen\u00ed v \u0161katuli (spolu 50 kaps\u00fal)<\/p>\n<h2>Zlo\u017eenie v jednej kapsule:<\/h2>\n<p>* extrakt z kukurice: 133 mg<br \/>\n* Zemiakov\u00fd \u0161krob: 100 mg<br \/>\n* Pr\u00e1\u0161kov\u00fd cukor: 67 mg<br \/>\n* Kme\u0148 Bacillus subtilis: 0,03 mg<\/p>\n<p>Alternat\u00edvny ekvivalent vo forme kvapiek: Vetom 1,23 (10 ml)<\/p>\n<p>Miesto p\u00f4vodu: <strong>Rusko<\/strong><\/p>","protected":false},"excerpt":{"rendered":"<h5>Vetom <span style=\"color: red;\">1.1<\/span> probiotick\u00e9 kapsule 50 z\u0155n (doplnok stravy)<\/h5>\n<p>Jeho priazniv\u00e9 \u00fa\u010dinky s\u00fa sp\u00f4soben\u00e9 p\u00f4soben\u00edm prospe\u0161n\u00fdch bakt\u00e9ri\u00ed Bacillus subtilis, ktor\u00e9 vznikaj\u00fa najm\u00e4 mno\u017een\u00edm v hrubom \u010dreve:<\/p>\n<ul class=\"vetom-list\">\n<li>proteolytick\u00e9, amylolytick\u00e9 a celul\u00f3zolytick\u00e9 enz\u00fdmy;<\/li>\n<li>a-2 interfer\u00f3n v \u013eudsk\u00fdch leukocytoch;<\/li>\n<li>bacitrac\u00edn mg, ktor\u00fd inhibuje rast a v\u00fdvoj patog\u00e9nnej a potenci\u00e1lne patog\u00e9nnej mikrofl\u00f3ry;<\/li>\n<li>a in\u00e9 biologicky akt\u00edvne l\u00e1tky.<\/li>\n<\/ul>\n<div class=\"plashka\">V d\u00f4sledku toho sa bakteri\u00e1lne zlo\u017eenie \u010drevn\u00e9ho obsahu men\u00ed na spr\u00e1vnu v\u00fdvojov\u00fa normu, \u010drevn\u00e9 steny sa \u010distia od nestr\u00e1ven\u00fdch zvy\u0161kov, \u010do prispieva k akt\u00edvnemu odstra\u0148ovaniu tox\u00ednov z tela, k neru\u0161en\u00e9mu transportu biologicky akt\u00edvnych \u017eiv\u00edn.<\/div>\n<p>A <strong>Vetom <span style=\"color: red;\">1.1<\/span><\/strong> normalizuje metabolizmus, tr\u00e1venie a vstreb\u00e1vanie biologicky akt\u00edvnych zlo\u017eiek potravy v tr\u00e1viacom trakte.<\/p>\n<p>A <strong>Vetom <span style=\"color: red;\">1.1<\/span><\/strong> zvy\u0161uje \u00fa\u010dinnos\u0165 liekov a zni\u017euje ich negat\u00edvne ved\u013eaj\u0161ie \u00fa\u010dinky na \u013eudsk\u00fd organizmus.<\/p>\n<div class=\"plashka\"><strong>Farmakologick\u00e9 \u00fa\u010dinky:<\/strong> imunomodula\u010dn\u00e9, protin\u00e1dorov\u00e9, antiv\u00edrusov\u00e9, antiprolifera\u010dn\u00e9, bakteric\u00eddne, fungic\u00eddne, antichlam\u00fddiov\u00e9.<\/div>\n<h5>Vlastnosti:<\/h5>\n<ul class=\"vetom-list\">\n<li>M\u00e1 vysok\u00fa antagonistick\u00fa aktivitu vo\u010di patog\u00e9nnym a podmiene\u010dne patog\u00e9nnym hub\u00e1m a bakt\u00e9ri\u00e1m, antiv\u00edrusov\u00e9, proteolytick\u00e9, amylolytick\u00e9 a celulolytick\u00e9 vlastnosti<\/li>\n<li>stimuluje bunkov\u00e9 a humor\u00e1lne faktory imunity<\/li>\n<li>zvy\u0161uje ne\u0161pecifick\u00fa odolnos\u0165 tela<\/li>\n<li>stabilizuje alergick\u00fa odolnos\u0165<\/li>\n<li>normalizuje metabolizmus<\/li>\n<li>stimuluje regenera\u010dn\u00e9 procesy, nap\u00e1da a ni\u010d\u00ed rakovinov\u00e9 a chor\u00e9 bunky<\/li>\n<\/ul>","protected":false},"featured_media":6597,"comment_status":"open","ping_status":"closed","template":"","meta":[],"product_brand":[],"product_cat":[22],"product_tag":[],"class_list":{"0":"post-225","1":"product","2":"type-product","3":"status-publish","4":"has-post-thumbnail","6":"product_cat-vetom-probiotikumok","8":"first","9":"instock","10":"featured","11":"taxable","12":"shipping-taxable","13":"purchasable","14":"product-type-simple"},"_links":{"self":[{"href":"https:\/\/vetomshop.hu\/sk\/wp-json\/wp\/v2\/product\/225","targetHints":{"allow":["GET"]}}],"collection":[{"href":"https:\/\/vetomshop.hu\/sk\/wp-json\/wp\/v2\/product"}],"about":[{"href":"https:\/\/vetomshop.hu\/sk\/wp-json\/wp\/v2\/types\/product"}],"replies":[{"embeddable":true,"href":"https:\/\/vetomshop.hu\/sk\/wp-json\/wp\/v2\/comments?post=225"}],"wp:featuredmedia":[{"embeddable":true,"href":"https:\/\/vetomshop.hu\/sk\/wp-json\/wp\/v2\/media\/6597"}],"wp:attachment":[{"href":"https:\/\/vetomshop.hu\/sk\/wp-json\/wp\/v2\/media?parent=225"}],"wp:term":[{"taxonomy":"product_brand","embeddable":true,"href":"https:\/\/vetomshop.hu\/sk\/wp-json\/wp\/v2\/product_brand?post=225"},{"taxonomy":"product_cat","embeddable":true,"href":"https:\/\/vetomshop.hu\/sk\/wp-json\/wp\/v2\/product_cat?post=225"},{"taxonomy":"product_tag","embeddable":true,"href":"https:\/\/vetomshop.hu\/sk\/wp-json\/wp\/v2\/product_tag?post=225"}],"curies":[{"name":"wp","href":"https:\/\/api.w.org\/{rel}","templated":true}]}}