{"id":2478,"date":"2020-10-20T18:54:23","date_gmt":"2020-10-20T16:54:23","guid":{"rendered":"https:\/\/vetomshop.hu\/?post_type=product&#038;p=2478"},"modified":"2026-04-12T08:28:28","modified_gmt":"2026-04-12T06:28:28","slug":"vetom-2-25-probiotikum-10-ml-csepp","status":"publish","type":"product","link":"https:\/\/vetomshop.hu\/sk\/produkt\/vetom-2-25-probiotikum-10-ml-csepp\/","title":{"rendered":"Probiotikum Vetom <span style=\"color: red\">2.25<\/span><br>drop <span style=\"color: red\">10 ml<\/span> (doplnok stravy)"},"content":{"rendered":"<h3>Vetom 2,25 probiotick\u00e9 kvapky 10 ml (doplnok stravy)<\/h3>\n<p>Dva kmene Bacillus amyloliquefaciens (VKPM B-10642 a B-10643)<\/p>\n<p>Vetom 2,25 je tekut\u00e9 probiotikum na pr\u00edrodnej b\u00e1ze ur\u010den\u00e9 na obnovu \u010drevnej fl\u00f3ry, podporu zdravia tr\u00e1viaceho traktu a posilnenie celkovej obranyschopnosti organizmu. Jeho v\u00fdnimo\u010dn\u00e1 \u00fa\u010dinnos\u0165 je sp\u00f4soben\u00e1 dvoma kme\u0148mi bakt\u00e9ri\u00ed *Bacillus amyloliquefaciens*, ktor\u00e9 obsahuje.<\/p>\n<h2>Hlavn\u00e9 \u00fa\u010dinky a v\u00fdhody:<\/h2>\n<p>*Antibakteri\u00e1lne, antiv\u00edrusov\u00e9, antimykotick\u00e9 a antichlam\u00fddiov\u00e9 \u00fa\u010dinky<br \/>\n*Pom\u00e1ha fungovaniu hrub\u00e9ho a tenk\u00e9ho \u010dreva, obnovuje norm\u00e1lnu \u010drevn\u00fa fl\u00f3ru<br \/>\n*Podporuje imunitn\u00fd syst\u00e9m na bunkovej \u00farovni aj na \u00farovni v\u0161eobecnej obrany<br \/>\n* normalizuje metabolizmus, najm\u00e4 rovnov\u00e1hu vody a soli<br \/>\n*Detoxika\u010dn\u00fd \u00fa\u010dinok, pom\u00e1ha eliminova\u0165 rozkladn\u00e9 procesy v \u010dreve<br \/>\n* Zni\u017euje z\u00e1pach z \u00fast a pr\u00edznaky potenia<br \/>\n*Pou\u017e\u00edva sa ako doplnok pri r\u00f4znych ochoreniach, ako s\u00fa ochorenia pe\u010dene, z\u00e1paly \u010driev, \u017eal\u00fado\u010dn\u00e9 vredy, chronick\u00e1 hepatit\u00edda<br \/>\n*\u013dudsk\u00e9 leukocyty produkuj\u00fa interfer\u00f3n, ktor\u00fd chr\u00e1ni telo pred v\u00edrusov\u00fdmi infekciami<br \/>\n* \u017diadna z\u00e1vislos\u0165, pred\u00e1vkovanie alebo ved\u013eaj\u0161ie \u00fa\u010dinky<br \/>\n*Pre deti aj dospel\u00fdch<\/p>\n<h2>Kedy sa odpor\u00fa\u010da jeho pou\u017eitie?<\/h2>\n<p>* Po lie\u010dbe antibiotikami na regener\u00e1ciu \u010drevnej fl\u00f3ry<br \/>\n* Na doplnenie lie\u010dby v pr\u00edpade rakoviny<br \/>\n*Zdravotn\u00e9 poruchy, hna\u010dka, z\u00e1pcha, \u017eal\u00fado\u010dn\u00e9 \u0165a\u017ekosti<br \/>\n*Pri imunodeficiencii<br \/>\n*V pr\u00edpade nepr\u00edjemn\u00e9ho telesn\u00e9ho z\u00e1pachu alebo dychu<br \/>\n*Doplnkov\u00e1 lie\u010dba obli\u010dkov\u00fdch kame\u0148ov, ochoren\u00ed pe\u010dene, gastrointestin\u00e1lnych probl\u00e9mov<\/p>\n<h2>\nOdpor\u00fa\u010dan\u00e9 d\u00e1vkovanie:<\/h2>\n<p>*Doplnkov\u00e9 pre dospel\u00fdch a deti : po\u010das prv\u00fdch dn\u00ed sa odpor\u00fa\u010daj\u00fa 2 kvapky, potom sa d\u00e1vka m\u00f4\u017ee postupne zv\u00fd\u0161i\u0165 na 4-6 kvapiek. Po\u010das u\u017e\u00edvania sledujte reakcie organizmu.<br \/>\n*Pre be\u017en\u00e9 choroby: 10 kvapiek denne po\u010das 10 dn\u00ed<br \/>\n* Lie\u010dbu mo\u017eno opakova\u0165 po 1-2 t\u00fd\u017ed\u0148och<br \/>\n* Odpor\u00fa\u010da sa pou\u017e\u00edva\u0165 ho striedavo s in\u00fdmi produktmi Vetom (napr. Vetom 1, 3, 4 at\u010f.)<\/p>\n<p>D\u00f4le\u017eit\u00e9:<br \/>\nNemal by sa u\u017e\u00edva\u0165 s in\u00fdmi peror\u00e1lnymi probiotikami alebo antibiotikami, najm\u00e4 so sulfanilamidom, protirakovinov\u00fdmi l\u00e1tkami.<\/p>\n<h2>Zlo\u017eenie:<\/h2>\n<p>* Fermentovan\u00fd kukuri\u010dn\u00fd extrakt s t\u00fdmito bakteri\u00e1lnymi kme\u0148mi:<br \/>\n*Bacillus amyloliquefaciens* VKPM B-10642 (DSM 24614)<br \/>\n*Bacillus amyloliquefaciens* VKPM B-10643 (DSM 24615)<br \/>\n* Viveware<\/p>\n<h2>Balenie a vzh\u013ead:<\/h2>\n<p>* 10 ml tekutiny v sklenenej alebo plastovej f\u013ea\u0161i zabalenej v kart\u00f3novej \u0161katuli<br \/>\n* Farba: svetlo\u017elt\u00e1 a\u017e tmavohned\u00e1<br \/>\n* Typick\u00fd z\u00e1pach, niekedy sa m\u00f4\u017ee vyskytn\u00fa\u0165 mierny sediment (nie je to vada kvality)<\/p>\n<p>*Hmotnos\u0165: 0,02 kg<br \/>\n*Rozmery: 3 \u00d7 3 \u00d7 7 cm<br \/>\n*Miesto zamestnania: <strong>Rusko<\/strong><\/p>\n<h2>Podmienky skladovania a prepravy:<\/h2>\n<p>*Skladovanie: 0-10 \u00b0C, max. vlhkos\u0165 75%<br \/>\n*Mo\u017eno skladova\u0165 pri teplote 10-30 \u00b0C a\u017e 18 dn\u00ed<br \/>\n*Po demont\u00e1\u017ei: uchov\u00e1vajte v chlade (0-10 \u00b0C)<\/p>","protected":false},"excerpt":{"rendered":"<h5>Zlo\u017eenie:<\/h5>\n<p>Bacillus amyloliquefaciens, VKPM B- 10642 <strong>(DSM 24614)<\/strong> a VKPM B- 10643 <strong>(DSM 24615)<\/strong> bakteri\u00e1lny fermentovan\u00fd kukuri\u010dn\u00fd extrakt z kme\u0148ov bacilov, nosi\u010d.<br \/>\n<strong>Ako v\u00fdrobok vyzer\u00e1: <\/strong>A <strong>Vetom<\/strong> <span style=\"color: red; font-weight: 800;\">2.25<\/span> <strong>Probiotick\u00e9 kvapky<\/strong> kvapalina so \u0161pecifick\u00fdm z\u00e1pachom, od svetlo\u017eltej po tmavohned\u00fa farbu.<\/p>\n<p><strong>Rozba\u013eovanie:<\/strong>\u00a0 sklenen\u00e1 alebo plastov\u00e1 f\u013ea\u0161a v kart\u00f3ne.<\/p>\n<div class=\"plashka\">A <strong>Vetom<\/strong> <span style=\"color: red; font-weight: 800;\">2.25<\/span> zvy\u0161uje \u00fa\u010dinnos\u0165 liekov a zni\u017euje ich negat\u00edvne ved\u013eaj\u0161ie \u00fa\u010dinky na \u013eudsk\u00fd organizmus.<\/div>\n<h6>Vlastnosti:<\/h6>\n<ul class=\"vetom-list\">\n<li>stimuluje bunkov\u00e9 a humor\u00e1lne faktory imunity<\/li>\n<li>zvy\u0161uje ne\u0161pecifick\u00fa odolnos\u0165 tela<\/li>\n<li>stabilizuje alergick\u00fa odolnos\u0165<\/li>\n<li>normalizuje metabolizmus<\/li>\n<li>stimuluje regenera\u010dn\u00e9 procesy, nap\u00e1da a ni\u010d\u00ed rakovinov\u00e9 a chor\u00e9 bunky<\/li>\n<\/ul>\n<div class=\"plashka\">Men\u00ed membr\u00e1nu a metabolizmus bunkov\u00e9ho skeletu, \u010d\u00edm zabra\u0148uje vzniku rakovinov\u00fdch buniek.<\/div>","protected":false},"featured_media":6611,"comment_status":"open","ping_status":"closed","template":"","meta":[],"product_brand":[],"product_cat":[22],"product_tag":[],"class_list":{"0":"post-2478","1":"product","2":"type-product","3":"status-publish","4":"has-post-thumbnail","6":"product_cat-vetom-probiotikumok","8":"first","9":"instock","10":"featured","11":"taxable","12":"shipping-taxable","13":"purchasable","14":"product-type-simple"},"_links":{"self":[{"href":"https:\/\/vetomshop.hu\/sk\/wp-json\/wp\/v2\/product\/2478","targetHints":{"allow":["GET"]}}],"collection":[{"href":"https:\/\/vetomshop.hu\/sk\/wp-json\/wp\/v2\/product"}],"about":[{"href":"https:\/\/vetomshop.hu\/sk\/wp-json\/wp\/v2\/types\/product"}],"replies":[{"embeddable":true,"href":"https:\/\/vetomshop.hu\/sk\/wp-json\/wp\/v2\/comments?post=2478"}],"wp:featuredmedia":[{"embeddable":true,"href":"https:\/\/vetomshop.hu\/sk\/wp-json\/wp\/v2\/media\/6611"}],"wp:attachment":[{"href":"https:\/\/vetomshop.hu\/sk\/wp-json\/wp\/v2\/media?parent=2478"}],"wp:term":[{"taxonomy":"product_brand","embeddable":true,"href":"https:\/\/vetomshop.hu\/sk\/wp-json\/wp\/v2\/product_brand?post=2478"},{"taxonomy":"product_cat","embeddable":true,"href":"https:\/\/vetomshop.hu\/sk\/wp-json\/wp\/v2\/product_cat?post=2478"},{"taxonomy":"product_tag","embeddable":true,"href":"https:\/\/vetomshop.hu\/sk\/wp-json\/wp\/v2\/product_tag?post=2478"}],"curies":[{"name":"wp","href":"https:\/\/api.w.org\/{rel}","templated":true}]}}