{"id":2483,"date":"2020-10-20T19:35:14","date_gmt":"2020-10-20T17:35:14","guid":{"rendered":"https:\/\/vetomshop.hu\/?post_type=product&#038;p=2483"},"modified":"2026-04-12T08:28:16","modified_gmt":"2026-04-12T06:28:16","slug":"vetomgin-8-21","status":"publish","type":"product","link":"https:\/\/vetomshop.hu\/sk\/produkt\/vetomgin-8-21\/","title":{"rendered":"Probiotikum Vetomgin <span style=\"color:red\">8.21<\/span> tableta \u0161ampansk\u00e9ho <span style=\"color:red\">15 kusov<\/span> (doplnok stravy )"},"content":{"rendered":"<h2><strong>Vetomgin 8.21 probiotick\u00e9 \u0161umiv\u00e9 tablety 15 (doplnok stravy)<\/strong><\/h2>\n<p><span style=\"color: #ff0000;\">Zlo\u017eenie<\/span><\/p>\n<p>1 d\u00e1vka (1 \u0161umiv\u00e1 tableta) obsahuje: pr\u00edsadu: Bacillus subtilis, VKPM B - 10641(DSM 24613),Bacillus amyloliquefaciens, VKPM B - 10642(DSM 24614) , Bacillus amyloliquefaciens, VKPM B - 10643 (DSM 24615) 1\u0445106 KTJ\/g - 50 mg.<\/p>\n<p>Jeho priazniv\u00e9 \u00fa\u010dinky s\u00fa sp\u00f4soben\u00e9 vlastnos\u0165ami zlo\u017eiek Vetomginu 8.21. Ich p\u00f4soben\u00edm sa v \u010dreve ka\u017ed\u00e9ho \u010dloveka vytv\u00e1ra \u0161pecifick\u00e9 mikrobi\u00e1lne zlo\u017eenie a aktivuje sa Krebsov cyklus. V\u00fdsledkom tohto procesu je optimaliz\u00e1cia fungovania syst\u00e9mov, ktor\u00e9 chr\u00e1nia organizmus pred cudz\u00edmi votrelcami vr\u00e1tane infek\u010dn\u00fdch mikroorganizmov, a optimaliz\u00e1cia regula\u010dn\u00e9ho syst\u00e9mu organizmu, ktor\u00fd zabezpe\u010duje akt\u00edvne z\u00e1sobovanie buniek kysl\u00edkom; tvorba energetick\u00fdch rezerv; aktiv\u00e1cia synt\u00e9zy pre organizmus nevyhnutn\u00fdch molek\u00fal: aminokysel\u00edn, sacharidov, mastn\u00fdch kysel\u00edn at\u010f.<\/p>\n<p>Vetomgin 8,21 zvy\u0161uje \u00fa\u010dinnos\u0165 liekov a zni\u017euje ich negat\u00edvne ved\u013eaj\u0161ie \u00fa\u010dinky na \u013eudsk\u00fd organizmus.<\/p>\n<h5>Vlastnosti:<\/h5>\n<ul>\n<li>\u00a0\u017dIADNE VED\u013dAJ\u0160IE \u00da\u010cINKY<\/li>\n<li>\u00a0\u017dIADNE VEKOV\u00c9 OBMEDZENIE<\/li>\n<li>\u017dIADNE PRED\u00c1VKOVANIE<\/li>\n<li>NIE JE N\u00c1VYKOV\u00dd<\/li>\n<\/ul>\n<ul class=\"vetom-list\">\n<li>M\u00e1 vysok\u00fa antagonistick\u00fa aktivitu vo\u010di patog\u00e9nnym a podmiene\u010dne patog\u00e9nnym hub\u00e1m a bakt\u00e9ri\u00e1m, antiv\u00edrusov\u00e9, proteolytick\u00e9, amylolytick\u00e9 a celulolytick\u00e9 vlastnosti<\/li>\n<li>stimuluje bunkov\u00e9 a humor\u00e1lne faktory imunity<\/li>\n<li>zvy\u0161uje ne\u0161pecifick\u00fa odolnos\u0165 tela<\/li>\n<li>stabilizuje alergick\u00fa odolnos\u0165<\/li>\n<li>normalizuje metabolizmus<\/li>\n<li>stimuluje regenera\u010dn\u00e9 procesy, nap\u00e1da a ni\u010d\u00ed rakovinov\u00e9 a chor\u00e9 bunky<\/li>\n<\/ul>\n<p><span style=\"color: #ff0000;\">Oblas\u0165 pou\u017eitia<\/span><br \/>\nProbiotick\u00e9 mikroorganizmy s\u00fa doplnkov\u00fdm zdrojom na zlep\u0161enie kvality \u017eivota.<br \/>\n<span style=\"color: #ff0000;\">Prihl\u00e1\u0161ku podajte na<\/span><br \/>\nOdpor\u00fa\u010dan\u00e9 3 \u0161umiv\u00e9 tablety denne po\u010das 10 dn\u00ed v pravideln\u00fdch intervaloch.<br \/>\n1 tableta rozpusten\u00e1 v poh\u00e1ri vody .<br \/>\nTableta sa nesmie preh\u013ata\u0165, \u017eu\u0165 ani cm\u00fa\u013ea\u0165.<br \/>\n<span style=\"color: #ff0000;\">Kontraindik\u00e1cie<\/span><br \/>\nPrecitlivenos\u0165 na niektor\u00e9 zlo\u017eky lieku.<br \/>\nOsobitn\u00e9 pokyny<br \/>\nPou\u017e\u00edvajte po\u010das tehotenstva a doj\u010denia len na z\u00e1klade odpor\u00fa\u010dania lek\u00e1ra. Pr\u00edpravok nem\u00e1 vplyv na schopnos\u0165 vies\u0165 vozidl\u00e1 alebo obsluhova\u0165 potenci\u00e1lne nebezpe\u010dn\u00e9 mechanizmy.<br \/>\n<span style=\"color: #ff0000;\">D\u00e1vkovanie<\/span><br \/>\n15 2 gramov\u00fdch tabliet \u0161ampansk\u00e9ho , 3 tablety, balen\u00e9 v kart\u00f3novej \u0161katuli zabalenej v pergamenovom papieri. Prilo\u017een\u00fd n\u00e1vod na pou\u017eitie.<br \/>\n<span style=\"color: #ff0000;\">Podmienky skladovania<\/span><br \/>\nM\u00f4\u017ee sa skladova\u0165 pri relat\u00edvnej vlhkosti 75 % pod 30 \u00b0C. Uchov\u00e1vajte mimo dosahu det\u00ed.<br \/>\n<span style=\"color: #ff0000;\">Trvanlivos\u0165<\/span><br \/>\n4 roky od d\u00e1tumu v\u00fdroby. Nespotrebov\u00e1vajte po uplynut\u00ed d\u00e1tumu spotreby.<br \/>\nVetomgin 8.21 nie je liek.<\/p>\n<p><span style=\"color: #0000ff;\">K\u00fapim probiotik\u00e1 priamo z tov\u00e1rne za najlep\u0161iu cenu , -pr\u00e9miov\u00e1 kvalita.<\/span><\/p>\n<h3><strong><span style=\"color: #ff0000;\">Cemmedic Europe Kft \u201eOfici\u00e1lny distrib\u00fator Ma\u010farska\u201d !<\/span><\/strong><\/h3>","protected":false},"excerpt":{"rendered":"<h5>Zlo\u017eenie<\/h5>\n<p>1 porcia (<strong>1 \u0161umiv\u00e1 tableta<\/strong>) obsahuje adit\u00edvum:<\/p>\n<ul>\n<li><strong>\u0415500<\/strong> (uhli\u010ditan sodn\u00fd) - 1200 mg<\/li>\n<li><strong>\u0415330<\/strong> (citr\u00f3nov\u00e1 ty\u010dinka) - 750 mg;<\/li>\n<li>su\u0161en\u00e9 probiotick\u00e9 kult\u00fary <strong>Bacillus subtilis<\/strong>, VKPM B - 10641(DSM 24613),<\/li>\n<li><strong>Bacillus amyloliquefaciens<\/strong>, VKPM B - 10642 (DSM 24614),<\/li>\n<li><strong>Bacillus amyloliquefaciens<\/strong>, VKPM B - 10643 (DSM 24615) 1X106 KTJ\/g - 50 mg.<\/li>\n<\/ul>\n<p>Priazniv\u00e9 \u00fa\u010dinky <strong>Vetomgin <span style=\"color:red\">8.21<\/span><\/strong> vlastnosti jednotliv\u00fdch prvkov. Pod ich vplyvom sa v \u010dreve vytv\u00e1ra \u0161pecifick\u00e9 mikrobi\u00e1lne zlo\u017eenie ka\u017ed\u00e9ho \u010dloveka a aktivuje sa Krebsov cyklus. V\u00fdsledkom tohto procesu je optimaliz\u00e1cia syst\u00e9mov, ktor\u00e9 chr\u00e1nia organizmus pred cudz\u00edmi votrelcami vr\u00e1tane infek\u010dn\u00fdch mikroorganizmov, a optimaliz\u00e1cia regula\u010dn\u00e9ho syst\u00e9mu organizmu, ktor\u00fd zabezpe\u010duje akt\u00edvne z\u00e1sobovanie buniek kysl\u00edkom; tvorba energetick\u00fdch rezerv; aktiv\u00e1cia synt\u00e9zy molek\u00fal nevyhnutn\u00fdch pre organizmus: aminokysel\u00edn, sacharidov, mastn\u00fdch kysel\u00edn at\u010f.<\/p>\n<div class=\"plashka\">A <strong>Vetomgin <span style=\"color:red\">8.21<\/span><\/strong> zvy\u0161uje \u00fa\u010dinnos\u0165 liekov a zni\u017euje ich negat\u00edvne ved\u013eaj\u0161ie \u00fa\u010dinky na \u013eudsk\u00fd organizmus.<\/div>\n<h6>Vlastnosti:<\/h6>\n<ul class=\"vetom-list\">\n<li>M\u00e1 vysok\u00fa antagonistick\u00fa aktivitu vo\u010di patog\u00e9nnym a podmiene\u010dne patog\u00e9nnym hub\u00e1m a bakt\u00e9ri\u00e1m, antiv\u00edrusov\u00e9, proteolytick\u00e9, amylolytick\u00e9 a celulolytick\u00e9 vlastnosti<\/li>\n<li>stimuluje bunkov\u00e9 a humor\u00e1lne faktory imunity<\/li>\n<li>zvy\u0161uje ne\u0161pecifick\u00fa odolnos\u0165 tela<\/li>\n<li>stabilizuje alergick\u00fa odolnos\u0165<\/li>\n<li>normalizuje metabolizmus<\/li>\n<li>stimuluje regenera\u010dn\u00e9 procesy, nap\u00e1da a ni\u010d\u00ed rakovinov\u00e9 a chor\u00e9 bunky<\/li>\n<\/ul>\n<div class=\"plashka\"><strong>Oblas\u0165 pou\u017eitia<\/strong><br \/>\nProbiotick\u00e9 mikroorganizmy s\u00fa doplnkov\u00fdm zdrojom na zlep\u0161enie kvality \u017eivota.<\/div>","protected":false},"featured_media":5558,"comment_status":"open","ping_status":"closed","template":"","meta":[],"product_brand":[],"product_cat":[22],"product_tag":[],"class_list":{"0":"post-2483","1":"product","2":"type-product","3":"status-publish","4":"has-post-thumbnail","6":"product_cat-vetom-probiotikumok","8":"first","9":"instock","10":"featured","11":"taxable","12":"shipping-taxable","13":"purchasable","14":"product-type-simple"},"_links":{"self":[{"href":"https:\/\/vetomshop.hu\/sk\/wp-json\/wp\/v2\/product\/2483","targetHints":{"allow":["GET"]}}],"collection":[{"href":"https:\/\/vetomshop.hu\/sk\/wp-json\/wp\/v2\/product"}],"about":[{"href":"https:\/\/vetomshop.hu\/sk\/wp-json\/wp\/v2\/types\/product"}],"replies":[{"embeddable":true,"href":"https:\/\/vetomshop.hu\/sk\/wp-json\/wp\/v2\/comments?post=2483"}],"wp:featuredmedia":[{"embeddable":true,"href":"https:\/\/vetomshop.hu\/sk\/wp-json\/wp\/v2\/media\/5558"}],"wp:attachment":[{"href":"https:\/\/vetomshop.hu\/sk\/wp-json\/wp\/v2\/media?parent=2483"}],"wp:term":[{"taxonomy":"product_brand","embeddable":true,"href":"https:\/\/vetomshop.hu\/sk\/wp-json\/wp\/v2\/product_brand?post=2483"},{"taxonomy":"product_cat","embeddable":true,"href":"https:\/\/vetomshop.hu\/sk\/wp-json\/wp\/v2\/product_cat?post=2483"},{"taxonomy":"product_tag","embeddable":true,"href":"https:\/\/vetomshop.hu\/sk\/wp-json\/wp\/v2\/product_tag?post=2483"}],"curies":[{"name":"wp","href":"https:\/\/api.w.org\/{rel}","templated":true}]}}