{"id":2689,"date":"2021-05-05T20:51:33","date_gmt":"2021-05-05T18:51:33","guid":{"rendered":"https:\/\/vetomshop.hu\/?post_type=product&#038;p=2689"},"modified":"2023-11-14T15:25:34","modified_gmt":"2023-11-14T14:25:34","slug":"enterosgel-akcios-csomag-2db","status":"publish","type":"product","link":"https:\/\/vetomshop.hu\/sk\/produkt\/enterosgel-akcios-csomag-2db\/","title":{"rendered":"\u0160peci\u00e1lny bal\u00edk Enterosgel (2ks)"},"content":{"rendered":"<p><strong>Enterosgel<\/strong> odstra\u0148uje l\u00e1tky, ktor\u00e9 s\u00fa pre telo \u0161kodliv\u00e9, ale neabsorbuje zlo\u017eky, ktor\u00e9 s\u00fa pre telo prospe\u0161n\u00e9. Dezinfek\u010dn\u00fd, ochrann\u00fd a detoxika\u010dn\u00fd pr\u00edpravok. Je to organick\u00e1 l\u00e1tka s fyzik\u00e1lnymi a chemick\u00fdmi vlastnos\u0165ami podobn\u00fdmi vlastnostiam uhlia, a preto je pre telo \u0161etrn\u00e1.<\/p>\n<p>Pom\u00e1ha detoxikova\u0165 a dokonca eliminova\u0165 v\u00edrusy, bakt\u00e9rie, plesne a parazity, ktor\u00fdch zvy\u0161ky sa skr\u00fdvaj\u00fa a sp\u00f4sobuj\u00fa pr\u00edznaky, ktor\u00e9 m\u00f4\u017eu by\u0165 ve\u013emi \u0165a\u017ek\u00e9 n\u00e1js\u0165.<\/p>\n<p>Jednoduch\u00e9 pou\u017eitie, mo\u017eno mie\u0161a\u0165 s vodou alebo in\u00fdmi tekutinami \/1-2 dl\/<br \/>\nDospel\u00fdm jednu polievkov\u00fa ly\u017eicu \/15 gr\/ 3-kr\u00e1t denne, jeden a pol a\u017e dve hodiny pred jedlom alebo po jedle.<br \/>\nPre deti 1-3x denne po \u010dajovej ly\u017ei\u010dke \/5-10 gr\/.<br \/>\nOdpor\u00fa\u010dan\u00e9 pou\u017eitie: 7-14 dn\u00ed.<\/p>","protected":false},"excerpt":{"rendered":"<p><strong>Enterosgel<\/strong> odstra\u0148uje l\u00e1tky, ktor\u00e9 s\u00fa pre telo \u0161kodliv\u00e9, ale neabsorbuje zlo\u017eky, ktor\u00e9 s\u00fa pre telo prospe\u0161n\u00e9. Dezinfek\u010dn\u00fd, ochrann\u00fd a detoxika\u010dn\u00fd pr\u00edpravok. Je to organick\u00e1 l\u00e1tka s fyzik\u00e1lnymi a chemick\u00fdmi vlastnos\u0165ami podobn\u00fdmi vlastnostiam uhlia, a preto je pre telo \u0161etrn\u00e1.<\/p>\n<p>Pom\u00e1ha detoxikova\u0165 a dokonca eliminova\u0165 v\u00edrusy, bakt\u00e9rie, plesne a parazity, ktor\u00fdch zvy\u0161ky sa skr\u00fdvaj\u00fa a sp\u00f4sobuj\u00fa pr\u00edznaky, ktor\u00e9 m\u00f4\u017eu by\u0165 ve\u013emi \u0165a\u017ek\u00e9 n\u00e1js\u0165.<\/p>","protected":false},"featured_media":2690,"comment_status":"open","ping_status":"closed","template":"","meta":[],"product_brand":[],"product_cat":[28],"product_tag":[36],"class_list":{"0":"post-2689","1":"product","2":"type-product","3":"status-publish","4":"has-post-thumbnail","6":"product_cat-enterosgel","7":"product_tag-black-friday","9":"first","10":"instock","11":"sale","12":"taxable","13":"shipping-taxable","14":"purchasable","15":"product-type-simple"},"_links":{"self":[{"href":"https:\/\/vetomshop.hu\/sk\/wp-json\/wp\/v2\/product\/2689","targetHints":{"allow":["GET"]}}],"collection":[{"href":"https:\/\/vetomshop.hu\/sk\/wp-json\/wp\/v2\/product"}],"about":[{"href":"https:\/\/vetomshop.hu\/sk\/wp-json\/wp\/v2\/types\/product"}],"replies":[{"embeddable":true,"href":"https:\/\/vetomshop.hu\/sk\/wp-json\/wp\/v2\/comments?post=2689"}],"wp:featuredmedia":[{"embeddable":true,"href":"https:\/\/vetomshop.hu\/sk\/wp-json\/wp\/v2\/media\/2690"}],"wp:attachment":[{"href":"https:\/\/vetomshop.hu\/sk\/wp-json\/wp\/v2\/media?parent=2689"}],"wp:term":[{"taxonomy":"product_brand","embeddable":true,"href":"https:\/\/vetomshop.hu\/sk\/wp-json\/wp\/v2\/product_brand?post=2689"},{"taxonomy":"product_cat","embeddable":true,"href":"https:\/\/vetomshop.hu\/sk\/wp-json\/wp\/v2\/product_cat?post=2689"},{"taxonomy":"product_tag","embeddable":true,"href":"https:\/\/vetomshop.hu\/sk\/wp-json\/wp\/v2\/product_tag?post=2689"}],"curies":[{"name":"wp","href":"https:\/\/api.w.org\/{rel}","templated":true}]}}