{"id":2704,"date":"2021-05-05T21:50:09","date_gmt":"2021-05-05T19:50:09","guid":{"rendered":"https:\/\/vetomshop.hu\/?post_type=product&#038;p=2704"},"modified":"2026-02-28T11:46:57","modified_gmt":"2026-02-28T10:46:57","slug":"21-napos-kura-4-tubus-225-gramm","status":"publish","type":"product","link":"https:\/\/vetomshop.hu\/sk\/produkt\/21-napos-kura-4-tubus-225-gramm\/","title":{"rendered":"Enterosgel: 21-d\u0148ov\u00e1 k\u00fara 4 tuby (225 gramov)"},"content":{"rendered":"<p>Z adresy\u00a0<strong>Enterosgel\u00a0<\/strong>odstra\u0148uje l\u00e1tky, ktor\u00e9 s\u00fa pre telo \u0161kodliv\u00e9, ale neabsorbuje zlo\u017eky, ktor\u00e9 s\u00fa pre telo prospe\u0161n\u00e9. Dezinfek\u010dn\u00fd, ochrann\u00fd a detoxika\u010dn\u00fd pr\u00edpravok. Je to organick\u00e1 l\u00e1tka s fyzik\u00e1lnymi a chemick\u00fdmi vlastnos\u0165ami podobn\u00fdmi vlastnostiam uhlia, a preto je pre telo \u0161etrn\u00e1.<\/p>\n<p>Pom\u00e1ha detoxikova\u0165 a dokonca eliminova\u0165 v\u00edrusy, bakt\u00e9rie, plesne a parazity, ktor\u00fdch zvy\u0161ky sa skr\u00fdvaj\u00fa a sp\u00f4sobuj\u00fa pr\u00edznaky, ktor\u00e9 m\u00f4\u017eu by\u0165 ve\u013emi \u0165a\u017ek\u00e9 n\u00e1js\u0165.<\/p>\n<p>Jednoduch\u00e9 pou\u017eitie, mo\u017eno mie\u0161a\u0165 s vodou alebo in\u00fdmi tekutinami \/1-2 dl\/<br \/>\nDospel\u00fdm jednu polievkov\u00fa ly\u017eicu \/15 gr\/ 3-kr\u00e1t denne, jeden a pol a\u017e dve hodiny pred jedlom alebo po jedle.<br \/>\nPre deti 1-3x denne po \u010dajovej ly\u017ei\u010dke \/5-10 gr\/.<br \/>\nOdpor\u00fa\u010dan\u00e9 pou\u017eitie: 7-14 dn\u00ed.<\/p>","protected":false},"excerpt":{"rendered":"<p>Z adresy\u00a0<strong>Enterosgel\u00a0<\/strong>odstra\u0148uje l\u00e1tky, ktor\u00e9 s\u00fa pre telo \u0161kodliv\u00e9, ale neabsorbuje zlo\u017eky, ktor\u00e9 s\u00fa pre telo prospe\u0161n\u00e9. Dezinfek\u010dn\u00fd, ochrann\u00fd a detoxika\u010dn\u00fd pr\u00edpravok. Je to organick\u00e1 l\u00e1tka s fyzik\u00e1lnymi a chemick\u00fdmi vlastnos\u0165ami podobn\u00fdmi vlastnostiam uhlia, a preto je pre telo \u0161etrn\u00e1.<\/p>\n<p>Pom\u00e1ha detoxikova\u0165 a dokonca eliminova\u0165 v\u00edrusy, bakt\u00e9rie, plesne a parazity, ktor\u00fdch zvy\u0161ky sa skr\u00fdvaj\u00fa a sp\u00f4sobuj\u00fa pr\u00edznaky, ktor\u00e9 m\u00f4\u017eu by\u0165 ve\u013emi \u0165a\u017ek\u00e9 n\u00e1js\u0165.<\/p>","protected":false},"featured_media":2705,"comment_status":"open","ping_status":"closed","template":"","meta":[],"product_brand":[],"product_cat":[28],"product_tag":[],"class_list":{"0":"post-2704","1":"product","2":"type-product","3":"status-publish","4":"has-post-thumbnail","6":"product_cat-enterosgel","8":"first","9":"instock","10":"sale","11":"taxable","12":"shipping-taxable","13":"purchasable","14":"product-type-simple"},"_links":{"self":[{"href":"https:\/\/vetomshop.hu\/sk\/wp-json\/wp\/v2\/product\/2704","targetHints":{"allow":["GET"]}}],"collection":[{"href":"https:\/\/vetomshop.hu\/sk\/wp-json\/wp\/v2\/product"}],"about":[{"href":"https:\/\/vetomshop.hu\/sk\/wp-json\/wp\/v2\/types\/product"}],"replies":[{"embeddable":true,"href":"https:\/\/vetomshop.hu\/sk\/wp-json\/wp\/v2\/comments?post=2704"}],"wp:featuredmedia":[{"embeddable":true,"href":"https:\/\/vetomshop.hu\/sk\/wp-json\/wp\/v2\/media\/2705"}],"wp:attachment":[{"href":"https:\/\/vetomshop.hu\/sk\/wp-json\/wp\/v2\/media?parent=2704"}],"wp:term":[{"taxonomy":"product_brand","embeddable":true,"href":"https:\/\/vetomshop.hu\/sk\/wp-json\/wp\/v2\/product_brand?post=2704"},{"taxonomy":"product_cat","embeddable":true,"href":"https:\/\/vetomshop.hu\/sk\/wp-json\/wp\/v2\/product_cat?post=2704"},{"taxonomy":"product_tag","embeddable":true,"href":"https:\/\/vetomshop.hu\/sk\/wp-json\/wp\/v2\/product_tag?post=2704"}],"curies":[{"name":"wp","href":"https:\/\/api.w.org\/{rel}","templated":true}]}}