{"id":4392,"date":"2023-08-06T13:27:56","date_gmt":"2023-08-06T11:27:56","guid":{"rendered":"https:\/\/vetomshop.hu\/?post_type=product&#038;p=4392"},"modified":"2026-04-12T08:28:06","modified_gmt":"2026-04-12T06:28:06","slug":"komarov-por-etrend-kiegeszito-40-tasak","status":"publish","type":"product","link":"https:\/\/vetomshop.hu\/sk\/produkt\/komarov-por-etrend-kiegeszito-40-tasak\/","title":{"rendered":"Probiotick\u00fd pr\u00e1\u0161ok Komarov <span style=\"color: red\">40 tassaq<\/span> (doplnok stravy )"},"content":{"rendered":"<h2><strong>Komarov pr\u00e1\u0161ok - 40 vrec\u00fa\u0161ok (doplnok stravy)<\/strong><\/h2>\n<p>Pr\u00edrodn\u00e9 probiotikum s vitam\u00ednmi a spirulinou - na podporu tr\u00e1viaceho a imunitn\u00e9ho syst\u00e9mu<\/p>\n<p>Komarov pr\u00e1\u0161ok je komplexn\u00fd doplnok stravy s obsahom probiot\u00edk, vl\u00e1kniny, vitam\u00ednov, miner\u00e1lov a spiruliny. Jeho \u00fa\u010dinn\u00e9 l\u00e1tky podporuj\u00fa rovnov\u00e1hu \u010drevnej fl\u00f3ry, detoxik\u00e1ciu, metabolizmus a posil\u0148uj\u00fa obranyschopnos\u0165 organizmu.<\/p>\n<p>&nbsp;<\/p>\n<h2><strong>Hlavn\u00e9 zlo\u017eky:<\/strong><\/h2>\n<p>*Bacillus subtilis VKPM V-10641 (DSM 24613) - prospe\u0161n\u00e9 \u010drevn\u00e9 bakt\u00e9rie<\/p>\n<p>*Spirulina (modrozelen\u00e1 riasa) - pr\u00edrodn\u00fd zdroj vitam\u00ednov a bielkov\u00edn<\/p>\n<p>*P\u0161eni\u010dn\u00e9 otruby - zdroj vl\u00e1kniny<\/p>\n<p>*Kyselina citr\u00f3nov\u00e1, chlorid sodn\u00fd - pr\u00edrodn\u00e9 nosi\u010de<\/p>\n<p>&nbsp;<\/p>\n<h2><strong>S\u00fa\u010das\u0165ou produktu je aj:<\/strong><\/h2>\n<p>* Vitam\u00edny: A, B1, B2, B6, B12, B5, B9, biot\u00edn<\/p>\n<p>*Miner\u00e1ly: v\u00e1pnik, drasl\u00edk, hor\u010d\u00edk, fosfor, \u017eelezo, zinok, me\u010f, mang\u00e1n, sel\u00e9n, molybd\u00e9n<\/p>\n<p>*nenas\u00fdten\u00e9 mastn\u00e9 kyseliny: kyselina linolov\u00e1, kyselina linol\u00e9nov\u00e1, kyselina arachid\u00f3nov\u00e1<\/p>\n<p>&nbsp;<\/p>\n<h2><strong>Priazniv\u00e9 \u00fa\u010dinky:<\/strong><\/h2>\n<p>\u2705 Pom\u00e1ha tr\u00e1veniu a lep\u0161iemu vstreb\u00e1vaniu \u017eiv\u00edn<\/p>\n<p>\u2705 Podporuje rovnov\u00e1hu \u010drevnej fl\u00f3ry, m\u00e1 detoxika\u010dn\u00fd \u00fa\u010dinok<\/p>\n<p>\u2705 Posil\u0148uje imunitn\u00fd syst\u00e9m, zvy\u0161uje odolnos\u0165 organizmu<\/p>\n<p>\u2705 normalizuje metabolizmus<\/p>\n<p>\u2705 Pom\u00e1ha regenera\u010dn\u00fdm procesom a m\u00f4\u017ee prispieva\u0165 k boju proti \u0161kodliv\u00fdm bunk\u00e1m<\/p>\n<p>\u2705 Aktivuje Krebsov cyklus (produkcia bunkovej energie)<\/p>\n<p>\u2705 Antibakteri\u00e1lne, antiv\u00edrusov\u00e9 a antimykotick\u00e9 vlastnosti<\/p>\n<p>&nbsp;<\/p>\n<h2><strong>Odpor\u00fa\u010dan\u00e9 d\u00e1vkovanie:<\/strong><\/h2>\n<p>*Pre zdrav\u00fd organizmus: min. 2-3 vrec\u00fa\u0161ka denne po\u010das 10-14 dn\u00ed Po\u010das u\u017e\u00edvania sledujte reakcie organizmu a v pr\u00edpade potreby d\u00e1vku postupne zvy\u0161ujte.<\/p>\n<p>* Pri niektor\u00fdch ochoreniach: 7-10 vrec\u00fa\u0161ok denne po\u010das 10 dn\u00ed<\/p>\n<p>* 1 porcia = 1 vrec\u00fa\u0161ko<\/p>\n<p>* Pr\u00e1\u0161ok sa m\u00e1 u\u017e\u00edva\u0165 peror\u00e1lne, odpor\u00fa\u010da sa s jedlom alebo po jedle. Vhodnej\u0161ie je u\u017e\u00edva\u0165 ho po ly\u017ei\u010dk\u00e1ch zmie\u0161an\u00fd s jogurtom, kyslou smotanou alebo kef\u00edrom.<\/p>\n<p>&nbsp;<\/p>\n<h2><strong>D\u00f4le\u017eit\u00e9 inform\u00e1cie:<\/strong><\/h2>\n<p>* \u017diadne ved\u013eaj\u0161ie \u00fa\u010dinky, \u017eiadne pred\u00e1vkovanie, bez n\u00e1vyku<\/p>\n<p>*\u017diadne vekov\u00e9 obmedzenia<\/p>\n<p>*Neu\u017e\u00edva\u0165 spolu s antibiotikami alebo in\u00fdmi probiotikami<\/p>\n<p>* Neodpor\u00fa\u010da sa v pr\u00edpade precitlivenosti na niektor\u00fa zo zlo\u017eiek<\/p>\n<p>&nbsp;<\/p>\n<h2><strong>V\u00fddaj:<\/strong><\/h2>\n<p>40 vrec\u00fa\u0161ok po 2,5 g pr\u00e1\u0161ku v laminovanom obale<\/p>\n<p>Hmotnos\u0165: 0,17 kg<\/p>\n<p>Ve\u013ekos\u0165: 18 \u00d7 7 \u00d7 7 cm<\/p>\n<p>Miesto p\u00f4vodu: Rusko<\/p>\n<p>&nbsp;<\/p>\n<h2><strong>Skladovanie:<\/strong><\/h2>\n<p>Skladujte na suchom a chladnom mieste pri teplote od 0 do 30 \u00b0C, s maxim\u00e1lnou vlhkos\u0165ou 75%.<\/p>\n<p>Z\u00e1ruka: 4<strong> rokov od d\u00e1tumu v\u00fdroby<\/strong>.<\/p>\n<p>Miesto p\u00f4vodu : <strong>Rusko<\/strong><\/p>","protected":false},"excerpt":{"rendered":"<h5>Bacilus subtilis kme\u0148 VKPM V 10 641 (DSM 24613)<\/h5>\n<div class=\"plashka\"><strong>\u017div\u00fd materi\u00e1l:<\/strong> p\u0161eni\u010dn\u00e9 otruby, chlorid sodn\u00fd, modrozelen\u00e1 riasa spirulina, kyselina citr\u00f3nov\u00e1.<br \/>\nPr\u00e1\u0161ok balen\u00fd v 2,5 g laminovanom papierovom vrec\u00fa\u0161ku.<\/div>\n<h5>Pou\u017eitie:<\/h5>\n<p>Komarov pr\u00e1\u0161ok je biologicky akt\u00edvna l\u00e1tka obsahuj\u00faca probiotick\u00e9 mikroorganizmy, vl\u00e1kninu, vitam\u00edny (<strong>A, B1, B2, B6, B12, B5, B9, biot\u00edn<\/strong>), makro- (v\u00e1pnik, hor\u010d\u00edk, fosfor, drasl\u00edk) a mikro\u017eiviny (\u017eelezo, mang\u00e1n, me\u010f, zinok, molybd\u00e9n, sel\u00e9n), nenas\u00fdten\u00e9 mastn\u00e9 kyseliny (kyselina linolov\u00e1, kyselina linol\u00e9nov\u00e1, kyselina arachid\u00f3nov\u00e1).<\/p>\n<h6>Vlastnosti:<\/h6>\n<ul class=\"vetom-list\">\n<li>M\u00e1 vysok\u00fa antagonistick\u00fa aktivitu vo\u010di patog\u00e9nnym a podmiene\u010dne patog\u00e9nnym hub\u00e1m a bakt\u00e9ri\u00e1m, antiv\u00edrusov\u00e9, proteolytick\u00e9, amylolytick\u00e9 a celulolytick\u00e9 vlastnosti<\/li>\n<li>stimuluje bunkov\u00e9 a humor\u00e1lne faktory imunity<\/li>\n<li>zvy\u0161uje ne\u0161pecifick\u00fa odolnos\u0165 tela<\/li>\n<li>stabilizuje alergick\u00fa odolnos\u0165<\/li>\n<li>normalizuje metabolizmus<\/li>\n<li>stimuluje regenera\u010dn\u00e9 procesy, nap\u00e1da a ni\u010d\u00ed rakovinov\u00e9 a chor\u00e9 bunky<\/li>\n<\/ul>","protected":false},"featured_media":5557,"comment_status":"open","ping_status":"closed","template":"","meta":[],"product_brand":[],"product_cat":[22],"product_tag":[],"class_list":{"0":"post-4392","1":"product","2":"type-product","3":"status-publish","4":"has-post-thumbnail","6":"product_cat-vetom-probiotikumok","8":"first","9":"instock","10":"featured","11":"taxable","12":"shipping-taxable","13":"purchasable","14":"product-type-simple"},"_links":{"self":[{"href":"https:\/\/vetomshop.hu\/sk\/wp-json\/wp\/v2\/product\/4392","targetHints":{"allow":["GET"]}}],"collection":[{"href":"https:\/\/vetomshop.hu\/sk\/wp-json\/wp\/v2\/product"}],"about":[{"href":"https:\/\/vetomshop.hu\/sk\/wp-json\/wp\/v2\/types\/product"}],"replies":[{"embeddable":true,"href":"https:\/\/vetomshop.hu\/sk\/wp-json\/wp\/v2\/comments?post=4392"}],"wp:featuredmedia":[{"embeddable":true,"href":"https:\/\/vetomshop.hu\/sk\/wp-json\/wp\/v2\/media\/5557"}],"wp:attachment":[{"href":"https:\/\/vetomshop.hu\/sk\/wp-json\/wp\/v2\/media?parent=4392"}],"wp:term":[{"taxonomy":"product_brand","embeddable":true,"href":"https:\/\/vetomshop.hu\/sk\/wp-json\/wp\/v2\/product_brand?post=4392"},{"taxonomy":"product_cat","embeddable":true,"href":"https:\/\/vetomshop.hu\/sk\/wp-json\/wp\/v2\/product_cat?post=4392"},{"taxonomy":"product_tag","embeddable":true,"href":"https:\/\/vetomshop.hu\/sk\/wp-json\/wp\/v2\/product_tag?post=4392"}],"curies":[{"name":"wp","href":"https:\/\/api.w.org\/{rel}","templated":true}]}}