{"id":443,"date":"2019-11-12T14:57:08","date_gmt":"2019-11-12T13:57:08","guid":{"rendered":"https:\/\/vetomshop.hu\/?post_type=product&#038;p=443"},"modified":"2026-04-12T08:29:34","modified_gmt":"2026-04-12T06:29:34","slug":"vetom-2-etrend-kiegeszito","status":"publish","type":"product","link":"https:\/\/vetomshop.hu\/sk\/produkt\/vetom-2-etrend-kiegeszito\/","title":{"rendered":"Probiotikum Vetom <span style=\"color:red\">2<\/span><br> kapsula <span style=\"color:red\">50 z\u0155n<\/span> (doplnok stravy)"},"content":{"rendered":"<h2>Vetom 2 probiotick\u00e9 kapsule 50 z\u0155n (doplnok stravy)<\/h2>\n<p>2 hlavn\u00e9 \u00fa\u010dinn\u00e9 l\u00e1tky v pr\u00edpravku Vetom s\u00fa prospe\u0161n\u00e9 bakteri\u00e1lne kmene *Bacillus amyloliquefaciens* , ktor\u00e9 p\u00f4sobia najm\u00e4 v hrubom \u010dreve, kde sa mno\u017eia a produkuj\u00fa r\u00f4zne enz\u00fdmy (enz\u00fdmy rozkladaj\u00face bielkoviny, \u0161krob a vl\u00e1kninu) a \u00fa\u010dinn\u00e9 l\u00e1tky, ktor\u00e9:<\/p>\n<p>* potl\u00e1\u010da \u0161kodliv\u00e9 bakt\u00e9rie a huby,<br \/>\n* o\u010disti\u0165 \u010drevn\u00fa stenu od nestr\u00e1ven\u00fdch zvy\u0161kov,<br \/>\n* podporuj\u00fa lep\u0161ie vstreb\u00e1vanie \u017eiv\u00edn,<br \/>\n* pom\u00e1ha detoxikova\u0165 organizmus.<\/p>\n<p>Pravideln\u00e9 u\u017e\u00edvanie Vetom 2 pom\u00e1ha obnovi\u0165 zdrav\u00fa rovnov\u00e1hu \u010drevnej fl\u00f3ry, stimuluje tr\u00e1venie a zlep\u0161uje imunitn\u00e9 funkcie. Probiotikum podporuje regenera\u010dn\u00e9 procesy, napom\u00e1ha obnove buniek a m\u00f4\u017ee dokonca zabr\u00e1ni\u0165 vzniku rakovinov\u00fdch buniek.<\/p>\n<p>Zvy\u0161uje tie\u017e \u00fa\u010dinky liekov a z\u00e1rove\u0148 zni\u017euje ich ved\u013eaj\u0161ie \u00fa\u010dinky.<\/p>\n<h2>V\u00fdhodn\u00e9 vlastnosti:<\/h2>\n<p>* Siln\u00fd antibakteri\u00e1lny a protiples\u0148ov\u00fd \u00fa\u010dinok<br \/>\n* Antiv\u00edrusov\u00fd, tr\u00e1viaci, imunitn\u00fd posil\u0148ova\u010d<br \/>\n* Ochrana buniek a prevencia n\u00e1dorov<br \/>\n* Normalizuje metabolizmus<br \/>\n* Posil\u0148uje odolnos\u0165 vo\u010di alergi\u00e1m<br \/>\n* Regeneruje telo na bunkovej \u00farovni<br \/>\n* nesp\u00f4sobuje ved\u013eaj\u0161ie \u00fa\u010dinky, pred\u00e1vkovanie alebo z\u00e1vislos\u0165<br \/>\n* Chr\u00e1ni telo na bunkovej \u00farovni, pom\u00e1ha predch\u00e1dza\u0165 vzniku n\u00e1dorov<\/p>\n<h2>Odpor\u00fa\u010dan\u00e9 pou\u017eitie:<\/h2>\n<p>Vetom 2 sa odpor\u00fa\u010da na obnovenie rovnov\u00e1hy \u010drevnej fl\u00f3ry, podporu zdravia \u010driev a posilnenie imunity.<\/p>\n<h2>D\u00e1vkovanie:<\/h2>\n<p>* Odpor\u00fa\u010da sa 1 kapsula 2-3x denne po\u010das 10 dn\u00ed, pred jedlom, po\u010das jedla alebo po jedle, s mal\u00fdm mno\u017estvom tekutiny (voda, \u010daj alebo d\u017e\u00fas). Po\u010das lie\u010dby sledujte reakciu organizmu a v pr\u00edpade potreby d\u00e1vku postupne zvy\u0161ujte a\u017e na 5-10 kaps\u00fal denne.<\/p>\n<p>* O\u0161etrenie je mo\u017en\u00e9 zopakova\u0165 po 1-2 t\u00fd\u017ed\u0148och prest\u00e1vky. Pr\u00edle\u017eitostne sa odpor\u00fa\u010da prejs\u0165 na in\u00fd \u010d\u00edslovan\u00fd produkt Vetom na celkov\u00fa podporu organizmu.<\/p>\n<h2>Kontraindik\u00e1cie:<\/h2>\n<p>* Neodpor\u00fa\u010da sa v pr\u00edpade citlivosti na niektor\u00fa zo zlo\u017eiek.<br \/>\n* Pou\u017e\u00edvajte po\u010das tehotenstva a doj\u010denia len na z\u00e1klade odpor\u00fa\u010dania lek\u00e1ra.<br \/>\n* Nem\u00e1 vplyv na vedenie vozidla alebo obsluhu nebezpe\u010dn\u00fdch strojov.<\/p>\n<h2>D\u00e1vkovanie a zlo\u017eky:<\/h2>\n<p>* 10 kaps\u00fal v blistri, 5 balen\u00ed v kart\u00f3ne (spolu 50 kaps\u00fal)<br \/>\n* Obsah 1 kapsuly:<\/p>\n<p>* extrakt z kukurice - 133 mg<br \/>\n* Zemiakov\u00fd \u0161krob - 100 mg<br \/>\n* sachar\u00f3za (pr\u00e1\u0161kov\u00fd cukor) - 67 mg<br \/>\n* Bakteri\u00e1lna kult\u00fara Bacillus amyloliquefaciens (DSM 24614) a kmene DSM 24615 - 30 mg (1\u00d710\u2079 CFU\/g)<\/p>\n<h2>Viac inform\u00e1ci\u00ed:<\/h2>\n<p>* \u010cist\u00e1 hmotnos\u0165: 0,1 kg<br \/>\n* Ve\u013ekos\u0165: 4,5 \u00d7 6,5 \u00d7 8 cm<br \/>\n* Krajina p\u00f4vodu: Rusko<br \/>\n* Skladovanie: na chladnom a suchom mieste (max. 30 \u00b0C), mimo dosahu det\u00ed<br \/>\n* Trvanlivos\u0165: 2 roky od d\u00e1tumu v\u00fdroby<\/p>\n<p>Alternat\u00edvny ekvivalent vo forme kvapiek: Vetom 2,25 (10 ml)<\/p>\n<p>Miesto p\u00f4vodu : <strong>Rusko<\/strong><\/p>","protected":false},"excerpt":{"rendered":"<h5><strong>Vetom <span style=\"color: red;\">2<\/span><\/strong> probiotick\u00e9 kapsule 50 z\u0155n (doplnok stravy)<\/h5>\n<div class=\"plashka\">\n<p>A <strong>Vetom <span style=\"color: red;\">2<\/span><\/strong> normalizuje metabolizmus, tr\u00e1venie a vstreb\u00e1vanie biologicky akt\u00edvnych zlo\u017eiek potravy v tr\u00e1viacom trakte.<\/p>\n<p>A <strong>Vetom <span style=\"color: red;\">2<\/span><\/strong> prpbiotik\u00e1 zvy\u0161uj\u00fa \u00fa\u010dinnos\u0165 liekov a zni\u017euj\u00fa ich negat\u00edvne ved\u013eaj\u0161ie \u00fa\u010dinky na \u013eudsk\u00fd organizmus.<\/p>\n<\/div>\n<p>Priazniv\u00fd vplyv na <strong>Bacillus amyloliquefaciens<\/strong> ktor\u00e9 vznikaj\u00fa najm\u00e4 mno\u017een\u00edm v hrubom \u010dreve:<\/p>\n<ul class=\"vetom-list\">\n<li>proteolytick\u00e9, amylolytick\u00e9 a celul\u00f3zolytick\u00e9 enz\u00fdmy,<\/li>\n<li>biologicky akt\u00edvna l\u00e1tka, ktor\u00e1 inhibuje rast a v\u00fdvoj patog\u00e9nnej a potenci\u00e1lne patog\u00e9nnej mikrofl\u00f3ry.<\/li>\n<\/ul>\n<p>V d\u00f4sledku toho sa bakteri\u00e1lne zlo\u017eenie \u010drevn\u00e9ho obsahu men\u00ed na spr\u00e1vnu v\u00fdvojov\u00fa normu, \u010drevn\u00e9 steny sa \u010distia od nestr\u00e1ven\u00fdch zvy\u0161kov, \u010do prispieva k akt\u00edvnemu odstra\u0148ovaniu tox\u00ednov z tela, k neru\u0161en\u00e9mu transportu biologicky akt\u00edvnych \u017eiv\u00edn.<\/p>","protected":false},"featured_media":6598,"comment_status":"open","ping_status":"closed","template":"","meta":[],"product_brand":[],"product_cat":[22],"product_tag":[],"class_list":{"0":"post-443","1":"product","2":"type-product","3":"status-publish","4":"has-post-thumbnail","6":"product_cat-vetom-probiotikumok","8":"first","9":"instock","10":"featured","11":"taxable","12":"shipping-taxable","13":"purchasable","14":"product-type-simple"},"_links":{"self":[{"href":"https:\/\/vetomshop.hu\/sk\/wp-json\/wp\/v2\/product\/443","targetHints":{"allow":["GET"]}}],"collection":[{"href":"https:\/\/vetomshop.hu\/sk\/wp-json\/wp\/v2\/product"}],"about":[{"href":"https:\/\/vetomshop.hu\/sk\/wp-json\/wp\/v2\/types\/product"}],"replies":[{"embeddable":true,"href":"https:\/\/vetomshop.hu\/sk\/wp-json\/wp\/v2\/comments?post=443"}],"wp:featuredmedia":[{"embeddable":true,"href":"https:\/\/vetomshop.hu\/sk\/wp-json\/wp\/v2\/media\/6598"}],"wp:attachment":[{"href":"https:\/\/vetomshop.hu\/sk\/wp-json\/wp\/v2\/media?parent=443"}],"wp:term":[{"taxonomy":"product_brand","embeddable":true,"href":"https:\/\/vetomshop.hu\/sk\/wp-json\/wp\/v2\/product_brand?post=443"},{"taxonomy":"product_cat","embeddable":true,"href":"https:\/\/vetomshop.hu\/sk\/wp-json\/wp\/v2\/product_cat?post=443"},{"taxonomy":"product_tag","embeddable":true,"href":"https:\/\/vetomshop.hu\/sk\/wp-json\/wp\/v2\/product_tag?post=443"}],"curies":[{"name":"wp","href":"https:\/\/api.w.org\/{rel}","templated":true}]}}