{"id":445,"date":"2019-11-12T15:06:44","date_gmt":"2019-11-12T14:06:44","guid":{"rendered":"https:\/\/vetomshop.hu\/?post_type=product&#038;p=445"},"modified":"2026-04-12T08:29:25","modified_gmt":"2026-04-12T06:29:25","slug":"vetom-3-etrend-kiegeszito","status":"publish","type":"product","link":"https:\/\/vetomshop.hu\/sk\/produkt\/vetom-3-etrend-kiegeszito\/","title":{"rendered":"Probiotikum Vetom <span style=\"color:red\">3<\/span><br> kapsula <span style=\"color:red\">50 z\u0155n<\/span> (doplnok stravy)"},"content":{"rendered":"<p>Vetom 3 probiotick\u00e9 kapsule 50 z\u0155n (doplnok stravy)<\/p>\n<p>Jeho priazniv\u00e9 \u00fa\u010dinky s\u00fa sp\u00f4soben\u00e9 p\u00f4soben\u00edm Bacillus amyloliquefaciens, ktor\u00e9 najm\u00e4 mno\u017een\u00edm v hrubom \u010dreve produkuj\u00fa: proteolytick\u00e9, amylolytick\u00e9, celulolytick\u00e9 enz\u00fdmy, biologicky akt\u00edvne l\u00e1tky, ktor\u00e9 inhibuj\u00fa rast a v\u00fdvoj patog\u00e9nnej a potenci\u00e1lne patog\u00e9nnej mikrofl\u00f3ry. V d\u00f4sledku toho sa bakteri\u00e1lne zlo\u017eenie \u010drevn\u00e9ho obsahu men\u00ed na pr\u00edslu\u0161n\u00fa v\u00fdvojov\u00fa normu, \u010drevn\u00e9 steny sa \u010distia od nestr\u00e1ven\u00fdch zvy\u0161kov, \u010do prispieva k akt\u00edvnemu odstra\u0148ovaniu tox\u00ednov z tela, k neru\u0161en\u00e9mu transportu biologicky akt\u00edvnych \u017eiv\u00edn.<br \/>\nP\u00f4soben\u00edm pr\u00edpravku Vetom 3 sa normalizuje metabolizmus, tr\u00e1venie a vstreb\u00e1vanie biologicky akt\u00edvnych zlo\u017eiek potravy v gastrointestin\u00e1lnom trakte.<br \/>\nVetom 3 zvy\u0161uje \u00fa\u010dinnos\u0165 liekov a zni\u017euje ich negat\u00edvne ved\u013eaj\u0161ie \u00fa\u010dinky na \u013eudsk\u00fd organizmus.<br \/>\nOdpor\u00fa\u010dan\u00e9 d\u00e1vkovanie: 1 kapsula (2*3) denne po\u010das 10 dn\u00ed, zapi\u0165 mal\u00fdm mno\u017estvom vody, d\u017e\u00fasu alebo \u010daju a u\u017e\u00edva\u0165 s jedlom alebo po jedle.<br \/>\nVetom 3 nie je n\u00e1vykov\u00fd.<br \/>\nOdpor\u00fa\u010da sa opakova\u0165 k\u00fary po 1-2 t\u00fd\u017ed\u0148ovej prest\u00e1vke a odpor\u00fa\u010da sa v ur\u010dit\u00fdch intervaloch prejs\u0165 na in\u00fd o\u010d\u00edslovan\u00fd v\u00fdrobok Vetom. .<br \/>\nTakto m\u00f4\u017eeme podpori\u0165 cel\u00e9 na\u0161e telo, aj n\u00e1\u0161 \u010drevn\u00fd trakt. .<br \/>\nVlastnosti:<br \/>\n- M\u00e1 vysok\u00fa antagonistick\u00fa aktivitu vo\u010di patog\u00e9nnym a podmiene\u010dne patog\u00e9nnym hub\u00e1m a bakt\u00e9ri\u00e1m, antiv\u00edrusov\u00e9, proteolytick\u00e9, amylolytick\u00e9 a celulolytick\u00e9 vlastnosti<br \/>\n- stimuluje bunkov\u00e9 a humor\u00e1lne faktory imunity<br \/>\n- zvy\u0161uje ne\u0161pecifick\u00fa odolnos\u0165 tela<br \/>\n- stabilizuje alergick\u00fa odolnos\u0165<br \/>\n- normalizuje metabolizmus<br \/>\n- stimuluje regenera\u010dn\u00e9 procesy, nap\u00e1da a ni\u010d\u00ed rakovinov\u00e9 a chor\u00e9 bunky<br \/>\nMen\u00ed membr\u00e1nu a metabolizmus bunkov\u00e9ho skeletu, \u010d\u00edm zabra\u0148uje vzniku rakovinov\u00fdch buniek.<\/p>\n<ul>\n<li>\u017dIADNE VED\u013dAJ\u0160IE \u00da\u010cINKY<\/li>\n<li>\u017dIADNE VEKOV\u00c9 OBMEDZENIE<\/li>\n<li>\u017dIADNE PRED\u00c1VKOVANIE<\/li>\n<li>NIE JE N\u00c1VYKOV\u00dd<\/li>\n<\/ul>\n<p>Oblas\u0165 pou\u017eitia<br \/>\nPou\u017e\u00edvanie probiotick\u00fdch mikroorganizmov ako biologicky akt\u00edvnej pr\u00eddavnej l\u00e1tky do potrav\u00edn sa odpor\u00fa\u010da na regener\u00e1ciu tr\u00e1viaceho traktu a obnovu \u010drevnej mikrofl\u00f3ry.<br \/>\nKontraindik\u00e1cie<br \/>\nPrecitlivenos\u0165 na niektor\u00e9 zlo\u017eky v\u00fdrobku.<br \/>\nOsobitn\u00e9 pokyny<br \/>\nPou\u017e\u00edvajte po\u010das tehotenstva a doj\u010denia len po konzult\u00e1cii s lek\u00e1rom. Pr\u00edpravok nem\u00e1 vplyv na schopnos\u0165 vies\u0165 vozidl\u00e1 alebo obsluhova\u0165 potenci\u00e1lne nebezpe\u010dn\u00e9 mechanizmy.<br \/>\nD\u00e1vkovanie<br \/>\n10 kaps\u00fal 0,33 g v jednotliv\u00fdch blistroch, 5 blistrov v \u0161katuli. Balen\u00e9 vo vlnitom papieri, \u010dist\u00e1 hmotnos\u0165: 5 gr, 50 kaps\u00fal v kart\u00f3novej \u0161katuli.<br \/>\nZlo\u017eenie<br \/>\n1 kapsula obsahuje: kukuri\u010dn\u00fd extrakt - 133 mg; zemiakov\u00fd \u0161krob - 100 mg; sachar\u00f3za (pr\u00e1\u0161kov\u00fd cukor) - 67 mg, probiotick\u00e1 su\u0161en\u00e1 kult\u00fara bakteri\u00e1lneho kme\u0148a Bacillus amyloliquefaciens VKPM B - 10641 (DSM 24613), 1\u00d7109 KTJ\/g - 30 mg kol\u00f3nie tvoriacich jednotiek.<\/p>\n<p>Hmotnos\u0165 :0,1 kg<br \/>\nRozmery: 4,5 x 6,5 x 8 cm<br \/>\nMiesto p\u00f4vodu: Rusko<\/p>\n<p>K\u00fapim probiotik\u00e1 priamo z tov\u00e1rne za najlep\u0161iu cenu , -pr\u00e9miov\u00e1 kvalita.<br \/>\n\u201eCemmedic Europe Kft\u201d ofici\u00e1lny distrib\u00fator probiotick\u00fdch pr\u00edpravkov Vetom v Ma\u010farsku !<\/p>","protected":false},"excerpt":{"rendered":"<h5><strong>Vetom <span style=\"color: red;\">3<\/span><\/strong> probiotick\u00e9 kapsule 50 z\u0155n (doplnok stravy)<\/h5>\n<div class=\"plashka\">\n<p>A <strong>Vetom <span style=\"color: red;\">3<\/span><\/strong> normalizuje metabolizmus, tr\u00e1venie a vstreb\u00e1vanie biologicky akt\u00edvnych zlo\u017eiek potravy v tr\u00e1viacom trakte.<\/p>\n<p>A <strong>Vetom <span style=\"color: red;\">3<\/span><\/strong> zvy\u0161uje \u00fa\u010dinnos\u0165 liekov a zni\u017euje ich negat\u00edvne ved\u013eaj\u0161ie \u00fa\u010dinky na \u013eudsk\u00fd organizmus.<\/p>\n<\/div>\n<p>Priazniv\u00fd vplyv na <strong>Bacillus amyloliquefaciens<\/strong> ktor\u00e9 vznikaj\u00fa najm\u00e4 mno\u017een\u00edm v hrubom \u010dreve:<\/p>\n<ul class=\"vetom-list\">\n<li>proteolytick\u00e9, amylolytick\u00e9 a celul\u00f3zolytick\u00e9 enz\u00fdmy,<\/li>\n<li>biologicky akt\u00edvne l\u00e1tky, ktor\u00e9 inhibuj\u00fa rast a v\u00fdvoj patog\u00e9nnej a potenci\u00e1lne patog\u00e9nnej mikrofl\u00f3ry.<\/li>\n<\/ul>\n<p>V d\u00f4sledku toho sa bakteri\u00e1lne zlo\u017eenie \u010drevn\u00e9ho obsahu men\u00ed na spr\u00e1vnu v\u00fdvojov\u00fa normu, \u010drevn\u00e9 steny sa \u010distia od nestr\u00e1ven\u00fdch zvy\u0161kov, \u010do prispieva k akt\u00edvnemu odstra\u0148ovaniu tox\u00ednov z tela, k neru\u0161en\u00e9mu transportu biologicky akt\u00edvnych \u017eiv\u00edn.<\/p>\n<p><strong>D\u00e1vkovanie<\/strong>: odpor\u00fa\u010da sa u\u017e\u00edva\u0165 1 kapsulu (2*3) denne po\u010das 10 dn\u00ed s jedlom alebo po jedle, zapi\u0165 mal\u00fdm mno\u017estvom vody, d\u017e\u00fasu alebo \u010daju.<\/p>\n<p>Odpor\u00fa\u010da sa opakova\u0165 k\u00faru po 1-2 t\u00fd\u017ed\u0148och prest\u00e1vky a v ur\u010dit\u00fdch intervaloch prejs\u0165 na in\u00fd o\u010d\u00edslovan\u00fd v\u00fdrobok Vetom.<br \/>\nT\u00fdmto sp\u00f4sobom m\u00f4\u017eeme podpori\u0165 cel\u00e9 na\u0161e telo, n\u00e1\u0161 \u010drevn\u00fd syst\u00e9m.<\/p>\n<p>A <strong>Vetom <span style=\"color: red;\">3<\/span><\/strong> nie je n\u00e1vykov\u00e1.<\/p>\n<h5>Vlastnosti:<\/h5>\n<ul class=\"vetom-list\">\n<li>M\u00e1 vysok\u00fa antagonistick\u00fa aktivitu vo\u010di patog\u00e9nnym a podmiene\u010dne patog\u00e9nnym hub\u00e1m a bakt\u00e9ri\u00e1m, antiv\u00edrusov\u00e9, proteolytick\u00e9, amylolytick\u00e9 a celulolytick\u00e9 vlastnosti<\/li>\n<li>stimuluje bunkov\u00e9 a humor\u00e1lne faktory imunity<\/li>\n<li>zvy\u0161uje ne\u0161pecifick\u00fa odolnos\u0165 tela<\/li>\n<li>stabilizuje alergick\u00fa odolnos\u0165<\/li>\n<li>normalizuje metabolizmus<\/li>\n<li>stimuluje regenera\u010dn\u00e9 procesy, nap\u00e1da a ni\u010d\u00ed rakovinov\u00e9 a chor\u00e9 bunky<\/li>\n<\/ul>\n<div class=\"plashka\">Men\u00ed membr\u00e1nu a metabolizmus bunkov\u00e9ho skeletu, \u010d\u00edm zabra\u0148uje vzniku rakovinov\u00fdch buniek.<\/div>","protected":false},"featured_media":6599,"comment_status":"open","ping_status":"closed","template":"","meta":[],"product_brand":[],"product_cat":[22],"product_tag":[],"class_list":{"0":"post-445","1":"product","2":"type-product","3":"status-publish","4":"has-post-thumbnail","6":"product_cat-vetom-probiotikumok","8":"first","9":"instock","10":"featured","11":"taxable","12":"shipping-taxable","13":"purchasable","14":"product-type-simple"},"_links":{"self":[{"href":"https:\/\/vetomshop.hu\/sk\/wp-json\/wp\/v2\/product\/445","targetHints":{"allow":["GET"]}}],"collection":[{"href":"https:\/\/vetomshop.hu\/sk\/wp-json\/wp\/v2\/product"}],"about":[{"href":"https:\/\/vetomshop.hu\/sk\/wp-json\/wp\/v2\/types\/product"}],"replies":[{"embeddable":true,"href":"https:\/\/vetomshop.hu\/sk\/wp-json\/wp\/v2\/comments?post=445"}],"wp:featuredmedia":[{"embeddable":true,"href":"https:\/\/vetomshop.hu\/sk\/wp-json\/wp\/v2\/media\/6599"}],"wp:attachment":[{"href":"https:\/\/vetomshop.hu\/sk\/wp-json\/wp\/v2\/media?parent=445"}],"wp:term":[{"taxonomy":"product_brand","embeddable":true,"href":"https:\/\/vetomshop.hu\/sk\/wp-json\/wp\/v2\/product_brand?post=445"},{"taxonomy":"product_cat","embeddable":true,"href":"https:\/\/vetomshop.hu\/sk\/wp-json\/wp\/v2\/product_cat?post=445"},{"taxonomy":"product_tag","embeddable":true,"href":"https:\/\/vetomshop.hu\/sk\/wp-json\/wp\/v2\/product_tag?post=445"}],"curies":[{"name":"wp","href":"https:\/\/api.w.org\/{rel}","templated":true}]}}