{"id":449,"date":"2019-11-12T15:17:02","date_gmt":"2019-11-12T14:17:02","guid":{"rendered":"https:\/\/vetomshop.hu\/?post_type=product&#038;p=449"},"modified":"2026-04-12T08:29:02","modified_gmt":"2026-04-12T06:29:02","slug":"vetom-1-23-probiotikum-csepp","status":"publish","type":"product","link":"https:\/\/vetomshop.hu\/sk\/produkt\/vetom-1-23-probiotikum-csepp\/","title":{"rendered":"Probiotikum Vetom <span style=\"color: red\">1.23<\/span><br>drop <span style=\"color: red\">10 ml<\/span> (doplnok stravy)"},"content":{"rendered":"<h3>Vetom Probiotic 1,23 kvapky 10 ml (doplnok stravy)<\/h3>\n<p><strong>Bacillus subtilis s prospe\u0161n\u00fdmi bakteri\u00e1lnymi kme\u0148mi<\/strong><\/p>\n<p>Vetom 1.23 je tekut\u00e9 probiotikum zalo\u017een\u00e9 na priazniv\u00fdch \u00fa\u010dinkoch Bacillus subtilis VKPM V 10641, kme\u0148a bakt\u00e9ri\u00ed, ktor\u00fd p\u00f4sob\u00ed najm\u00e4 v hrubom \u010dreve, kde sa akt\u00edvne mno\u017e\u00ed a produkuje mno\u017estvo tr\u00e1viacich enz\u00fdmov a biologicky akt\u00edvnych l\u00e1tok.<\/p>\n<p>&nbsp;<\/p>\n<h2><strong>Toto s\u00fa materi\u00e1ly:<\/strong><\/h2>\n<p>* potl\u00e1\u010da rast \u0161kodliv\u00fdch bakt\u00e9ri\u00ed a h\u00fab,<\/p>\n<p>* pom\u00e1haj\u00fa \u010disti\u0165 \u010drevn\u00e9 steny od nestr\u00e1ven\u00fdch zvy\u0161kov,<\/p>\n<p>* podporuj\u00fa odstra\u0148ovanie tox\u00ednov,<\/p>\n<p>* podporuj\u00fa \u00fa\u010dinn\u00e9 vstreb\u00e1vanie \u017eiv\u00edn, vitam\u00ednov a miner\u00e1lov.<\/p>\n<p>&nbsp;<\/p>\n<p>Vetom 1.23 zlep\u0161uje acidob\u00e1zick\u00fa rovnov\u00e1hu tr\u00e1viaceho syst\u00e9mu a optimalizuje metabolizmus \u017eeleza, v\u00e1pnika, bielkov\u00edn, tukov, sacharidov a \u010fal\u0161\u00edch \u017eiv\u00edn. To umo\u017e\u0148uje telu prirodzene sa posilni\u0165 a regenerova\u0165.<\/p>\n<p>&nbsp;<\/p>\n<h2><strong>Hlavn\u00e9 v\u00fdhody:<\/strong><\/h2>\n<p>* Antibakteri\u00e1lne a antimykotick\u00e9 p\u00f4sobenie<\/p>\n<p>* Antiv\u00edrusov\u00e1 vlastnos\u0165<\/p>\n<p>* Posilnenie imunity, ochrana buniek<\/p>\n<p>* Podporuje regener\u00e1ciu buniek<\/p>\n<p>* Inhibuje tvorbu abnorm\u00e1lnych buniek vr\u00e1tane n\u00e1dorov\u00fdch buniek<\/p>\n<p>* nesp\u00f4sobuje ved\u013eaj\u0161ie \u00fa\u010dinky, z\u00e1vislos\u0165 alebo pred\u00e1vkovanie<\/p>\n<p>* Bezpe\u010dn\u00e9 pou\u017e\u00edvanie v ka\u017edom veku<\/p>\n<p>&nbsp;<\/p>\n<p>&nbsp;<\/p>\n<h2><strong>D\u00e1vkovanie a sp\u00f4sob pod\u00e1vania:<\/strong><\/h2>\n<p>* Na or\u00e1lne pou\u017eitie<\/p>\n<p>*Doplnkov\u00e9 pre dospel\u00fdch a deti : po\u010das prv\u00fdch dn\u00ed sa odpor\u00fa\u010daj\u00fa 2 kvapky, potom sa d\u00e1vka m\u00f4\u017ee postupne zv\u00fd\u0161i\u0165 na 4-6 kvapiek. Po\u010das u\u017e\u00edvania sledujte reakcie organizmu.<\/p>\n<p>*Pre be\u017en\u00e9 choroby: 10 kvapiek denne po\u010das 10 dn\u00ed<\/p>\n<p>* Opakovan\u00e1 lie\u010dba: odpor\u00fa\u010da sa po 1-2 t\u00fd\u017ed\u0148och prest\u00e1vky<\/p>\n<p>*Navrhuje sa \u010das od \u010dasu strieda\u0165 s in\u00fdmi produktmi Vetom, aby sa z\u00edskala \u0161ir\u0161ia podpora pre organiz\u00e1ciu<\/p>\n<p>&nbsp;<\/p>\n<h2><strong>Kedy sa odpor\u00fa\u010da jeho pou\u017eitie?<\/strong><\/h2>\n<p>* Po lie\u010dbe antibiotikami na regener\u00e1ciu \u010drevnej fl\u00f3ry<\/p>\n<p>* Na doplnenie lie\u010dby v pr\u00edpade rakoviny<\/p>\n<p>*Zdravotn\u00e9 poruchy, hna\u010dka, z\u00e1pcha, \u017eal\u00fado\u010dn\u00e9 \u0165a\u017ekosti<\/p>\n<p>*Pri imunodeficiencii<\/p>\n<p>*V pr\u00edpade nepr\u00edjemn\u00e9ho telesn\u00e9ho z\u00e1pachu alebo dychu<\/p>\n<p>*Doplnkov\u00e1 lie\u010dba obli\u010dkov\u00fdch kame\u0148ov, ochoren\u00ed pe\u010dene, gastrointestin\u00e1lnych probl\u00e9mov<\/p>\n<p>Pozor:<\/p>\n<p>Nepou\u017e\u00edvajte spolu s peror\u00e1lnymi antibiotikami alebo in\u00fdmi probiotikami. M\u00f4\u017ee sa kombinova\u0165 s lok\u00e1lnymi antibiotikami.<\/p>\n<p>&nbsp;<\/p>\n<h2><strong>D\u00f4le\u017eit\u00e9:<\/strong><\/h2>\n<p>Nemal by sa u\u017e\u00edva\u0165 s in\u00fdmi peror\u00e1lnymi probiotikami alebo antibiotikami, najm\u00e4 so sulfanilamidom, protirakovinov\u00fdmi l\u00e1tkami.<\/p>\n<p>&nbsp;<\/p>\n<h2><strong>Zlo\u017eenie:<\/strong><\/h2>\n<p>* Kukuri\u010dn\u00fd extrakt fermentovan\u00fd kme\u0148om *Bacillus subtilis* (VKPM V 10641 \/ DSM 24613)<\/p>\n<p>* Chlorid sodn\u00fd<\/p>\n<p>* Viveware<\/p>\n<p><strong>\u00a0<\/strong><\/p>\n<h2><strong>V\u00fddaj:<\/strong><\/h2>\n<p>* 10 ml sklenen\u00e1 alebo plastov\u00e1 f\u013ea\u0161ti\u010dka s kvapkadlom<\/p>\n<p>* M\u00f4\u017ee obsahova\u0165 pr\u00edrodn\u00e9 usadeniny, \u010do nie je na z\u00e1vadu kvality<\/p>\n<p>&nbsp;<\/p>\n<h2><strong>K\u00fcllem:<\/strong><\/h2>\n<p>Svetlo \u017eltohned\u00e1 kvapalina s charakteristick\u00fdm z\u00e1pachom<\/p>\n<p>*Hmotnos\u0165: 0,02 kg<\/p>\n<p>*Rozmery: 3 \u00d7 3 \u00d7 7 cm<\/p>\n<p>*Dod\u00e1vky: Rusko<\/p>\n<p>&nbsp;<\/p>\n<h2>Inform\u00e1cie o skladovan\u00ed:<\/h2>\n<p>*Skladovanie: 0-10 \u00b0C pri relat\u00edvnej vlhkosti do 75%<\/p>\n<p>*Preprava a do\u010dasn\u00e9 skladovanie: 10-30 \u00b0C maxim\u00e1lne 18 dn\u00ed<\/p>\n<p>*Po demont\u00e1\u017ei: ulo\u017ete do chladni\u010dky (0-10 \u00b0C)<\/p>","protected":false},"excerpt":{"rendered":"<h5>Prihl\u00e1\u0161ku podajte na<\/h5>\n<p>A <strong>Vetom 1.23<\/strong> pou\u017e\u00edva sa ako doplnkov\u00fd zdroj probiotick\u00fdch mikroorganizmov na zlep\u0161enie zdravia \u013eudsk\u00e9ho organizmu. Siln\u00fd \u00fa\u010dinok <strong>Bacillus subtilis<\/strong> ktor\u00fd sa produkuje najm\u00e4 v hrubom \u010dreve:<\/p>\n<ul class=\"vetom-list\">\n<li>proteolytick\u00e9, amylolytick\u00e9 a celulolytick\u00e9 enz\u00fdmy;<\/li>\n<li>a-2 interfer\u00f3n \u013eudsk\u00fdch bielych krviniek;<\/li>\n<li>bacitrac\u00edn a in\u00e9 biologicky akt\u00edvne l\u00e1tky, ktor\u00e9 zabra\u0148uj\u00fa v\u00fdznamn\u00e9mu rastu patog\u00e9nnej alebo relat\u00edvne patog\u00e9nnej mikrofl\u00f3ry.<\/li>\n<\/ul>\n<p>V d\u00f4sledku tohto procesu sa bakteri\u00e1lna popul\u00e1cia \u010drevn\u00e9ho traktu men\u00ed, a\u017e k\u00fdm nie je zhodn\u00e1 s evolu\u010dnou normou, \u010drevn\u00e9 steny sa o\u010dis\u0165uj\u00fa od nestr\u00e1vite\u013en\u00fdch zvy\u0161kov potravy, \u010do u\u013eah\u010duje akt\u00edvne vylu\u010dovanie toxick\u00fdch l\u00e1tok z tela a neru\u0161en\u00fd transport biologicky akt\u00edvnych l\u00e1tok a \u017eiv\u00edn.<\/p>\n<div class=\"plashka\">A <strong>Vetom 1.23<\/strong> normalizuje tr\u00e1venie, vstreb\u00e1vanie a metabolizmus \u017eeleza, v\u00e1pnika, tukov, bielkov\u00edn, sacharidov, triglyceridov, aminokysel\u00edn, dipeptidov, \u017el\u010dov\u00fdch sol\u00ed, normalizuje kysl\u00e9 prostredie tr\u00e1viaceho traktu. Pou\u017e\u00edvanie Vetomu 1,23 pom\u00e1ha organizmu udr\u017eiava\u0165 zdravie.<\/div>\n<p>A <strong>Vetom 1.23<\/strong> zvy\u0161uje \u00fa\u010dinnos\u0165 liekov a zni\u017euje ich negat\u00edvne ved\u013eaj\u0161ie \u00fa\u010dinky na \u013eudsk\u00fd organizmus.<\/p>\n<h6>Vlastnosti:<\/h6>\n<ul class=\"vetom-list\">\n<li>M\u00e1 vysok\u00fa antagonistick\u00fa aktivitu vo\u010di patog\u00e9nnym a podmiene\u010dne patog\u00e9nnym hub\u00e1m a bakt\u00e9ri\u00e1m, antiv\u00edrusov\u00e9, proteolytick\u00e9, amylolytick\u00e9 a celulolytick\u00e9 vlastnosti<\/li>\n<li>stimuluje bunkov\u00e9 a humor\u00e1lne faktory imunity<\/li>\n<li>zvy\u0161uje ne\u0161pecifick\u00fa odolnos\u0165 tela<\/li>\n<li>stabilizuje alergick\u00fa odolnos\u0165<\/li>\n<li>normalizuje metabolizmus<\/li>\n<li>stimuluje regenera\u010dn\u00e9 procesy, nap\u00e1da a ni\u010d\u00ed rakovinov\u00e9 a chor\u00e9 bunky<\/li>\n<\/ul>\n<div class=\"plashka\">Men\u00ed membr\u00e1nu a metabolizmus bunkov\u00e9ho skeletu, \u010d\u00edm zabra\u0148uje vzniku rakovinov\u00fdch buniek.<\/div>","protected":false},"featured_media":6615,"comment_status":"open","ping_status":"closed","template":"","meta":[],"product_brand":[],"product_cat":[22],"product_tag":[],"class_list":{"0":"post-449","1":"product","2":"type-product","3":"status-publish","4":"has-post-thumbnail","6":"product_cat-vetom-probiotikumok","8":"first","9":"instock","10":"featured","11":"taxable","12":"shipping-taxable","13":"purchasable","14":"product-type-simple"},"_links":{"self":[{"href":"https:\/\/vetomshop.hu\/sk\/wp-json\/wp\/v2\/product\/449","targetHints":{"allow":["GET"]}}],"collection":[{"href":"https:\/\/vetomshop.hu\/sk\/wp-json\/wp\/v2\/product"}],"about":[{"href":"https:\/\/vetomshop.hu\/sk\/wp-json\/wp\/v2\/types\/product"}],"replies":[{"embeddable":true,"href":"https:\/\/vetomshop.hu\/sk\/wp-json\/wp\/v2\/comments?post=449"}],"wp:featuredmedia":[{"embeddable":true,"href":"https:\/\/vetomshop.hu\/sk\/wp-json\/wp\/v2\/media\/6615"}],"wp:attachment":[{"href":"https:\/\/vetomshop.hu\/sk\/wp-json\/wp\/v2\/media?parent=449"}],"wp:term":[{"taxonomy":"product_brand","embeddable":true,"href":"https:\/\/vetomshop.hu\/sk\/wp-json\/wp\/v2\/product_brand?post=449"},{"taxonomy":"product_cat","embeddable":true,"href":"https:\/\/vetomshop.hu\/sk\/wp-json\/wp\/v2\/product_cat?post=449"},{"taxonomy":"product_tag","embeddable":true,"href":"https:\/\/vetomshop.hu\/sk\/wp-json\/wp\/v2\/product_tag?post=449"}],"curies":[{"name":"wp","href":"https:\/\/api.w.org\/{rel}","templated":true}]}}