{"id":453,"date":"2019-11-12T15:33:21","date_gmt":"2019-11-12T14:33:21","guid":{"rendered":"https:\/\/vetomshop.hu\/?post_type=product&#038;p=453"},"modified":"2026-04-12T08:28:47","modified_gmt":"2026-04-12T06:28:47","slug":"vetom-3-22-probiotikum-csepp","status":"publish","type":"product","link":"https:\/\/vetomshop.hu\/sk\/produkt\/vetom-3-22-probiotikum-csepp\/","title":{"rendered":"Probiotikum Vetom <span style=\"color: red\">3.22<\/span><br>drop <span style=\"color: red\">10 ml<\/span> (doplnok stravy)"},"content":{"rendered":"<h3>Vetom 3.22 probiotick\u00e9 kvapky (doplnok stravy)<\/h3>\n<p>Vetom 4 je pr\u00edrodn\u00e9 probiotikum zalo\u017een\u00e9 na priazniv\u00fdch \u00fa\u010dinkoch *Bacillus amyloliquefaciens*, bakt\u00e9rie, ktor\u00e1 sa rozmno\u017euje najm\u00e4 v *tlustom a tenkom \u010dreve*, kde produkuje r\u00f4zne enz\u00fdmy (\u0161tiepiace bielkoviny, \u0161krob a vl\u00e1kninu) a biologicky akt\u00edvne l\u00e1tky.<\/p>\n<h2>S\u00fa to:<\/h2>\n<p>* potl\u00e1\u010da rast \u0161kodliv\u00fdch bakt\u00e9ri\u00ed a h\u00fab,<br \/>\n* pom\u00e1haj\u00fa \u010disti\u0165 \u010drevn\u00fa stenu od nestr\u00e1ven\u00e9ho materi\u00e1lu,<br \/>\n* podporuj\u00fa vstreb\u00e1vanie \u017eiv\u00edn,<br \/>\n* pom\u00e1ha detoxikova\u0165 organizmus.<\/p>\n<p>Pravideln\u00e9 u\u017e\u00edvanie Vetom 4 prispieva k zdravej \u010drevnej fl\u00f3re, zlep\u0161uje tr\u00e1venie a pom\u00e1ha telu vyu\u017e\u00edva\u0165 \u017eiviny a energiu.<\/p>\n<h2>Vetom 4<\/h2>\n<p>* Podporuje prirodzen\u00fa rovnov\u00e1hu \u010drevn\u00e9ho traktu<br \/>\n* normalizuje tr\u00e1venie a metabolizmus<br \/>\n* Zlep\u0161uje funkciu imunitn\u00e9ho syst\u00e9mu<br \/>\n* Zni\u017euje ved\u013eaj\u0161ie \u00fa\u010dinky liekov<br \/>\n* Chr\u00e1ni telo na bunkovej \u00farovni, pom\u00e1ha predch\u00e1dza\u0165 vzniku n\u00e1dorov<\/p>\n<h2>V\u00fdhodn\u00e9 vlastnosti:<\/h2>\n<p>* Antibakteri\u00e1lne a antimykotick\u00e9 p\u00f4sobenie<br \/>\n* Antiv\u00edrusov\u00e9 a imunitu posil\u0148uj\u00face l\u00e1tky<br \/>\n* Podporuje tr\u00e1venie v\u010faka vlastnostiam produkuj\u00facim enz\u00fdmy<br \/>\n* Pom\u00e1ha regener\u00e1cii buniek<br \/>\n* Inhibuje tvorbu a prolifer\u00e1ciu chor\u00fdch a rakovinov\u00fdch buniek<br \/>\n* \u017diadna z\u00e1vislos\u0165, pred\u00e1vkovanie alebo ved\u013eaj\u0161ie \u00fa\u010dinky<br \/>\n*Vz\u0165ahuje sa na v\u0161etky dospel\u00e9 osoby ( star\u0161ie ako 14 rokov )<\/p>\n<h2>Oblas\u0165 pou\u017eitia:<\/h2>\n<p>Odpor\u00fa\u010da sa ako biologicky akt\u00edvny doplnok stravy na podporu fungovania gastrointestin\u00e1lneho traktu a obnovu \u010drevnej fl\u00f3ry.<\/p>\n<h2>D\u00e1vkovanie:<\/h2>\n<p>* Odpor\u00fa\u010da sa 1 kapsula 2-3x denne po\u010das 10 dn\u00ed, pred jedlom, po\u010das jedla alebo po jedle, s mal\u00fdm mno\u017estvom tekutiny (voda, \u010daj alebo d\u017e\u00fas). Po\u010das lie\u010dby sledujte reakciu organizmu a v pr\u00edpade potreby d\u00e1vku postupne zvy\u0161ujte a\u017e na 5-10 kaps\u00fal denne.<\/p>\n<p>* O\u0161etrenie je mo\u017en\u00e9 kedyko\u013evek zopakova\u0165 po 1-2 t\u00fd\u017ed\u0148ovej prest\u00e1vke. Pr\u00edle\u017eitostne sa odpor\u00fa\u010da strieda\u0165 pou\u017e\u00edvanie s in\u00fdmi typmi produktov Vetom na podporu cel\u00e9ho organizmu.<\/p>\n<h2>N\u00e1vrh:<\/h2>\n<p>O\u0161etrenie by sa malo zopakova\u0165 po 1-2 t\u00fd\u017ed\u0148och prest\u00e1vky. Pr\u00edle\u017eitostne je vhodn\u00e9 prejs\u0165 na in\u00fd typ produktu Vetom, aby sa zabezpe\u010dila \u0161irok\u00e1 podpora organizmu.<\/p>\n<h2>D\u00f4le\u017eit\u00e9 inform\u00e1cie:<\/h2>\n<p>*Kontraindik\u00e1cie: precitlivenos\u0165 na niektor\u00e9 zlo\u017eky<br \/>\n*Tehotenstvo\/ doj\u010denie: len po konzult\u00e1cii s lek\u00e1rom<br \/>\n* Nem\u00e1 vplyv na vedenie vozidla alebo pou\u017e\u00edvanie nebezpe\u010dn\u00fdch strojov<\/p>\n<h2>\u010eal\u0161ie inform\u00e1cie:<\/h2>\n<p>* Nem\u00e1 vplyv na vedenie vozidla alebo obsluhu nebezpe\u010dn\u00fdch strojov<br \/>\n* Skladovanie: na suchom, chladnom mieste (max. 30 \u00b0C), mimo dosahu det\u00ed<br \/>\n* Z\u00e1ruka: 2 roky od d\u00e1tumu v\u00fdroby<br \/>\n* Balenie: 10 kaps\u00fal v blistri, 5 balen\u00ed v \u0161katuli (spolu 50 kaps\u00fal)<\/p>\n<h2>Podmienky skladovania:<\/h2>\n<p>* Chladn\u00e9, such\u00e9 miesto (max. 30 \u00b0C, max. vlhkos\u0165 75%)<br \/>\n* Uchov\u00e1vajte mimo dosahu det\u00ed<br \/>\n*Z\u00e1ru\u010dn\u00e1 doba:** 2 roky od d\u00e1tumu v\u00fdroby<br \/>\nKrajina p\u00f4vodu: Rusko<\/p>\n<h2>Obsah jednej kapsuly:<\/h2>\n<p>* extrakt z kukurice - 133 mg<br \/>\n* Zemiakov\u00fd \u0161krob - 100 mg<br \/>\n* sachar\u00f3za (pr\u00e1\u0161kov\u00fd cukor) - 67 mg<br \/>\n* **Bacillus amyloliquefaciens VKPM B-10643** probiotick\u00fd bakteri\u00e1lny kme\u0148 (DSM 24615) - 30 mg (1\u00d710\u2079 CFU\/g)<\/p>\n<p>Alternat\u00edvny ekvivalent vo forme kvapiek: Vetom 4,24 (10 ml)<\/p>\n<p>Miesto p\u00f4vodu : <strong>Rusko<\/strong><\/p>","protected":false},"excerpt":{"rendered":"<h5>Prihl\u00e1\u0161ku podajte na<\/h5>\n<p>Z adresy <strong>Vetom<\/strong> <span style=\"color: red; font-weight: 800;\">3.22<\/span> pou\u017e\u00edva sa ako doplnkov\u00fd zdroj probiotick\u00fdch mikroorganizmov na zlep\u0161enie zdravia \u013eudsk\u00e9ho organizmu. Siln\u00fd \u00fa\u010dinok <strong>Bacillus myloliquefaciens<\/strong>, ktor\u00e1 sa rozmno\u017euje najm\u00e4 v hrubom \u010dreve a produkuje proteolytick\u00e9, amylolytick\u00e9 a celulolytick\u00e9 enz\u00fdmy a in\u00e9 biologicky akt\u00edvne l\u00e1tky.<\/p>\n<div class=\"plashka\">V d\u00f4sledku tohto procesu sa bakteri\u00e1lna popul\u00e1cia \u010drevn\u00e9ho traktu men\u00ed, a\u017e k\u00fdm nie je zhodn\u00e1 s evolu\u010dnou normou, \u010drevn\u00e9 steny sa o\u010dis\u0165uj\u00fa od nestr\u00e1vite\u013en\u00fdch zvy\u0161kov potravy, \u010do u\u013eah\u010duje akt\u00edvne vylu\u010dovanie toxick\u00fdch l\u00e1tok z tela a neru\u0161en\u00fd transport biologicky akt\u00edvnych l\u00e1tok a \u017eiv\u00edn.<\/div>\n<p>A <strong>Vetom<\/strong> <span style=\"color: red; font-weight: 800;\">3.22<\/span> zvy\u0161uje \u00fa\u010dinnos\u0165 liekov a zni\u017euje ich negat\u00edvne ved\u013eaj\u0161ie \u00fa\u010dinky na \u013eudsk\u00fd organizmus.<\/p>\n<h6>Vlastnosti:<\/h6>\n<ul class=\"vetom-list\">\n<li>M\u00e1 vysok\u00fa antagonistick\u00fa aktivitu vo\u010di patog\u00e9nnym a podmiene\u010dne patog\u00e9nnym hub\u00e1m a bakt\u00e9ri\u00e1m, antiv\u00edrusov\u00e9, proteolytick\u00e9, amylolytick\u00e9 a celulolytick\u00e9 vlastnosti<\/li>\n<li>stimuluje bunkov\u00e9 a humor\u00e1lne faktory imunity<\/li>\n<li>zvy\u0161uje ne\u0161pecifick\u00fa odolnos\u0165 tela<\/li>\n<li>stabilizuje alergick\u00fa odolnos\u0165<\/li>\n<li>normalizuje metabolizmus<\/li>\n<li>stimuluje regenera\u010dn\u00e9 procesy, nap\u00e1da a ni\u010d\u00ed rakovinov\u00e9 a chor\u00e9 bunky<\/li>\n<\/ul>\n<div class=\"plashka\">A <strong>Vetom<\/strong> <span style=\"color: red; font-weight: 800;\">3.22<\/span> normalizuje tr\u00e1venie, vstreb\u00e1vanie a metabolizmus \u017eeleza, v\u00e1pnika, tukov, bielkov\u00edn, sacharidov, triglyceridov, aminokysel\u00edn, dipeptidov, \u017el\u010dov\u00fdch sol\u00ed a normalizuje kysl\u00e9 prostredie tr\u00e1viaceho traktu.<\/div>","protected":false},"featured_media":6613,"comment_status":"open","ping_status":"closed","template":"","meta":[],"product_brand":[],"product_cat":[22],"product_tag":[],"class_list":{"0":"post-453","1":"product","2":"type-product","3":"status-publish","4":"has-post-thumbnail","6":"product_cat-vetom-probiotikumok","8":"first","9":"instock","10":"featured","11":"taxable","12":"shipping-taxable","13":"purchasable","14":"product-type-simple"},"_links":{"self":[{"href":"https:\/\/vetomshop.hu\/sk\/wp-json\/wp\/v2\/product\/453","targetHints":{"allow":["GET"]}}],"collection":[{"href":"https:\/\/vetomshop.hu\/sk\/wp-json\/wp\/v2\/product"}],"about":[{"href":"https:\/\/vetomshop.hu\/sk\/wp-json\/wp\/v2\/types\/product"}],"replies":[{"embeddable":true,"href":"https:\/\/vetomshop.hu\/sk\/wp-json\/wp\/v2\/comments?post=453"}],"wp:featuredmedia":[{"embeddable":true,"href":"https:\/\/vetomshop.hu\/sk\/wp-json\/wp\/v2\/media\/6613"}],"wp:attachment":[{"href":"https:\/\/vetomshop.hu\/sk\/wp-json\/wp\/v2\/media?parent=453"}],"wp:term":[{"taxonomy":"product_brand","embeddable":true,"href":"https:\/\/vetomshop.hu\/sk\/wp-json\/wp\/v2\/product_brand?post=453"},{"taxonomy":"product_cat","embeddable":true,"href":"https:\/\/vetomshop.hu\/sk\/wp-json\/wp\/v2\/product_cat?post=453"},{"taxonomy":"product_tag","embeddable":true,"href":"https:\/\/vetomshop.hu\/sk\/wp-json\/wp\/v2\/product_tag?post=453"}],"curies":[{"name":"wp","href":"https:\/\/api.w.org\/{rel}","templated":true}]}}