{"id":455,"date":"2019-11-12T15:37:52","date_gmt":"2019-11-12T14:37:52","guid":{"rendered":"https:\/\/vetomshop.hu\/?post_type=product&#038;p=455"},"modified":"2026-04-12T08:28:38","modified_gmt":"2026-04-12T06:28:38","slug":"vetom-4-24-probiotikum-csepp","status":"publish","type":"product","link":"https:\/\/vetomshop.hu\/sk\/produkt\/vetom-4-24-probiotikum-csepp\/","title":{"rendered":"Probiotikum Vetom <span style=\"color: red\">4.24<\/span><br>drop <span style=\"color: red\">10 ml<\/span> (doplnok stravy)"},"content":{"rendered":"<h3>Vetom 4.24 probiotick\u00e9 kvapky 10 ml (doplnok stravy)<\/h3>\n<p>S kme\u0148om Bacillus amyloliquefaciens VKPM B-10643 (DSM 24615)<\/p>\n<p>Vetom 4.24 je modern\u00e9 pr\u00edrodn\u00e9 probiotikum, ktor\u00e9 podporuje rovnov\u00e1hu \u010drevnej fl\u00f3ry, zlep\u0161uje tr\u00e1venie a posil\u0148uje imunitn\u00fd syst\u00e9m. Hlavnou \u00fa\u010dinnou l\u00e1tkou je bakt\u00e9ria *Bacillus amyloliquefaciens*, ktor\u00e1 je prospe\u0161n\u00e1 najm\u00e4 v tenkom \u010dreve.<\/p>\n<h2>Ako to pom\u00e1ha?<\/h2>\n<p>* Podporuje rozvoj zdravej \u010drevnej fl\u00f3ry<br \/>\n* Podporuje vstreb\u00e1vanie \u017eiv\u00edn (napr. \u017eeleza, v\u00e1pnika, bielkov\u00edn, tukov, sacharidov)<br \/>\n* Pom\u00e1ha **vylu\u010dova\u0165 tox\u00edny z tela<br \/>\n* Posil\u0148uje imunitn\u00fd syst\u00e9m, m\u00e1 antiv\u00edrusov\u00e9, antibakteri\u00e1lne a antimykotick\u00e9 \u00fa\u010dinky<br \/>\n* Podporuje regener\u00e1ciu buniek, m\u00f4\u017ee zn\u00ed\u017ei\u0165 mno\u017eenie \u0161kodliv\u00fdch buniek<br \/>\n* Stabilizuje metabolizmus a rovnov\u00e1hu kysel\u00edn v tr\u00e1viacom syst\u00e9me<br \/>\n* Zlep\u0161uje \u00fa\u010dinok in\u00fdch liekov a zni\u017euje ich ved\u013eaj\u0161ie \u00fa\u010dinky<\/p>\n<h2>V\u00fdhody:<\/h2>\n<p>\u2705 Bez ved\u013eaj\u0161\u00edch \u00fa\u010dinkov<br \/>\n\u2705 Mo\u017eno pou\u017ei\u0165 v akomko\u013evek veku<br \/>\n\u2705 nesp\u00f4sobuje habitu\u00e1ciu<br \/>\n\u2705 Pred\u00e1vkovanie nie je mo\u017en\u00e9<\/p>\n<h2>Odpor\u00fa\u010dan\u00e9 d\u00e1vkovanie:<\/h2>\n<p>*Doplnkov\u00e9 pre dospel\u00fdch a deti : po\u010das prv\u00fdch dn\u00ed sa odpor\u00fa\u010daj\u00fa 2 kvapky, potom sa d\u00e1vka m\u00f4\u017ee postupne zv\u00fd\u0161i\u0165 na 4-6 kvapiek. Po\u010das u\u017e\u00edvania sledujte reakcie organizmu.<br \/>\n*Pre be\u017en\u00e9 ochorenia: 10 kvapiek denne po\u010das 10 dn\u00ed<br \/>\n* Lie\u010dbu mo\u017eno opakova\u0165 po 1-2 t\u00fd\u017ed\u0148och<br \/>\n* Odpor\u00fa\u010da sa z \u010dasu na \u010das strieda\u0165 s in\u00fdmi druhmi v\u00fdrobkov Vetom (napr. Vetom 1.23, 2.25, 3.22), aby sa zabezpe\u010dila \u00fapln\u00e1 \u010drevn\u00e1 podpora<\/p>\n<h2>\nD\u00f4le\u017eit\u00e9:<\/h2>\n<p>Nemal by sa u\u017e\u00edva\u0165 s in\u00fdmi peror\u00e1lnymi probiotikami alebo antibiotikami, najm\u00e4 so sulfanilamidom, protirakovinov\u00fdmi l\u00e1tkami.<\/p>\n<h2>Zlo\u017eenie:<\/h2>\n<p>* Fermentovan\u00fd kukuri\u010dn\u00fd extrakt Bacillus amyloliquefaciens (VKPM B-10643 \/ DSM 24615)<br \/>\n* Chlorid sodn\u00fd<br \/>\n* Viveware<\/p>\n<h2>V\u00fddaj:<\/h2>\n<p>* 10 ml sklenen\u00e1 alebo plastov\u00e1 f\u013ea\u0161ti\u010dka s kvapkadlom<br \/>\n* M\u00f4\u017ee obsahova\u0165 pr\u00edrodn\u00e9 usadeniny, \u010do nie je na z\u00e1vadu kvality<\/p>\n<h2>K\u00fcllem:<\/h2>\n<p>Svetlo \u017eltohned\u00e1 kvapalina s charakteristick\u00fdm z\u00e1pachom<\/p>\n<p>*Hmotnos\u0165: 0,02 kg<br \/>\n*Rozmery: 3 \u00d7 3 \u00d7 7 cm<br \/>\n*Dod\u00e1vky: Rusko<\/p>\n<h2>Inform\u00e1cie o skladovan\u00ed:<\/h2>\n<p>*Skladovanie: 0-10 \u00b0C pri relat\u00edvnej vlhkosti do 75%<br \/>\n*Skladovanie a do\u010dasn\u00e9 skladovanie: 10-30 \u00b0C<br \/>\n*Po demont\u00e1\u017ei: ulo\u017ete do chladni\u010dky (0-10 \u00b0C)<\/p>","protected":false},"excerpt":{"rendered":"<h5>Prihl\u00e1\u0161ku podajte na<\/h5>\n<p>A <strong>Vetom<\/strong> <span style=\"color: red; font-weight: 800;\">4.24<\/span> pou\u017e\u00edva sa ako doplnkov\u00fd zdroj probiotick\u00fdch mikroorganizmov na zlep\u0161enie zdravia \u013eudsk\u00e9ho organizmu. Siln\u00fd \u00fa\u010dinok <strong>Bacillus myloliquefaciens<\/strong>, ktor\u00fd produkuje proteolytick\u00e9, amylolytick\u00e9 a celulolytick\u00e9 enz\u00fdmy a in\u00e9 biologicky akt\u00edvne l\u00e1tky, najm\u00e4 mno\u017een\u00edm v tenkom \u010dreve.<\/p>\n<div class=\"plashka\">V d\u00f4sledku tohto procesu sa bakteri\u00e1lna popul\u00e1cia \u010drevn\u00e9ho traktu men\u00ed, a\u017e k\u00fdm nie je zhodn\u00e1 s evolu\u010dnou normou, \u010drevn\u00e9 steny sa o\u010dis\u0165uj\u00fa od nestr\u00e1vite\u013en\u00fdch zvy\u0161kov potravy, \u010do u\u013eah\u010duje akt\u00edvne vylu\u010dovanie toxick\u00fdch l\u00e1tok z tela a neru\u0161en\u00fd transport biologicky akt\u00edvnych l\u00e1tok a \u017eiv\u00edn.<\/div>\n<p>A <strong>Vetom<\/strong> <span style=\"color: red; font-weight: 800;\">4.24<\/span> normalizuje tr\u00e1venie, vstreb\u00e1vanie a metabolizmus \u017eeleza, v\u00e1pnika, tukov, bielkov\u00edn, sacharidov, triglyceridov, aminokysel\u00edn, dipeptidov, \u017el\u010dov\u00fdch sol\u00ed a normalizuje kysl\u00e9 prostredie tr\u00e1viaceho traktu.<\/p>\n<div class=\"plashka\">A <strong>Vetom<\/strong> <span style=\"color: red; font-weight: 800;\">4.24<\/span> pom\u00e1ha telu zosta\u0165 zdrav\u00e9.<\/div>\n<p>A <strong>Vetom<\/strong> <span style=\"color: red; font-weight: 800;\">4.24<\/span> zvy\u0161uje \u00fa\u010dinnos\u0165 liekov a zni\u017euje ich negat\u00edvne ved\u013eaj\u0161ie \u00fa\u010dinky na \u013eudsk\u00fd organizmus.<\/p>\n<h6>Vlastnosti:<\/h6>\n<ul class=\"vetom-list\">\n<li>M\u00e1 vysok\u00fa antagonistick\u00fa aktivitu vo\u010di patog\u00e9nnym a podmiene\u010dne patog\u00e9nnym hub\u00e1m a bakt\u00e9ri\u00e1m, antiv\u00edrusov\u00e9, proteolytick\u00e9, amylolytick\u00e9 a celulolytick\u00e9 vlastnosti<\/li>\n<li>stimuluje bunkov\u00e9 a humor\u00e1lne faktory imunity<\/li>\n<li>zvy\u0161uje ne\u0161pecifick\u00fa odolnos\u0165 tela<\/li>\n<li>stabilizuje alergick\u00fa odolnos\u0165<\/li>\n<li>normalizuje metabolizmus<\/li>\n<li>stimuluje regenera\u010dn\u00e9 procesy, nap\u00e1da a ni\u010d\u00ed rakovinov\u00e9 a chor\u00e9 bunky<\/li>\n<\/ul>","protected":false},"featured_media":6614,"comment_status":"open","ping_status":"closed","template":"","meta":[],"product_brand":[],"product_cat":[22],"product_tag":[],"class_list":{"0":"post-455","1":"product","2":"type-product","3":"status-publish","4":"has-post-thumbnail","6":"product_cat-vetom-probiotikumok","8":"first","9":"instock","10":"featured","11":"taxable","12":"shipping-taxable","13":"purchasable","14":"product-type-simple"},"_links":{"self":[{"href":"https:\/\/vetomshop.hu\/sk\/wp-json\/wp\/v2\/product\/455","targetHints":{"allow":["GET"]}}],"collection":[{"href":"https:\/\/vetomshop.hu\/sk\/wp-json\/wp\/v2\/product"}],"about":[{"href":"https:\/\/vetomshop.hu\/sk\/wp-json\/wp\/v2\/types\/product"}],"replies":[{"embeddable":true,"href":"https:\/\/vetomshop.hu\/sk\/wp-json\/wp\/v2\/comments?post=455"}],"wp:featuredmedia":[{"embeddable":true,"href":"https:\/\/vetomshop.hu\/sk\/wp-json\/wp\/v2\/media\/6614"}],"wp:attachment":[{"href":"https:\/\/vetomshop.hu\/sk\/wp-json\/wp\/v2\/media?parent=455"}],"wp:term":[{"taxonomy":"product_brand","embeddable":true,"href":"https:\/\/vetomshop.hu\/sk\/wp-json\/wp\/v2\/product_brand?post=455"},{"taxonomy":"product_cat","embeddable":true,"href":"https:\/\/vetomshop.hu\/sk\/wp-json\/wp\/v2\/product_cat?post=455"},{"taxonomy":"product_tag","embeddable":true,"href":"https:\/\/vetomshop.hu\/sk\/wp-json\/wp\/v2\/product_tag?post=455"}],"curies":[{"name":"wp","href":"https:\/\/api.w.org\/{rel}","templated":true}]}}