{"id":4664,"date":"2023-11-11T14:33:45","date_gmt":"2023-11-11T13:33:45","guid":{"rendered":"https:\/\/vetomshop.hu\/termek\/aphrodita-medal\/"},"modified":"2023-11-11T14:33:45","modified_gmt":"2023-11-11T13:33:45","slug":"aphrodita-medal","status":"publish","type":"product","link":"https:\/\/vetomshop.hu\/sk\/produkt\/aphrodita-medal\/","title":{"rendered":"Afroditin pr\u00edvesok"},"content":{"rendered":"<p><strong>Afroditin pr\u00edvesok<\/strong><\/p>\n<p>V\u010faka technol\u00f3gii BioTrEM je teraz mo\u017en\u00e9 vytvori\u0165 spektr\u00e1lny vzor \u0161pecifickej povahy na \u0161peci\u00e1lnom kry\u0161t\u00e1li. Ke\u010f sa \u013eubovo\u013en\u00e9 energetick\u00e9 kvant\u00e1 - dokonca aj teplo - dostan\u00fa do kontaktu s povrchom kry\u0161t\u00e1lu, gener\u00e1tor vy\u017earuje mimoriadne slab\u00e9 sign\u00e1ly spektr\u00e1lneho vzoru, ktor\u00fd je na \u0148om zaznamenan\u00fd.<br \/>\nElektromagnetick\u00e9 \u017eiarenie z pr\u00edvesku medzit\u00fdm interaguje so \u017eiv\u00fdm organizmom.<\/p>\n<div class=\"su-spoiler su-spoiler-style-defoult su-spoiler-icon-caret su-spoiler-closed\" data-scroll-offset=\"0\" data-anchor-in-url=\"no\"><div class=\"su-spoiler-title\" tabindex=\"0\" role=\"button\"><span class=\"su-spoiler-icon\"><\/span>V\u0161etky<\/div><div class=\"su-spoiler-content su-u-clearfix su-u-trim\">\n<p>Extr\u00e9mne slab\u00e9 pr\u00edznaky pr\u00edvesku APHRODITE stimuluj\u00fa synt\u00e9zu \u017eensk\u00fdch ferom\u00f3nov, \u0161peci\u00e1lne \u017e\u013eazy \u017eensk\u00e9ho tela produkuj\u00fa intenz\u00edvnej\u0161ie ferom\u00f3ny, androstenol a kopul\u00edn. \u010c\u00edm viac ferom\u00f3nov sa v \u017eene vyprodukuje, t\u00fdm je pre mu\u017eov sexu\u00e1lne pr\u00ed\u0165a\u017elivej\u0161ia. Androstenol povzbudzuje ostatn\u00fdch ku komunik\u00e1cii a sp\u00f4sobuje, \u017ee v\u00e1s ostatn\u00ed vn\u00edmaj\u00fa ako mlad\u0161iu.<\/p>\n<p>Kopul\u00edn je \u017eensk\u00fd horm\u00f3n zodpovedn\u00fd za sexu\u00e1lnu pr\u00ed\u0165a\u017elivos\u0165.<\/p>\n<p>Pri pou\u017e\u00edvan\u00ed pr\u00edvesku APHRODITE sa zvy\u0161uje produkcia sami\u010d\u00edch ferom\u00f3nov (androstenolu a kopul\u00ednu), \u010do n\u00e1sledne zvy\u0161uje produkciu ferom\u00f3nov:<\/p>\n<ul>\n<li>pril\u00e1ka\u0165 pozornos\u0165 mu\u017eov,<\/li>\n<li>vzbudi\u0165 sympatie,<\/li>\n<li>\u013eah\u0161ie spozna\u0165,<\/li>\n<li>dosiahnu\u0165 v\u00e4\u010d\u0161\u00ed obchodn\u00fd \u00faspech, z\u00edska\u0165 viac sebad\u00f4very,<\/li>\n<li>vytvoria pre svojho partnera \u201ejedin\u00fa a neodolate\u013en\u00fa osobu\u201d.<\/li>\n<\/ul>\n<p>Androstenol ur\u00fdch\u013euje rozvoj sympati\u00ed, preb\u00fadza pocit priate\u013estva v partnerovi, vytv\u00e1ra romantick\u00e9 pocity, vytv\u00e1ra auru mladosti a radosti, bez oh\u013eadu na to, ko\u013eko m\u00e1te rokov!<\/p>\n<\/div><\/div>","protected":false},"excerpt":{"rendered":"<p>Aphrodita med\u00e1l A BioTrEM-technol\u00f3gi\u00e1nak k\u00f6sz\u00f6nhet\u0151en lehets\u00e9gess\u00e9 v\u00e1lt l\u00e9trehozni a speci\u00e1lis krist\u00e1lyon egy adott term\u00e9szet\u0171 spektr\u00e1lis mint\u00e1t. Amikor tetsz\u0151leges energiakvantumok \u2013 ak\u00e1r h\u0151 &#8211; \u00e9rintkezik a krist\u00e1ly fel\u00fclet\u00e9vel, a gener\u00e1tor a rajta r\u00f6gz\u00edtett spektr\u00e1lis minta extr\u00e9m gyenge jeleit bocs\u00e1jtja ki. Ek\u00f6zben a med\u00e1l elektrom\u00e1gneses sug\u00e1rz\u00e1sa k\u00f6lcs\u00f6nhat\u00e1sba ker\u00fcl az \u00e9l\u0151 szervezettel.<\/p>","protected":false},"featured_media":4663,"comment_status":"open","ping_status":"closed","template":"","meta":[],"product_brand":[],"product_cat":[33,32],"product_tag":[],"class_list":{"0":"post-4664","1":"product","2":"type-product","3":"status-publish","4":"has-post-thumbnail","6":"product_cat-egeszseg-medalok","7":"product_cat-triomed","9":"first","10":"instock","11":"taxable","12":"shipping-taxable","13":"purchasable","14":"product-type-simple"},"_links":{"self":[{"href":"https:\/\/vetomshop.hu\/sk\/wp-json\/wp\/v2\/product\/4664","targetHints":{"allow":["GET"]}}],"collection":[{"href":"https:\/\/vetomshop.hu\/sk\/wp-json\/wp\/v2\/product"}],"about":[{"href":"https:\/\/vetomshop.hu\/sk\/wp-json\/wp\/v2\/types\/product"}],"replies":[{"embeddable":true,"href":"https:\/\/vetomshop.hu\/sk\/wp-json\/wp\/v2\/comments?post=4664"}],"wp:featuredmedia":[{"embeddable":true,"href":"https:\/\/vetomshop.hu\/sk\/wp-json\/wp\/v2\/media\/4663"}],"wp:attachment":[{"href":"https:\/\/vetomshop.hu\/sk\/wp-json\/wp\/v2\/media?parent=4664"}],"wp:term":[{"taxonomy":"product_brand","embeddable":true,"href":"https:\/\/vetomshop.hu\/sk\/wp-json\/wp\/v2\/product_brand?post=4664"},{"taxonomy":"product_cat","embeddable":true,"href":"https:\/\/vetomshop.hu\/sk\/wp-json\/wp\/v2\/product_cat?post=4664"},{"taxonomy":"product_tag","embeddable":true,"href":"https:\/\/vetomshop.hu\/sk\/wp-json\/wp\/v2\/product_tag?post=4664"}],"curies":[{"name":"wp","href":"https:\/\/api.w.org\/{rel}","templated":true}]}}