{"id":4666,"date":"2023-11-11T14:33:45","date_gmt":"2023-11-11T13:33:45","guid":{"rendered":"https:\/\/vetomshop.hu\/termek\/alfa-medal\/"},"modified":"2023-11-11T14:33:45","modified_gmt":"2023-11-11T13:33:45","slug":"alfa-medal","status":"publish","type":"product","link":"https:\/\/vetomshop.hu\/sk\/produkt\/alfa-medal\/","title":{"rendered":"Medaila Alfa"},"content":{"rendered":"<h4>Medaila za zdravie ALFA<\/h4>\n<p><strong>Hlavn\u00e9 funkcie:<\/strong><\/p>\n<p>Je to doplnkov\u00fd n\u00e1stroj na normaliz\u00e1ciu fungovania psychickej a emocion\u00e1lnej sf\u00e9ry, zlep\u0161uje n\u00e1ladu, motiv\u00e1ciu a schopnos\u0165 kona\u0165, zni\u017euje nepriazniv\u00e9 \u00fa\u010dinky psychick\u00e9ho a emocion\u00e1lneho stresu.<\/p>\n<p><strong>Kr\u00e1tky popis:<\/strong><\/p>\n<p>Informa\u010dn\u00fd sign\u00e1l zaznamenan\u00fd na medail\u00f3ne zdravia ALFA zodpoved\u00e1 elektromagnetick\u00fdm vibr\u00e1ci\u00e1m centra, ktor\u00e9 reguluje psychick\u00fa a emocion\u00e1lnu sf\u00e9ru.<br \/>\nJe zn\u00e1me, \u017ee emocion\u00e1lny stav \u010dloveka, ktor\u00fd z\u00e1vis\u00ed od mnoh\u00fdch vonkaj\u0161\u00edch a vn\u00fatorn\u00fdch faktorov, je regulovan\u00fd centr\u00e1lnym nervov\u00fdm syst\u00e9mom.<\/p>\n<div class=\"su-spoiler su-spoiler-style-defoult su-spoiler-icon-caret su-spoiler-closed\" data-scroll-offset=\"0\" data-anchor-in-url=\"no\"><div class=\"su-spoiler-title\" tabindex=\"0\" role=\"button\"><span class=\"su-spoiler-icon\"><\/span>V\u0161etky<\/div><div class=\"su-spoiler-content su-u-clearfix su-u-trim\">\nMedzi prv\u00e9 pr\u00edznaky stresu patr\u00ed emocion\u00e1lne nap\u00e4tie, obavy, \u00fazkos\u0165, rozru\u0161enie a zv\u00fd\u0161en\u00e1 podr\u00e1\u017edenos\u0165. To m\u00f4\u017ee vies\u0165 k poruch\u00e1m sp\u00e1nku, \u010do m\u00e1 za n\u00e1sledok \u00fanavu, celkov\u00fa n\u00e1ladovos\u0165 a zhor\u0161enie kognit\u00edvnych funkci\u00ed (pam\u00e4\u0165, pozornos\u0165, myslenie).<\/p>\n<p>Dlhodob\u00e9 psychick\u00e9 a emocion\u00e1lne poruchy maj\u00fa negat\u00edvny vplyv na celkov\u00fd stav a reaktivitu organizmu. \u013dudia, ktor\u00ed za\u017e\u00edvaj\u00fa chronick\u00fd psychick\u00fd a emocion\u00e1lny stres, s\u00fa \u010dastej\u0161ie prechladnut\u00ed, maj\u00fa recid\u00edvu u\u017e existuj\u00facich chronick\u00fdch ochoren\u00ed (ischemick\u00e1 choroba srdca, ochorenia pankreasu, cystit\u00edda, pyelonefrit\u00edda, adnexit\u00edda, prostatit\u00edda at\u010f.).<\/p>\n<p>Stresov\u00e9 faktory s\u00fa pr\u00ed\u010dinou klasick\u00fdch psychosomatick\u00fdch ochoren\u00ed, ako s\u00fa hypertenzia, bronchi\u00e1lna astma, \u017eal\u00fado\u010dn\u00e9 vredy, dvan\u00e1stnikov\u00e9 vredy, alergick\u00e9 ko\u017en\u00e9 ochorenia (ekz\u00e9my, neurodermatit\u00eddy) a in\u00e9, vr\u00e1tane por\u00fach zraku a sluchu.<\/p>\n<p><strong>Kedy pou\u017ei\u0165 medailu za zdravie ALFA?<\/strong><\/p>\n<p>Zariadenie m\u00e1 pozit\u00edvny vplyv na funk\u010dnos\u0165 tela. M\u00f4\u017ee sa pou\u017e\u00edva\u0165 ako optimaliza\u010dn\u00e9 a korek\u010dn\u00e9 zariadenie v kombin\u00e1cii s in\u00fdmi met\u00f3dami na prevenciu a lie\u010dbu ochoren\u00ed:<\/p>\n<ul>\n<li>agitovanos\u0165, neurast\u00e9nia, adapta\u010dn\u00e9 probl\u00e9my sprev\u00e1dzan\u00e9 disharmonick\u00fdm emocion\u00e1lnym stavom,<\/li>\n<li>funk\u010dn\u00e1 porucha nervov\u00e9ho syst\u00e9mu sprev\u00e1dzan\u00e1 du\u0161evnou \u00fanavou, podr\u00e1\u017edenos\u0165ou, spomalen\u00edm a stratou kvality myslenia,<\/li>\n<li>nespavos\u0165 sp\u00f4soben\u00e1 z\u00e1chvatmi paniky,<\/li>\n<li>v po\u010diato\u010dn\u00fdch a recidivuj\u00facich f\u00e1zach psychosomatick\u00fdch ochoren\u00ed (bronchi\u00e1lna astma, syndr\u00f3m citliv\u00e9ho \u010dreva - IBS, ischemick\u00e1 choroba srdca, hypertenzia, ko\u017en\u00e9 a in\u00e9 ochorenia),<\/li>\n<li>pr\u00edznaky chronick\u00e9ho psychick\u00e9ho a emocion\u00e1lneho stresu.<\/li>\n<\/ul>\n<p>Pozor, d\u00f4le\u017eit\u00e9!<\/p>\n<p>Ak m\u00e1te v\u00fdrazn\u00fd pokles n\u00e1lady, emocion\u00e1lnu nestabilitu a podr\u00e1\u017edenos\u0165, pretrv\u00e1vaj\u00facu nespavos\u0165, ktor\u00e1 nemizne, pora\u010fte sa s lek\u00e1rom. Okrem predp\u00edsanej lie\u010dby s\u00fabe\u017ene pou\u017e\u00edvajte ALFA Health Medal, aby ste posilnili \u00fa\u010dinnos\u0165 lie\u010dby a rehabilita\u010dn\u00e9 schopnosti organizmu.<br \/>\n<\/div><\/div>","protected":false},"excerpt":{"rendered":"<p>ALFA Eg\u00e9szs\u00e9g Med\u00e1l F\u0151 funkci\u00f3i: Kieg\u00e9sz\u00edt\u0151 eszk\u00f6z a pszich\u00e9s \u00e9s \u00e9rzelmi szf\u00e9ra m\u0171k\u00f6d\u00e9s\u00e9nek normaliz\u00e1l\u00e1s\u00e1ra, hangulatjav\u00edt\u00f3, motiv\u00e1ci\u00f3 \u00e9s cselekv\u0151k\u00e9pess\u00e9g n\u00f6vel\u0151, cs\u00f6kkenti a pszich\u00e9s \u00e9s \u00e9rzelmi stressz \u00e1ldatlan hat\u00e1sait. R\u00f6vid ismertet\u0151: Az inform\u00e1ci\u00f3s jel, mely az ALFA Eg\u00e9szs\u00e9g Med\u00e1lra r\u00f6gz\u00edt\u00e9sre ker\u00fclt, megfelel a pszich\u00e9s \u00e9s \u00e9rzelmi szf\u00e9r\u00e1kat szab\u00e1lyoz\u00f3 k\u00f6zpont elektrom\u00e1gneses rezg\u00e9s\u00e9nek. K\u00f6ztudott, hogy az ember \u00e9rzelmi \u00e1llapota, [&hellip;]<\/p>\n","protected":false},"featured_media":4665,"comment_status":"open","ping_status":"closed","template":"","meta":[],"product_brand":[],"product_cat":[33,32],"product_tag":[],"class_list":{"0":"post-4666","1":"product","2":"type-product","3":"status-publish","4":"has-post-thumbnail","6":"product_cat-egeszseg-medalok","7":"product_cat-triomed","9":"first","10":"instock","11":"taxable","12":"shipping-taxable","13":"purchasable","14":"product-type-simple"},"_links":{"self":[{"href":"https:\/\/vetomshop.hu\/sk\/wp-json\/wp\/v2\/product\/4666","targetHints":{"allow":["GET"]}}],"collection":[{"href":"https:\/\/vetomshop.hu\/sk\/wp-json\/wp\/v2\/product"}],"about":[{"href":"https:\/\/vetomshop.hu\/sk\/wp-json\/wp\/v2\/types\/product"}],"replies":[{"embeddable":true,"href":"https:\/\/vetomshop.hu\/sk\/wp-json\/wp\/v2\/comments?post=4666"}],"wp:featuredmedia":[{"embeddable":true,"href":"https:\/\/vetomshop.hu\/sk\/wp-json\/wp\/v2\/media\/4665"}],"wp:attachment":[{"href":"https:\/\/vetomshop.hu\/sk\/wp-json\/wp\/v2\/media?parent=4666"}],"wp:term":[{"taxonomy":"product_brand","embeddable":true,"href":"https:\/\/vetomshop.hu\/sk\/wp-json\/wp\/v2\/product_brand?post=4666"},{"taxonomy":"product_cat","embeddable":true,"href":"https:\/\/vetomshop.hu\/sk\/wp-json\/wp\/v2\/product_cat?post=4666"},{"taxonomy":"product_tag","embeddable":true,"href":"https:\/\/vetomshop.hu\/sk\/wp-json\/wp\/v2\/product_tag?post=4666"}],"curies":[{"name":"wp","href":"https:\/\/api.w.org\/{rel}","templated":true}]}}