{"id":4668,"date":"2023-11-11T14:33:46","date_gmt":"2023-11-11T13:33:46","guid":{"rendered":"https:\/\/vetomshop.hu\/termek\/ambrozia-medal\/"},"modified":"2023-11-11T14:33:46","modified_gmt":"2023-11-11T13:33:46","slug":"ambrozia-medal","status":"publish","type":"product","link":"https:\/\/vetomshop.hu\/sk\/produkt\/ambrozia-medal\/","title":{"rendered":"Medaila Ambrosia"},"content":{"rendered":"<h4>Medaila Ambrosia<\/h4>\n<p>Ambr\u00f3zia palinolist\u00e1 alebo jednoducho ambr\u00f3zia (Ambrosia artemisiifolia), nespr\u00e1vne naz\u00fdvan\u00e1 div\u00e9 konope, je druh buriny z \u010de\u013eade astrovit\u00e9 (Asteraceae), z kme\u0148a Helianthinae. Ka\u017edoro\u010dne sa vo ve\u013ekom mno\u017estve vyskytuje na ma\u010farsk\u00fdch orn\u00fdch poliach a in\u00fdch naru\u0161en\u00fdch ploch\u00e1ch.<\/p>\n<p>Je to jedna z na\u0161ich najzn\u00e1mej\u0161\u00edch a najkontroverznej\u0161\u00edch bur\u00edn: niektor\u00ed \u013eudia ju uzn\u00e1vaj\u00fa len pre jej zl\u00e9, alergizuj\u00face vlastnosti, in\u00ed ju uctievaj\u00fa ako lie\u010div\u00fa rastlinu a pravidelne ju konzumuj\u00fa.<\/p>\n<div class=\"su-spoiler su-spoiler-style-defoult su-spoiler-icon-caret su-spoiler-closed\" data-scroll-offset=\"0\" data-anchor-in-url=\"no\"><div class=\"su-spoiler-title\" tabindex=\"0\" role=\"button\"><span class=\"su-spoiler-icon\"><\/span>V\u0161etky<\/div><div class=\"su-spoiler-content su-u-clearfix su-u-trim\">\nPre\u010do t\u00e1to rastlina sp\u00f4sobuje u niektor\u00fdch \u013eud\u00ed pr\u00edznaky alergie? Jedno je ist\u00e9: po\u013enohospod\u00e1ri nikdy netrpeli pe\u013eovou alergiou ani alergiou na ambr\u00f3ziu. Na jasn\u00fa odpove\u010f si mo\u017eno budeme musie\u0165 po\u010dka\u0165 desa\u0165ro\u010dia, ale nepr\u00edjemn\u00e9 pr\u00edznaky alergie sa m\u00f4\u017eu rok \u010do rok vraca\u0165 a bolo by dobr\u00e9 n\u00e1js\u0165 rie\u0161enie. K\u00fdm nebudeme pozna\u0165 odpovede na tieto ot\u00e1zky, spome\u0148me si na postul\u00e1t naturopatie: psie uhryznutie vylie\u010d ps\u00edm chlpom, t. j. vylie\u010d sa t\u00fdm, \u010do \u0165a tr\u00e1pi. Ambroziov\u00fd medail\u00f3n m\u00e1 elektromagnetick\u00e9 spektrum \u017eivej ambr\u00f3zie zachyten\u00e9 pomocou \u0161peci\u00e1lnej technol\u00f3gie BioTrEm.<br \/>\n<\/div><\/div>","protected":false},"excerpt":{"rendered":"<p>Ambr\u00f3zia Med\u00e1l Az \u00fcr\u00f6mlevel\u0171 parlagf\u0171, vagy egyszer\u0171en parlagf\u0171 (Ambrosia artemisiifolia), t\u00e9vesen vadkender a f\u00e9szkesek (Asteraceae) csal\u00e1dj\u00e1ba tartozik, annak Helianthinae tribusz\u00e1ba tartoz\u00f3 gyomn\u00f6v\u00e9nyfaj. A parlagf\u0171 Magyarorsz\u00e1g sz\u00e1nt\u00f3f\u00f6ldjein \u00e9s egy\u00e9b bolygatott ter\u00fcletein \u00e9vr\u0151l \u00e9vre \u00f3ri\u00e1si sz\u00e1mban jelenik meg. Egyik legismertebb \u00e9s legellentmond\u00e1sosabb meg\u00edt\u00e9l\u00e9s\u0171 gyomn\u00f6v\u00e9ny\u00fcnk: vannak, akik kiz\u00e1r\u00f3lag rossz, allergiz\u00e1l\u00f3 tulajdons\u00e1gait ismerik el, \u00e9s vannak, akik gy\u00f3gyn\u00f6v\u00e9nyk\u00e9nt tisztelik, [&hellip;]<\/p>\n","protected":false},"featured_media":4667,"comment_status":"open","ping_status":"closed","template":"","meta":[],"product_brand":[],"product_cat":[33,32],"product_tag":[],"class_list":{"0":"post-4668","1":"product","2":"type-product","3":"status-publish","4":"has-post-thumbnail","6":"product_cat-egeszseg-medalok","7":"product_cat-triomed","9":"first","10":"instock","11":"taxable","12":"shipping-taxable","13":"purchasable","14":"product-type-simple"},"_links":{"self":[{"href":"https:\/\/vetomshop.hu\/sk\/wp-json\/wp\/v2\/product\/4668","targetHints":{"allow":["GET"]}}],"collection":[{"href":"https:\/\/vetomshop.hu\/sk\/wp-json\/wp\/v2\/product"}],"about":[{"href":"https:\/\/vetomshop.hu\/sk\/wp-json\/wp\/v2\/types\/product"}],"replies":[{"embeddable":true,"href":"https:\/\/vetomshop.hu\/sk\/wp-json\/wp\/v2\/comments?post=4668"}],"wp:featuredmedia":[{"embeddable":true,"href":"https:\/\/vetomshop.hu\/sk\/wp-json\/wp\/v2\/media\/4667"}],"wp:attachment":[{"href":"https:\/\/vetomshop.hu\/sk\/wp-json\/wp\/v2\/media?parent=4668"}],"wp:term":[{"taxonomy":"product_brand","embeddable":true,"href":"https:\/\/vetomshop.hu\/sk\/wp-json\/wp\/v2\/product_brand?post=4668"},{"taxonomy":"product_cat","embeddable":true,"href":"https:\/\/vetomshop.hu\/sk\/wp-json\/wp\/v2\/product_cat?post=4668"},{"taxonomy":"product_tag","embeddable":true,"href":"https:\/\/vetomshop.hu\/sk\/wp-json\/wp\/v2\/product_tag?post=4668"}],"curies":[{"name":"wp","href":"https:\/\/api.w.org\/{rel}","templated":true}]}}