{"id":4670,"date":"2023-11-11T14:33:46","date_gmt":"2023-11-11T13:33:46","guid":{"rendered":"https:\/\/vetomshop.hu\/termek\/antivir-medal\/"},"modified":"2023-11-11T14:33:46","modified_gmt":"2023-11-11T13:33:46","slug":"antivir-medal","status":"publish","type":"product","link":"https:\/\/vetomshop.hu\/sk\/produkt\/antivir-medal\/","title":{"rendered":"Medaila Antivir"},"content":{"rendered":"<h4>Medaila Antivir<\/h4>\n<p>Chr\u00edpka je ochorenie sp\u00f4soben\u00e9 v\u00edrusom chr\u00edpky, ktor\u00fd je v\u017edy sp\u00f4soben\u00fd ur\u010dit\u00fdm typom chr\u00edpkov\u00e9ho v\u00edrusu. Chr\u00edpka A a B s\u00fa dva typy chr\u00edpkov\u00fdch v\u00edrusov, ktor\u00e9 m\u00f4\u017eu sp\u00f4sobi\u0165 ochorenie \u013eud\u00ed vo ve\u013ekom po\u010dte. V\u00edrusy A mo\u017eno rozdeli\u0165 na podtypy na z\u00e1klade prote\u00ednov na ich povrchu (hemaglutin\u00edn - H a neuraminid\u00e1za - N), z ktor\u00fdch s\u00fa od roku 1977 najroz\u0161\u00edrenej\u0161ie v\u00edrusy H1N1 a H3N2. V\u00edrusy B maj\u00fa men\u0161iu pravdepodobnos\u0165, \u017ee sp\u00f4sobia z\u00e1va\u017en\u00e9 ochorenie. V\u00edrusy chr\u00edpky sa r\u00fdchlo menia a mutuj\u00fa, \u010d\u00edm vznikaj\u00fa nov\u00e9 podtypy. Ochrana proti jedn\u00e9mu podtypu poskytuje mal\u00fa alebo \u017eiadnu ochranu proti druh\u00e9mu, \u010do vysvet\u013euje sez\u00f3nne epid\u00e9mie, ktor\u00e9 sa vyskytuj\u00fa ka\u017ed\u00fd rok, zvy\u010dajne v zime.<\/p>\n<div class=\"su-spoiler su-spoiler-style-defoult su-spoiler-icon-caret su-spoiler-closed\" data-scroll-offset=\"0\" data-anchor-in-url=\"no\"><div class=\"su-spoiler-title\" tabindex=\"0\" role=\"button\"><span class=\"su-spoiler-icon\"><\/span>V\u0161etky<\/div><div class=\"su-spoiler-content su-u-clearfix su-u-trim\">\n<p>Pr\u00edznaky chr\u00edpky s\u00fa rovnak\u00e9 ako pri be\u017enom prechladnut\u00ed, ale ochorenie je z\u00e1va\u017enej\u0161ie. Zvy\u010dajne sa sp\u00e1ja s vysokou hor\u00fa\u010dkou, boles\u0165ami hlavy, svalov, such\u00fdm ka\u0161\u013eom, letargiou a slabos\u0165ou. Boles\u0165 hrdla je zriedkav\u00e1 a len v 30-50% pr\u00edpadoch sa vyskytuje n\u00e1dcha, upchatie nosa. Komplik\u00e1cie s\u00fa obzvl\u00e1\u0161\u0165 nebezpe\u010dn\u00e9 u mal\u00fdch det\u00ed, star\u0161\u00edch \u013eud\u00ed a \u013eud\u00ed s chronick\u00fdm ochoren\u00edm.<\/p>\n<p>Preto je d\u00f4le\u017eit\u00e9 zv\u00fd\u0161i\u0165 odolnos\u0165 organizmu.<\/p>\n<p><strong>Pre koho sa odpor\u00fa\u010da?<\/strong><\/p>\n<ul>\n<li>Pre v\u0161etk\u00fdch, ktor\u00ed chc\u00fa zlep\u0161i\u0165 svoju odolnos\u0165,<\/li>\n<li>ktor\u00ed patria do skupiny ohrozenej v\u00edrusom chr\u00edpky,<\/li>\n<li>ktor\u00ed ve\u013ea cestuj\u00fa po svete alebo pou\u017e\u00edvaj\u00fa verejn\u00fa dopravu,<\/li>\n<li>s\u00fa neust\u00e1le v komunite a pracuj\u00fa s \u013eu\u010fmi.<\/li>\n<\/ul>\n<p><strong>Pozor, d\u00f4le\u017eit\u00e9!<\/strong><\/p>\n<p>Ak m\u00e1te infekciu chr\u00edpkov\u00fdm v\u00edrusom, ochorenie, hor\u00fa\u010dku alebo ak sa nec\u00edtite dobre, vyh\u013eadajte lek\u00e1rsku pomoc. Triomed Antivirotikum Medaila pou\u017e\u00edvajte spolu s predp\u00edsanou lie\u010dbou.<br \/>\nDeti mlad\u0161ie ako 6 rokov by mali v\u00fdrobok pou\u017e\u00edva\u0165 len pod doh\u013eadom rodi\u010dov!<\/p>\n<\/div><\/div>","protected":false},"excerpt":{"rendered":"<p>Antivir Med\u00e1l Az influenza v\u00edrus okozta betegs\u00e9g, k\u00f3rokoz\u00f3ja mindig az influenza v\u00edrus valamelyik fajt\u00e1ja. Az influenza A \u00e9s B az a k\u00e9t t\u00edpusa az influenza v\u00edrusoknak, amely nagysz\u00e1mbanbeteg\u00edthet meg embereket. Az A v\u00edrusokat a fel\u00fclet\u00fck\u00f6n elhelyezked\u0151 feh\u00e9rj\u00e9k (a haemaglutinin -H \u00e9s a neuraminidase \u2013 N) alapj\u00e1n alt\u00edpusokra lehet bontani, ezek k\u00f6z\u00fcl 1977 \u00f3ta t\u00f6bbnyire a [&hellip;]<\/p>\n","protected":false},"featured_media":4669,"comment_status":"open","ping_status":"closed","template":"","meta":[],"product_brand":[],"product_cat":[33,32],"product_tag":[],"class_list":{"0":"post-4670","1":"product","2":"type-product","3":"status-publish","4":"has-post-thumbnail","6":"product_cat-egeszseg-medalok","7":"product_cat-triomed","9":"first","10":"instock","11":"taxable","12":"shipping-taxable","13":"purchasable","14":"product-type-simple"},"_links":{"self":[{"href":"https:\/\/vetomshop.hu\/sk\/wp-json\/wp\/v2\/product\/4670","targetHints":{"allow":["GET"]}}],"collection":[{"href":"https:\/\/vetomshop.hu\/sk\/wp-json\/wp\/v2\/product"}],"about":[{"href":"https:\/\/vetomshop.hu\/sk\/wp-json\/wp\/v2\/types\/product"}],"replies":[{"embeddable":true,"href":"https:\/\/vetomshop.hu\/sk\/wp-json\/wp\/v2\/comments?post=4670"}],"wp:featuredmedia":[{"embeddable":true,"href":"https:\/\/vetomshop.hu\/sk\/wp-json\/wp\/v2\/media\/4669"}],"wp:attachment":[{"href":"https:\/\/vetomshop.hu\/sk\/wp-json\/wp\/v2\/media?parent=4670"}],"wp:term":[{"taxonomy":"product_brand","embeddable":true,"href":"https:\/\/vetomshop.hu\/sk\/wp-json\/wp\/v2\/product_brand?post=4670"},{"taxonomy":"product_cat","embeddable":true,"href":"https:\/\/vetomshop.hu\/sk\/wp-json\/wp\/v2\/product_cat?post=4670"},{"taxonomy":"product_tag","embeddable":true,"href":"https:\/\/vetomshop.hu\/sk\/wp-json\/wp\/v2\/product_tag?post=4670"}],"curies":[{"name":"wp","href":"https:\/\/api.w.org\/{rel}","templated":true}]}}