{"id":4672,"date":"2023-11-11T14:33:46","date_gmt":"2023-11-11T13:33:46","guid":{"rendered":"https:\/\/vetomshop.hu\/termek\/aqua-medal\/"},"modified":"2023-11-11T14:33:46","modified_gmt":"2023-11-11T13:33:46","slug":"aqua-medal","status":"publish","type":"product","link":"https:\/\/vetomshop.hu\/sk\/produkt\/aqua-medal\/","title":{"rendered":"Aqua Medal"},"content":{"rendered":"<p><strong>Aqua Medal<\/strong> - \u017eivotodarn\u00e1 voda je \u017eivotodarn\u00e1, o\u017eivuj\u00faca, \u017eivotodarn\u00e1 a \u017eivot aktivuj\u00faca, obnovuj\u00faca \u017eivotn\u00fa energiu.<\/p>\n<p>Pr\u00e1ve na to sl\u00fa\u017ei samostatn\u00fd nosi\u010d inform\u00e1ci\u00ed AQUA -BioTrEM. V\u010faka exkluz\u00edvnej technol\u00f3gii BioTrEM obsahuje polovodi\u010d zariadenia zak\u00f3dovan\u00fa inform\u00e1ciu dynamickej povahy, ktor\u00e1 umo\u017e\u0148uje dosiahnu\u0165 uveden\u00fd efekt. Podobn\u00fa vlastnos\u0165 maj\u00fa aj zdroje, ktor\u00e9 s\u00fa na Zemi, \u017eia\u013e, \u010doraz vz\u00e1cnej\u0161ie a z\u00e1zra\u010dne si zachov\u00e1vaj\u00fa svoju \u010distotu.<\/p>\n<div class=\"su-spoiler su-spoiler-style-defoult su-spoiler-icon-caret su-spoiler-closed\" data-scroll-offset=\"0\" data-anchor-in-url=\"no\"><div class=\"su-spoiler-title\" tabindex=\"0\" role=\"button\"><span class=\"su-spoiler-icon\"><\/span>V\u0161etky<\/div><div class=\"su-spoiler-content su-u-clearfix su-u-trim\">\n<p>V\u00fdvoj tohto zariadenia si vy\u017eiadali meniace sa podmienky na\u0161ej doby. V posledn\u00fdch rokoch je zdravotn\u00edctvo znepokojen\u00e9 n\u00e1rastom chorobnosti a \u00famrtnosti nielen det\u00ed a star\u0161\u00edch \u013eud\u00ed, ale aj pracuj\u00facich. \u017dia\u013e, sme svedkami oslabenia imunitn\u00e9ho syst\u00e9mu a straty \u017eivotnej energie, ktor\u00e1 je nevyhnutn\u00e1 na boj s chorobami a na rehabilit\u00e1ciu. In\u00fdmi slovami, programy potrebn\u00e9 na adapt\u00e1ciu na zmenen\u00e9 prostredie a na sebaobnovu boli po\u0161koden\u00e9 alebo reorganizovan\u00e9. Narastaj\u00face kozmofyzik\u00e1lne zmeny si vy\u017eaduj\u00fa r\u00fdchlu regener\u00e1ciu a obnovu po\u0161koden\u00fdch adapta\u010dn\u00fdch a samolie\u010debn\u00fdch genetick\u00fdch programov. V opa\u010dnom pr\u00edpade m\u00f4\u017ee by\u0165 ohrozen\u00e9 pre\u017eitie jednotlivca, a dokonca cel\u00e9ho \u013eudstva.<\/p>\n<p>Voda - kol\u00edska \u017eivota, ktor\u00e1 u\u017e dlho uchov\u00e1va prim\u00e1rnu matricu \u017eivota a orient\u00e1ciu jeho zmien v z\u00e1vislosti od vplyvov prostredia. Voda sa v reakcii na vplyvy a po\u017eiadavky prostredia prisp\u00f4sobuje a transformuje r\u00fdchlej\u0161ie ako biologick\u00e9 organizmy, biologick\u00e9 prostredie. Vodn\u00fd obal Zeme si v\u017edy zachov\u00e1val p\u00f4vodn\u00e9 samoregenera\u010dn\u00e9 programy a ich potenci\u00e1l na realiz\u00e1ciu, ktor\u00e9 v interakcii s vodn\u00fdm prostred\u00edm organizmov za\u010dali fungova\u0165. Z\u00e1rove\u0148 ekol\u00f3govia pozorovali, \u017ee \u0161trukt\u00farno-informa\u010dn\u00e9 vlastnosti pr\u00edrodn\u00fdch v\u00f4d, ktor\u00e9 vy\u017eivovali vodn\u00fd obal Zeme, boli naru\u0161en\u00e9. Toto po\u0161kodenie nebolo sp\u00f4soben\u00e9 len kozmofyzik\u00e1lnymi zmenami, ale aj de\u0161trukt\u00edvnou \u010dinnos\u0165ou \u013eudsk\u00e9ho druhu. Pr\u00e1ve to br\u00e1ni uskuto\u010dneniu \u017eivotne d\u00f4le\u017eit\u00fdch evolu\u010dn\u00fdch zmien, pokra\u010dovaniu \u017eivota na Zemi.<\/p>\n<p>Komplexn\u00e9 viac\u00farov\u0148ov\u00e9 pole nosi\u010da inform\u00e1ci\u00ed AQUA je navrhnut\u00e9 ako referen\u010dn\u00e9, aby sa prisp\u00f4sobilo nov\u00fdm vysokofrekven\u010dn\u00fdm zmen\u00e1m v prostred\u00ed a spustilo potrebn\u00e9 programy na prechod cez vodu. Zariadenie \u0161trukt\u00faruje pole vody a voda, rezonuj\u00fac s vodn\u00fdm prostred\u00edm tela (krv, lymfa, lymfa, medzibunkov\u00e1 tekutina, tekutina v bunk\u00e1ch), ho \u0161trukt\u00faruje \u201ena svoj obraz\u201d. Akon\u00e1hle vn\u00fatorn\u00e1 pravidelnos\u0165 vody st\u00fapne nad 60%, spust\u00ed sa sebaregula\u010dn\u00fd genetick\u00fd program tela.<br \/>\n<\/div><\/div>","protected":false},"excerpt":{"rendered":"<p>Aqua Med\u00e1l \u2013 az \u00e9letalkot\u00f3 v\u00edz \u00e9letet ad, \u00e9l\u00e9nk\u00edt, \u00e9letmeg\u00f3v\u00f3, valamint aktiv\u00e1l\u00f3, \u00e9letenergi\u00e1t vissza\u00e1ll\u00edt\u00f3 hat\u00e1ssal b\u00edr. \u00c9ppen ezt a c\u00e9lt szolg\u00e1lja az AQUA \u2013BioTrEM \u00f6n\u00e1ll\u00f3 inform\u00e1ci\u00f3hordoz\u00f3 alkalmaz\u00e1sa. Az exkluz\u00edv BioTrEM-technol\u00f3gi\u00e1nak k\u00f6sz\u00f6nhet\u0151en a k\u00e9sz\u00fcl\u00e9k f\u00e9lvezet\u0151je olyan k\u00f3dolt inform\u00e1ci\u00f3t tartalmaz, mely dinamikus term\u00e9szettel b\u00edr \u00e9s seg\u00edts\u00e9g\u00e9vel a felsorolt hat\u00e1s el\u00e9rhet\u0151v\u00e9 v\u00e1lik. Hasonl\u00f3 tulajdons\u00e1ggal rendelkeznek a F\u00f6ld\u00f6n sajnos [&hellip;]<\/p>\n","protected":false},"featured_media":4671,"comment_status":"open","ping_status":"closed","template":"","meta":[],"product_brand":[],"product_cat":[33,32],"product_tag":[],"class_list":{"0":"post-4672","1":"product","2":"type-product","3":"status-publish","4":"has-post-thumbnail","6":"product_cat-egeszseg-medalok","7":"product_cat-triomed","9":"first","10":"instock","11":"taxable","12":"shipping-taxable","13":"purchasable","14":"product-type-simple"},"_links":{"self":[{"href":"https:\/\/vetomshop.hu\/sk\/wp-json\/wp\/v2\/product\/4672","targetHints":{"allow":["GET"]}}],"collection":[{"href":"https:\/\/vetomshop.hu\/sk\/wp-json\/wp\/v2\/product"}],"about":[{"href":"https:\/\/vetomshop.hu\/sk\/wp-json\/wp\/v2\/types\/product"}],"replies":[{"embeddable":true,"href":"https:\/\/vetomshop.hu\/sk\/wp-json\/wp\/v2\/comments?post=4672"}],"wp:featuredmedia":[{"embeddable":true,"href":"https:\/\/vetomshop.hu\/sk\/wp-json\/wp\/v2\/media\/4671"}],"wp:attachment":[{"href":"https:\/\/vetomshop.hu\/sk\/wp-json\/wp\/v2\/media?parent=4672"}],"wp:term":[{"taxonomy":"product_brand","embeddable":true,"href":"https:\/\/vetomshop.hu\/sk\/wp-json\/wp\/v2\/product_brand?post=4672"},{"taxonomy":"product_cat","embeddable":true,"href":"https:\/\/vetomshop.hu\/sk\/wp-json\/wp\/v2\/product_cat?post=4672"},{"taxonomy":"product_tag","embeddable":true,"href":"https:\/\/vetomshop.hu\/sk\/wp-json\/wp\/v2\/product_tag?post=4672"}],"curies":[{"name":"wp","href":"https:\/\/api.w.org\/{rel}","templated":true}]}}