{"id":4674,"date":"2023-11-11T14:33:46","date_gmt":"2023-11-11T13:33:46","guid":{"rendered":"https:\/\/vetomshop.hu\/termek\/artro-medal\/"},"modified":"2026-03-30T09:26:16","modified_gmt":"2026-03-30T07:26:16","slug":"artro-medal","status":"publish","type":"product","link":"https:\/\/vetomshop.hu\/sk\/produkt\/artro-medal\/","title":{"rendered":"Pr\u00edvesok Artro"},"content":{"rendered":"<p>Zdravotn\u00fd pr\u00edvesok \u00abARTRO\u00bb je zariadenie na biofyzik\u00e1lne vyladenie protiz\u00e1palov\u00fdch, imunomodula\u010dn\u00fdch, regenera\u010dn\u00fdch a regenera\u010dn\u00fdch procesov v tkaniv\u00e1ch podporn\u00e9ho a pohybov\u00e9ho syst\u00e9mu org\u00e1nov.<\/p>\n<p><strong>\u00da\u010del.<\/strong> Pom\u00f4cka na zlep\u0161enie stavu podporn\u00e9ho a pohybov\u00e9ho \u00fastrojenstva, aktiv\u00e1cia regenera\u010dn\u00fdch procesov.<\/p>\n<div class=\"su-spoiler su-spoiler-style-defoult su-spoiler-icon-caret su-spoiler-closed\" data-scroll-offset=\"0\" data-anchor-in-url=\"no\"><div class=\"su-spoiler-title\" tabindex=\"0\" role=\"button\"><span class=\"su-spoiler-icon\"><\/span>V\u0161etky<\/div><div class=\"su-spoiler-content su-u-clearfix su-u-trim\">\n<strong>\u00da\u010dinky:<\/strong><\/p>\n<ul>\n<li>normalizuje krvn\u00fd obeh, imunitn\u00fd stav a metabolick\u00e9 procesy v pohybovom apar\u00e1te, \u010d\u00edm zabra\u0148uje vzniku ochoren\u00ed;<\/li>\n<li>pom\u00e1ha zlep\u0161ova\u0165 funkcie podporn\u00e9ho a pohybov\u00e9ho syst\u00e9mu;<\/li>\n<li>zni\u017euje z\u00e1pal a pre\u0165a\u017eenie pohybov\u00e9ho apar\u00e1tu;<\/li>\n<li>pom\u00e1ha ur\u00fdchli\u0165 regener\u00e1ciu a obnovu tkan\u00edv podporn\u00e9ho a pohybov\u00e9ho syst\u00e9mu;<\/li>\n<li>pom\u00e1ha odstra\u0148ova\u0165 z\u00e1paly k\u013abov, k\u013abov\u00fdch bl\u00e1n a k\u013abov\u00fdch va\u010dkov, svalov;<\/li>\n<li>pom\u00e1ha predch\u00e1dza\u0165 alebo kompenzova\u0165 deform\u00e1ciu alebo atrofiu kost\u00ed a svalovo-kostn\u00e9ho komplexu.<\/li>\n<\/ul>\n<\/div><\/div>","protected":false},"excerpt":{"rendered":"<p>Az \u00abARTRO\u00bb eg\u00e9szs\u00e9g med\u00e1l a t\u00e1maszt\u00e1s \u00e9s mozgat\u00e1s szervrendszer sz\u00f6veteiben l\u00e9v\u0151 gyullad\u00e1selleni, immunmodul\u00e1l\u00f3, regener\u00e1l\u00f3 \u00e9s helyre\u00e1ll\u00edt\u00f3 folyamatok biofizikai finomhangol\u00e1s\u00e1ra szolg\u00e1l\u00f3 eszk\u00f6z. Rendeltet\u00e9se. A t\u00e1maszt\u00e1s \u00e9s mozgat\u00e1s szervrendszer \u00e1llapot\u00e1nak jav\u00edt\u00e1s\u00e1ra, a helyre\u00e1ll\u00edt\u00f3 folyamatok aktiviz\u00e1l\u00e1s\u00e1ra szolg\u00e1l\u00f3 seg\u00e9deszk\u00f6z.<\/p>","protected":false},"featured_media":4673,"comment_status":"open","ping_status":"closed","template":"","meta":[],"product_brand":[],"product_cat":[33,32],"product_tag":[],"class_list":{"0":"post-4674","1":"product","2":"type-product","3":"status-publish","4":"has-post-thumbnail","6":"product_cat-egeszseg-medalok","7":"product_cat-triomed","9":"first","10":"instock","11":"taxable","12":"shipping-taxable","13":"purchasable","14":"product-type-simple"},"_links":{"self":[{"href":"https:\/\/vetomshop.hu\/sk\/wp-json\/wp\/v2\/product\/4674","targetHints":{"allow":["GET"]}}],"collection":[{"href":"https:\/\/vetomshop.hu\/sk\/wp-json\/wp\/v2\/product"}],"about":[{"href":"https:\/\/vetomshop.hu\/sk\/wp-json\/wp\/v2\/types\/product"}],"replies":[{"embeddable":true,"href":"https:\/\/vetomshop.hu\/sk\/wp-json\/wp\/v2\/comments?post=4674"}],"wp:featuredmedia":[{"embeddable":true,"href":"https:\/\/vetomshop.hu\/sk\/wp-json\/wp\/v2\/media\/4673"}],"wp:attachment":[{"href":"https:\/\/vetomshop.hu\/sk\/wp-json\/wp\/v2\/media?parent=4674"}],"wp:term":[{"taxonomy":"product_brand","embeddable":true,"href":"https:\/\/vetomshop.hu\/sk\/wp-json\/wp\/v2\/product_brand?post=4674"},{"taxonomy":"product_cat","embeddable":true,"href":"https:\/\/vetomshop.hu\/sk\/wp-json\/wp\/v2\/product_cat?post=4674"},{"taxonomy":"product_tag","embeddable":true,"href":"https:\/\/vetomshop.hu\/sk\/wp-json\/wp\/v2\/product_tag?post=4674"}],"curies":[{"name":"wp","href":"https:\/\/api.w.org\/{rel}","templated":true}]}}