{"id":4676,"date":"2023-11-11T14:33:47","date_gmt":"2023-11-11T13:33:47","guid":{"rendered":"https:\/\/vetomshop.hu\/termek\/beauty-medal\/"},"modified":"2023-11-11T14:33:47","modified_gmt":"2023-11-11T13:33:47","slug":"beauty-medal","status":"publish","type":"product","link":"https:\/\/vetomshop.hu\/sk\/produkt\/beauty-medal\/","title":{"rendered":"Pr\u00edvesok kr\u00e1sy"},"content":{"rendered":"<h4>Pr\u00edvesok kr\u00e1sy<\/h4>\n<p>V\u010faka technol\u00f3gii BioTrEM je teraz mo\u017en\u00e9 vytvori\u0165 spektr\u00e1lny vzor \u0161pecifickej povahy na \u0161peci\u00e1lnom kry\u0161t\u00e1li. Ke\u010f sa \u013eubovo\u013en\u00e9 energetick\u00e9 kvant\u00e1 - dokonca aj teplo - dostan\u00fa do kontaktu s povrchom kry\u0161t\u00e1lu, gener\u00e1tor vy\u017earuje mimoriadne slab\u00e9 sign\u00e1ly spektr\u00e1lneho vzoru, ktor\u00fd je na \u0148om zaznamenan\u00fd. Elektromagnetick\u00e9 \u017eiarenie z pr\u00edvesku medzit\u00fdm interaguje so \u017eiv\u00fdm organizmom.<\/p>\n<p>Hlavn\u00fdm cie\u013eom medaily \u201eBEAUTY\u201d je obnovi\u0165 norm\u00e1lne fyziologick\u00e9 procesy v ko\u017en\u00fdch bunk\u00e1ch a tkaniv\u00e1ch a zv\u00fd\u0161i\u0165 odolnos\u0165 vo\u010di nepriazniv\u00fdm faktorom prostredia.<\/p>\n<p>Tento n\u00e1stroj m\u00e1 pozit\u00edvny vplyv na poko\u017eku tv\u00e1re a tela, vlasy a nechty.<\/p>\n<div class=\"su-spoiler su-spoiler-style-defoult su-spoiler-icon-caret su-spoiler-closed\" data-scroll-offset=\"0\" data-anchor-in-url=\"no\"><div class=\"su-spoiler-title\" tabindex=\"0\" role=\"button\"><span class=\"su-spoiler-icon\"><\/span>V\u0161etky<\/div><div class=\"su-spoiler-content su-u-clearfix su-u-trim\">\n\u00da\u010dinky:<\/p>\n<ul>\n<li>Pom\u00e1ha obnovi\u0165 po\u0161koden\u00fd vn\u00fatrobunkov\u00fd metabolizmus poko\u017eky.<\/li>\n<li>Stimuluje prirodzen\u00fa produkciu kolag\u00e9nu a elast\u00ednu.<\/li>\n<li>Zabra\u0148uje oslabeniu ko\u017en\u00fdch tkan\u00edv.<\/li>\n<li>Zlep\u0161uje mikrocirkul\u00e1ciu a zvy\u0161uje pru\u017enos\u0165 poko\u017eky.<\/li>\n<li>Zjem\u0148uje a posil\u0148uje ko\u017en\u00e9 tkanivo.<\/li>\n<li>Spoma\u013euje starnutie, omladzuje poko\u017eku.<\/li>\n<li>Zlep\u0161uje ple\u0165, t\u00f3n pleti.<\/li>\n<li>Pom\u00e1ha posil\u0148ova\u0165 vlasy a nechty.<\/li>\n<\/ul>\n<\/div><\/div>","protected":false},"excerpt":{"rendered":"<p>Beauty Med\u00e1l A BioTrEM-technol\u00f3gi\u00e1nak k\u00f6sz\u00f6nhet\u0151en lehets\u00e9gess\u00e9 v\u00e1lt l\u00e9trehozni a speci\u00e1lis krist\u00e1lyon egy adott term\u00e9szet\u0171 spektr\u00e1lis mint\u00e1t. Amikor tetsz\u0151leges energiakvantumok \u2013 ak\u00e1r h\u0151 &#8211; \u00e9rintkezik a krist\u00e1ly fel\u00fclet\u00e9vel, a gener\u00e1tor a rajta r\u00f6gz\u00edtett spektr\u00e1lis minta extr\u00e9m gyenge jeleit bocs\u00e1jtja ki. Ek\u00f6zben a med\u00e1l elektrom\u00e1gneses sug\u00e1rz\u00e1sa k\u00f6lcs\u00f6nhat\u00e1sba ker\u00fcl az \u00e9l\u0151 szervezettel. A &#8222;BEAUTY&#8221; Med\u00e1l f\u0151 c\u00e9lja a [&hellip;]<\/p>\n","protected":false},"featured_media":4675,"comment_status":"open","ping_status":"closed","template":"","meta":[],"product_brand":[],"product_cat":[33,32],"product_tag":[],"class_list":{"0":"post-4676","1":"product","2":"type-product","3":"status-publish","4":"has-post-thumbnail","6":"product_cat-egeszseg-medalok","7":"product_cat-triomed","9":"first","10":"instock","11":"taxable","12":"shipping-taxable","13":"purchasable","14":"product-type-simple"},"_links":{"self":[{"href":"https:\/\/vetomshop.hu\/sk\/wp-json\/wp\/v2\/product\/4676","targetHints":{"allow":["GET"]}}],"collection":[{"href":"https:\/\/vetomshop.hu\/sk\/wp-json\/wp\/v2\/product"}],"about":[{"href":"https:\/\/vetomshop.hu\/sk\/wp-json\/wp\/v2\/types\/product"}],"replies":[{"embeddable":true,"href":"https:\/\/vetomshop.hu\/sk\/wp-json\/wp\/v2\/comments?post=4676"}],"wp:featuredmedia":[{"embeddable":true,"href":"https:\/\/vetomshop.hu\/sk\/wp-json\/wp\/v2\/media\/4675"}],"wp:attachment":[{"href":"https:\/\/vetomshop.hu\/sk\/wp-json\/wp\/v2\/media?parent=4676"}],"wp:term":[{"taxonomy":"product_brand","embeddable":true,"href":"https:\/\/vetomshop.hu\/sk\/wp-json\/wp\/v2\/product_brand?post=4676"},{"taxonomy":"product_cat","embeddable":true,"href":"https:\/\/vetomshop.hu\/sk\/wp-json\/wp\/v2\/product_cat?post=4676"},{"taxonomy":"product_tag","embeddable":true,"href":"https:\/\/vetomshop.hu\/sk\/wp-json\/wp\/v2\/product_tag?post=4676"}],"curies":[{"name":"wp","href":"https:\/\/api.w.org\/{rel}","templated":true}]}}