{"id":4682,"date":"2023-11-11T14:33:48","date_gmt":"2023-11-11T13:33:48","guid":{"rendered":"https:\/\/vetomshop.hu\/termek\/delfin-medal\/"},"modified":"2023-11-11T14:33:48","modified_gmt":"2023-11-11T13:33:48","slug":"delfin-medal","status":"publish","type":"product","link":"https:\/\/vetomshop.hu\/sk\/produkt\/delfin-medal\/","title":{"rendered":"Pr\u00edvesok s delf\u00ednom"},"content":{"rendered":"<h4>Medaila za zdravie delf\u00ednov<\/h4>\n<p><strong>Hlavn\u00e1 funkcia:<\/strong><\/p>\n<p>Doplnkov\u00fd n\u00e1stroj na harmoniz\u00e1ciu regula\u010dn\u00e9ho syst\u00e9mu tela a podporu fungovania centr\u00e1lneho nervov\u00e9ho syst\u00e9mu.<\/p>\n<p><strong>Podporuje:<\/strong><\/p>\n<ul>\n<li>\u00fa\u010dinok liekov proti bolesti,<\/li>\n<li>normaliz\u00e1cia emocion\u00e1lnej sf\u00e9ry, ktor\u00e1 pom\u00e1ha zni\u017eova\u0165 \u00fazkos\u0165,<\/li>\n<li>my\u0161lienkov\u00e9 procesy,<\/li>\n<li>u\u010denie a kognit\u00edvne schopnosti, rozvoj pam\u00e4ti,<\/li>\n<li>zv\u00fd\u0161enie odolnosti vo\u010di stresu.<\/li>\n<\/ul>\n<div class=\"su-spoiler su-spoiler-style-defoult su-spoiler-icon-caret su-spoiler-closed\" data-scroll-offset=\"0\" data-anchor-in-url=\"no\"><div class=\"su-spoiler-title\" tabindex=\"0\" role=\"button\"><span class=\"su-spoiler-icon\"><\/span>V\u0161etky<\/div><div class=\"su-spoiler-content su-u-clearfix su-u-trim\">\n<p><strong>Kedy sa odpor\u00fa\u010da pou\u017e\u00edva\u0165 pr\u00edvesok zdravia delf\u00edna?<\/strong><\/p>\n<p>Dolphin m\u00e1 pozit\u00edvny vplyv na funk\u010dn\u00fd stav organizmu a m\u00f4\u017ee sa pou\u017e\u00edva\u0165 ako prevent\u00edvny a doplnkov\u00fd n\u00e1stroj k in\u00fdm met\u00f3dam, ako korek\u010dn\u00fd n\u00e1stroj, ktor\u00fd pom\u00e1ha optim\u00e1lnemu fungovaniu organizmu v nasleduj\u00facich pr\u00edpadoch:<\/p>\n<ul>\n<li>organick\u00e9 po\u0161kodenia centr\u00e1lneho nervov\u00e9ho syst\u00e9mu, ktor\u00e9 maj\u00fa za n\u00e1sledok zhor\u0161enie kognit\u00edvnych funkci\u00ed a\/alebo po\u0161kodenie emocion\u00e1lnej sf\u00e9ry,<\/li>\n<li>funk\u010dn\u00e9 poruchy nervov\u00e9ho syst\u00e9mu, ktor\u00e9 s\u00fa spojen\u00e9 s du\u0161evn\u00fdm pre\u0165a\u017een\u00edm, nespavos\u0165ou, nervozitou, poruchou kognit\u00edvnych funkci\u00ed,<\/li>\n<li>syndr\u00f3m chronick\u00e9ho stresu (u\u010denie, extr\u00e9mne a nebezpe\u010dn\u00e9 pr\u00e1ce, mana\u017ement at\u010f.).<\/li>\n<\/ul>\n<\/div><\/div>","protected":false},"excerpt":{"rendered":"<p>Delfin Eg\u00e9szs\u00e9g Med\u00e1l F\u0151 funkci\u00f3ja: Kieg\u00e9sz\u00edt\u0151 eszk\u00f6z a szervezet szab\u00e1lyz\u00f3 rendszer\u00e9nek harmoniz\u00e1l\u00e1s\u00e1nak \u00e9s a k\u00f6zponti idegrendszer m\u0171k\u00f6d\u00e9s\u00e9nek t\u00e1mogat\u00e1s\u00e1ra. T\u00e1mogatja: a f\u00e1jdalomcsillap\u00edt\u00f3k hat\u00e1s\u00e1t, az \u00e9rzelmi szf\u00e9ra normaliz\u00e1l\u00e1s\u00e1t, seg\u00edt cs\u00f6kkenteni az izgatotts\u00e1got, a gondolkod\u00e1si folyamatokat, a tanul\u00e1si \u00e9s kognit\u00edv k\u00e9pess\u00e9geket, a mem\u00f3ria fejleszt\u00e9s\u00e9t, a stressz ellen\u00e1ll\u00f3 k\u00e9pess\u00e9g n\u00f6veked\u00e9s\u00e9t.<\/p>","protected":false},"featured_media":4681,"comment_status":"open","ping_status":"closed","template":"","meta":[],"product_brand":[],"product_cat":[33,32],"product_tag":[],"class_list":{"0":"post-4682","1":"product","2":"type-product","3":"status-publish","4":"has-post-thumbnail","6":"product_cat-egeszseg-medalok","7":"product_cat-triomed","9":"first","10":"instock","11":"taxable","12":"shipping-taxable","13":"purchasable","14":"product-type-simple"},"_links":{"self":[{"href":"https:\/\/vetomshop.hu\/sk\/wp-json\/wp\/v2\/product\/4682","targetHints":{"allow":["GET"]}}],"collection":[{"href":"https:\/\/vetomshop.hu\/sk\/wp-json\/wp\/v2\/product"}],"about":[{"href":"https:\/\/vetomshop.hu\/sk\/wp-json\/wp\/v2\/types\/product"}],"replies":[{"embeddable":true,"href":"https:\/\/vetomshop.hu\/sk\/wp-json\/wp\/v2\/comments?post=4682"}],"wp:featuredmedia":[{"embeddable":true,"href":"https:\/\/vetomshop.hu\/sk\/wp-json\/wp\/v2\/media\/4681"}],"wp:attachment":[{"href":"https:\/\/vetomshop.hu\/sk\/wp-json\/wp\/v2\/media?parent=4682"}],"wp:term":[{"taxonomy":"product_brand","embeddable":true,"href":"https:\/\/vetomshop.hu\/sk\/wp-json\/wp\/v2\/product_brand?post=4682"},{"taxonomy":"product_cat","embeddable":true,"href":"https:\/\/vetomshop.hu\/sk\/wp-json\/wp\/v2\/product_cat?post=4682"},{"taxonomy":"product_tag","embeddable":true,"href":"https:\/\/vetomshop.hu\/sk\/wp-json\/wp\/v2\/product_tag?post=4682"}],"curies":[{"name":"wp","href":"https:\/\/api.w.org\/{rel}","templated":true}]}}