{"id":4684,"date":"2023-11-11T14:33:48","date_gmt":"2023-11-11T13:33:48","guid":{"rendered":"https:\/\/vetomshop.hu\/termek\/detox-medal\/"},"modified":"2023-11-11T14:33:48","modified_gmt":"2023-11-11T13:33:48","slug":"detox-medal","status":"publish","type":"product","link":"https:\/\/vetomshop.hu\/sk\/produkt\/detox-medal\/","title":{"rendered":"Detoxika\u010dn\u00fd medail\u00f3n"},"content":{"rendered":"<h4>Detoxika\u010dn\u00e1 medaila je ur\u010den\u00e1 pre t\u00fdch, ktor\u00ed chc\u00fa jemne harmonizova\u0165 svoje telo.<\/p>\n<p>Spektr\u00e1lny sign\u00e1l zaznamenan\u00fd na detoxika\u010dnom medail\u00f3ne podporuje bioenergetick\u00e9 fungovanie org\u00e1nov a org\u00e1nov\u00fdch syst\u00e9mov.<\/h4>\n<p>Najv\u00e4\u010d\u0161\u00edm nepriate\u013eom mladosti a zdravia je telo pln\u00e9 odpadov\u00fdch l\u00e1tok. Na\u0161e telo je samoreguluj\u00faci sa biologick\u00fd syst\u00e9m, ktor\u00e9ho jednou z najd\u00f4le\u017eitej\u0161\u00edch funkci\u00ed je detoxik\u00e1cia - vylu\u010dovanie l\u00e1tok, ktor\u00e9 telo nepotrebuje. Pr\u00edroda v\u0161ak nie je pripraven\u00e1 na tak\u00fa civiliz\u00e1ciu, tak\u00e9 obrovsk\u00e9 mno\u017estvo umel\u00fdch chemik\u00e1li\u00ed v potravin\u00e1ch, vode a vzduchu. Zvierat\u00e1 s\u00fa k\u0155men\u00e9 rastov\u00fdmi horm\u00f3nmi a antibiotikami, ktor\u00e9 sa dost\u00e1vaj\u00fa aj do n\u00e1\u0161ho tela. V tkaniv\u00e1ch a bunk\u00e1ch sa hromadia \u0165a\u017ek\u00e9 kovy, dusitany, dusi\u010dnany, r\u00e1dioakt\u00edvne l\u00e1tky, diox\u00edny, zvy\u0161ky liekov.<\/p>\n<div class=\"su-spoiler su-spoiler-style-defoult su-spoiler-icon-caret su-spoiler-closed\" data-scroll-offset=\"0\" data-anchor-in-url=\"no\"><div class=\"su-spoiler-title\" tabindex=\"0\" role=\"button\"><span class=\"su-spoiler-icon\"><\/span>V\u0161etky<\/div><div class=\"su-spoiler-content su-u-clearfix su-u-trim\">\n<p>Toxick\u00e9 l\u00e1tky m\u00f4\u017eu poch\u00e1dza\u0165 z vonkaj\u0161ieho zdroja, ale m\u00f4\u017eu to by\u0165 aj tox\u00edny z vn\u00fatorn\u00fdch rozkladn\u00fdch procesov v d\u00f4sledku metabolick\u00fdch probl\u00e9mov. Ak sa k tomu prid\u00e1 sedav\u00fd sp\u00f4sob \u017eivota, procesy v tele sa e\u0161te viac spomalia.<\/p>\n<p>Vysok\u00e9 hladiny stresu m\u00f4\u017eu vy\u010derpa\u0165 aj org\u00e1ny, ktor\u00e9 sa podie\u013eaj\u00fa na detoxik\u00e1cii. Spo\u010diatku s\u00fa n\u00e1znakom probl\u00e9mu len nepr\u00edjemn\u00e9 pocity, nesk\u00f4r sa v\u0161ak situ\u00e1cia m\u00f4\u017ee zhor\u0161i\u0165. M\u00f4\u017eu sa rozvin\u00fa\u0165 chronick\u00e9 ochorenia, ktor\u00e9 m\u00f4\u017eu ma\u0165 ve\u013ek\u00fd vplyv na kvalitu n\u00e1\u0161ho \u017eivota.<br \/>\n<\/div><\/div>","protected":false},"excerpt":{"rendered":"<p>Detox Med\u00e1l azok sz\u00e1m\u00e1ra k\u00e9sz\u00fclt, akik l\u00e1gyan szeretn\u00e9k a szervezet\u00fcket harmoniz\u00e1lni. A spektr\u00e1lis jel, mely a Detox Med\u00e1lon r\u00f6gz\u00edt\u00e9sre ker\u00fclt, t\u00e1mogatja a szervek \u00e9s szervrendszerek bioenergetikai m\u0171k\u00f6d\u00e9s\u00e9t. A fiatals\u00e1g \u00e9s az eg\u00e9szs\u00e9g legnagyobb ellens\u00e9ge a salakanyagokkal tel\u00edtett szervezet. Szervezet\u00fcnk egy \u00f6nszab\u00e1lyoz\u00f3 biol\u00f3giai rendszer, melynek egyik legfontosabb funkci\u00f3ja a m\u00e9regtelen\u00edt\u00e9s \u2013 kivezet\u00e9se azoknak az anyagoknak, melyekre [&hellip;]<\/p>\n","protected":false},"featured_media":4683,"comment_status":"open","ping_status":"closed","template":"","meta":[],"product_brand":[],"product_cat":[33,32],"product_tag":[],"class_list":{"0":"post-4684","1":"product","2":"type-product","3":"status-publish","4":"has-post-thumbnail","6":"product_cat-egeszseg-medalok","7":"product_cat-triomed","9":"first","10":"instock","11":"taxable","12":"shipping-taxable","13":"purchasable","14":"product-type-simple"},"_links":{"self":[{"href":"https:\/\/vetomshop.hu\/sk\/wp-json\/wp\/v2\/product\/4684","targetHints":{"allow":["GET"]}}],"collection":[{"href":"https:\/\/vetomshop.hu\/sk\/wp-json\/wp\/v2\/product"}],"about":[{"href":"https:\/\/vetomshop.hu\/sk\/wp-json\/wp\/v2\/types\/product"}],"replies":[{"embeddable":true,"href":"https:\/\/vetomshop.hu\/sk\/wp-json\/wp\/v2\/comments?post=4684"}],"wp:featuredmedia":[{"embeddable":true,"href":"https:\/\/vetomshop.hu\/sk\/wp-json\/wp\/v2\/media\/4683"}],"wp:attachment":[{"href":"https:\/\/vetomshop.hu\/sk\/wp-json\/wp\/v2\/media?parent=4684"}],"wp:term":[{"taxonomy":"product_brand","embeddable":true,"href":"https:\/\/vetomshop.hu\/sk\/wp-json\/wp\/v2\/product_brand?post=4684"},{"taxonomy":"product_cat","embeddable":true,"href":"https:\/\/vetomshop.hu\/sk\/wp-json\/wp\/v2\/product_cat?post=4684"},{"taxonomy":"product_tag","embeddable":true,"href":"https:\/\/vetomshop.hu\/sk\/wp-json\/wp\/v2\/product_tag?post=4684"}],"curies":[{"name":"wp","href":"https:\/\/api.w.org\/{rel}","templated":true}]}}