{"id":4686,"date":"2023-11-11T14:33:48","date_gmt":"2023-11-11T13:33:48","guid":{"rendered":"https:\/\/vetomshop.hu\/termek\/ekuples-medal\/"},"modified":"2023-11-11T14:33:48","modified_gmt":"2023-11-11T13:33:48","slug":"ekuples-medal","status":"publish","type":"product","link":"https:\/\/vetomshop.hu\/sk\/produkt\/ekuples-medal\/","title":{"rendered":"Medaila Ecuples"},"content":{"rendered":"<p><strong>Hlavn\u00e1 funkcia:<\/strong><\/p>\n<p>V pr\u00edpade stavov sp\u00f4soben\u00fdch ples\u0148ov\u00fdmi infekciami je optimaliz\u00e1cia imunitn\u00e9ho syst\u00e9mu a harmonick\u00e9<br \/>\nn\u00e1stroj, ktor\u00fd v\u00e1m pom\u00f4\u017ee vykon\u00e1va\u0165 va\u0161u pr\u00e1cu.<\/p>\n<p><strong>Podporuje:<\/strong><\/p>\n<ul>\n<li>normaliz\u00e1cia imunitn\u00e9ho syst\u00e9mu,<\/li>\n<li>regener\u00e1cia po poraneniach (najm\u00e4 poraneniach slizn\u00edc),<\/li>\n<li>boj proti plesniam vlasov a nechtov,<\/li>\n<li>proces neutraliz\u00e1cie a elimin\u00e1cie toxick\u00fdch l\u00e1tok z tela.<\/li>\n<\/ul>\n<div class=\"su-spoiler su-spoiler-style-defoult su-spoiler-icon-caret su-spoiler-closed\" data-scroll-offset=\"0\" data-anchor-in-url=\"no\"><div class=\"su-spoiler-title\" tabindex=\"0\" role=\"button\"><span class=\"su-spoiler-icon\"><\/span>V\u0161etky<\/div><div class=\"su-spoiler-content su-u-clearfix su-u-trim\">\n<p><strong>Kedy sa m\u00f4\u017ee pr\u00edvesok zdravia Ekuples pou\u017e\u00edva\u0165?<\/strong><\/p>\n<p>Dan\u00fd Zdravotn\u00fd pr\u00edvesok m\u00e1 pozit\u00edvny vplyv na funk\u010dn\u00e9 fungovanie organizmu, m\u00f4\u017ee sa pou\u017e\u00edva\u0165 ako doplnkov\u00e1 lie\u010dba - ako v\u0161eobecn\u00fd optimaliza\u010dn\u00fd a korek\u010dn\u00fd n\u00e1stroj na prevenciu aj obnovu zdravia:<\/p>\n<ul>\n<li>ko\u017en\u00e9 ochorenia sp\u00f4soben\u00e9 ples\u0148ov\u00fdmi infekciami, z\u00e1paly, infekcie \u00fastnej dutiny - stomatit\u00edda,<\/li>\n<li>Kandid\u00f3za,<\/li>\n<li>bronchit\u00edda alergick\u00e9ho p\u00f4vodu,<\/li>\n<li>in\u00e9 ochorenia sp\u00f4soben\u00e9 hubov\u00fdmi infekciami.<\/li>\n<\/ul>\n<p><strong>D\u00f4le\u017eit\u00e9 upozornenie!<\/strong><\/p>\n<p>Pri podozren\u00ed na ples\u0148ov\u00fa infekciu vyh\u013eadajte lek\u00e1ra! Pr\u00edvesok Ekuples Health pou\u017e\u00edvajte spolu s lie\u010dbou odpor\u00fa\u010danou lek\u00e1rom, aby ste zv\u00fd\u0161ili jej \u00fa\u010dinnos\u0165.<\/p>\n<\/div><\/div>","protected":false},"excerpt":{"rendered":"<p>F\u0151 funkci\u00f3ja: A gomb\u00e1s megbeteged\u00e9sek k\u00f6vetkezt\u00e9ben kialakult \u00e1llapotok eset\u00e9n az immunrendszer munk\u00e1j\u00e1nak optimaliz\u00e1ci\u00f3j\u00e1t \u00e9s a szervezet harmonikus munk\u00e1j\u00e1t seg\u00edt\u0151 eszk\u00f6z. T\u00e1mogatja: az immunrendszer m\u0171k\u00f6d\u00e9s\u00e9nek normaliz\u00e1l\u00e1s\u00e1t, a s\u00e9r\u00fcl\u00e9sek ut\u00e1ni regener\u00e1ci\u00f3t (k\u00fcl\u00f6n\u00f6s tekintettel a ny\u00e1lkah\u00e1rtya s\u00e9r\u00fcl\u00e9seire), a haj- \u00e9s k\u00f6r\u00f6mgomba elleni harcot, a toxikus anyagok semleges\u00edt\u00e9s\u00e9nek \u00e9s kivezet\u00e9s\u00e9nek folyamat\u00e1t a szervezetb\u0151l.<\/p>","protected":false},"featured_media":4685,"comment_status":"open","ping_status":"closed","template":"","meta":[],"product_brand":[],"product_cat":[33,32],"product_tag":[],"class_list":{"0":"post-4686","1":"product","2":"type-product","3":"status-publish","4":"has-post-thumbnail","6":"product_cat-egeszseg-medalok","7":"product_cat-triomed","9":"first","10":"instock","11":"taxable","12":"shipping-taxable","13":"purchasable","14":"product-type-simple"},"_links":{"self":[{"href":"https:\/\/vetomshop.hu\/sk\/wp-json\/wp\/v2\/product\/4686","targetHints":{"allow":["GET"]}}],"collection":[{"href":"https:\/\/vetomshop.hu\/sk\/wp-json\/wp\/v2\/product"}],"about":[{"href":"https:\/\/vetomshop.hu\/sk\/wp-json\/wp\/v2\/types\/product"}],"replies":[{"embeddable":true,"href":"https:\/\/vetomshop.hu\/sk\/wp-json\/wp\/v2\/comments?post=4686"}],"wp:featuredmedia":[{"embeddable":true,"href":"https:\/\/vetomshop.hu\/sk\/wp-json\/wp\/v2\/media\/4685"}],"wp:attachment":[{"href":"https:\/\/vetomshop.hu\/sk\/wp-json\/wp\/v2\/media?parent=4686"}],"wp:term":[{"taxonomy":"product_brand","embeddable":true,"href":"https:\/\/vetomshop.hu\/sk\/wp-json\/wp\/v2\/product_brand?post=4686"},{"taxonomy":"product_cat","embeddable":true,"href":"https:\/\/vetomshop.hu\/sk\/wp-json\/wp\/v2\/product_cat?post=4686"},{"taxonomy":"product_tag","embeddable":true,"href":"https:\/\/vetomshop.hu\/sk\/wp-json\/wp\/v2\/product_tag?post=4686"}],"curies":[{"name":"wp","href":"https:\/\/api.w.org\/{rel}","templated":true}]}}