{"id":4688,"date":"2023-11-11T14:33:49","date_gmt":"2023-11-11T13:33:49","guid":{"rendered":"https:\/\/vetomshop.hu\/termek\/eros-medal-feriaknak\/"},"modified":"2023-11-11T14:33:49","modified_gmt":"2023-11-11T13:33:49","slug":"eros-medal-feriaknak","status":"publish","type":"product","link":"https:\/\/vetomshop.hu\/sk\/produkt\/eros-medal-feriaknak\/","title":{"rendered":"Pr\u00edvesok Eros pre mu\u017eov"},"content":{"rendered":"<p><strong>Hlavn\u00e1 funkcia:<\/strong><\/p>\n<p>Doplnkov\u00fd n\u00e1stroj na prevenciu a lie\u010dbu por\u00fach kopul\u00e1cie, doplnkov\u00e1 lie\u010dba straty sexu\u00e1lnej t\u00fa\u017eby, emocion\u00e1lno-psychologick\u00e9 poruchy s\u00favisiace so sexu\u00e1lnym stykom, n\u00e1stroj na aktiv\u00e1ciu regenera\u010dn\u00fdch procesov pri doplnkovej lie\u010dbe ochoren\u00ed postihuj\u00facich genit\u00e1lnu oblas\u0165. Odpor\u00fa\u010da sa pou\u017e\u00edva\u0165 v spojen\u00ed s terapiou odpor\u00fa\u010danou odborn\u00edkom (androl\u00f3g, sexuol\u00f3g, endokrinol\u00f3g).<\/p>\n<p><strong>Podporuje:<\/strong><\/p>\n<ul>\n<li>krvn\u00fd obeh, imunitn\u00fd syst\u00e9m a metabolizmus, \u010d\u00edm sa predch\u00e1dza vzniku chor\u00f4b.<\/li>\n<li>podporuje kvalitat\u00edvne zlep\u0161enie sexu\u00e1lnych z\u00e1\u017eitkov,<\/li>\n<li>podporuje regenera\u010dn\u00e9 procesy.<\/li>\n<\/ul>\n<div class=\"su-spoiler su-spoiler-style-defoult su-spoiler-icon-caret su-spoiler-closed\" data-scroll-offset=\"0\" data-anchor-in-url=\"no\"><div class=\"su-spoiler-title\" tabindex=\"0\" role=\"button\"><span class=\"su-spoiler-icon\"><\/span>V\u0161etky<\/div><div class=\"su-spoiler-content su-u-clearfix su-u-trim\">\n<p><strong>Kedy pou\u017e\u00edva\u0165 pr\u00edvesok Eros Health?<\/strong><\/p>\n<p>Pr\u00edstroj m\u00e1 pozit\u00edvny vplyv na funk\u010dn\u00e9 fungovanie organizmu a m\u00f4\u017ee sa pou\u017e\u00edva\u0165 ako v\u0161eobecn\u00e1 doplnkov\u00e1 met\u00f3da na podporu zdravia, optimaliz\u00e1ciu a korekciu v kombin\u00e1cii s in\u00fdmi met\u00f3dami na doplnkov\u00fa lie\u010dbu a prevenciu t\u00fdchto probl\u00e9mov:<\/p>\n<ul>\n<li>probl\u00e9my s erekciou,<\/li>\n<li>endokrinn\u00e9 poruchy ovplyv\u0148uj\u00face sexu\u00e1lnu sf\u00e9ru (diabetes, hypotalamick\u00e9 nedostatky, gonad\u00e1lne nedostatky)<\/li>\n<li>syndr\u00f3m chronickej \u00fanavy (CFS)<\/li>\n<li>metabolick\u00fd syndr\u00f3m<\/li>\n<li>zn\u00ed\u017eenie emocion\u00e1lnej \u00farovne a n\u00e1lady.<\/li>\n<\/ul>\n<\/div><\/div>","protected":false},"excerpt":{"rendered":"<p>F\u0151 funkci\u00f3ja: Kieg\u00e9sz\u00edt\u0151 eszk\u00f6z a kopul\u00e1ci\u00f3s rendelleness\u00e9gek megel\u0151z\u00e9s\u00e9re \u00e9s kezel\u00e9s\u00e9re, a nemi v\u00e1gy cs\u00f6kken\u00e9s\u00e9nek, a szexu\u00e1lis aktussal kapcsolatos \u00e9rzelmi-pszich\u00e9s rendelleness\u00e9gek kieg\u00e9sz\u00edt\u0151 kezel\u00e9s\u00e9re, a regener\u00e1ci\u00f3s folyamatok aktiv\u00e1l\u00e1s\u00e1t seg\u00edt\u0151 eszk\u00f6z a nemi szf\u00e9r\u00e1t \u00e9rint\u0151 betegs\u00e9gek kieg\u00e9sz\u00edt\u0151 kezel\u00e9s\u00e9ben. Aj\u00e1nlott a szakorvos (androl\u00f3gus, szexol\u00f3gus, endokrinol\u00f3gus) \u00e1ltal javasolt ter\u00e1pia melletti alkalmaz\u00e1sa. T\u00e1mogatja: a v\u00e9rkering\u00e9st, az immunrendszer munk\u00e1j\u00e1t, az anyagcser\u00e9t, megel\u0151zve [&hellip;]<\/p>\n","protected":false},"featured_media":4687,"comment_status":"open","ping_status":"closed","template":"","meta":[],"product_brand":[],"product_cat":[33,32],"product_tag":[],"class_list":{"0":"post-4688","1":"product","2":"type-product","3":"status-publish","4":"has-post-thumbnail","6":"product_cat-egeszseg-medalok","7":"product_cat-triomed","9":"first","10":"instock","11":"taxable","12":"shipping-taxable","13":"purchasable","14":"product-type-simple"},"_links":{"self":[{"href":"https:\/\/vetomshop.hu\/sk\/wp-json\/wp\/v2\/product\/4688","targetHints":{"allow":["GET"]}}],"collection":[{"href":"https:\/\/vetomshop.hu\/sk\/wp-json\/wp\/v2\/product"}],"about":[{"href":"https:\/\/vetomshop.hu\/sk\/wp-json\/wp\/v2\/types\/product"}],"replies":[{"embeddable":true,"href":"https:\/\/vetomshop.hu\/sk\/wp-json\/wp\/v2\/comments?post=4688"}],"wp:featuredmedia":[{"embeddable":true,"href":"https:\/\/vetomshop.hu\/sk\/wp-json\/wp\/v2\/media\/4687"}],"wp:attachment":[{"href":"https:\/\/vetomshop.hu\/sk\/wp-json\/wp\/v2\/media?parent=4688"}],"wp:term":[{"taxonomy":"product_brand","embeddable":true,"href":"https:\/\/vetomshop.hu\/sk\/wp-json\/wp\/v2\/product_brand?post=4688"},{"taxonomy":"product_cat","embeddable":true,"href":"https:\/\/vetomshop.hu\/sk\/wp-json\/wp\/v2\/product_cat?post=4688"},{"taxonomy":"product_tag","embeddable":true,"href":"https:\/\/vetomshop.hu\/sk\/wp-json\/wp\/v2\/product_tag?post=4688"}],"curies":[{"name":"wp","href":"https:\/\/api.w.org\/{rel}","templated":true}]}}