{"id":4690,"date":"2023-11-11T14:33:49","date_gmt":"2023-11-11T13:33:49","guid":{"rendered":"https:\/\/vetomshop.hu\/termek\/elast-medal\/"},"modified":"2023-11-11T14:33:49","modified_gmt":"2023-11-11T13:33:49","slug":"elast-medal","status":"publish","type":"product","link":"https:\/\/vetomshop.hu\/sk\/produkt\/elast-medal\/","title":{"rendered":"Medaila Elast"},"content":{"rendered":"<p>Doplnkov\u00fd n\u00e1stroj na prevenciu a lie\u010dbu ochoren\u00ed v\u00e4ziva, aktiv\u00e1ciu regenera\u010dn\u00fdch procesov a doplnkov\u00fa lie\u010dbu chronick\u00fdch ochoren\u00ed v\u00e4ziva.<\/p>\n<p>\u00da\u010dinok lieku \u201eELAST\u201d Medal je zameran\u00fd na obnovenie norm\u00e1lnych metabolick\u00fdch procesov v bunk\u00e1ch a tkaniv\u00e1ch v\u00e4ziva, \u010d\u00edm sa spoma\u013euje proces starnutia.<\/p>\n<p>Tento n\u00e1stroj m\u00e1 pozit\u00edvny vplyv na stav telesn\u00fdch funkci\u00ed a m\u00f4\u017ee sa pou\u017e\u00edva\u0165 v kombin\u00e1cii s in\u00fdmi met\u00f3dami ako n\u00e1stroj na optimaliz\u00e1ciu a korekciu:<\/p>\n<ul>\n<li>zvy\u0161uje pru\u017enos\u0165 v\u00e4zov a zvy\u0161uje amplit\u00fadu pohybu k\u013abov v reakcii na zmeny s\u00favisiace s vekom<\/li>\n<li>zni\u017euje pravdepodobnos\u0165 poranenia \u0161liach a v\u00e4zov<\/li>\n<li>skr\u00e1tenie \u010dasu hojenia po po\u0161koden\u00ed v\u00e4zov (podvrtnutie, natrhnutie).<\/li>\n<li>spomalenie zmien v k\u013aboch s\u00favisiacich s vekom<\/li>\n<li>posilnenie v\u00e4zov vn\u00fatorn\u00fdch org\u00e1nov, prevencia ich vypadnutia (maternica, \u010drev\u00e1, obli\u010dky, \u017eal\u00fadok)<\/li>\n<\/ul>\n<div class=\"su-spoiler su-spoiler-style-defoult su-spoiler-icon-caret su-spoiler-closed\" data-scroll-offset=\"0\" data-anchor-in-url=\"no\"><div class=\"su-spoiler-title\" tabindex=\"0\" role=\"button\"><span class=\"su-spoiler-icon\"><\/span>V\u0161etky<\/div><div class=\"su-spoiler-content su-u-clearfix su-u-trim\">\n<strong>\u00da\u010dinky:<\/strong><\/p>\n<ul>\n<li>oprava metabolick\u00fdch procesov v spojivov\u00fdch tkaniv\u00e1ch k\u013abov a vn\u00fatorn\u00fdch org\u00e1nov vr\u00e1tane Dupuytrenovej kontrakt\u00fary (kontrakt\u00fara: skr\u00e1tenie \u0161liach a\/alebo svalov, zmr\u0161tenie sp\u00f4sobuj\u00face deformitu a\/alebo obmedzenie)<\/li>\n<li>spomalenie \u201evekom podmienen\u00fdch\u201d zmien pohybov\u00e9ho apar\u00e1tu<\/li>\n<li>zlep\u0161uje pru\u017enos\u0165 svalov a v\u00e4zov<\/li>\n<li>ur\u00fdch\u013euje zotavenie po \u00farazoch a chirurgick\u00fdch z\u00e1krokoch a zabra\u0148uje tvorbe hrub\u00fdch jaziev.<\/li>\n<\/ul>\n<\/div><\/div>","protected":false},"excerpt":{"rendered":"<p>Kieg\u00e9sz\u00edt\u0151 eszk\u00f6z a ligamentum betegs\u00e9geinek megel\u0151z\u00e9s\u00e9re \u00e9s kezel\u00e9s\u00e9re, regener\u00e1ci\u00f3s folyamatok aktiv\u00e1l\u00e1s\u00e1ra \u00e9s a ligamentum kr\u00f3nikus betegs\u00e9geinek kieg\u00e9sz\u00edt\u0151 kezel\u00e9s\u00e9re. A &#8222;ELAST&#8221; Med\u00e1l hat\u00e1sa a norm\u00e1lis anyagcsere-folyamatok helyre\u00e1ll\u00edt\u00e1s\u00e1ra ir\u00e1nyul a ligamentumok sejtjeiben \u00e9s sz\u00f6veteiben, lass\u00edtva az \u00f6reged\u00e9si folyamatokat is. Ez az eszk\u00f6z pozit\u00edv hat\u00e1ssal van a testfunkci\u00f3k \u00e1llapot\u00e1ra, az optimaliz\u00e1l\u00e1s \u00e9s korrekci\u00f3 eszk\u00f6zek\u00e9nt haszn\u00e1lhat\u00f3 egy\u00e9b m\u00f3dszerekkel is [&hellip;]<\/p>\n","protected":false},"featured_media":4689,"comment_status":"open","ping_status":"closed","template":"","meta":[],"product_brand":[],"product_cat":[33,32],"product_tag":[],"class_list":{"0":"post-4690","1":"product","2":"type-product","3":"status-publish","4":"has-post-thumbnail","6":"product_cat-egeszseg-medalok","7":"product_cat-triomed","9":"first","10":"instock","11":"taxable","12":"shipping-taxable","13":"purchasable","14":"product-type-simple"},"_links":{"self":[{"href":"https:\/\/vetomshop.hu\/sk\/wp-json\/wp\/v2\/product\/4690","targetHints":{"allow":["GET"]}}],"collection":[{"href":"https:\/\/vetomshop.hu\/sk\/wp-json\/wp\/v2\/product"}],"about":[{"href":"https:\/\/vetomshop.hu\/sk\/wp-json\/wp\/v2\/types\/product"}],"replies":[{"embeddable":true,"href":"https:\/\/vetomshop.hu\/sk\/wp-json\/wp\/v2\/comments?post=4690"}],"wp:featuredmedia":[{"embeddable":true,"href":"https:\/\/vetomshop.hu\/sk\/wp-json\/wp\/v2\/media\/4689"}],"wp:attachment":[{"href":"https:\/\/vetomshop.hu\/sk\/wp-json\/wp\/v2\/media?parent=4690"}],"wp:term":[{"taxonomy":"product_brand","embeddable":true,"href":"https:\/\/vetomshop.hu\/sk\/wp-json\/wp\/v2\/product_brand?post=4690"},{"taxonomy":"product_cat","embeddable":true,"href":"https:\/\/vetomshop.hu\/sk\/wp-json\/wp\/v2\/product_cat?post=4690"},{"taxonomy":"product_tag","embeddable":true,"href":"https:\/\/vetomshop.hu\/sk\/wp-json\/wp\/v2\/product_tag?post=4690"}],"curies":[{"name":"wp","href":"https:\/\/api.w.org\/{rel}","templated":true}]}}