{"id":4694,"date":"2023-11-11T14:33:50","date_gmt":"2023-11-11T13:33:50","guid":{"rendered":"https:\/\/vetomshop.hu\/termek\/eros-plus\/"},"modified":"2023-11-11T14:33:50","modified_gmt":"2023-11-11T13:33:50","slug":"eros-plus","status":"publish","type":"product","link":"https:\/\/vetomshop.hu\/sk\/produkt\/eros-plus\/","title":{"rendered":"Eros plus"},"content":{"rendered":"<h4>\u201ePr\u00edvesok \u201dEROS plus\"<\/h4>\n<p>\u201ePr\u00edvesok \u201dEROS plus\" - zariadenie na jemn\u00e9 biofyzik\u00e1lne nastavenie \u017eliaz zodpovedn\u00fdch za produkciu mu\u017esk\u00fdch pohlavn\u00fdch ferom\u00f3nov androstenolu a androster\u00f3nu.<br \/>\n\u013dudsk\u00e9 ferom\u00f3ny s\u00fa \u0161peci\u00e1lne biochemick\u00e9 zl\u00fa\u010deniny produkovan\u00e9 \u0161peci\u00e1lnymi \u017e\u013eazami vo vonkaj\u0161om epiteli. Ferom\u00f3ny, ktor\u00e9 prenikaj\u00fa do prostredia, s\u00fa detekovan\u00e9 \u010duchov\u00fdmi receptormi, ktor\u00e9 \u201evysielaj\u00fa sign\u00e1l\u201d do hemisf\u00e9r \u013eudsk\u00e9ho mozgu. Hlavn\u00e9 ferom\u00f3ny produkovan\u00e9 \u013eu\u010fmi s\u00fa androstenol a androster\u00f3n.<\/p>\n<div class=\"su-spoiler su-spoiler-style-defoult su-spoiler-icon-caret su-spoiler-closed\" data-scroll-offset=\"0\" data-anchor-in-url=\"no\"><div class=\"su-spoiler-title\" tabindex=\"0\" role=\"button\"><span class=\"su-spoiler-icon\"><\/span>V\u0161etky<\/div><div class=\"su-spoiler-content su-u-clearfix su-u-trim\">\n<p>Androstenol je univerz\u00e1lny ferom\u00f3n, ktor\u00fd syntetizuj\u00fa obe pohlavia. Pom\u00e1ha ve\u013emi r\u00fdchlo vyvola\u0165 sympatie k partnerovi a vzbudzuje t\u00fa\u017ebu komunikova\u0165. Majite\u013e v\u00f4ne s obsahom androstenolu nesie auru mladosti a svie\u017eosti bez oh\u013eadu na vek.<\/p>\n<p>Androster\u00f3n - anal\u00f3g l\u00e1tky, ktor\u00fa syntetizuj\u00fa len pr\u00edslu\u0161n\u00edci silnej\u0161ieho pohlavia. Je zn\u00e1my aj ako ferom\u00f3n odvahy, preto\u017ee jeho nosite\u013e m\u00e1 sebavedom\u00fa, siln\u00fa auru, ktor\u00e1 je pre \u017eeny pr\u00ed\u0165a\u017eliv\u00e1.<\/p>\n<p>Nosenie pr\u00edvesku \u201eEROS plus\u201d stimuluje va\u0161u vlastn\u00fa produkciu ferom\u00f3nov.<\/p>\n<p>Pr\u00edvesok \u201eEROS plus\u201d v\u00e1m pom\u00f4\u017ee z\u00edska\u0165 sebad\u00f4veru a sympatie opa\u010dn\u00e9ho pohlavia.<\/p>\n<\/div><\/div>","protected":false},"excerpt":{"rendered":"<p>&#8222;EROS plus&#8221; med\u00e1l &#8222;EROS plus&#8221; med\u00e1l \u2013 a f\u00e9rfi nemi feromonok \u2013 androstenol \u00e9s androsteron \u2013 el\u0151\u00e1ll\u00edt\u00e1s\u00e1\u00e9rt felel\u0151s mirigyek finom biofizikai be\u00e1ll\u00edt\u00e1s\u00e1ra szolg\u00e1l\u00f3 eszk\u00f6z. Az emberi feromonok k\u00fcl\u00f6nleges biok\u00e9miai vegy\u00fcletek, amelyeket a k\u00fcls\u0151 epitheliumban tal\u00e1lhat\u00f3 speci\u00e1lis mirigyek termelnek. A k\u00f6rnyezetbe behatol\u00f3 feromonok a szagl\u00f3receptorok seg\u00edts\u00e9g\u00e9vel \u00e9rz\u00e9kelhet\u0151k, amik \u201e jelet k\u00f6zvet\u00edtenek\u201d az emberi agy f\u00e9ltek\u00e9ire. Az [&hellip;]<\/p>\n","protected":false},"featured_media":4693,"comment_status":"open","ping_status":"closed","template":"","meta":[],"product_brand":[],"product_cat":[33,32],"product_tag":[],"class_list":{"0":"post-4694","1":"product","2":"type-product","3":"status-publish","4":"has-post-thumbnail","6":"product_cat-egeszseg-medalok","7":"product_cat-triomed","9":"first","10":"instock","11":"taxable","12":"shipping-taxable","13":"purchasable","14":"product-type-simple"},"_links":{"self":[{"href":"https:\/\/vetomshop.hu\/sk\/wp-json\/wp\/v2\/product\/4694","targetHints":{"allow":["GET"]}}],"collection":[{"href":"https:\/\/vetomshop.hu\/sk\/wp-json\/wp\/v2\/product"}],"about":[{"href":"https:\/\/vetomshop.hu\/sk\/wp-json\/wp\/v2\/types\/product"}],"replies":[{"embeddable":true,"href":"https:\/\/vetomshop.hu\/sk\/wp-json\/wp\/v2\/comments?post=4694"}],"wp:featuredmedia":[{"embeddable":true,"href":"https:\/\/vetomshop.hu\/sk\/wp-json\/wp\/v2\/media\/4693"}],"wp:attachment":[{"href":"https:\/\/vetomshop.hu\/sk\/wp-json\/wp\/v2\/media?parent=4694"}],"wp:term":[{"taxonomy":"product_brand","embeddable":true,"href":"https:\/\/vetomshop.hu\/sk\/wp-json\/wp\/v2\/product_brand?post=4694"},{"taxonomy":"product_cat","embeddable":true,"href":"https:\/\/vetomshop.hu\/sk\/wp-json\/wp\/v2\/product_cat?post=4694"},{"taxonomy":"product_tag","embeddable":true,"href":"https:\/\/vetomshop.hu\/sk\/wp-json\/wp\/v2\/product_tag?post=4694"}],"curies":[{"name":"wp","href":"https:\/\/api.w.org\/{rel}","templated":true}]}}